{"id":9348,"date":"2024-08-27T13:16:40","date_gmt":"2024-08-27T11:16:40","guid":{"rendered":"https:\/\/bonifratrzy.pl\/dps-iwonicz\/?page_id=9348"},"modified":"2024-08-27T13:19:27","modified_gmt":"2024-08-27T11:19:27","slug":"xvii-podkarpacki-festiwal-rekreacji-i-zabawy-pozegnanie-lata-dofinansowano-ze-srodkow-panstwowego-funduszu-celowego","status":"publish","type":"page","link":"https:\/\/bonifratrzy.pl\/dps-iwonicz\/projekty\/xvii-podkarpacki-festiwal-rekreacji-i-zabawy-pozegnanie-lata-dofinansowano-ze-srodkow-panstwowego-funduszu-celowego\/","title":{"rendered":"&#8222;XVII Podkarpacki Festiwal Rekreacji i Zabawy \u2013 Po\u017cegnanie lata&#8221; &#8211; dofinansowano ze \u015brodk\u00f3w Pa\u0144stwowego Funduszu Celowego"},"content":{"rendered":"\n\n\n<p><img decoding=\"async\" class=\"aligncenter\" src=\"https:\/\/bonifratrzy.pl\/dps-iwonicz\/wp-content\/uploads\/sites\/26\/2023\/06\/grafika_projekt_pfc_2023.06.14-480x160.png\"><\/p>\n\n\n\n<ul>\n<li><\/li>\n<\/ul>\n\n\n\n<h6 class=\"wp-block-heading\">&nbsp;<\/h6>\n\n\n\n\n\n<p style=\"text-align: center\"><strong>DOFINANSOWANO ZE \u015aRODK\u00d3W <\/strong><\/p>\n<p style=\"text-align: center\"><strong>PA\u0143STWOWEGO <\/strong><\/p>\n<p style=\"text-align: center\"><strong>FUNDUSZU CELOWEGO<\/strong><\/p>\n<p style=\"text-align: center\"><strong>&nbsp;<\/strong><\/p>\n<p style=\"text-align: center\"><strong>&nbsp;<\/strong><\/p>\n<p style=\"text-align: center\"><strong>PA\u0143STWOWY FUNDUSZ REHABILITACJI OS\u00d3B NIEPE\u0141NOSPRAWNYCH<\/strong><\/p>\n<p style=\"text-align: center\">&nbsp;<\/p>\n<p style=\"text-align: center\"><strong>&#8222;XVII Podkarpacki Festiwal Rekreacji i Zabawy \u2013 Po\u017cegnanie lata&#8221;<\/strong><\/p>\n<p style=\"text-align: center\">&nbsp;<\/p>\n<p style=\"text-align: center\"><strong>Dofinansowanie<\/strong><\/p>\n<p style=\"text-align: center\"><strong>59&nbsp;373,00 z\u0142<\/strong><\/p>\n<p style=\"text-align: center\"><strong>Ca\u0142kowita warto\u015b\u0107<\/strong><\/p>\n<p style=\"text-align: center\"><strong>&nbsp;<\/strong><strong>65970,00 z\u0142<\/strong><\/p>\n<p style=\"text-align: center\"><strong>Data podpisania umowy<\/strong><\/p>\n<p style=\"text-align: center\"><strong>maj 2024<\/strong><\/p>\n\n\n\n<p>Projekt b\u0119dzie polega\u0142 na zorganizowaniu otwartej imprezy o charakterze rekreacyjno-kulturalno-sportowym dla os\u00f3b niepe\u0142nosprawnych, promuj\u0105cej r\u00f3\u017cnorodne formy aktywnego sp\u0119dzania czasu wolnego. Impreza odb\u0119dzie si\u0119 w kompleksie ogrodowo -rekreacyjnym na terenie Konwentu Bonifratr\u00f3w w Iwoniczu w dniu 29.08.2024 r.<\/p>\n<p>\u00a0Uczestnikami imprezy b\u0119dzie 250 os\u00f3b niepe\u0142nosprawnych, mieszkaj\u0105cych w domach pomocy spo\u0142ecznej lub korzystaj\u0105cych z dziennych o\u015brodk\u00f3w wsparcia oraz 100 opiekun\u00f3w (w tym cz\u0142onkowie rodzin), zamieszkuj\u0105cych w czterech wojew\u00f3dztwach. B\u0119d\u0105 to uczestnicy\u00a0 mi\u0119dzy innymi z Zebrzydowic, Zielonej k\/ Krakowa, Cieszyna, Rzeszowa, Iwonicza, Brzozowa, Krosna, Moczar, G\u00f3rna, Folusza, Lubziny, Rymanowa, Rudy, Glinika, Haczowa, Prudnika.<\/p>\n<p>G\u0142\u00f3wn\u0105 ide\u0105 spotkania b\u0119dzie integracja os\u00f3b niepe\u0142nosprawnych z r\u00f3\u017cnych o\u015brodk\u00f3w wsparcia, kt\u00f3re b\u0119d\u0105 mog\u0142y ze sob\u0105 sp\u0119dzi\u0107 aktywnie czas i uczy\u0107 si\u0119 zdrowego stylu \u017cycia.<\/p>\n<p>\u00a0R\u00f3wnocze\u015bnie osoby niepe\u0142nosprawne zaprezentuj\u0105 sw\u00f3j dorobek artystyczny, muzyczny i teatralny podczas wyst\u0119p\u00f3w scenicznych i przez wystaw\u0119 prac, dzi\u0119ki czemu zwi\u0119ksz\u0105 poczucie w\u0142asnej warto\u015bci i motywacj\u0119 do dalszego rozwoju.<\/p>\n<p>Uczestnicy spotkania otrzymaj\u0105 szerok\u0105 ofert\u0119 r\u00f3\u017cnorodnych form aktywnego sp\u0119dzania czasu. B\u0119d\u0105 to m.in.: nauka chodzenia z kijkami nordic walking, treningi na fitnessie ogrodowym, strzelanie z karabink\u00f3w laserowych czy udzia\u0142 w grach i konkursach ruchowych oraz zabawy na dmucha\u0144cach. Istotnym punktem imprezy b\u0119dzie ustanowienie wsp\u00f3lnego rekordu kilometr\u00f3w w nordic\u00a0 walking, na kt\u00f3ry z\u0142o\u017c\u0105 si\u0119 odcinki drogi przebyte przez ch\u0119tnych uczestnik\u00f3w. Do udzia\u0142u w przygotowanych konkurencjach zach\u0119ca\u0107 b\u0119d\u0105 lokalni sportowcy: pani Erwina Wilusz- \u00a0mistrzyni Polski i\u00a0Europy oraz\u00a0wicemistrzyni \u015bwiata w\u00a0 chodzie nordic walking oraz mistrzowie Polski: pan Mariusz Jakie\u0142a \u2013 Olimpijczyk z Nagano oraz pani Kamila Cicho\u0144 \u2013uczestniczki Mistrzostw \u015awiata w\u00a0biathlonie.<\/p>\n<p>W ofercie znajd\u0105 si\u0119 tak\u017ce zabawy edukacyjne dotycz\u0105ce zasad zdrowego od\u017cywiania i zdrowego stylu \u017cycia. Du\u017c\u0105 atrakcj\u0105 imprezy b\u0119d\u0105 przeja\u017cd\u017cki konne i pokazy hipoterapii.<\/p>\n<p>Odb\u0119d\u0105 si\u0119 r\u00f3wnie\u017c pokazy sprz\u0119tu po\u017carniczego, policyjnego i pierwszej pomocy przedmedycznej po\u0142\u0105czone z konkursem edukacyjnym.<\/p>\n<p>Dodatkowej rangi imprezie nada wyst\u0119p znanego zespo\u0142u muzycznego- b\u0119dzie to zesp\u00f3\u0142 Kordian, przy muzyce kt\u00f3rego uczestnicy b\u0119d\u0105 si\u0119 wsp\u00f3lnie bawi\u0107.<\/p>\n<p>Program imprezy planuje si\u0119 do p\u00f3\u017anych godzin wieczornych i w zwi\u0105zku z tym ka\u017cdy z uczestnik\u00f3w b\u0119dzie mia\u0142 zapewnione posi\u0142ki: obiad, kolacj\u0119 oraz napoje.<\/p>\n","protected":false},"excerpt":{"rendered":"<p>&nbsp;<\/p>\n","protected":false},"author":30,"featured_media":0,"parent":5942,"menu_order":16,"comment_status":"closed","ping_status":"closed","template":"","meta":{"footnotes":""},"_links":{"self":[{"href":"https:\/\/bonifratrzy.pl\/dps-iwonicz\/wp-json\/wp\/v2\/pages\/9348"}],"collection":[{"href":"https:\/\/bonifratrzy.pl\/dps-iwonicz\/wp-json\/wp\/v2\/pages"}],"about":[{"href":"https:\/\/bonifratrzy.pl\/dps-iwonicz\/wp-json\/wp\/v2\/types\/page"}],"author":[{"embeddable":true,"href":"https:\/\/bonifratrzy.pl\/dps-iwonicz\/wp-json\/wp\/v2\/users\/30"}],"replies":[{"embeddable":true,"href":"https:\/\/bonifratrzy.pl\/dps-iwonicz\/wp-json\/wp\/v2\/comments?post=9348"}],"version-history":[{"count":4,"href":"https:\/\/bonifratrzy.pl\/dps-iwonicz\/wp-json\/wp\/v2\/pages\/9348\/revisions"}],"predecessor-version":[{"id":9781,"href":"https:\/\/bonifratrzy.pl\/dps-iwonicz\/wp-json\/wp\/v2\/pages\/9348\/revisions\/9781"}],"up":[{"embeddable":true,"href":"https:\/\/bonifratrzy.pl\/dps-iwonicz\/wp-json\/wp\/v2\/pages\/5942"}],"wp:attachment":[{"href":"https:\/\/bonifratrzy.pl\/dps-iwonicz\/wp-json\/wp\/v2\/media?parent=9348"}],"curies":[{"name":"wp","href":"https:\/\/api.w.org\/{rel}","templated":true}]}}