{"id":9,"date":"2016-01-28T00:43:54","date_gmt":"2016-01-27T23:43:54","guid":{"rendered":"https:\/\/bonifratrzy.pl\/dps-iwonicz\/?page_id=9"},"modified":"2016-05-06T14:51:11","modified_gmt":"2016-05-06T12:51:11","slug":"patronka","status":"publish","type":"page","link":"https:\/\/bonifratrzy.pl\/dps-iwonicz\/o-nas\/patronka\/","title":{"rendered":"Patronka"},"content":{"rendered":"<h2>\u015aw. El\u017cbieta W\u0119gierska<\/h2>\n<p><img loading=\"lazy\" decoding=\"async\" class=\"alignleft size-full wp-image-52\" src=\"https:\/\/bonifratrzy.pl\/dps-iwonicz\/wp-content\/uploads\/sites\/26\/2016\/01\/sw_-El\u017cbieta-1.jpg\" alt=\"\u015aw. El\u017cbieta W\u0119gierska\" width=\"190\" height=\"265\" \/>Nad naszym Domem i Konwentem Braci Bonifratr\u00f3w w Iwoniczu czuwa patronka\u00a0 &#8211; \u015bw. El\u017cbieta, zwana W\u0119giersk\u0105 &#8211; c\u00f3rka kr\u00f3la W\u0119gier, Andrzeja II i Gertrudy von Andechs-Meran, siostry \u015bw. Jadwigi \u015al\u0105skiej.<\/p>\n<p>\u015aw. El\u017cbieta urodzi\u0142a si\u0119 w 1207 roku w Bratys\u0142awie lub na zamku w Sarospatak (dok\u0142adna data i miejsce nie jest znane). Jako ma\u0142e dziecko, zosta\u0142a przeznaczona na przysz\u0142\u0105 \u017con\u0119 dla Ludwika, syna Hermana, landgrafa Turyngii. W 1211 r., po kr\u00f3lewsku wyposa\u017cona przez Ojca, przyby\u0142a na dw\u00f3r ksi\u0105\u017c\u0119cy w Wartburgu. Tam otrzyma\u0142a staranne wykszta\u0142cenie, kt\u00f3re wpoi\u0142o w ni\u0105 umi\u0142owanie Boga i uwra\u017cliwi\u0142o jej serce na potrzeby bli\u017anich.<\/p>\n<p>W dzieci\u0144stwie El\u017cbieta zacz\u0119\u0142a przejawia\u0107 oznaki intensywnej religijno\u015bci: obdarowywa\u0142a biedne dzieci drobnymi podarunkami, polecaj\u0105c aby codziennie odmawia\u0142y &#8222;Ojcze nasz&#8221; i &#8222;Zdrowa\u015b Maryjo&#8221;, w ko\u015bciele zdejmowa\u0142a z g\u0142owy koron\u0119, m\u00f3wi\u0105c: &#8222;Jak ja mog\u0119 w obliczu Boga tak okazale, ze z\u0142ot\u0105 koron\u0105 przebywa\u0107 przed moim Zbawc\u0105, kt\u00f3rego widz\u0119 ukoronowanego cierniem&#8221;. Po \u015bmierci landgrafa Hermana, chciano odes\u0142a\u0107 El\u017cbiet\u0119 z powrotem na W\u0119gry &#8211; uwa\u017cano bowiem, \u017ce ona raczej nadaje si\u0119 na s\u0142u\u017c\u0105c\u0105 lub zakonnic\u0119, a nie na w\u0142adaj\u0105c\u0105 ksi\u0119\u017cn\u0105.<\/p>\n<p>Przeciwstawi\u0142 si\u0119 temu Ludwik, szczerze kochaj\u0105cy El\u017cbiet\u0119, kt\u00f3r\u0105 uroczy\u015bcie po\u015blubi\u0142 w 1221 r. Ma\u0142\u017ce\u0144stwo okaza\u0142o si\u0119 nader szcz\u0119\u015bliwe. El\u017cbieta w pe\u0142ni mog\u0142a uczestniczy\u0107 odt\u0105d w dzie\u0142ach mi\u0142osierdzia, bra\u0107 udzia\u0142 w nabo\u017ce\u0144stwach i przestrzega\u0107 przepisanych post\u00f3w. Szczeg\u00f3lnie wielk\u0105 akcj\u0119 charytatywn\u0105 rozwin\u0119\u0142a w czasie g\u0142odu, kt\u00f3ry nawiedzi\u0142 Turyngi\u0119 w latach 1225-26. Spowiednikiem pobo\u017cnej El\u017cbiety by\u0142 franciszkanin Rudyger (Rodinger), kt\u00f3ry stara\u0142 si\u0119 wpoi\u0107 jej duchowo\u015b\u0107 franciszka\u0144sk\u0105:<\/p>\n<p>&#8222;Zginie wszystko, co na tym \u015bwiecie jest, lecz za mi\u0142o\u015b\u0107 i z\u0142o\u017cone ja\u0142mu\u017cny otrzyma si\u0119 nagrod\u0119 od Pana&#8221;.<\/p>\n<p>11. wrze\u015bnia 1227 r. umiera Ludwik podczas wyprawy krzy\u017cowej. El\u017cbieta zostaje wdow\u0105 z trojgiem dzieci, maj\u0105c zaledwie 20 lat. Wkr\u00f3tce opu\u015bci\u0142a z w\u0142asnej woli zamek w Wartburgu i osiad\u0142a wraz z dzie\u0107mi w Eisenach. Kierownictwo duchowe nadal sprawowa\u0142 surowy, twardy i nieust\u0119pliwy Konrad z Marburga.<\/p>\n<p>W 1228 r. El\u017cbieta na jego r\u0119ce z\u0142o\u017cy\u0142a \u015blub wyrzeczenia si\u0119 \u015bwiata i przyj\u0119\u0142a jako tercjarka habit franciszka\u0144ski. W Marburgu El\u017cbieta otrzyma\u0142a wiele d\u00f3br i 2 tysi\u0105ce marek funduj\u0105c szpital, kt\u00f3ry zadedykowa\u0142a \u015bw. Franciszkowi,\u00a0 reszt\u0119 d\u00f3br roazda\u0142a ubogim. Ostatnie lata sp\u0119dzi\u0142a w skrajnym wyrzeczeniu i ub\u00f3stwie. Szaro odziana i bosa nie r\u00f3\u017cni\u0142a si\u0119 od biedak\u00f3w, kt\u00f3rym pos\u0142ugiwa\u0142a, zamieszka\u0142a w szpitalu &#8211; mno\u017cy\u0142a dzia\u0142alno\u015b\u0107 dobroczynn\u0105, podwaja\u0142a modlitwy i umartwienia, bez reszty odda\u0142a si\u0119 pos\u0142udze chorym i biednym.<\/p>\n<p>Konrad z Marburga napisa\u0142 do papie\u017ca Grzegorza IX o swojej penitentce znamienne s\u0142owa, \u017ce ona dwa razy dziennie, rano i wieczorem, osobi\u015bcie odwiedza swoich chorych i troszczy si\u0119 szczeg\u00f3lnie o najbardziej odra\u017caj\u0105cych, innym \u015bcieli \u0142\u00f3\u017cka, \u017cywi\u00a0 ich i nosi na r\u0119kach.<\/p>\n<p>\u017bycie wewn\u0119trzne naszej Patronki El\u017cbiety by\u0142o pe\u0142n\u0105 realizacj\u0105 ewangelicznej mi\u0142o\u015bci Boga i cz\u0142owieka. Wytrwa\u0142o\u015b\u0107 czerpa\u0142a z uczestnictwa we Mszy \u015bw., na modlitwie by\u0142a niezmiernie skupiona. Wiele pracowa\u0142a nad cnot\u0105 pokory, zwalczaj\u0105c odruchy dumy, stosowa\u0142a ostr\u0105 ascez\u0119 pokuty.<\/p>\n<p>Zmar\u0142a w nocy z 16 na 17 listopada 1231 r., maj\u0105c zaledwie 24 lata. Wkr\u00f3tce po \u015bmierci zosta\u0142a kanonizowana &#8211; 27. maja 1235 r. W 1249 r., ko\u015bci \u015bw. El\u017cbiety zosta\u0142y z\u0142o\u017cone w trumnie ozdobionej wielk\u0105 ilo\u015bci\u0105 pere\u0142 i drogich kamieni, stanowi\u0105cej jedno z najpi\u0119kniejszych i najbogatszych zabytk\u00f3w rze\u017aby \u015bredniowiecznej.<\/p>\n<p>Papie\u017c Grzegorz IX wpisa\u0142 j\u0105 w poczet \u015bwi\u0119tych i zacz\u0119to obchodzi\u0107 \u015bwi\u0119to \u015bw. El\u017cbiety 19. listopada, a obecnie jest ono obchodzone 17. listopada, w dzie\u0144 \u015bmierci \u015bw. El\u017cbiety. W naszym Domu 17 listopada odprawiana jest uroczy\u015bcie Msza \u015bw.\u00a0 Odpustowa, w kt\u00f3rej uczestniczy licznie zgromadzona okoliczna ludno\u015b\u0107.<\/p>\n<p>W ikonografii chrze\u015bcija\u0144skiej przedstawiana jest \u015bw. El\u017cbieta jako ksi\u0119\u017cna z koron\u0105 na g\u0142owie i modelem ko\u015bcio\u0142a w r\u0119ku. Cz\u0119sto ukazywana jest we wdowim welonie lub habicie franciszka\u0144skim w towarzystwie chorych i ubogich. Jej szczeg\u00f3lnymi atrybutami s\u0105 chleb, ryba i dzban, oraz\u00a0 kosz z r\u00f3\u017cami. \u015aw. El\u017cbieta przedstawiana jest w stroju kr\u00f3lewskim albo z nar\u0119czem r\u00f3\u017c w fartuchu. Powsta\u0142a bowiem legenda, \u017ce m\u0105\u017c zakaza\u0142 jej rozdawa\u0107 ubogim pieni\u0105dze i chleb. Gdy pewnego razu przy\u0142apa\u0142 j\u0105 na<\/p>\n<p>wynoszeniu bu\u0142ek w fartuchu i kaza\u0142 jej pokaza\u0107, co niesie, zobaczy\u0142 r\u00f3\u017ce, mimo \u017ce by\u0142a to zima. Jej atrybutami s\u0105 tak\u017ce: kilka monet i r\u00f3\u017caniec.\u00a0 Zachowa\u0142y si\u0119 liczne dzie\u0142a sztuki przedstawiaj\u0105ce \u015bw. El\u017cbiet\u0119. Znane s\u0105 te\u017c rze\u017aby ukazuj\u0105ce \u015bw. El\u017cbiet\u0119 siedz\u0105c\u0105 przy k\u0105dzieli w\u015br\u00f3d swoich s\u0142u\u017c\u0105cych.<\/p>\n<p>W o\u0142tarzu g\u0142\u00f3wnym naszej Kaplicy widnieje p\u0142askorze\u017aba wsp\u00f3\u0142czesna polichromowana wykonana w 2003r. przez artyst\u0119 rze\u017abiarza Jana Tutaja, a przedstawia nasz\u0105 patronk\u0119 jako ksi\u0119\u017cn\u0105 rozdaj\u0105c\u0105 ubogim i chorym chleb. W oknach kaplicy widniej\u0105 zachwycaj\u0105ce witra\u017ce, wykonane przez Les\u0142awa Heine w pracowni witra\u017cownictwa Ars Vitrea w Krakowie w 2003 r. , jeden z nich przedstawia nasz\u0105 patronk\u0119 z nar\u0119czem r\u00f3\u017c w koszyku.<\/p>\n<p>Czego uczy nas dzisiaj i do czego zobowi\u0105zuje nasza Patronka? &#8211; W obecnym ze\u015bwiecczonym i zmaterializowanym \u015bwiecie, nastawionym na dobra, d\u0105\u017cenie do kariery za wszelk\u0105 cen\u0119, \u015bw. El\u017cbieta u\u015bwiadamia i przypomina, \u017ce od autentycznego \u017cycia religijnego zale\u017cy ka\u017cde chrze\u015bcija\u0144skie post\u0119powanie. \u015awiadczenie dobra jest zawsze aktualne, a potrzebuj\u0105cych wielu. Oczekuj\u0105 od nas pomocy chorzy, zniedo\u0142\u0119\u017cniali, osamotnieni niepe\u0142nosprawni, kt\u00f3rych Pan B\u00f3g postawi\u0142 na naszej drodze. W naszym Domu jest wiele inicjatyw, kt\u00f3re z pewno\u015bci\u0105 popiera \u015bw. El\u017cbieta. Mamy okazj\u0119 jako personel \u015bwiecki stale w\u0142\u0105cza\u0107 si\u0119 w us\u0142ugiwanie, pomagaj\u0105c naszym niepe\u0142nosprawnym podopiecznym na podczas codziennej higieny, na sto\u0142\u00f3wce , przy \u0142\u00f3\u017ckach ob\u0142o\u017cnie chorych.<\/p>\n<p>\u015aw. El\u017cbieta uczy nas wszystkich, \u017ce w ka\u017cdej epoce i w ka\u017cdych warunkach, nawet bardzo trudnych, mo\u017cliwe jest osi\u0105gni\u0119cie \u015bwi\u0119to\u015bci, o ile przyjmie si\u0119 na serio i wcieli w \u017cycie nauk\u0119 Ewangelii.<\/p>\n<p>\u015aw. El\u017cbieto &#8211; b\u0105d\u017a nasz\u0105 przewodniczk\u0105 w trudnej i pe\u0142nej wyrzecze\u0144 drodze do domu Ojca.<\/p>\n<p><strong>Litania do \u015bwi\u0119tej El\u017cbiety<\/strong><\/p>\n<p>Kyrie elejson, Chryste elejson, Kyrie elejson.<br \/>\nChryste us\u0142ysz nas, Chryste wys\u0142uchaj nas.<br \/>\nOjcze z nieba Bo\u017ce &#8211; zmi\u0142uj si\u0119 nad nami.<br \/>\nSynu Odkupicielu \u015bwiata Bo\u017ce &#8211; zmi\u0142uj si\u0119 nad nami.<br \/>\nDuchu \u015awi\u0119ty Bo\u017ce &#8211; zmi\u0142uj si\u0119 nad nami.<br \/>\n\u015awi\u0119ta Tr\u00f3jco, Jedyny Bo\u017ce &#8211; zmi\u0142uj si\u0119 nad nami.<\/p>\n<p>\u015awi\u0119ta Maryjo, m\u00f3dl si\u0119 za nami.<br \/>\n\u015awi\u0119ty Franciszku Seraficki,<br \/>\n\u015awi\u0119ta El\u017cbieto W\u0119gierska,<br \/>\nOd dzieci\u0144stwa mi\u0142uj\u0105ca Boga ca\u0142ym sercem,<br \/>\nRozmi\u0142owana w Ewangelii i ni\u0105 \u017cyj\u0105ca,<br \/>\nZ\u0142\u0105czona z Chrystusem przez modlitw\u0119 i mi\u0142o\u015b\u0107,<br \/>\nWierna c\u00f3rko \u015bwi\u0119tego Franciszka,<br \/>\nNiezr\u00f3wnana na\u015bladowczyni Biedaczyny z Asy\u017cu,<br \/>\nGardz\u0105ca przepychem \u015bwiata,<br \/>\nMistrzyni modlitwy i ofiary,<br \/>\nObdarzona \u0142ask\u0105 mistycznej modlitwy,<br \/>\nWra\u017cliwa na n\u0119dz\u0119 i niedol\u0119 ludzk\u0105,<br \/>\nUs\u0142uguj\u0105ca ubogim i cierpi\u0105cym,<br \/>\nCa\u0142e mienie rozdaj\u0105ca potrzebuj\u0105cym,<br \/>\nPostami i pokut\u0105 wyniszczaj\u0105ca swe cia\u0142o,<br \/>\nPrze\u015bladowana przez rodzin\u0119 m\u0119\u017ca,<br \/>\nW krytycznej chwili obdarzona cudem r\u00f3\u017c,<br \/>\nDzi\u0119kuj\u0105ca Bogu za cierpienia i krzywdy,<br \/>\nWzorze dobrej \u017cony i matki,<br \/>\nCzu\u0142a opiekunko chorych i opuszczonych,<br \/>\nPociecho ubogich i wydziedziczonych,<br \/>\nMatko wszystkich n\u0119dzarzy,<br \/>\nNiedo\u015bcigniony wzorze tercjarzy,<br \/>\nPatronko nasza w niebie,<\/p>\n<p>Baranku Bo\u017cy, kt\u00f3ry g\u0142adzisz grzechy \u015bwiata, przepu\u015b\u0107 nam, Panie.<br \/>\nBaranku Bo\u017cy, kt\u00f3ry g\u0142adzisz grzechy \u015bwiata, wys\u0142uchaj nas, Panie.<br \/>\nBaranku Bo\u017cy, kt\u00f3ry g\u0142adzisz grzechy \u015bwiata, zmi\u0142uj si\u0119 nad nami.<\/p>\n<p><strong>W.<\/strong>\u00a0M\u00f3dl si\u0119 za nami, \u015bwi\u0119ta El\u017cbieto.<br \/>\n<strong>O.<\/strong>\u00a0Aby\u015bmy si\u0119 stali godnymi obietnic Chrystusowych.<\/p>\n<p><strong>M\u00f3dlmy si\u0119:<\/strong>\u00a0Bo\u017ce, Ty obdarzy\u0142e\u015b \u015bwi\u0119t\u0105 El\u017cbiet\u0119 licznymi \u0142askami, a szczeg\u00f3lnie \u0142ask\u0105 doskona\u0142ego na\u015bladowania Chrystusa na wz\u00f3r \u015bwi\u0119tego Franciszka z Asy\u017cu; daj nam za jej przyczyn\u0105 godnie odpowiedzie\u0107 na powo\u0142anie nas do s\u0142u\u017cby Bo\u017cej i przynie\u015b\u0107 owoce cn\u00f3t chrze\u015bcija\u0144skich, zgodnie z Twoj\u0105 wol\u0105. Przez Chrystusa, Pana naszego. Amen.<\/p>\n<p><em>lub<\/em><br \/>\n<strong>M\u00f3dlmy si\u0119:<\/strong>\u00a0Naj\u0142askawszy Bo\u017ce, dzi\u0119ki Twej \u0142asce \u015bwi\u0119ta El\u017cbieta w\u015br\u00f3d bogactw i uciech \u015bwiatowych zaja\u015bnia\u0142a blaskiem niezwyk\u0142ej \u015bwi\u0119to\u015bci; spraw za jej wstawiennictwem, by\u015bmy zwyci\u0119\u017cyli wszelkie pokusy i gorliwie d\u0105\u017cyli do \u015bwi\u0119to\u015bci, jak nam nakaza\u0142e\u015b. Przez Chrystusa, Pana naszego. Amen.<\/p>\n","protected":false},"excerpt":{"rendered":"<p>\u015aw. El\u017cbieta W\u0119gierska Nad naszym Domem i Konwentem Braci Bonifratr\u00f3w w Iwoniczu czuwa patronka\u00a0 &#8211; \u015bw. El\u017cbieta, zwana W\u0119giersk\u0105 &#8211; c\u00f3rka kr\u00f3la W\u0119gier, Andrzeja II i Gertrudy von Andechs-Meran, siostry \u015bw. Jadwigi \u015al\u0105skiej. \u015aw. El\u017cbieta urodzi\u0142a si\u0119 w 1207 roku w Bratys\u0142awie lub na zamku w Sarospatak (dok\u0142adna data i miejsce nie jest znane). Jako [&hellip;]<\/p>\n","protected":false},"author":1,"featured_media":0,"parent":5,"menu_order":39,"comment_status":"closed","ping_status":"closed","template":"","meta":{"footnotes":""},"_links":{"self":[{"href":"https:\/\/bonifratrzy.pl\/dps-iwonicz\/wp-json\/wp\/v2\/pages\/9"}],"collection":[{"href":"https:\/\/bonifratrzy.pl\/dps-iwonicz\/wp-json\/wp\/v2\/pages"}],"about":[{"href":"https:\/\/bonifratrzy.pl\/dps-iwonicz\/wp-json\/wp\/v2\/types\/page"}],"author":[{"embeddable":true,"href":"https:\/\/bonifratrzy.pl\/dps-iwonicz\/wp-json\/wp\/v2\/users\/1"}],"replies":[{"embeddable":true,"href":"https:\/\/bonifratrzy.pl\/dps-iwonicz\/wp-json\/wp\/v2\/comments?post=9"}],"version-history":[{"count":0,"href":"https:\/\/bonifratrzy.pl\/dps-iwonicz\/wp-json\/wp\/v2\/pages\/9\/revisions"}],"up":[{"embeddable":true,"href":"https:\/\/bonifratrzy.pl\/dps-iwonicz\/wp-json\/wp\/v2\/pages\/5"}],"wp:attachment":[{"href":"https:\/\/bonifratrzy.pl\/dps-iwonicz\/wp-json\/wp\/v2\/media?parent=9"}],"curies":[{"name":"wp","href":"https:\/\/api.w.org\/{rel}","templated":true}]}}