{"id":83,"date":"2016-05-06T15:23:23","date_gmt":"2016-05-06T13:23:23","guid":{"rendered":"https:\/\/bonifratrzy.pl\/dps-iwonicz\/?page_id=83"},"modified":"2022-04-06T13:01:24","modified_gmt":"2022-04-06T11:01:24","slug":"rehabilitacja","status":"publish","type":"page","link":"https:\/\/bonifratrzy.pl\/dps-iwonicz\/zakres-uslug\/rehabilitacja\/","title":{"rendered":"Rehabilitacja"},"content":{"rendered":"<p align=\"justify\"><span style=\"font-family: Times New Roman, serif\"><span style=\"font-size: medium\">W\u00a0 Domu funkcjonuje sala rehabilitacyjna, kt\u00f3ra jest wyposa\u017cona w nowoczesny sprz\u0119t rehabilitacyjny: <\/span><\/span><span style=\"font-family: Times New Roman, serif\"><span style=\"font-size: medium\">UGUL (uniwersalny gabinet usprawniania leczniczego), bie\u017cni\u0119 elektryczn\u0105, rowerki, stepper, wio\u015blarz, orbitrek, rotor ko\u0144czyn dolnych, przy\u015bcienn\u0105 kolumn\u0119 do \u0107wicze\u0144, atlas, pochy\u0142\u0105 \u0142aweczk\u0119, drabinki, materace oraz wiele przybor\u00f3w do \u0107wicze\u0144 (pi\u0142ki, ta\u015bmy terra band, itp.), st\u00f3\u0142 do tenisa sto\u0142owego, oraz aparaty do fizykoterapii<\/span><\/span><span style=\"color: #ff0000\"><span style=\"font-family: Times New Roman, serif\"><span style=\"font-size: medium\">.<\/span><\/span><\/span> <span style=\"font-family: Times New Roman, serif\"><span style=\"font-size: medium\">Przy pomocy tych urz\u0105dze\u0144 pod\u00a0okiem rehabilitanta podopieczni wykonuj\u0105 \u0107wiczenia usprawniaj\u0105ce i\u00a0podtrzymuj\u0105ce. Osobom le\u017c\u0105cym oferujemy r\u00f3wnie\u017c rehabilitacj\u0119 przy\u0142\u00f3\u017ckow\u0105 nastawion\u0105 przede wszystkim na\u00a0zapobieganie powik\u0142aniom wynikaj\u0105cym z\u00a0unieruchomienia oraz popraw\u0119 sprawno\u015bci ruchowej i\u00a0oddechowej. <\/span><\/span><\/p>\n<p align=\"justify\"><span style=\"font-family: Times New Roman, serif\"><span style=\"font-size: medium\">W\u00a0ramach rehabilitacji Dom oferuje zabiegi fizykoterapeutyczne: \u015bwiat\u0142olecznictwo (lampa Solux, Bioptron) i\u00a0laseroterapi\u0119.<\/span><\/span><\/p>\n<p align=\"justify\"><span style=\"font-family: Times New Roman, serif\"><span style=\"font-size: medium\">Atrakcj\u0105 zaj\u0119\u0107 rehabilitacyjnych s\u0105: spacery po\u00a0okolicy, wycieczki piesze z\u00a0wykorzystaniem kij\u00f3w nordic walking, zaj\u0119cia rekreacyjno &#8211; sportowe na\u00a0\u015bwie\u017cym powietrzu \u2013 w\u00a0przydomowym ogrodzie i\u00a0stadionie, turnieje i\u00a0zawody sportowe wewn\u0119trzne i\u00a0poza Domem.<\/span><\/span><\/p>\n<p align=\"justify\"><span style=\"font-family: Times New Roman, serif\"><span style=\"font-size: medium\">Kompleks ogrodowy jest wyposa\u017cony w fitness ogrodowy i boisko sportowe, na kt\u00f3rym ch\u0119tni podopieczni rozwijaj\u0105 umiej\u0119tno\u015bci gier zespo\u0142owych m. in. pi\u0142ki no\u017cnej i koszyk\u00f3wki oraz rozwijaj\u0105 t\u0119\u017cyzn\u0119 fizyczn\u0105.<\/span><\/span><\/p>\n<p align=\"justify\"><!--more--><\/p>\n<div class=\"wpmf-gallerys wpmf-gallerys-life \" ><div id=\"gallery-1\" class=\"gallery gallery_life wpmf_gallery_default gallery_default  gallery-columns-4 gallery-size-thumbnail gallery-link-file wpmf-has-border-radius-0 wpmf-gutterwidth-5 no_ratio\"><figure class=\"wpmf-gallery-item\" data-index=\"0\"><div class=\"wpmf-gallery-icon\"><div class=\"square_thumbnail\"><div class=\"img_centered\"><a class=\" not_video noLightbox\" data-lightbox=\"1\" data-href=\"https:\/\/bonifratrzy.pl\/dps-iwonicz\/wp-content\/uploads\/sites\/26\/2016\/05\/6de36b92c2dc871c3bafd4676c43c45b.jpeg\" title=\"6de36b92c2dc871c3bafd4676c43c45b\" target=\"_self\" data-index=\"0\"><img decoding=\"async\" class=\"wpmf_img\" alt=\"6de36b92c2dc871c3bafd4676c43c45b\" src=\"https:\/\/bonifratrzy.pl\/dps-iwonicz\/wp-content\/uploads\/sites\/26\/2016\/05\/6de36b92c2dc871c3bafd4676c43c45b-150x150.jpeg\" data-type=\"wpmfgalleryimg\" data-lazy-src=\"https:\/\/bonifratrzy.pl\/dps-iwonicz\/wp-content\/uploads\/sites\/26\/2016\/05\/6de36b92c2dc871c3bafd4676c43c45b-150x150.jpeg\"><\/a><\/div><\/div><\/div><\/figure><figure class=\"wpmf-gallery-item\" data-index=\"1\"><div class=\"wpmf-gallery-icon\"><div class=\"square_thumbnail\"><div class=\"img_centered\"><a class=\" not_video noLightbox\" data-lightbox=\"1\" data-href=\"https:\/\/bonifratrzy.pl\/dps-iwonicz\/wp-content\/uploads\/sites\/26\/2016\/05\/7c395ec96129663d934404303e4f3dbd.jpeg\" title=\"7c395ec96129663d934404303e4f3dbd\" target=\"_self\" data-index=\"1\"><img decoding=\"async\" class=\"wpmf_img\" alt=\"7c395ec96129663d934404303e4f3dbd\" src=\"https:\/\/bonifratrzy.pl\/dps-iwonicz\/wp-content\/uploads\/sites\/26\/2016\/05\/7c395ec96129663d934404303e4f3dbd-150x150.jpeg\" data-type=\"wpmfgalleryimg\" data-lazy-src=\"https:\/\/bonifratrzy.pl\/dps-iwonicz\/wp-content\/uploads\/sites\/26\/2016\/05\/7c395ec96129663d934404303e4f3dbd-150x150.jpeg\"><\/a><\/div><\/div><\/div><\/figure><figure class=\"wpmf-gallery-item\" data-index=\"2\"><div class=\"wpmf-gallery-icon\"><div class=\"square_thumbnail\"><div class=\"img_centered\"><a class=\" not_video noLightbox\" data-lightbox=\"1\" data-href=\"https:\/\/bonifratrzy.pl\/dps-iwonicz\/wp-content\/uploads\/sites\/26\/2016\/05\/8c34dc98fbfb858901ca599bd5f4b5c3.jpeg\" title=\"8c34dc98fbfb858901ca599bd5f4b5c3\" target=\"_self\" data-index=\"2\"><img decoding=\"async\" class=\"wpmf_img\" alt=\"8c34dc98fbfb858901ca599bd5f4b5c3\" src=\"https:\/\/bonifratrzy.pl\/dps-iwonicz\/wp-content\/uploads\/sites\/26\/2016\/05\/8c34dc98fbfb858901ca599bd5f4b5c3-150x150.jpeg\" data-type=\"wpmfgalleryimg\" data-lazy-src=\"https:\/\/bonifratrzy.pl\/dps-iwonicz\/wp-content\/uploads\/sites\/26\/2016\/05\/8c34dc98fbfb858901ca599bd5f4b5c3-150x150.jpeg\"><\/a><\/div><\/div><\/div><\/figure><figure class=\"wpmf-gallery-item\" data-index=\"3\"><div class=\"wpmf-gallery-icon\"><div class=\"square_thumbnail\"><div class=\"img_centered\"><a class=\" not_video noLightbox\" data-lightbox=\"1\" data-href=\"https:\/\/bonifratrzy.pl\/dps-iwonicz\/wp-content\/uploads\/sites\/26\/2016\/05\/43cd60c8497c873412fa588c21c6e0a1.jpeg\" title=\"43cd60c8497c873412fa588c21c6e0a1\" target=\"_self\" data-index=\"3\"><img decoding=\"async\" class=\"wpmf_img\" alt=\"43cd60c8497c873412fa588c21c6e0a1\" src=\"https:\/\/bonifratrzy.pl\/dps-iwonicz\/wp-content\/uploads\/sites\/26\/2016\/05\/43cd60c8497c873412fa588c21c6e0a1-150x150.jpeg\" data-type=\"wpmfgalleryimg\" data-lazy-src=\"https:\/\/bonifratrzy.pl\/dps-iwonicz\/wp-content\/uploads\/sites\/26\/2016\/05\/43cd60c8497c873412fa588c21c6e0a1-150x150.jpeg\"><\/a><\/div><\/div><\/div><\/figure><figure class=\"wpmf-gallery-item\" data-index=\"4\"><div class=\"wpmf-gallery-icon\"><div class=\"square_thumbnail\"><div class=\"img_centered\"><a class=\" not_video noLightbox\" data-lightbox=\"1\" data-href=\"https:\/\/bonifratrzy.pl\/dps-iwonicz\/wp-content\/uploads\/sites\/26\/2016\/05\/809b5af4da3d4e2665ae0670f1cbda8f.jpeg\" title=\"809b5af4da3d4e2665ae0670f1cbda8f\" target=\"_self\" data-index=\"4\"><img decoding=\"async\" class=\"wpmf_img\" alt=\"809b5af4da3d4e2665ae0670f1cbda8f\" src=\"https:\/\/bonifratrzy.pl\/dps-iwonicz\/wp-content\/uploads\/sites\/26\/2016\/05\/809b5af4da3d4e2665ae0670f1cbda8f-150x150.jpeg\" data-type=\"wpmfgalleryimg\" data-lazy-src=\"https:\/\/bonifratrzy.pl\/dps-iwonicz\/wp-content\/uploads\/sites\/26\/2016\/05\/809b5af4da3d4e2665ae0670f1cbda8f-150x150.jpeg\"><\/a><\/div><\/div><\/div><\/figure><figure class=\"wpmf-gallery-item\" data-index=\"5\"><div class=\"wpmf-gallery-icon\"><div class=\"square_thumbnail\"><div class=\"img_centered\"><a class=\" not_video noLightbox\" data-lightbox=\"1\" data-href=\"https:\/\/bonifratrzy.pl\/dps-iwonicz\/wp-content\/uploads\/sites\/26\/2016\/05\/2779cc5c53880f0302726bd837ba7662.jpeg\" title=\"2779cc5c53880f0302726bd837ba7662\" target=\"_self\" data-index=\"5\"><img decoding=\"async\" class=\"wpmf_img\" alt=\"2779cc5c53880f0302726bd837ba7662\" src=\"https:\/\/bonifratrzy.pl\/dps-iwonicz\/wp-content\/uploads\/sites\/26\/2016\/05\/2779cc5c53880f0302726bd837ba7662-150x150.jpeg\" data-type=\"wpmfgalleryimg\" data-lazy-src=\"https:\/\/bonifratrzy.pl\/dps-iwonicz\/wp-content\/uploads\/sites\/26\/2016\/05\/2779cc5c53880f0302726bd837ba7662-150x150.jpeg\"><\/a><\/div><\/div><\/div><\/figure><figure class=\"wpmf-gallery-item\" data-index=\"6\"><div class=\"wpmf-gallery-icon\"><div class=\"square_thumbnail\"><div class=\"img_centered\"><a class=\" not_video noLightbox\" data-lightbox=\"1\" data-href=\"https:\/\/bonifratrzy.pl\/dps-iwonicz\/wp-content\/uploads\/sites\/26\/2016\/05\/5758c1e1bc4314be1906a9b2ebbe0f56.jpeg\" title=\"5758c1e1bc4314be1906a9b2ebbe0f56\" target=\"_self\" data-index=\"6\"><img decoding=\"async\" class=\"wpmf_img\" alt=\"5758c1e1bc4314be1906a9b2ebbe0f56\" src=\"https:\/\/bonifratrzy.pl\/dps-iwonicz\/wp-content\/uploads\/sites\/26\/2016\/05\/5758c1e1bc4314be1906a9b2ebbe0f56-150x150.jpeg\" data-type=\"wpmfgalleryimg\" data-lazy-src=\"https:\/\/bonifratrzy.pl\/dps-iwonicz\/wp-content\/uploads\/sites\/26\/2016\/05\/5758c1e1bc4314be1906a9b2ebbe0f56-150x150.jpeg\"><\/a><\/div><\/div><\/div><\/figure><figure class=\"wpmf-gallery-item\" data-index=\"7\"><div class=\"wpmf-gallery-icon\"><div class=\"square_thumbnail\"><div class=\"img_centered\"><a class=\" not_video noLightbox\" data-lightbox=\"1\" data-href=\"https:\/\/bonifratrzy.pl\/dps-iwonicz\/wp-content\/uploads\/sites\/26\/2016\/05\/9246fe5e096c0bb7eac571df599cdd2e.jpeg\" title=\"9246fe5e096c0bb7eac571df599cdd2e\" target=\"_self\" data-index=\"7\"><img decoding=\"async\" class=\"wpmf_img\" alt=\"9246fe5e096c0bb7eac571df599cdd2e\" src=\"https:\/\/bonifratrzy.pl\/dps-iwonicz\/wp-content\/uploads\/sites\/26\/2016\/05\/9246fe5e096c0bb7eac571df599cdd2e-150x150.jpeg\" data-type=\"wpmfgalleryimg\" data-lazy-src=\"https:\/\/bonifratrzy.pl\/dps-iwonicz\/wp-content\/uploads\/sites\/26\/2016\/05\/9246fe5e096c0bb7eac571df599cdd2e-150x150.jpeg\"><\/a><\/div><\/div><\/div><\/figure><figure class=\"wpmf-gallery-item\" data-index=\"8\"><div class=\"wpmf-gallery-icon\"><div class=\"square_thumbnail\"><div class=\"img_centered\"><a class=\" not_video noLightbox\" data-lightbox=\"1\" data-href=\"https:\/\/bonifratrzy.pl\/dps-iwonicz\/wp-content\/uploads\/sites\/26\/2016\/05\/36381e8de9cdb90c124baed851032831.jpeg\" title=\"36381e8de9cdb90c124baed851032831\" target=\"_self\" data-index=\"8\"><img decoding=\"async\" class=\"wpmf_img\" alt=\"36381e8de9cdb90c124baed851032831\" src=\"https:\/\/bonifratrzy.pl\/dps-iwonicz\/wp-content\/uploads\/sites\/26\/2016\/05\/36381e8de9cdb90c124baed851032831-150x150.jpeg\" data-type=\"wpmfgalleryimg\" data-lazy-src=\"https:\/\/bonifratrzy.pl\/dps-iwonicz\/wp-content\/uploads\/sites\/26\/2016\/05\/36381e8de9cdb90c124baed851032831-150x150.jpeg\"><\/a><\/div><\/div><\/div><\/figure><figure class=\"wpmf-gallery-item\" data-index=\"9\"><div class=\"wpmf-gallery-icon\"><div class=\"square_thumbnail\"><div class=\"img_centered\"><a class=\" not_video noLightbox\" data-lightbox=\"1\" data-href=\"https:\/\/bonifratrzy.pl\/dps-iwonicz\/wp-content\/uploads\/sites\/26\/2016\/05\/418962125fbc301f8d7935e0889668a5.jpeg\" title=\"418962125fbc301f8d7935e0889668a5\" target=\"_self\" data-index=\"9\"><img decoding=\"async\" class=\"wpmf_img\" alt=\"418962125fbc301f8d7935e0889668a5\" src=\"https:\/\/bonifratrzy.pl\/dps-iwonicz\/wp-content\/uploads\/sites\/26\/2016\/05\/418962125fbc301f8d7935e0889668a5-150x150.jpeg\" data-type=\"wpmfgalleryimg\" data-lazy-src=\"https:\/\/bonifratrzy.pl\/dps-iwonicz\/wp-content\/uploads\/sites\/26\/2016\/05\/418962125fbc301f8d7935e0889668a5-150x150.jpeg\"><\/a><\/div><\/div><\/div><\/figure><figure class=\"wpmf-gallery-item\" data-index=\"10\"><div class=\"wpmf-gallery-icon\"><div class=\"square_thumbnail\"><div class=\"img_centered\"><a class=\" not_video noLightbox\" data-lightbox=\"1\" data-href=\"https:\/\/bonifratrzy.pl\/dps-iwonicz\/wp-content\/uploads\/sites\/26\/2016\/05\/4916969020f46695851af9915208cf43.jpeg\" title=\"4916969020f46695851af9915208cf43\" target=\"_self\" data-index=\"10\"><img decoding=\"async\" class=\"wpmf_img\" alt=\"4916969020f46695851af9915208cf43\" src=\"https:\/\/bonifratrzy.pl\/dps-iwonicz\/wp-content\/uploads\/sites\/26\/2016\/05\/4916969020f46695851af9915208cf43-150x150.jpeg\" data-type=\"wpmfgalleryimg\" data-lazy-src=\"https:\/\/bonifratrzy.pl\/dps-iwonicz\/wp-content\/uploads\/sites\/26\/2016\/05\/4916969020f46695851af9915208cf43-150x150.jpeg\"><\/a><\/div><\/div><\/div><\/figure><figure class=\"wpmf-gallery-item\" data-index=\"11\"><div class=\"wpmf-gallery-icon\"><div class=\"square_thumbnail\"><div class=\"img_centered\"><a class=\" not_video noLightbox\" data-lightbox=\"1\" data-href=\"https:\/\/bonifratrzy.pl\/dps-iwonicz\/wp-content\/uploads\/sites\/26\/2016\/05\/b3ad07bd0953595d7f0444890212d023.jpeg\" title=\"b3ad07bd0953595d7f0444890212d023\" target=\"_self\" data-index=\"11\"><img decoding=\"async\" class=\"wpmf_img\" alt=\"b3ad07bd0953595d7f0444890212d023\" src=\"https:\/\/bonifratrzy.pl\/dps-iwonicz\/wp-content\/uploads\/sites\/26\/2016\/05\/b3ad07bd0953595d7f0444890212d023-150x150.jpeg\" data-type=\"wpmfgalleryimg\" data-lazy-src=\"https:\/\/bonifratrzy.pl\/dps-iwonicz\/wp-content\/uploads\/sites\/26\/2016\/05\/b3ad07bd0953595d7f0444890212d023-150x150.jpeg\"><\/a><\/div><\/div><\/div><\/figure><figure class=\"wpmf-gallery-item\" data-index=\"12\"><div class=\"wpmf-gallery-icon\"><div class=\"square_thumbnail\"><div class=\"img_centered\"><a class=\" not_video noLightbox\" data-lightbox=\"1\" data-href=\"https:\/\/bonifratrzy.pl\/dps-iwonicz\/wp-content\/uploads\/sites\/26\/2016\/05\/bcb28e9fa478e878ec3f6753bd33738a.jpeg\" title=\"bcb28e9fa478e878ec3f6753bd33738a\" target=\"_self\" data-index=\"12\"><img decoding=\"async\" class=\"wpmf_img\" alt=\"bcb28e9fa478e878ec3f6753bd33738a\" src=\"https:\/\/bonifratrzy.pl\/dps-iwonicz\/wp-content\/uploads\/sites\/26\/2016\/05\/bcb28e9fa478e878ec3f6753bd33738a-150x150.jpeg\" data-type=\"wpmfgalleryimg\" data-lazy-src=\"https:\/\/bonifratrzy.pl\/dps-iwonicz\/wp-content\/uploads\/sites\/26\/2016\/05\/bcb28e9fa478e878ec3f6753bd33738a-150x150.jpeg\"><\/a><\/div><\/div><\/div><\/figure><figure class=\"wpmf-gallery-item\" data-index=\"13\"><div class=\"wpmf-gallery-icon\"><div class=\"square_thumbnail\"><div class=\"img_centered\"><a class=\" not_video noLightbox\" data-lightbox=\"1\" data-href=\"https:\/\/bonifratrzy.pl\/dps-iwonicz\/wp-content\/uploads\/sites\/26\/2016\/05\/c451d7b57946cb1321945bae7bf3c9e0.jpeg\" title=\"c451d7b57946cb1321945bae7bf3c9e0\" target=\"_self\" data-index=\"13\"><img decoding=\"async\" class=\"wpmf_img\" alt=\"c451d7b57946cb1321945bae7bf3c9e0\" src=\"https:\/\/bonifratrzy.pl\/dps-iwonicz\/wp-content\/uploads\/sites\/26\/2016\/05\/c451d7b57946cb1321945bae7bf3c9e0-150x150.jpeg\" data-type=\"wpmfgalleryimg\" data-lazy-src=\"https:\/\/bonifratrzy.pl\/dps-iwonicz\/wp-content\/uploads\/sites\/26\/2016\/05\/c451d7b57946cb1321945bae7bf3c9e0-150x150.jpeg\"><\/a><\/div><\/div><\/div><\/figure><figure class=\"wpmf-gallery-item\" data-index=\"14\"><div class=\"wpmf-gallery-icon\"><div class=\"square_thumbnail\"><div class=\"img_centered\"><a class=\" not_video noLightbox\" data-lightbox=\"1\" data-href=\"https:\/\/bonifratrzy.pl\/dps-iwonicz\/wp-content\/uploads\/sites\/26\/2016\/05\/cf5588acfbe975f26f760ffee271d7ff.jpeg\" title=\"cf5588acfbe975f26f760ffee271d7ff\" target=\"_self\" data-index=\"14\"><img decoding=\"async\" class=\"wpmf_img\" alt=\"cf5588acfbe975f26f760ffee271d7ff\" src=\"https:\/\/bonifratrzy.pl\/dps-iwonicz\/wp-content\/uploads\/sites\/26\/2016\/05\/cf5588acfbe975f26f760ffee271d7ff-150x150.jpeg\" data-type=\"wpmfgalleryimg\" data-lazy-src=\"https:\/\/bonifratrzy.pl\/dps-iwonicz\/wp-content\/uploads\/sites\/26\/2016\/05\/cf5588acfbe975f26f760ffee271d7ff-150x150.jpeg\"><\/a><\/div><\/div><\/div><\/figure><figure class=\"wpmf-gallery-item\" data-index=\"15\"><div class=\"wpmf-gallery-icon\"><div class=\"square_thumbnail\"><div class=\"img_centered\"><a class=\" not_video noLightbox\" data-lightbox=\"1\" data-href=\"https:\/\/bonifratrzy.pl\/dps-iwonicz\/wp-content\/uploads\/sites\/26\/2016\/05\/cfe6fc6fa47a942590fed16831337007.jpeg\" title=\"cfe6fc6fa47a942590fed16831337007\" target=\"_self\" data-index=\"15\"><img decoding=\"async\" class=\"wpmf_img\" alt=\"cfe6fc6fa47a942590fed16831337007\" src=\"https:\/\/bonifratrzy.pl\/dps-iwonicz\/wp-content\/uploads\/sites\/26\/2016\/05\/cfe6fc6fa47a942590fed16831337007-150x150.jpeg\" data-type=\"wpmfgalleryimg\" data-lazy-src=\"https:\/\/bonifratrzy.pl\/dps-iwonicz\/wp-content\/uploads\/sites\/26\/2016\/05\/cfe6fc6fa47a942590fed16831337007-150x150.jpeg\"><\/a><\/div><\/div><\/div><\/figure><figure class=\"wpmf-gallery-item\" data-index=\"16\"><div class=\"wpmf-gallery-icon\"><div class=\"square_thumbnail\"><div class=\"img_centered\"><a class=\" not_video noLightbox\" data-lightbox=\"1\" data-href=\"https:\/\/bonifratrzy.pl\/dps-iwonicz\/wp-content\/uploads\/sites\/26\/2016\/05\/d77872e7f8b3e25407018aabfa676cfb.jpeg\" title=\"d77872e7f8b3e25407018aabfa676cfb\" target=\"_self\" data-index=\"16\"><img decoding=\"async\" class=\"wpmf_img\" alt=\"d77872e7f8b3e25407018aabfa676cfb\" src=\"https:\/\/bonifratrzy.pl\/dps-iwonicz\/wp-content\/uploads\/sites\/26\/2016\/05\/d77872e7f8b3e25407018aabfa676cfb-150x150.jpeg\" data-type=\"wpmfgalleryimg\" data-lazy-src=\"https:\/\/bonifratrzy.pl\/dps-iwonicz\/wp-content\/uploads\/sites\/26\/2016\/05\/d77872e7f8b3e25407018aabfa676cfb-150x150.jpeg\"><\/a><\/div><\/div><\/div><\/figure><figure class=\"wpmf-gallery-item\" data-index=\"17\"><div class=\"wpmf-gallery-icon\"><div class=\"square_thumbnail\"><div class=\"img_centered\"><a class=\" not_video noLightbox\" data-lightbox=\"1\" data-href=\"https:\/\/bonifratrzy.pl\/dps-iwonicz\/wp-content\/uploads\/sites\/26\/2016\/05\/d878124285c5f827aaea79206e559899.jpeg\" title=\"d878124285c5f827aaea79206e559899\" target=\"_self\" data-index=\"17\"><img decoding=\"async\" class=\"wpmf_img\" alt=\"d878124285c5f827aaea79206e559899\" src=\"https:\/\/bonifratrzy.pl\/dps-iwonicz\/wp-content\/uploads\/sites\/26\/2016\/05\/d878124285c5f827aaea79206e559899-150x150.jpeg\" data-type=\"wpmfgalleryimg\" data-lazy-src=\"https:\/\/bonifratrzy.pl\/dps-iwonicz\/wp-content\/uploads\/sites\/26\/2016\/05\/d878124285c5f827aaea79206e559899-150x150.jpeg\"><\/a><\/div><\/div><\/div><\/figure><figure class=\"wpmf-gallery-item\" data-index=\"18\"><div class=\"wpmf-gallery-icon\"><div class=\"square_thumbnail\"><div class=\"img_centered\"><a class=\" not_video noLightbox\" data-lightbox=\"1\" data-href=\"https:\/\/bonifratrzy.pl\/dps-iwonicz\/wp-content\/uploads\/sites\/26\/2016\/05\/e10df01d93466fd6a09add363dadde0f.jpeg\" title=\"e10df01d93466fd6a09add363dadde0f\" target=\"_self\" data-index=\"18\"><img decoding=\"async\" class=\"wpmf_img\" alt=\"e10df01d93466fd6a09add363dadde0f\" src=\"https:\/\/bonifratrzy.pl\/dps-iwonicz\/wp-content\/uploads\/sites\/26\/2016\/05\/e10df01d93466fd6a09add363dadde0f-150x150.jpeg\" data-type=\"wpmfgalleryimg\" data-lazy-src=\"https:\/\/bonifratrzy.pl\/dps-iwonicz\/wp-content\/uploads\/sites\/26\/2016\/05\/e10df01d93466fd6a09add363dadde0f-150x150.jpeg\"><\/a><\/div><\/div><\/div><\/figure><figure class=\"wpmf-gallery-item\" data-index=\"19\"><div class=\"wpmf-gallery-icon\"><div class=\"square_thumbnail\"><div class=\"img_centered\"><a class=\" not_video noLightbox\" data-lightbox=\"1\" data-href=\"https:\/\/bonifratrzy.pl\/dps-iwonicz\/wp-content\/uploads\/sites\/26\/2016\/05\/e29692d9bb4d4021be77005db0ffc4f9.jpeg\" title=\"e29692d9bb4d4021be77005db0ffc4f9\" target=\"_self\" data-index=\"19\"><img decoding=\"async\" class=\"wpmf_img\" alt=\"e29692d9bb4d4021be77005db0ffc4f9\" src=\"https:\/\/bonifratrzy.pl\/dps-iwonicz\/wp-content\/uploads\/sites\/26\/2016\/05\/e29692d9bb4d4021be77005db0ffc4f9-150x150.jpeg\" data-type=\"wpmfgalleryimg\" data-lazy-src=\"https:\/\/bonifratrzy.pl\/dps-iwonicz\/wp-content\/uploads\/sites\/26\/2016\/05\/e29692d9bb4d4021be77005db0ffc4f9-150x150.jpeg\"><\/a><\/div><\/div><\/div><\/figure><figure class=\"wpmf-gallery-item\" data-index=\"20\"><div class=\"wpmf-gallery-icon\"><div class=\"square_thumbnail\"><div class=\"img_centered\"><a class=\" not_video noLightbox\" data-lightbox=\"1\" data-href=\"https:\/\/bonifratrzy.pl\/dps-iwonicz\/wp-content\/uploads\/sites\/26\/2016\/05\/ee0cea041228486e47997496821168b5.jpeg\" title=\"ee0cea041228486e47997496821168b5\" target=\"_self\" data-index=\"20\"><img decoding=\"async\" class=\"wpmf_img\" alt=\"ee0cea041228486e47997496821168b5\" src=\"https:\/\/bonifratrzy.pl\/dps-iwonicz\/wp-content\/uploads\/sites\/26\/2016\/05\/ee0cea041228486e47997496821168b5-150x150.jpeg\" data-type=\"wpmfgalleryimg\" data-lazy-src=\"https:\/\/bonifratrzy.pl\/dps-iwonicz\/wp-content\/uploads\/sites\/26\/2016\/05\/ee0cea041228486e47997496821168b5-150x150.jpeg\"><\/a><\/div><\/div><\/div><\/figure><figure class=\"wpmf-gallery-item\" data-index=\"21\"><div class=\"wpmf-gallery-icon\"><div class=\"square_thumbnail\"><div class=\"img_centered\"><a class=\" not_video noLightbox\" data-lightbox=\"1\" data-href=\"https:\/\/bonifratrzy.pl\/dps-iwonicz\/wp-content\/uploads\/sites\/26\/2016\/05\/f4f06235e2717357e75138a81bee0f68.jpeg\" title=\"f4f06235e2717357e75138a81bee0f68\" target=\"_self\" data-index=\"21\"><img decoding=\"async\" class=\"wpmf_img\" alt=\"f4f06235e2717357e75138a81bee0f68\" src=\"https:\/\/bonifratrzy.pl\/dps-iwonicz\/wp-content\/uploads\/sites\/26\/2016\/05\/f4f06235e2717357e75138a81bee0f68-150x150.jpeg\" data-type=\"wpmfgalleryimg\" data-lazy-src=\"https:\/\/bonifratrzy.pl\/dps-iwonicz\/wp-content\/uploads\/sites\/26\/2016\/05\/f4f06235e2717357e75138a81bee0f68-150x150.jpeg\"><\/a><\/div><\/div><\/div><\/figure><figure class=\"wpmf-gallery-item\" data-index=\"22\"><div class=\"wpmf-gallery-icon\"><div class=\"square_thumbnail\"><div class=\"img_centered\"><a class=\" not_video noLightbox\" data-lightbox=\"1\" data-href=\"https:\/\/bonifratrzy.pl\/dps-iwonicz\/wp-content\/uploads\/sites\/26\/2016\/05\/f822210d3042dd03321a739b8fbd6daf.jpeg\" title=\"f822210d3042dd03321a739b8fbd6daf\" target=\"_self\" data-index=\"22\"><img decoding=\"async\" class=\"wpmf_img\" alt=\"f822210d3042dd03321a739b8fbd6daf\" src=\"https:\/\/bonifratrzy.pl\/dps-iwonicz\/wp-content\/uploads\/sites\/26\/2016\/05\/f822210d3042dd03321a739b8fbd6daf-150x150.jpeg\" data-type=\"wpmfgalleryimg\" data-lazy-src=\"https:\/\/bonifratrzy.pl\/dps-iwonicz\/wp-content\/uploads\/sites\/26\/2016\/05\/f822210d3042dd03321a739b8fbd6daf-150x150.jpeg\"><\/a><\/div><\/div><\/div><\/figure><figure class=\"wpmf-gallery-item\" data-index=\"23\"><div class=\"wpmf-gallery-icon\"><div class=\"square_thumbnail\"><div class=\"img_centered\"><a class=\" not_video noLightbox\" data-lightbox=\"1\" data-href=\"https:\/\/bonifratrzy.pl\/dps-iwonicz\/wp-content\/uploads\/sites\/26\/2016\/05\/fd57efd28376438411ef0db4d91d8f8e.jpeg\" title=\"fd57efd28376438411ef0db4d91d8f8e\" target=\"_self\" data-index=\"23\"><img decoding=\"async\" class=\"wpmf_img\" alt=\"fd57efd28376438411ef0db4d91d8f8e\" src=\"https:\/\/bonifratrzy.pl\/dps-iwonicz\/wp-content\/uploads\/sites\/26\/2016\/05\/fd57efd28376438411ef0db4d91d8f8e-150x150.jpeg\" data-type=\"wpmfgalleryimg\" data-lazy-src=\"https:\/\/bonifratrzy.pl\/dps-iwonicz\/wp-content\/uploads\/sites\/26\/2016\/05\/fd57efd28376438411ef0db4d91d8f8e-150x150.jpeg\"><\/a><\/div><\/div><\/div><\/figure><\/div><\/div>\n<div class=\"su-spacer\" style=\"height:60px\"><\/div>\n<h2>Zakres us\u0142ug<\/h2>\n<ul class=\"su-subpages btnlink\"><li class=\"page_item page-item-68\"><a href=\"https:\/\/bonifratrzy.pl\/dps-iwonicz\/zakres-uslug\/uslugi-opiekuncze\/\">Us\u0142ugi opieku\u0144cze<\/a><\/li>\n<li class=\"page_item page-item-137\"><a href=\"https:\/\/bonifratrzy.pl\/dps-iwonicz\/zakres-uslug\/opieka-medyczna\/\">Opieka medyczna<\/a><\/li>\n<li class=\"page_item page-item-75\"><a href=\"https:\/\/bonifratrzy.pl\/dps-iwonicz\/zakres-uslug\/uslugi-socjalne\/\">Us\u0142ugi socjalne<\/a><\/li>\n<li class=\"page_item page-item-77\"><a href=\"https:\/\/bonifratrzy.pl\/dps-iwonicz\/zakres-uslug\/terapia-zajeciowa\/\">Terapia zaj\u0119ciowa<\/a><\/li>\n<li class=\"page_item page-item-83\"><a href=\"https:\/\/bonifratrzy.pl\/dps-iwonicz\/zakres-uslug\/rehabilitacja\/\">Rehabilitacja<\/a><\/li>\n<li class=\"page_item page-item-113\"><a href=\"https:\/\/bonifratrzy.pl\/dps-iwonicz\/zakres-uslug\/hipoterapia\/\">Hipoterapia<\/a><\/li>\n<li class=\"page_item page-item-122\"><a href=\"https:\/\/bonifratrzy.pl\/dps-iwonicz\/zakres-uslug\/opieka-duszpasterska\/\">Opieka duszpasterska<\/a><\/li>\n<\/ul>\n","protected":false},"excerpt":{"rendered":"<p>W\u00a0 Domu funkcjonuje sala rehabilitacyjna, kt\u00f3ra jest wyposa\u017cona w nowoczesny sprz\u0119t rehabilitacyjny: UGUL (uniwersalny gabinet usprawniania leczniczego), bie\u017cni\u0119 elektryczn\u0105, rowerki, stepper, wio\u015blarz, orbitrek, rotor ko\u0144czyn dolnych, przy\u015bcienn\u0105 kolumn\u0119 do \u0107wicze\u0144, atlas, pochy\u0142\u0105 \u0142aweczk\u0119, drabinki, materace oraz wiele przybor\u00f3w do \u0107wicze\u0144 (pi\u0142ki, ta\u015bmy terra band, itp.), st\u00f3\u0142 do tenisa sto\u0142owego, oraz aparaty do fizykoterapii. Przy pomocy [&hellip;]<\/p>\n","protected":false},"author":1,"featured_media":0,"parent":17,"menu_order":47,"comment_status":"closed","ping_status":"closed","template":"","meta":{"footnotes":""},"_links":{"self":[{"href":"https:\/\/bonifratrzy.pl\/dps-iwonicz\/wp-json\/wp\/v2\/pages\/83"}],"collection":[{"href":"https:\/\/bonifratrzy.pl\/dps-iwonicz\/wp-json\/wp\/v2\/pages"}],"about":[{"href":"https:\/\/bonifratrzy.pl\/dps-iwonicz\/wp-json\/wp\/v2\/types\/page"}],"author":[{"embeddable":true,"href":"https:\/\/bonifratrzy.pl\/dps-iwonicz\/wp-json\/wp\/v2\/users\/1"}],"replies":[{"embeddable":true,"href":"https:\/\/bonifratrzy.pl\/dps-iwonicz\/wp-json\/wp\/v2\/comments?post=83"}],"version-history":[{"count":1,"href":"https:\/\/bonifratrzy.pl\/dps-iwonicz\/wp-json\/wp\/v2\/pages\/83\/revisions"}],"predecessor-version":[{"id":6785,"href":"https:\/\/bonifratrzy.pl\/dps-iwonicz\/wp-json\/wp\/v2\/pages\/83\/revisions\/6785"}],"up":[{"embeddable":true,"href":"https:\/\/bonifratrzy.pl\/dps-iwonicz\/wp-json\/wp\/v2\/pages\/17"}],"wp:attachment":[{"href":"https:\/\/bonifratrzy.pl\/dps-iwonicz\/wp-json\/wp\/v2\/media?parent=83"}],"curies":[{"name":"wp","href":"https:\/\/api.w.org\/{rel}","templated":true}]}}