{"id":77,"date":"2016-05-06T15:21:15","date_gmt":"2016-05-06T13:21:15","guid":{"rendered":"https:\/\/bonifratrzy.pl\/dps-iwonicz\/?page_id=77"},"modified":"2022-04-06T13:02:53","modified_gmt":"2022-04-06T11:02:53","slug":"terapia-zajeciowa","status":"publish","type":"page","link":"https:\/\/bonifratrzy.pl\/dps-iwonicz\/zakres-uslug\/terapia-zajeciowa\/","title":{"rendered":"Terapia zaj\u0119ciowa"},"content":{"rendered":"<p align=\"justify\"><span style=\"font-family: Calibri, serif\"><span style=\"font-family: Times New Roman, serif\"><span style=\"font-size: medium\">Wszyscy podopieczni DPS maj\u0105 mo\u017cliwo\u015b\u0107 uczestniczy\u0107 w zaj\u0119ciach terapeutycznych.<\/span><\/span><\/span><\/p>\n<p align=\"justify\"><span style=\"font-family: Calibri, serif\"><span style=\"font-family: Times New Roman, serif\"><span style=\"font-size: medium\">W DPS funkcjonuj\u0105 pracownie terapeutyczne: plastyczna, r\u0119kodzielnicza, papieroplastyki, kulinarna, komputerowa. <\/span><\/span><span style=\"font-family: Times New Roman, serif\"><span style=\"font-size: medium\">Poprzez udzia\u0142 w zaj\u0119ciach uczestnicy nabywaj\u0105 nowych umiej\u0119tno\u015bci, zwi\u0119kszaj\u0105 aktywno\u015b\u0107 oraz\u00a0rozwijaj\u0105 swoje zainteresowania. Tw\u00f3rczy udzia\u0142 pozwala budowa\u0107 poczucie w\u0142asnej warto\u015bci i\u00a0sensu \u017cycia oraz\u00a0eliminuje monotoni\u0119 dnia codziennego. <\/span><\/span><span style=\"font-family: Times New Roman, serif\"><span style=\"font-size: medium\">Kszta\u0142cone s\u0105 tak\u017ce umiej\u0119tno\u015bci pracy w grupie, systematyczno\u015b\u0107, punktualno\u015b\u0107, odpowiedzialno\u015b\u0107 i in. kompetencje spo\u0142eczne.<\/span><\/span><\/span><\/p>\n<p align=\"justify\"><span style=\"font-family: Times New Roman, serif\"><span style=\"font-size: medium\">W doborze mieszka\u0144c\u00f3w do rodzaju zaj\u0119\u0107 terapii zaj\u0119ciowej uwzgl\u0119dnia si\u0119 ich predyspozycje, zainteresowania, talenty oraz poziom sprawno\u015bci psychofizycznej.<\/span><\/span><\/p>\n<p align=\"justify\"><span style=\"font-family: Times New Roman, serif\"><span style=\"font-size: medium\">Uwie\u0144czeniem tw\u00f3rczej pracy s\u0105 organizowane wystawy, prezentacje, kiermasze, warsztaty i\u00a0przegl\u0105dy artystyczne, w\u00a0kt\u00f3rych\u00a0podopieczni bior\u0105 udzia\u0142 i\u00a0zdobywaj\u0105 nagrody oraz\u00a0wyr\u00f3\u017cnienia, co bardziej motywuje ich do\u00a0pracy\u00a0 rozbudzaj\u0105c wiar\u0119 w\u00a0siebie i\u00a0w\u0142asne si\u0142y.<\/span><\/span><\/p>\n<p align=\"justify\"><span style=\"font-family: Times New Roman, serif\"><span style=\"font-size: medium\">W\u00a0ramach terapii zaj\u0119ciowej organizowane s\u0105 r\u00f3\u017cnego rodzaju imprezy okoliczno\u015bciowe, plenery, spotkania integracyjne, wycieczki do\u00a0galerii, muze\u00f3w, teatru, filharmonii, skansen\u00f3w, oraz\u00a0innych ciekawych miejsc w\u00a0rejonie wojew\u00f3dztwa podkarpackiego i\u00a0nie\u00a0tylko.<\/span><\/span><\/p>\n<p align=\"justify\"><span style=\"font-family: Times New Roman, serif\"><span style=\"font-size: medium\">Dla os\u00f3b z g\u0142\u0119bsz\u0105 niepe\u0142nosprawno\u015bci\u0105 prowadzone s\u0105 zaj\u0119cia indywidualne oparte na biblioterapii, relaksacji, stymulacji polisensorycznej, spacerach, rozmowach, zmianie otoczenia. Celom relaksacyjnym s\u0142u\u017cy sala do\u015bwiadczania \u015bwiata.<\/span><\/span><\/p>\n<p align=\"justify\"><span style=\"font-family: Times New Roman, serif\"><span style=\"font-size: medium\">Dzia\u0142ania poprawiaj\u0105ce sprawno\u015b\u0107, zwi\u0119kszaj\u0105ce aktywno\u015b\u0107 i samodzielno\u015b\u0107 podejmowane s\u0105 tak\u017ce <\/span><\/span><span style=\"font-family: Times New Roman, serif\"><span style=\"font-size: medium\">w ramach projekt\u00f3w finansowanych przez PFRON, dzi\u0119ki kt\u00f3rym mo\u017cliwe jest rozszerzanie oferty aktywizuj\u0105co-rehabilitacyjnej dla mieszka\u0144c\u00f3w i realizowanie takich zaj\u0119\u0107 jak: animacyjne, socjoterapeutyczne czy gospodarstwa domowego.<\/span><\/span><\/p>\n<p align=\"justify\"><span style=\"font-family: Times New Roman, serif\"><span style=\"font-size: medium\">W Domu odbywaj\u0105 si\u0119 ponadto zaj\u0119cia rehabilitacji spo\u0142ecznej, kt\u00f3re maj\u0105 form\u0119 trening\u00f3w. S\u0142u\u017c\u0105 one wyrabianiu zaradno\u015bci osobistej, pobudzaniu aktywno\u015bci spo\u0142ecznej i przygotowuj\u0105 do samodzielnego wype\u0142niania r\u00f3l spo\u0142ecznych jak chocia\u017cby treningi samoobs\u0142ugowe, porz\u0105dkowe, sp\u0119dzania czasu wolnego, rozwijania zainteresowa\u0144, rozwijania umiej\u0119tno\u015bci spo\u0142ecznych, rozwi\u0105zywania konflikt\u00f3w czy przygotowuj\u0105ce do podj\u0119cia zatrudnienia. <\/span><\/span><\/p>\n","protected":false},"excerpt":{"rendered":"<p>Wszyscy podopieczni DPS maj\u0105 mo\u017cliwo\u015b\u0107 uczestniczy\u0107 w zaj\u0119ciach terapeutycznych. W DPS funkcjonuj\u0105 pracownie terapeutyczne: plastyczna, r\u0119kodzielnicza, papieroplastyki, kulinarna, komputerowa. Poprzez udzia\u0142 w zaj\u0119ciach uczestnicy nabywaj\u0105 nowych umiej\u0119tno\u015bci, zwi\u0119kszaj\u0105 aktywno\u015b\u0107 oraz\u00a0rozwijaj\u0105 swoje zainteresowania. Tw\u00f3rczy udzia\u0142 pozwala budowa\u0107 poczucie w\u0142asnej warto\u015bci i\u00a0sensu \u017cycia oraz\u00a0eliminuje monotoni\u0119 dnia codziennego. Kszta\u0142cone s\u0105 tak\u017ce umiej\u0119tno\u015bci pracy w grupie, systematyczno\u015b\u0107, punktualno\u015b\u0107, odpowiedzialno\u015b\u0107 [&hellip;]<\/p>\n","protected":false},"author":1,"featured_media":0,"parent":17,"menu_order":46,"comment_status":"closed","ping_status":"closed","template":"","meta":{"footnotes":""},"_links":{"self":[{"href":"https:\/\/bonifratrzy.pl\/dps-iwonicz\/wp-json\/wp\/v2\/pages\/77"}],"collection":[{"href":"https:\/\/bonifratrzy.pl\/dps-iwonicz\/wp-json\/wp\/v2\/pages"}],"about":[{"href":"https:\/\/bonifratrzy.pl\/dps-iwonicz\/wp-json\/wp\/v2\/types\/page"}],"author":[{"embeddable":true,"href":"https:\/\/bonifratrzy.pl\/dps-iwonicz\/wp-json\/wp\/v2\/users\/1"}],"replies":[{"embeddable":true,"href":"https:\/\/bonifratrzy.pl\/dps-iwonicz\/wp-json\/wp\/v2\/comments?post=77"}],"version-history":[{"count":1,"href":"https:\/\/bonifratrzy.pl\/dps-iwonicz\/wp-json\/wp\/v2\/pages\/77\/revisions"}],"predecessor-version":[{"id":6786,"href":"https:\/\/bonifratrzy.pl\/dps-iwonicz\/wp-json\/wp\/v2\/pages\/77\/revisions\/6786"}],"up":[{"embeddable":true,"href":"https:\/\/bonifratrzy.pl\/dps-iwonicz\/wp-json\/wp\/v2\/pages\/17"}],"wp:attachment":[{"href":"https:\/\/bonifratrzy.pl\/dps-iwonicz\/wp-json\/wp\/v2\/media?parent=77"}],"curies":[{"name":"wp","href":"https:\/\/api.w.org\/{rel}","templated":true}]}}