{"id":75,"date":"2016-05-06T15:03:06","date_gmt":"2016-05-06T13:03:06","guid":{"rendered":"https:\/\/bonifratrzy.pl\/dps-iwonicz\/?page_id=75"},"modified":"2022-04-06T12:59:41","modified_gmt":"2022-04-06T10:59:41","slug":"uslugi-socjalne","status":"publish","type":"page","link":"https:\/\/bonifratrzy.pl\/dps-iwonicz\/zakres-uslug\/uslugi-socjalne\/","title":{"rendered":"Us\u0142ugi socjalne"},"content":{"rendered":"<h3 class=\"cl-1\">\u015awiadczenie us\u0142ug socjalnych<\/h3>\n<p align=\"justify\"><span style=\"font-family: Times New Roman, serif\"><span style=\"font-size: medium\">Us\u0142ugi socjalne realizuj\u0105 pracownicy socjalni, kt\u00f3rzy \u015bci\u015ble wsp\u00f3\u0142pracuj\u0105 z wszystkimi cz\u0142onkami zespo\u0142u terapeutyczno-opieku\u0144czego, aby jak najlepiej rozpoznawa\u0107 potrzeby podopiecznych i\u00a0realizowa\u0107 kompleksowe wsparcie.<\/span><\/span><\/p>\n<p align=\"justify\"><span style=\"font-family: Times New Roman, serif\"><span style=\"font-size: medium\">Szczeg\u00f3lnym wsparciem obj\u0119ci s\u0105 podopieczni nowo przyj\u0119ci. Jeszcze przed przyj\u0119ciem pracownik socjalny zapoznaje si\u0119 ze \u015brodowiskiem dotychczasowego \u017cycia podopiecznego celem analizy jego sytuacji \u017cyciowej oraz udzieleniu jemu i rodzinie niezb\u0119dnych informacji, r\u00f3wnie\u017c tych zwi\u0105zanych z ponoszeniem odp\u0142atno\u015bci za pobyt w DPS.<\/span><\/span><\/p>\n<p align=\"justify\"><span style=\"font-family: Times New Roman, serif\"><span style=\"font-size: medium\">Przez pierwsze p\u00f3\u0142 roku pobytu w DPS nowy podopieczny obj\u0119ty jest planem adaptacyjnym.<\/span><\/span> <span style=\"font-family: Times New Roman, serif\"><span style=\"font-size: medium\">Proces adaptacji do nowych warunk\u00f3w \u017cycia nadzoruje pracownik adaptacyjny, a po tym czasie osob\u0105 szczeg\u00f3lnie wspieraj\u0105c\u0105 podopiecznego jest pracownik pierwszego kontaktu.<\/span><\/span><\/p>\n<p align=\"justify\"><span style=\"font-family: Times New Roman, serif\"><span style=\"font-size: medium\">Us\u0142ugi socjalne obejmuj\u0105 udzielanie potrzebnej podopiecznym pomocy w\u00a0za\u0142atwianiu spraw osobistych dotycz\u0105cych spraw \u017cycia codziennego, nawi\u0105zywania kontakt\u00f3w z\u00a0otoczeniem, rozwi\u0105zywania problem\u00f3w, udzielania porad i wskaz\u00f3wek. Podopieczny otrzymuje wsparcie w\u00a0r\u00f3\u017cnych przedsi\u0119wzi\u0119ciach i\u00a0zamierzeniach osobistych, kt\u00f3re podejmuje, kt\u00f3re umo\u017cliwiaj\u0105 mu jak najpe\u0142niejszy udzia\u0142 w\u00a0\u017cyciu spo\u0142ecznym. <\/span><\/span><span style=\"font-family: Times New Roman, serif\"><span style=\"font-size: medium\">Pomoc ta jest adekwatn\u0105 do jego potrzeb i\u00a0mo\u017cliwo\u015bci. <\/span><\/span><\/p>\n<p align=\"justify\"><span style=\"font-family: Times New Roman, serif\"><span style=\"font-size: medium\">Pracownicy socjalni, opiekunowie, terapeuci zwracaj\u0105 szczeg\u00f3ln\u0105 uwag\u0119 na\u00a0potrzeby i\u00a0preferencje podopiecznych, utrzymuj\u0105 kontakt z ich \u00a0rodzinami i\u00a0znajomymi w\u00a0celu podtrzymywania i\u00a0utrwalania wi\u0119zi emocjonalnych. W\u0142\u0105czaj\u0105 w\u00a0\u017cycie zbiorowe i\u00a0spo\u0142eczne Domu, anga\u017cuj\u0105 we\u00a0wsp\u00f3\u0142prac\u0119 na\u00a0rzecz nowego \u015brodowiska, mobilizuj\u0105c i\u00a0ukierunkowuj\u0105c ich aktywno\u015b\u0107, tworz\u0105c warunki do\u00a0aktywizacji i\u00a0inicjowania r\u00f3\u017cnych form aktywno\u015bci.<\/span><\/span><\/p>\n<p align=\"justify\"><span style=\"font-family: Times New Roman, serif\"><span style=\"font-size: medium\">Podopieczni maj\u0105 mo\u017cliwo\u015b\u0107 korzystania z\u00a0turnus\u00f3w rehabilitacyjnych, wycieczek, pielgrzymek oraz\u00a0innych form aktywno\u015bci, dostarczaj\u0105cych mu radosnych prze\u017cy\u0107. Jednocze\u015bnie w\u00a0DPS organizowanych jest wiele imprez okoliczno\u015bciowych o\u00a0charakterze kulturalno \u2013 rozrywkowym, w\u00a0kt\u00f3rych\u00a0uczestnicz\u0105 rodziny podopiecznych, spo\u0142eczno\u015b\u0107 lokalna oraz\u00a0wielu zaprzyja\u017anionych go\u015bci. Wsparcie, kt\u00f3re otrzymuj\u0105 podopieczni ma form\u0119 aktywizuj\u0105c\u0105 \u2013 rozwija i\u00a0wzmacnia ich predyspozycje, bazuje na\u00a0indywidualnych potrzebach i\u00a0zainteresowaniach i\u00a0pozwala utrzyma\u0107 na\u00a0mo\u017cliwie dobrym poziomie og\u00f3ln\u0105 sprawno\u015b\u0107 \u017cyciow\u0105.<\/span><\/span><\/p>\n<p align=\"justify\">\n","protected":false},"excerpt":{"rendered":"<p>\u015awiadczenie us\u0142ug socjalnych Us\u0142ugi socjalne realizuj\u0105 pracownicy socjalni, kt\u00f3rzy \u015bci\u015ble wsp\u00f3\u0142pracuj\u0105 z wszystkimi cz\u0142onkami zespo\u0142u terapeutyczno-opieku\u0144czego, aby jak najlepiej rozpoznawa\u0107 potrzeby podopiecznych i\u00a0realizowa\u0107 kompleksowe wsparcie. Szczeg\u00f3lnym wsparciem obj\u0119ci s\u0105 podopieczni nowo przyj\u0119ci. Jeszcze przed przyj\u0119ciem pracownik socjalny zapoznaje si\u0119 ze \u015brodowiskiem dotychczasowego \u017cycia podopiecznego celem analizy jego sytuacji \u017cyciowej oraz udzieleniu jemu i rodzinie niezb\u0119dnych [&hellip;]<\/p>\n","protected":false},"author":1,"featured_media":0,"parent":17,"menu_order":45,"comment_status":"closed","ping_status":"closed","template":"","meta":{"footnotes":""},"_links":{"self":[{"href":"https:\/\/bonifratrzy.pl\/dps-iwonicz\/wp-json\/wp\/v2\/pages\/75"}],"collection":[{"href":"https:\/\/bonifratrzy.pl\/dps-iwonicz\/wp-json\/wp\/v2\/pages"}],"about":[{"href":"https:\/\/bonifratrzy.pl\/dps-iwonicz\/wp-json\/wp\/v2\/types\/page"}],"author":[{"embeddable":true,"href":"https:\/\/bonifratrzy.pl\/dps-iwonicz\/wp-json\/wp\/v2\/users\/1"}],"replies":[{"embeddable":true,"href":"https:\/\/bonifratrzy.pl\/dps-iwonicz\/wp-json\/wp\/v2\/comments?post=75"}],"version-history":[{"count":1,"href":"https:\/\/bonifratrzy.pl\/dps-iwonicz\/wp-json\/wp\/v2\/pages\/75\/revisions"}],"predecessor-version":[{"id":6784,"href":"https:\/\/bonifratrzy.pl\/dps-iwonicz\/wp-json\/wp\/v2\/pages\/75\/revisions\/6784"}],"up":[{"embeddable":true,"href":"https:\/\/bonifratrzy.pl\/dps-iwonicz\/wp-json\/wp\/v2\/pages\/17"}],"wp:attachment":[{"href":"https:\/\/bonifratrzy.pl\/dps-iwonicz\/wp-json\/wp\/v2\/media?parent=75"}],"curies":[{"name":"wp","href":"https:\/\/api.w.org\/{rel}","templated":true}]}}