{"id":7,"date":"2016-01-28T00:43:29","date_gmt":"2016-01-27T23:43:29","guid":{"rendered":"https:\/\/bonifratrzy.pl\/dps-iwonicz\/?page_id=7"},"modified":"2022-04-06T12:51:38","modified_gmt":"2022-04-06T10:51:38","slug":"warunki-bytowe","status":"publish","type":"page","link":"https:\/\/bonifratrzy.pl\/dps-iwonicz\/o-nas\/warunki-bytowe\/","title":{"rendered":"Warunki bytowe"},"content":{"rendered":"<p align=\"justify\"><span style=\"font-family: Times New Roman, serif\"><span style=\"font-size: medium\">Dom Pomocy Spo\u0142ecznej Zakonu Bonifratr\u00f3w jest plac\u00f3wk\u0105 sta\u0142ego pobytu,przeznaczon\u0105 dla 108\u00a0os\u00f3b doros\u0142ych niepe\u0142nosprawnych intelektualnie.<\/span><\/span><\/p>\n<p align=\"justify\"><span style=\"font-family: Times New Roman, serif\"><span style=\"font-size: medium\">Dom zapewnia dobre warunki bytowe. <\/span><\/span><span style=\"font-family: Times New Roman, serif\"><span style=\"font-size: medium\">Podopieczni zajmuj\u0105 budynek, w kt\u00f3rym wyodr\u0119bnionych jest 6 grup mieszkalnych. Pomieszczenia spe\u0142niaj\u0105 wszystkie standardy<\/span><\/span><span style=\"font-family: Times New Roman, serif\"><span style=\"font-size: medium\"> zawarte w\u00a0Rozporz\u0105dzeniu Ministra Polityki Spo\u0142ecznej z\u00a019.10.2005\u00a0r. w\u00a0sprawie dom\u00f3w pomocy spo\u0142ecznej.<\/span><\/span><span style=\"font-family: Times New Roman, serif\"><span style=\"font-size: medium\"> Budynek i\u00a0jego otoczenie s\u0105 pozbawione barier architektonicznych. W budynku zainstalowane s\u0105 3 windy osobowe, system przyzywowo\u2013alarmowy, system alarmu p\/po\u017carowego i monitoring.<\/span><\/span><\/p>\n<p align=\"justify\"><span style=\"font-family: Times New Roman, serif\"><span style=\"font-size: medium\">Ka\u017cda grupa mieszkalna, opr\u00f3cz pokoi mieszkalnych posiada pok\u00f3j dziennego pobytu, kuchenk\u0119 terapeutyczn\u0105, \u0142azienki, toalety i\u00a0pomieszczenia sanitarne oraz <\/span><\/span><span style=\"font-family: Times New Roman, serif\"><span style=\"font-size: medium\">przestrzenne korytarze z\u00a0k\u0105cikami wypoczynkowymi i\u00a0dost\u0119pem do\u00a0codziennej prasy i\u00a0telewizji.<\/span><\/span><\/p>\n<p align=\"justify\"><span style=\"font-family: Times New Roman, serif\"><span style=\"font-size: medium\">Pokoje s\u0105 jedno, dwu i\u00a0trzyosobowe. <\/span><\/span><span style=\"font-family: Times New Roman, serif\"><span style=\"font-size: medium\">Mieszka\u0144cy mog\u0105 je urz\u0105dza\u0107 wg swoich preferencji i\u00a0w\u00a0zale\u017cno\u015bci od posiadanych indywidualnych \u015brodk\u00f3w finansowych doposa\u017caj\u0105 je w\u00a0dodatkowy sprz\u0119t i przedmioty<\/span><\/span><span style=\"font-family: Times New Roman, serif\"><span style=\"font-size: medium\">. <\/span><\/span><\/p>\n<p align=\"justify\"><span style=\"font-family: Times New Roman, serif\"><span style=\"font-size: medium\">Dom zapewnia cztery posi\u0142ki dziennie. <\/span><\/span><span style=\"font-family: Times New Roman, serif\"><span style=\"font-size: medium\">Jad\u0142ospisy przygotowywane s\u0105 przez dietetyka. Ka\u017cdy\u00a0podopieczny wymagaj\u0105cy indywidualnej diety, otrzymuje j\u0105 zgodnie ze zleceniem lekarskim<\/span><\/span>.<\/p>\n<p align=\"justify\"><!--more--><\/p>\n<div class=\"wpmf-gallerys wpmf-gallerys-life \" ><div id=\"gallery-1\" class=\"gallery gallery_life wpmf_gallery_default gallery_default  gallery-columns-4 gallery-size-thumbnail gallery-link-file wpmf-has-border-radius-0 wpmf-gutterwidth-5 no_ratio\"><figure class=\"wpmf-gallery-item\" data-index=\"0\"><div class=\"wpmf-gallery-icon\"><div class=\"square_thumbnail\"><div class=\"img_centered\"><a class=\" not_video noLightbox\" data-lightbox=\"1\" data-href=\"https:\/\/bonifratrzy.pl\/dps-iwonicz\/wp-content\/uploads\/sites\/26\/2016\/01\/warunki-byt_-3.jpg\" title=\"Warunki bytowe - Dom Pomocy Spo\u0142ecznej \u2013 Iwonicz\" target=\"_self\" data-index=\"0\"><img decoding=\"async\" class=\"wpmf_img\" alt=\"Warunki bytowe - Dom Pomocy Spo\u0142ecznej \u2013 Iwonicz\" src=\"https:\/\/bonifratrzy.pl\/dps-iwonicz\/wp-content\/uploads\/sites\/26\/2016\/01\/warunki-byt_-3-150x150.jpg\" data-type=\"wpmfgalleryimg\" data-lazy-src=\"https:\/\/bonifratrzy.pl\/dps-iwonicz\/wp-content\/uploads\/sites\/26\/2016\/01\/warunki-byt_-3-150x150.jpg\"><\/a><\/div><\/div><\/div><\/figure><figure class=\"wpmf-gallery-item\" data-index=\"1\"><div class=\"wpmf-gallery-icon\"><div class=\"square_thumbnail\"><div class=\"img_centered\"><a class=\" not_video noLightbox\" data-lightbox=\"1\" data-href=\"https:\/\/bonifratrzy.pl\/dps-iwonicz\/wp-content\/uploads\/sites\/26\/2016\/01\/warunki-byt_-9.jpg\" title=\"Warunki bytowe - Dom Pomocy Spo\u0142ecznej \u2013 Iwonicz\" target=\"_self\" data-index=\"1\"><img decoding=\"async\" class=\"wpmf_img\" alt=\"Warunki bytowe - Dom Pomocy Spo\u0142ecznej \u2013 Iwonicz\" src=\"https:\/\/bonifratrzy.pl\/dps-iwonicz\/wp-content\/uploads\/sites\/26\/2016\/01\/warunki-byt_-9-150x150.jpg\" data-type=\"wpmfgalleryimg\" data-lazy-src=\"https:\/\/bonifratrzy.pl\/dps-iwonicz\/wp-content\/uploads\/sites\/26\/2016\/01\/warunki-byt_-9-150x150.jpg\"><\/a><\/div><\/div><\/div><\/figure><figure class=\"wpmf-gallery-item\" data-index=\"2\"><div class=\"wpmf-gallery-icon\"><div class=\"square_thumbnail\"><div class=\"img_centered\"><a class=\" not_video noLightbox\" data-lightbox=\"1\" data-href=\"https:\/\/bonifratrzy.pl\/dps-iwonicz\/wp-content\/uploads\/sites\/26\/2016\/01\/warunki-byt_2.jpg\" title=\"Warunki bytowe - Dom Pomocy Spo\u0142ecznej \u2013 Iwonicz\" target=\"_self\" data-index=\"2\"><img decoding=\"async\" class=\"wpmf_img\" alt=\"Warunki bytowe - Dom Pomocy Spo\u0142ecznej \u2013 Iwonicz\" src=\"https:\/\/bonifratrzy.pl\/dps-iwonicz\/wp-content\/uploads\/sites\/26\/2016\/01\/warunki-byt_2-150x150.jpg\" data-type=\"wpmfgalleryimg\" data-lazy-src=\"https:\/\/bonifratrzy.pl\/dps-iwonicz\/wp-content\/uploads\/sites\/26\/2016\/01\/warunki-byt_2-150x150.jpg\"><\/a><\/div><\/div><\/div><\/figure><figure class=\"wpmf-gallery-item\" data-index=\"3\"><div class=\"wpmf-gallery-icon\"><div class=\"square_thumbnail\"><div class=\"img_centered\"><a class=\" not_video noLightbox\" data-lightbox=\"1\" data-href=\"https:\/\/bonifratrzy.pl\/dps-iwonicz\/wp-content\/uploads\/sites\/26\/2016\/01\/warunki-byt_5.jpg\" title=\"Warunki bytowe - Dom Pomocy Spo\u0142ecznej \u2013 Iwonicz\" target=\"_self\" data-index=\"3\"><img decoding=\"async\" class=\"wpmf_img\" alt=\"Warunki bytowe - Dom Pomocy Spo\u0142ecznej \u2013 Iwonicz\" src=\"https:\/\/bonifratrzy.pl\/dps-iwonicz\/wp-content\/uploads\/sites\/26\/2016\/01\/warunki-byt_5-150x150.jpg\" data-type=\"wpmfgalleryimg\" data-lazy-src=\"https:\/\/bonifratrzy.pl\/dps-iwonicz\/wp-content\/uploads\/sites\/26\/2016\/01\/warunki-byt_5-150x150.jpg\"><\/a><\/div><\/div><\/div><\/figure><figure class=\"wpmf-gallery-item\" data-index=\"4\"><div class=\"wpmf-gallery-icon\"><div class=\"square_thumbnail\"><div class=\"img_centered\"><a class=\" not_video noLightbox\" data-lightbox=\"1\" data-href=\"https:\/\/bonifratrzy.pl\/dps-iwonicz\/wp-content\/uploads\/sites\/26\/2016\/01\/warunki-byt_6.jpg\" title=\"Warunki bytowe - Dom Pomocy Spo\u0142ecznej \u2013 Iwonicz\" target=\"_self\" data-index=\"4\"><img decoding=\"async\" class=\"wpmf_img\" alt=\"Warunki bytowe - Dom Pomocy Spo\u0142ecznej \u2013 Iwonicz\" src=\"https:\/\/bonifratrzy.pl\/dps-iwonicz\/wp-content\/uploads\/sites\/26\/2016\/01\/warunki-byt_6-150x150.jpg\" data-type=\"wpmfgalleryimg\" data-lazy-src=\"https:\/\/bonifratrzy.pl\/dps-iwonicz\/wp-content\/uploads\/sites\/26\/2016\/01\/warunki-byt_6-150x150.jpg\"><\/a><\/div><\/div><\/div><\/figure><figure class=\"wpmf-gallery-item\" data-index=\"5\"><div class=\"wpmf-gallery-icon\"><div class=\"square_thumbnail\"><div class=\"img_centered\"><a class=\" not_video noLightbox\" data-lightbox=\"1\" data-href=\"https:\/\/bonifratrzy.pl\/dps-iwonicz\/wp-content\/uploads\/sites\/26\/2016\/01\/warunki-byt_7.jpg\" title=\"Warunki bytowe - Dom Pomocy Spo\u0142ecznej \u2013 Iwonicz\" target=\"_self\" data-index=\"5\"><img decoding=\"async\" class=\"wpmf_img\" alt=\"Warunki bytowe - Dom Pomocy Spo\u0142ecznej \u2013 Iwonicz\" src=\"https:\/\/bonifratrzy.pl\/dps-iwonicz\/wp-content\/uploads\/sites\/26\/2016\/01\/warunki-byt_7-150x150.jpg\" data-type=\"wpmfgalleryimg\" data-lazy-src=\"https:\/\/bonifratrzy.pl\/dps-iwonicz\/wp-content\/uploads\/sites\/26\/2016\/01\/warunki-byt_7-150x150.jpg\"><\/a><\/div><\/div><\/div><\/figure><figure class=\"wpmf-gallery-item\" data-index=\"6\"><div class=\"wpmf-gallery-icon\"><div class=\"square_thumbnail\"><div class=\"img_centered\"><a class=\" not_video noLightbox\" data-lightbox=\"1\" data-href=\"https:\/\/bonifratrzy.pl\/dps-iwonicz\/wp-content\/uploads\/sites\/26\/2016\/01\/warunki-byt_8.jpg\" title=\"Warunki bytowe - Dom Pomocy Spo\u0142ecznej \u2013 Iwonicz\" target=\"_self\" data-index=\"6\"><img decoding=\"async\" class=\"wpmf_img\" alt=\"Warunki bytowe - Dom Pomocy Spo\u0142ecznej \u2013 Iwonicz\" src=\"https:\/\/bonifratrzy.pl\/dps-iwonicz\/wp-content\/uploads\/sites\/26\/2016\/01\/warunki-byt_8-150x150.jpg\" data-type=\"wpmfgalleryimg\" data-lazy-src=\"https:\/\/bonifratrzy.pl\/dps-iwonicz\/wp-content\/uploads\/sites\/26\/2016\/01\/warunki-byt_8-150x150.jpg\"><\/a><\/div><\/div><\/div><\/figure><figure class=\"wpmf-gallery-item\" data-index=\"7\"><div class=\"wpmf-gallery-icon\"><div class=\"square_thumbnail\"><div class=\"img_centered\"><a class=\" not_video noLightbox\" data-lightbox=\"1\" data-href=\"https:\/\/bonifratrzy.pl\/dps-iwonicz\/wp-content\/uploads\/sites\/26\/2016\/01\/warunki-bytowe-1.jpg\" title=\"Warunki bytowe - Dom Pomocy Spo\u0142ecznej \u2013 Iwonicz\" target=\"_self\" data-index=\"7\"><img decoding=\"async\" class=\"wpmf_img\" alt=\"Warunki bytowe - Dom Pomocy Spo\u0142ecznej \u2013 Iwonicz\" src=\"https:\/\/bonifratrzy.pl\/dps-iwonicz\/wp-content\/uploads\/sites\/26\/2016\/01\/warunki-bytowe-1-150x150.jpg\" data-type=\"wpmfgalleryimg\" data-lazy-src=\"https:\/\/bonifratrzy.pl\/dps-iwonicz\/wp-content\/uploads\/sites\/26\/2016\/01\/warunki-bytowe-1-150x150.jpg\"><\/a><\/div><\/div><\/div><\/figure><\/div><\/div>\n<p>&nbsp;<\/p>\n","protected":false},"excerpt":{"rendered":"<p>Dom Pomocy Spo\u0142ecznej Zakonu Bonifratr\u00f3w jest plac\u00f3wk\u0105 sta\u0142ego pobytu,przeznaczon\u0105 dla 108\u00a0os\u00f3b doros\u0142ych niepe\u0142nosprawnych intelektualnie. Dom zapewnia dobre warunki bytowe. Podopieczni zajmuj\u0105 budynek, w kt\u00f3rym wyodr\u0119bnionych jest 6 grup mieszkalnych. Pomieszczenia spe\u0142niaj\u0105 wszystkie standardy zawarte w\u00a0Rozporz\u0105dzeniu Ministra Polityki Spo\u0142ecznej z\u00a019.10.2005\u00a0r. w\u00a0sprawie dom\u00f3w pomocy spo\u0142ecznej. Budynek i\u00a0jego otoczenie s\u0105 pozbawione barier architektonicznych. W budynku zainstalowane s\u0105 3 [&hellip;]<\/p>\n","protected":false},"author":1,"featured_media":0,"parent":5,"menu_order":41,"comment_status":"closed","ping_status":"closed","template":"","meta":{"footnotes":""},"_links":{"self":[{"href":"https:\/\/bonifratrzy.pl\/dps-iwonicz\/wp-json\/wp\/v2\/pages\/7"}],"collection":[{"href":"https:\/\/bonifratrzy.pl\/dps-iwonicz\/wp-json\/wp\/v2\/pages"}],"about":[{"href":"https:\/\/bonifratrzy.pl\/dps-iwonicz\/wp-json\/wp\/v2\/types\/page"}],"author":[{"embeddable":true,"href":"https:\/\/bonifratrzy.pl\/dps-iwonicz\/wp-json\/wp\/v2\/users\/1"}],"replies":[{"embeddable":true,"href":"https:\/\/bonifratrzy.pl\/dps-iwonicz\/wp-json\/wp\/v2\/comments?post=7"}],"version-history":[{"count":3,"href":"https:\/\/bonifratrzy.pl\/dps-iwonicz\/wp-json\/wp\/v2\/pages\/7\/revisions"}],"predecessor-version":[{"id":6778,"href":"https:\/\/bonifratrzy.pl\/dps-iwonicz\/wp-json\/wp\/v2\/pages\/7\/revisions\/6778"}],"up":[{"embeddable":true,"href":"https:\/\/bonifratrzy.pl\/dps-iwonicz\/wp-json\/wp\/v2\/pages\/5"}],"wp:attachment":[{"href":"https:\/\/bonifratrzy.pl\/dps-iwonicz\/wp-json\/wp\/v2\/media?parent=7"}],"curies":[{"name":"wp","href":"https:\/\/api.w.org\/{rel}","templated":true}]}}