{"id":6979,"date":"2022-08-22T10:45:09","date_gmt":"2022-08-22T08:45:09","guid":{"rendered":"https:\/\/bonifratrzy.pl\/dps-iwonicz\/?page_id=6979"},"modified":"2022-08-22T13:46:46","modified_gmt":"2022-08-22T11:46:46","slug":"fundusz-przeciwdzialania-covid-19","status":"publish","type":"page","link":"https:\/\/bonifratrzy.pl\/dps-iwonicz\/projekty\/fundusz-przeciwdzialania-covid-19\/","title":{"rendered":"Dofinansowanie z Funduszu Przeciwdzia\u0142ania COVID-19"},"content":{"rendered":"<h3 align=\"center\">INFORMACJA<\/h3>\n<h3 align=\"center\">o dofinansowaniu dzia\u0142alno\u015bci Domu Pomocy Spo\u0142ecznej Zakonu Bonifratr\u00f3w w Iwoniczu, ul. Floria\u0144ska 19<\/h3>\n<h3 align=\"center\">ze \u015brodk\u00f3w Funduszu Przeciwdzia\u0142ania COVID-19<\/h3>\n<p align=\"justify\">Dom Pomocy Spo\u0142ecznej Zakonu Bonifratr\u00f3w w Iwoniczu, ul. Floria\u0144ska 19 za po\u015brednictwem Powiatu Kro\u015bnie\u0144skiego w II p\u00f3\u0142roczu 2022 roku otrzyma\u0142 dodatkowe \u015brodki finansowe z Funduszu Przeciwdzia\u0142ania COVID-19- z przeznaczeniem na przygotowanie i zabezpieczenie domu pomocy spo\u0142ecznej przed wzrostem zaka\u017ce\u0144 wywo\u0142anych wirusem SARS-CoV-2, tj.na zakup \u015brodk\u00f3w ochrony osobistej, niezb\u0119dnego sprz\u0119tu i wyposa\u017cenia, a tak\u017ce na zapewnienie kadry niezb\u0119dnej do utrzymania ci\u0105g\u0142o\u015bci us\u0142ug \u015bwiadczonych przez plac\u00f3wk\u0119.<\/p>\n<p align=\"justify\">Wysoko\u015b\u0107 przekazanych \u015brodk\u00f3w finansowych wynios\u0142a 27.521,00\u00a0z\u0142. (s\u0142ownie: dwadzie\u015bcia siedem tysi\u0119cy pi\u0119\u0107set dwadzie\u015bcia jeden z\u0142otych 00\/100).<\/p>\n<h3 align=\"center\">INFORMACJA<\/h3>\n<p align=\"center\"><strong>o dofinansowaniu dzia\u0142alno\u015bci Domu Pomocy Spo\u0142ecznej Zakonu Bonifratr\u00f3w w Iwoniczu, ul. Floria\u0144ska 19<\/strong><\/p>\n<h3 align=\"center\">ze \u015brodk\u00f3w Funduszu Przeciwdzia\u0142ania COVID-19<\/h3>\n<p align=\"justify\">Dom Pomocy Spo\u0142ecznej Zakonu Bonifratr\u00f3w w Iwoniczu, ul. Floria\u0144ska 19 za po\u015brednictwem Powiatu Kro\u015bnie\u0144skiego w 2022 roku otrzyma\u0142 \u015brodki finansowe z Funduszu Przeciwdzia\u0142ania COVID-19 \u2013 z przeznaczeniem na przygotowanie i zabezpieczenie domu pomocy spo\u0142ecznej przed wzrostem zaka\u017ce\u0144 wywo\u0142anych wirusem SARS-CoV-2, tj. na zakup \u015brodk\u00f3w ochrony osobistej, niezb\u0119dnego sprz\u0119tu i wyposa\u017cenia, a tak\u017ce na zapewnienie kadry niezb\u0119dnej do utrzymania ci\u0105g\u0142o\u015bci us\u0142ug \u015bwiadczonych przez te jednostki.<\/p>\n<p>Wysoko\u015b\u0107 przekazanych \u015brodk\u00f3w finansowych wynios\u0142a 70.677,00\u00a0z\u0142. (s\u0142ownie: siedemdziesi\u0105t tysi\u0119cy sze\u015b\u0107set siedemdziesi\u0105t siedem z\u0142otych 00\/100).<\/p>\n","protected":false},"excerpt":{"rendered":"<p>INFORMACJA o dofinansowaniu dzia\u0142alno\u015bci Domu Pomocy Spo\u0142ecznej Zakonu Bonifratr\u00f3w w Iwoniczu, ul. Floria\u0144ska 19 ze \u015brodk\u00f3w Funduszu Przeciwdzia\u0142ania COVID-19 Dom Pomocy Spo\u0142ecznej Zakonu Bonifratr\u00f3w w Iwoniczu, ul. Floria\u0144ska 19 za po\u015brednictwem Powiatu Kro\u015bnie\u0144skiego w II p\u00f3\u0142roczu 2022 roku otrzyma\u0142 dodatkowe \u015brodki finansowe z Funduszu Przeciwdzia\u0142ania COVID-19- z przeznaczeniem na przygotowanie i zabezpieczenie domu pomocy spo\u0142ecznej [&hellip;]<\/p>\n","protected":false},"author":30,"featured_media":0,"parent":5942,"menu_order":19,"comment_status":"closed","ping_status":"closed","template":"page-parent.php","meta":{"footnotes":""},"_links":{"self":[{"href":"https:\/\/bonifratrzy.pl\/dps-iwonicz\/wp-json\/wp\/v2\/pages\/6979"}],"collection":[{"href":"https:\/\/bonifratrzy.pl\/dps-iwonicz\/wp-json\/wp\/v2\/pages"}],"about":[{"href":"https:\/\/bonifratrzy.pl\/dps-iwonicz\/wp-json\/wp\/v2\/types\/page"}],"author":[{"embeddable":true,"href":"https:\/\/bonifratrzy.pl\/dps-iwonicz\/wp-json\/wp\/v2\/users\/30"}],"replies":[{"embeddable":true,"href":"https:\/\/bonifratrzy.pl\/dps-iwonicz\/wp-json\/wp\/v2\/comments?post=6979"}],"version-history":[{"count":17,"href":"https:\/\/bonifratrzy.pl\/dps-iwonicz\/wp-json\/wp\/v2\/pages\/6979\/revisions"}],"predecessor-version":[{"id":7043,"href":"https:\/\/bonifratrzy.pl\/dps-iwonicz\/wp-json\/wp\/v2\/pages\/6979\/revisions\/7043"}],"up":[{"embeddable":true,"href":"https:\/\/bonifratrzy.pl\/dps-iwonicz\/wp-json\/wp\/v2\/pages\/5942"}],"wp:attachment":[{"href":"https:\/\/bonifratrzy.pl\/dps-iwonicz\/wp-json\/wp\/v2\/media?parent=6979"}],"curies":[{"name":"wp","href":"https:\/\/api.w.org\/{rel}","templated":true}]}}