{"id":68,"date":"2016-05-06T15:00:17","date_gmt":"2016-05-06T13:00:17","guid":{"rendered":"https:\/\/bonifratrzy.pl\/dps-iwonicz\/?page_id=68"},"modified":"2022-04-06T13:03:38","modified_gmt":"2022-04-06T11:03:38","slug":"uslugi-opiekuncze","status":"publish","type":"page","link":"https:\/\/bonifratrzy.pl\/dps-iwonicz\/zakres-uslug\/uslugi-opiekuncze\/","title":{"rendered":"Us\u0142ugi opieku\u0144cze"},"content":{"rendered":"<p class=\"western\" align=\"justify\"><span style=\"font-family: Calibri, serif\"><span style=\"font-size: small\"><span style=\"font-family: Times New Roman, serif\"><span style=\"font-size: medium\">Ca\u0142odobowa opieka jest realizowana przez opiekun\u00f3w, pokojowych i piel\u0119gniarki obj\u0119te r\u00f3wnowa\u017cnym systemem pracy, kt\u00f3ry u\u0142atwia obsady dy\u017cur\u00f3w adekwatnie do bie\u017c\u0105cych potrzeb. Wsparcie w czynno\u015bciach \u017cyciowych uzale\u017cnione jest od indywidualnych mo\u017cliwo\u015bci i potrzeb podopiecznych. Wsparcie to obejmuje czynno\u015bci higieniczne, ubieranie, spo\u017cywanie posi\u0142k\u00f3w<\/span><\/span><span style=\"font-family: Times New Roman, serif\"><span style=\"font-size: medium\">, realizacj\u0119 potrzeb fizjologicznych<\/span><\/span><span style=\"font-family: Times New Roman, serif\"><span style=\"font-size: medium\">, pomoc w przemieszczaniu si\u0119 i\u00a0wyposa\u017cenie w adekwatny sprz\u0119t ortopedyczny. Prowadzone s\u0105 treningi samoobs\u0142ugowe s\u0142u\u017c\u0105ce rozwijaniu samodzielno\u015bci w wykonywaniu codziennych czynno\u015bci \u017cyciowych. <\/span><\/span><span style=\"font-family: Times New Roman, serif\"><span style=\"font-size: medium\">Podopieczni otrzymuj\u0105 pomoc w za\u0142atwianiu spraw osobistych i urz\u0119dowych. <\/span><\/span><\/span><\/span><\/p>\n<p>&nbsp;<\/p>\n","protected":false},"excerpt":{"rendered":"<p>Ca\u0142odobowa opieka jest realizowana przez opiekun\u00f3w, pokojowych i piel\u0119gniarki obj\u0119te r\u00f3wnowa\u017cnym systemem pracy, kt\u00f3ry u\u0142atwia obsady dy\u017cur\u00f3w adekwatnie do bie\u017c\u0105cych potrzeb. Wsparcie w czynno\u015bciach \u017cyciowych uzale\u017cnione jest od indywidualnych mo\u017cliwo\u015bci i potrzeb podopiecznych. Wsparcie to obejmuje czynno\u015bci higieniczne, ubieranie, spo\u017cywanie posi\u0142k\u00f3w, realizacj\u0119 potrzeb fizjologicznych, pomoc w przemieszczaniu si\u0119 i\u00a0wyposa\u017cenie w adekwatny sprz\u0119t ortopedyczny. Prowadzone s\u0105 [&hellip;]<\/p>\n","protected":false},"author":1,"featured_media":0,"parent":17,"menu_order":43,"comment_status":"closed","ping_status":"closed","template":"","meta":{"footnotes":""},"_links":{"self":[{"href":"https:\/\/bonifratrzy.pl\/dps-iwonicz\/wp-json\/wp\/v2\/pages\/68"}],"collection":[{"href":"https:\/\/bonifratrzy.pl\/dps-iwonicz\/wp-json\/wp\/v2\/pages"}],"about":[{"href":"https:\/\/bonifratrzy.pl\/dps-iwonicz\/wp-json\/wp\/v2\/types\/page"}],"author":[{"embeddable":true,"href":"https:\/\/bonifratrzy.pl\/dps-iwonicz\/wp-json\/wp\/v2\/users\/1"}],"replies":[{"embeddable":true,"href":"https:\/\/bonifratrzy.pl\/dps-iwonicz\/wp-json\/wp\/v2\/comments?post=68"}],"version-history":[{"count":3,"href":"https:\/\/bonifratrzy.pl\/dps-iwonicz\/wp-json\/wp\/v2\/pages\/68\/revisions"}],"predecessor-version":[{"id":10437,"href":"https:\/\/bonifratrzy.pl\/dps-iwonicz\/wp-json\/wp\/v2\/pages\/68\/revisions\/10437"}],"up":[{"embeddable":true,"href":"https:\/\/bonifratrzy.pl\/dps-iwonicz\/wp-json\/wp\/v2\/pages\/17"}],"wp:attachment":[{"href":"https:\/\/bonifratrzy.pl\/dps-iwonicz\/wp-json\/wp\/v2\/media?parent=68"}],"curies":[{"name":"wp","href":"https:\/\/api.w.org\/{rel}","templated":true}]}}