{"id":5218,"date":"2020-12-21T09:59:39","date_gmt":"2020-12-21T08:59:39","guid":{"rendered":"https:\/\/bonifratrzy.pl\/dps-iwonicz\/?page_id=5218"},"modified":"2021-09-24T14:06:26","modified_gmt":"2021-09-24T12:06:26","slug":"bezpieczne-wtz-i-rehabilitacja-spoleczno-zawodowa-osob-z-niepelnosprawnosciami","status":"publish","type":"page","link":"https:\/\/bonifratrzy.pl\/dps-iwonicz\/projekty\/bezpieczne-wtz-i-rehabilitacja-spoleczno-zawodowa-osob-z-niepelnosprawnosciami\/","title":{"rendered":"Bezpieczne WTZ i rehabilitacja spo\u0142eczno-zawodowa os\u00f3b z niepe\u0142nosprawno\u015bciami."},"content":{"rendered":"<p>Konwent w Iwoniczu otrzyma\u0142 grant z PFRON-u w ramach projektu &#8222;Bezpieczne WTZ i rehabilitacja spo\u0142eczno-zawodowa os\u00f3b z niepe\u0142nosprawno\u015bciami&#8221; na pokrycie koszt\u00f3w zakupu \u015brodk\u00f3w ochrony osobistej dla pracownik\u00f3w zaanga\u017cowanych w bezpo\u015bredni\u0105 prac\u0119 z osobami niepe\u0142nosprawnymi. Wysoko\u015b\u0107 grantu wynosi 3024,00z\u0142.Projekt trwa od 01.09.2020 do 31.12.2020r.<!--more--><\/p>\n<p><a href=\"https:\/\/bonifratrzy.pl\/dps-iwonicz\/wp-content\/uploads\/sites\/26\/2020\/12\/zdjecie_projekt-1-e1608542449531.jpg\"><img loading=\"lazy\" decoding=\"async\" class=\"aligncenter wp-image-5226\" src=\"https:\/\/bonifratrzy.pl\/dps-iwonicz\/wp-content\/uploads\/sites\/26\/2020\/12\/zdjecie_projekt-1-e1608542449531.jpg\" alt=\"\" width=\"459\" height=\"653\" \/><\/a><\/p>\n<p>&nbsp;<\/p>\n<p>&nbsp;<\/p>\n<p>&nbsp;<\/p>\n<p>&nbsp;<\/p>\n<p>&nbsp;<\/p>\n<p>&nbsp;<\/p>\n<p>&nbsp;<\/p>\n<p>&nbsp;<\/p>\n<p>&nbsp;<\/p>\n<p>&nbsp;<\/p>\n<p>&nbsp;<\/p>\n<p>&nbsp;<\/p>\n<p>&nbsp;<\/p>\n<p>ggg<\/p>\n<p>&nbsp;<\/p>\n<p>&nbsp;<\/p>\n<p>&nbsp;<\/p>\n<p>&nbsp;<\/p>\n<p>&nbsp;<\/p>\n<p>&nbsp;<\/p>\n","protected":false},"excerpt":{"rendered":"<p>Konwent w Iwoniczu otrzyma\u0142 grant z PFRON-u w ramach projektu &#8222;Bezpieczne WTZ i rehabilitacja spo\u0142eczno-zawodowa os\u00f3b z niepe\u0142nosprawno\u015bciami&#8221; na pokrycie koszt\u00f3w zakupu \u015brodk\u00f3w ochrony osobistej dla pracownik\u00f3w zaanga\u017cowanych w bezpo\u015bredni\u0105 prac\u0119 z osobami niepe\u0142nosprawnymi. Wysoko\u015b\u0107 grantu wynosi 3024,00z\u0142.Projekt trwa od 01.09.2020 do 31.12.2020r.<\/p>\n","protected":false},"author":30,"featured_media":0,"parent":5942,"menu_order":22,"comment_status":"closed","ping_status":"closed","template":"","meta":{"footnotes":""},"_links":{"self":[{"href":"https:\/\/bonifratrzy.pl\/dps-iwonicz\/wp-json\/wp\/v2\/pages\/5218"}],"collection":[{"href":"https:\/\/bonifratrzy.pl\/dps-iwonicz\/wp-json\/wp\/v2\/pages"}],"about":[{"href":"https:\/\/bonifratrzy.pl\/dps-iwonicz\/wp-json\/wp\/v2\/types\/page"}],"author":[{"embeddable":true,"href":"https:\/\/bonifratrzy.pl\/dps-iwonicz\/wp-json\/wp\/v2\/users\/30"}],"replies":[{"embeddable":true,"href":"https:\/\/bonifratrzy.pl\/dps-iwonicz\/wp-json\/wp\/v2\/comments?post=5218"}],"version-history":[{"count":6,"href":"https:\/\/bonifratrzy.pl\/dps-iwonicz\/wp-json\/wp\/v2\/pages\/5218\/revisions"}],"predecessor-version":[{"id":5228,"href":"https:\/\/bonifratrzy.pl\/dps-iwonicz\/wp-json\/wp\/v2\/pages\/5218\/revisions\/5228"}],"up":[{"embeddable":true,"href":"https:\/\/bonifratrzy.pl\/dps-iwonicz\/wp-json\/wp\/v2\/pages\/5942"}],"wp:attachment":[{"href":"https:\/\/bonifratrzy.pl\/dps-iwonicz\/wp-json\/wp\/v2\/media?parent=5218"}],"curies":[{"name":"wp","href":"https:\/\/api.w.org\/{rel}","templated":true}]}}