{"id":5,"date":"2016-01-28T00:43:12","date_gmt":"2016-01-27T23:43:12","guid":{"rendered":"https:\/\/bonifratrzy.pl\/dps-iwonicz\/?page_id=5"},"modified":"2016-10-02T23:54:50","modified_gmt":"2016-10-02T21:54:50","slug":"o-nas","status":"publish","type":"page","link":"https:\/\/bonifratrzy.pl\/dps-iwonicz\/","title":{"rendered":"O nas"},"content":{"rendered":"<div class=\"su-quote su-quote-style-default su-quote-has-cite\"><div class=\"su-quote-inner su-u-clearfix su-u-trim\">Trzeba mie\u0107 otwarte serce, w kt\u00f3rym jest miejsce dla innych, umie\u0107 patrze\u0107 na ludzi dobrym okiem i przyjmowa\u0107 ich \u017cyczliwym sercem<span class=\"su-quote-cite\">Phil Bosmans<\/span><\/div><\/div>\n<p><strong>Dom Pomocy Spo\u0142ecznej Zakonu Bonifratr\u00f3w <\/strong>opiera si\u0119 na warto\u015bciach chrze\u015bcija\u0144skich i charyzmacie szpitalnictwa zapocz\u0105tkowanym przez \u015bw. Jana Bo\u017cego. Jest domem przeznaczony jest dla 105 doros\u0142ych kobiet i m\u0119\u017cczyzn niepe\u0142nosprawnych intelektualnie. Dom \u015bwiadczy us\u0142ugi bytowe, opieku\u0144cze i wspomagaj\u0105ce uwzgl\u0119dniaj\u0105c indywidualne potrzeby i mo\u017cliwo\u015bci psychofizyczne swoich Podopiecznych. Zapewnia warunki do bezpiecznego i godnego \u017cycia, intymno\u015bci, wolno\u015bci oraz umo\u017cliwia rozw\u00f3j osobowo\u015bci. Plac\u00f3wka tworzy prawdziwie rodzinn\u0105 i ciep\u0142\u0105 atmosfer\u0119 wsp\u00f3lnoty tak, aby Podopieczni czuli si\u0119 jak we w\u0142asnym domu.<\/p>\n<p>Przyj\u0119cia do Domu odbywaj\u0105 si\u0119 wg og\u00f3lnie obowi\u0105zuj\u0105cych przepis\u00f3w (zobacz zasady przyj\u0119cia).<\/p>\n<p>DPS &#8211; jako jednostka ko\u015bcielna, podlega organizacyjnie Kurii Prowincjalnej Zakonu Szpitalnego \u015bw. Jana Bo\u017cego z siedzib\u0105 w Warszawie, ul. Bonifraterska 12, 00- 213 Warszawa.<\/p>\n","protected":false},"excerpt":{"rendered":"<p>Dom Pomocy Spo\u0142ecznej Zakonu Bonifratr\u00f3w opiera si\u0119 na warto\u015bciach chrze\u015bcija\u0144skich i charyzmacie szpitalnictwa zapocz\u0105tkowanym przez \u015bw. Jana Bo\u017cego. Jest domem przeznaczony jest dla 105 doros\u0142ych kobiet i m\u0119\u017cczyzn niepe\u0142nosprawnych intelektualnie. Dom \u015bwiadczy us\u0142ugi bytowe, opieku\u0144cze i wspomagaj\u0105ce uwzgl\u0119dniaj\u0105c indywidualne potrzeby i mo\u017cliwo\u015bci psychofizyczne swoich Podopiecznych. Zapewnia warunki do bezpiecznego i godnego \u017cycia, intymno\u015bci, wolno\u015bci oraz [&hellip;]<\/p>\n","protected":false},"author":1,"featured_media":0,"parent":0,"menu_order":38,"comment_status":"closed","ping_status":"closed","template":"page-home-modulpromo.php","meta":{"footnotes":""},"_links":{"self":[{"href":"https:\/\/bonifratrzy.pl\/dps-iwonicz\/wp-json\/wp\/v2\/pages\/5"}],"collection":[{"href":"https:\/\/bonifratrzy.pl\/dps-iwonicz\/wp-json\/wp\/v2\/pages"}],"about":[{"href":"https:\/\/bonifratrzy.pl\/dps-iwonicz\/wp-json\/wp\/v2\/types\/page"}],"author":[{"embeddable":true,"href":"https:\/\/bonifratrzy.pl\/dps-iwonicz\/wp-json\/wp\/v2\/users\/1"}],"replies":[{"embeddable":true,"href":"https:\/\/bonifratrzy.pl\/dps-iwonicz\/wp-json\/wp\/v2\/comments?post=5"}],"version-history":[{"count":0,"href":"https:\/\/bonifratrzy.pl\/dps-iwonicz\/wp-json\/wp\/v2\/pages\/5\/revisions"}],"wp:attachment":[{"href":"https:\/\/bonifratrzy.pl\/dps-iwonicz\/wp-json\/wp\/v2\/media?parent=5"}],"curies":[{"name":"wp","href":"https:\/\/api.w.org\/{rel}","templated":true}]}}