{"id":319,"date":"2016-09-22T12:01:41","date_gmt":"2016-09-22T10:01:41","guid":{"rendered":"https:\/\/bonifratrzy.pl\/dps-iwonicz\/?page_id=319"},"modified":"2017-12-28T13:20:15","modified_gmt":"2017-12-28T12:20:15","slug":"hipoterapia","status":"publish","type":"page","link":"https:\/\/bonifratrzy.pl\/dps-iwonicz\/projekty\/projekt-wspolfinansowany-ze-srodkow-pfron\/hipoterapia\/","title":{"rendered":"Hipoterapia"},"content":{"rendered":"<p style=\"text-align: center\"><strong>Hipoterapia &#8211; Dlaczego warto?<\/strong><\/p>\n<p>Oddzia\u0142ywanie hipoterapii ma szerok\u0105 skal\u0119. Priorytetem w tej kwestii jest fakt, \u017ce ruchy cia\u0142a je\u017ad\u017aca siedz\u0105cego na id\u0105cym st\u0119pem koniu s\u0105 zbli\u017cone do ruch\u00f3w cia\u0142a id\u0105cego cz\u0142owieka. Barki, kr\u0119gos\u0142up, miednica poruszaj\u0105 si\u0119 tak jak podczas chodu. Ten terapeutyczny ruch daje osob\u0105 niechodz\u0105cym b\u0105d\u017a s\u0142abo chodz\u0105cym szans\u0119 na systematyczne \u0107wiczenie prawid\u0142owego wzorca chodu oraz utrzymywania mi\u0119\u015bni i staw\u00f3w w dobrej kondycji. Dzi\u0119ki temu, \u017ce\u00a0 temperatura cia\u0142a konia jest wy\u017csza od temperatury cia\u0142a cz\u0142owieka, jazda na oklep daje efekt rozgrzewaj\u0105cego masa\u017cu n\u00f3g i miednicy.<br \/>\nFizjoterapia na koniu to nieustanne \u0107wiczenie r\u00f3wnowagi i koordynacji cia\u0142a. Dlatego balansowanie na ko\u0144skim grzbiecie przek\u0142ada si\u0119 na znaczn\u0105 popraw\u0119 r\u00f3wnowagi podczas poruszania si\u0119 i chodzenia. Zastosowanie odpowiednich pozycji i \u0107wicze\u0144 podczas sesji terapeutycznej, daje efekty w postaci rozlu\u017anienia ca\u0142ego cia\u0142a i likwiduje wzmo\u017cone napi\u0119cie mi\u0119\u015bniowe.<\/p>\n<p><strong>Sfera fizyczna<\/strong> \u2013 ma na celu podnoszenie og\u00f3lnej sprawno\u015bci, normalizacji napi\u0119cia mi\u0119\u015bniowego, wykszta\u0142canie prawid\u0142owego wzorca chodu, poprawa koordynacji, orientacji\u00a0 przestrzennej i w schemacie w\u0142asnego cia\u0142a, stymulacja i normalizacja czucia g\u0142\u0119bokiego i powierzchniowego.<\/p>\n<p><strong>Sfera emocjonalno &#8211; motywacyjna<\/strong> \u2013 wzrost motywacji, zwi\u0119kszenie poczucia w\u0142asnej warto\u015bci, zmniejszenie zaburze\u0144 emocjonalnych.<\/p>\n<p><strong>Sfera poznawcza<\/strong> \u2013 stymulacja odbioru wra\u017ce\u0144 zmys\u0142owych, jednoczesne dzia\u0142anie na zmys\u0142 dzia\u0142anie na\u00a0 poprawa percepcji wzrokowej i s\u0142uchowej, stymulacja uwagi, pami\u0119ci, my\u015blenia, mowy, nabywanie i rozwijanie nowych umiej\u0119tno\u015bci.<\/p>\n<p><strong>Sfera spo\u0142eczna<\/strong> \u2013 odpowiada za rozwijanie pozytywnych relacji spo\u0142ecznych.<\/p>\n<p>W naszym O\u015brodku, dzia\u0142aj\u0105c zgodnie z zaleceniami lekarza kieruj\u0105cego naszych Podopiecznych na zaj\u0119cia hipoterapeutyczne, dostosowujemy form\u0119 zaj\u0119\u0107 pod katem indywidualnych mo\u017cliwo\u015bci, potrzeb, czy zainteresowa\u0144. Proponujemy nast\u0119puj\u0105ce formy hipoterapii:<\/p>\n<p><strong>Fizjoterapi\u0119 na koniu<\/strong> \u2013 usprawnianie ruchowe poprzez gimnastyk\u0119 lecznicz\u0105 na koniu poruszaj\u0105cym si\u0119 st\u0119pem.<\/p>\n<p><strong>Psychopedagogiczn\u0105 jazd\u0119 konna z elementami wolty\u017cerki<\/strong> \u2013 podejmowan\u0105 w celu usprawnienia intelektualnego, poznawczego, emocjonalnego i fizycznego.<\/p>\n<p><strong>Terapi\u0119 kontaktem z koniem<\/strong> \u2013 kt\u00f3rej istot\u0105 nie jest dosiadanie konia ale nawi\u0105zanie z nim pozytywnych relacji oraz rozwijanie nowych umiej\u0119tno\u015bci i kontakt\u00f3w spo\u0142ecznych.<\/p>\n<p>Dzi\u0119ki funkcjonuj\u0105cej przy naszym O\u015brodku stajni, krytej uje\u017cd\u017calni i oczywi\u015bcie obecno\u015bci koni, nasi Podopieczni maj\u0105 mo\u017cliwo\u015b\u0107 regularnego korzystania z sesji terapeutycznej \u201ena ko\u0144skim grzbiecie\u201d. Bior\u0105c w nich udzia\u0142 doskonal\u0105 swoje umiej\u0119tno\u015bci,\u00a0 aktywnie sp\u0119dzaj\u0105c czas zapobiegaj\u0105c nast\u0119pstwom stagnacji ruchowej.<\/p>\n<div class=\"wpmf-gallerys wpmf-gallerys-life \" ><div id=\"gallery-1\" class=\"gallery gallery_life wpmf_gallery_default gallery_default  gallery-columns-3 gallery-size-thumbnail gallery-link-file wpmf-has-border-radius-0 wpmf-gutterwidth-5 no_ratio\"><figure class=\"wpmf-gallery-item\" data-index=\"0\"><div class=\"wpmf-gallery-icon\"><div class=\"square_thumbnail\"><div class=\"img_centered\"><a class=\" not_video noLightbox\" data-lightbox=\"1\" data-href=\"https:\/\/bonifratrzy.pl\/dps-iwonicz\/wp-content\/uploads\/sites\/26\/2016\/09\/DSC02339.jpg\" title=\"DSC02339\" target=\"_self\" data-index=\"0\"><img decoding=\"async\" class=\"wpmf_img\" alt=\"DSC02339\" src=\"https:\/\/bonifratrzy.pl\/dps-iwonicz\/wp-content\/uploads\/sites\/26\/2016\/09\/DSC02339-480x286.jpg\" data-type=\"wpmfgalleryimg\" data-lazy-src=\"https:\/\/bonifratrzy.pl\/dps-iwonicz\/wp-content\/uploads\/sites\/26\/2016\/09\/DSC02339-480x286.jpg\"><\/a><\/div><\/div><\/div><\/figure><figure class=\"wpmf-gallery-item\" data-index=\"1\"><div class=\"wpmf-gallery-icon\"><div class=\"square_thumbnail\"><div class=\"img_centered\"><a class=\" not_video noLightbox\" data-lightbox=\"1\" data-href=\"https:\/\/bonifratrzy.pl\/dps-iwonicz\/wp-content\/uploads\/sites\/26\/2016\/09\/DSC02334.jpg\" title=\"DSC02334\" target=\"_self\" data-index=\"1\"><img decoding=\"async\" class=\"wpmf_img\" alt=\"DSC02334\" src=\"https:\/\/bonifratrzy.pl\/dps-iwonicz\/wp-content\/uploads\/sites\/26\/2016\/09\/DSC02334-480x286.jpg\" data-type=\"wpmfgalleryimg\" data-lazy-src=\"https:\/\/bonifratrzy.pl\/dps-iwonicz\/wp-content\/uploads\/sites\/26\/2016\/09\/DSC02334-480x286.jpg\"><\/a><\/div><\/div><\/div><\/figure><figure class=\"wpmf-gallery-item\" data-index=\"2\"><div class=\"wpmf-gallery-icon\"><div class=\"square_thumbnail\"><div class=\"img_centered\"><a class=\" not_video noLightbox\" data-lightbox=\"1\" data-href=\"https:\/\/bonifratrzy.pl\/dps-iwonicz\/wp-content\/uploads\/sites\/26\/2016\/09\/DSC02370-1024x768.jpg\" title=\"DSC02370\" target=\"_self\" data-index=\"2\"><img decoding=\"async\" class=\"wpmf_img\" alt=\"DSC02370\" src=\"https:\/\/bonifratrzy.pl\/dps-iwonicz\/wp-content\/uploads\/sites\/26\/2016\/09\/DSC02370-480x286.jpg\" data-type=\"wpmfgalleryimg\" data-lazy-src=\"https:\/\/bonifratrzy.pl\/dps-iwonicz\/wp-content\/uploads\/sites\/26\/2016\/09\/DSC02370-480x286.jpg\"><\/a><\/div><\/div><\/div><\/figure><figure class=\"wpmf-gallery-item\" data-index=\"3\"><div class=\"wpmf-gallery-icon\"><div class=\"square_thumbnail\"><div class=\"img_centered\"><a class=\" not_video noLightbox\" data-lightbox=\"1\" data-href=\"https:\/\/bonifratrzy.pl\/dps-iwonicz\/wp-content\/uploads\/sites\/26\/2016\/09\/DSC02354.jpg\" title=\"DSC02354\" target=\"_self\" data-index=\"3\"><img decoding=\"async\" class=\"wpmf_img\" alt=\"DSC02354\" src=\"https:\/\/bonifratrzy.pl\/dps-iwonicz\/wp-content\/uploads\/sites\/26\/2016\/09\/DSC02354-480x286.jpg\" data-type=\"wpmfgalleryimg\" data-lazy-src=\"https:\/\/bonifratrzy.pl\/dps-iwonicz\/wp-content\/uploads\/sites\/26\/2016\/09\/DSC02354-480x286.jpg\"><\/a><\/div><\/div><\/div><\/figure><figure class=\"wpmf-gallery-item\" data-index=\"4\"><div class=\"wpmf-gallery-icon\"><div class=\"square_thumbnail\"><div class=\"img_centered\"><a class=\" not_video noLightbox\" data-lightbox=\"1\" data-href=\"https:\/\/bonifratrzy.pl\/dps-iwonicz\/wp-content\/uploads\/sites\/26\/2016\/09\/DSC02378.jpg\" title=\"DSC02378\" target=\"_self\" data-index=\"4\"><img decoding=\"async\" class=\"wpmf_img\" alt=\"DSC02378\" src=\"https:\/\/bonifratrzy.pl\/dps-iwonicz\/wp-content\/uploads\/sites\/26\/2016\/09\/DSC02378-336x286.jpg\" data-type=\"wpmfgalleryimg\" data-lazy-src=\"https:\/\/bonifratrzy.pl\/dps-iwonicz\/wp-content\/uploads\/sites\/26\/2016\/09\/DSC02378-336x286.jpg\"><\/a><\/div><\/div><\/div><\/figure><\/div><\/div>\n<p style=\"text-align: center\"><strong>R\u00f3\u017cne oblicza hipoterapii<\/strong><\/p>\n<p style=\"text-align: justify\">S\u0142ysz\u0105c o korzy\u015bciach p\u0142yn\u0105cych z zaj\u0119\u0107 hipoterapeutycznych, czy wskazaniach do podj\u0119cia w\u0142a\u015bnie tej metody terapii, cz\u0119sto uwag\u0119 skupia si\u0119 wy\u0142\u0105cznie na aspekcie fizycznym, czyli korzy\u015bciach jakie mo\u017cna uzyska\u0107 poprzez wp\u0142yw ruchu i cia\u0142a konia w procesie rehabilitacji. Warto jednak pami\u0119ta\u0107, \u017ce hipoterapia to nie tylko rehabilitacja obszaru fizycznego ale r\u00f3wnie\u017c: psychicznego, spo\u0142ecznego i emocjonalnego.<\/p>\n<p>Przeciwwskazania bezwzgl\u0119dne takie jak: l\u0119k, brak kontroli g\u0142owy, podesz\u0142y wiek, uczulenia, to czynniki uniemo\u017cliwiaj\u0105ce zakwalifikowanie pacjenta do korzystania z fizjoterapii na koniu. Tu jednak, na pomoc przychodzi nam uniwersalno\u015b\u0107 i szeroka skala oddzia\u0142ywania hipoterapii.<\/p>\n<p style=\"text-align: justify\">Terapia kontaktem z koniem; bo o niej b\u0119dzie mowa, ma na celu nawi\u0105zanie relacji pacjenta ze zwierz\u0119ciem, z otaczaj\u0105cym \u015brodowiskiem, przeciwdzia\u0142anie bierno\u015bci i stagnacji, uczucia izolacji, dostarczanie pozytywnych bod\u017ac\u00f3w i rozwini\u0119cie komunikacji.<\/p>\n<p style=\"text-align: justify\">Hipoterapia kontaktem z koniem, daje naszym Podopiecznym mo\u017cliwo\u015b\u0107 rozwijania nowych umiej\u0119tno\u015bci i kontakt\u00f3w spo\u0142ecznych. Hipoterapia zmusza do wyj\u015bcia poza \u015bciany pokoju, poza mury budynku, w efekcie do zwi\u0119kszonego udzia\u0142u w \u017cyciu spo\u0142ecznym.<\/p>\n<p style=\"text-align: justify\">Hipoterapia kontaktem z koniem uczy komunikacji gest\u00f3w, otwarto\u015bci,\u00a0 budowania wi\u0119zi, wyra\u017cania emocji. Obserwacja koni , ich zachowa\u0144 w stadzie, ruch\u00f3w, jest \u017ar\u00f3d\u0142em do rozwijania i doskonalenia komunikacji.<\/p>\n<p style=\"text-align: justify\">Ko\u0144 potrafi wyzwala\u0107 r\u00f3\u017cne, cz\u0119sto skrajne emocje- od strachu po mi\u0142o\u015b\u0107, uwra\u017cliwia, uczy opieku\u0144czo\u015bci. Podczas w czasie trwania terapii mo\u017cna zaobserwowa\u0107 jak Mieszka\u0144cy naszego O\u015brodka otwieraj\u0105 si\u0119 przed zwierz\u0119ciem, wyra\u017caj\u0105 w\u0142asne uczucia, emocje, sympati\u0119: przytulaj\u0105c go, g\u0142askaj\u0105c, opiekuj\u0105c si\u0119 nim.<\/p>\n<div class=\"wpmf-gallerys wpmf-gallerys-life \" ><div id=\"gallery-2\" class=\"gallery gallery_life wpmf_gallery_default gallery_default  gallery-columns-3 gallery-size-thumbnail gallery-link-file wpmf-has-border-radius-0 wpmf-gutterwidth-5 no_ratio\"><figure class=\"wpmf-gallery-item\" data-index=\"0\"><div class=\"wpmf-gallery-icon\"><div class=\"square_thumbnail\"><div class=\"img_centered\"><a class=\" not_video noLightbox\" data-lightbox=\"1\" data-href=\"https:\/\/bonifratrzy.pl\/dps-iwonicz\/wp-content\/uploads\/sites\/26\/2016\/09\/II-225-1-1024x768.jpg\" title=\"II 225 (1)\" target=\"_self\" data-index=\"0\"><img decoding=\"async\" class=\"wpmf_img\" alt=\"II 225 (1)\" src=\"https:\/\/bonifratrzy.pl\/dps-iwonicz\/wp-content\/uploads\/sites\/26\/2016\/09\/II-225-1-480x286.jpg\" data-type=\"wpmfgalleryimg\" data-lazy-src=\"https:\/\/bonifratrzy.pl\/dps-iwonicz\/wp-content\/uploads\/sites\/26\/2016\/09\/II-225-1-480x286.jpg\"><\/a><\/div><\/div><\/div><\/figure><figure class=\"wpmf-gallery-item\" data-index=\"1\"><div class=\"wpmf-gallery-icon\"><div class=\"square_thumbnail\"><div class=\"img_centered\"><a class=\" not_video noLightbox\" data-lightbox=\"1\" data-href=\"https:\/\/bonifratrzy.pl\/dps-iwonicz\/wp-content\/uploads\/sites\/26\/2016\/09\/II-226-1024x768.jpg\" title=\"II 226\" target=\"_self\" data-index=\"1\"><img decoding=\"async\" class=\"wpmf_img\" alt=\"II 226\" src=\"https:\/\/bonifratrzy.pl\/dps-iwonicz\/wp-content\/uploads\/sites\/26\/2016\/09\/II-226-480x286.jpg\" data-type=\"wpmfgalleryimg\" data-lazy-src=\"https:\/\/bonifratrzy.pl\/dps-iwonicz\/wp-content\/uploads\/sites\/26\/2016\/09\/II-226-480x286.jpg\"><\/a><\/div><\/div><\/div><\/figure><\/div><\/div>\n<p style=\"text-align: center\"><strong>Nasz zwierzyniec<\/strong><\/p>\n<p style=\"text-align: justify\">Ka\u017cdy kto kiedykolwiek posiada\u0142 zwierze wie, \u017ce opr\u00f3cz niezaprzeczalnej rado\u015bci jak\u0105 czerpiemy z mo\u017cliwo\u015bci przebywania w towarzystwie naszego ulubie\u0144ca, zwierze to r\u00f3wnie\u017c ogromny obowi\u0105zek, a im wi\u0119ksze to zwierze\u2026. tym pracy przy nim zdecydowanie wi\u0119cej. Wiedz\u0105 o tym nasi podopieczni, kt\u00f3rzy ch\u0119tnie anga\u017cuj\u0105 si\u0119 we wszelkiego rodzaju pomoc przy zwierz\u0119tach, faworyzuj\u0105 swoich ulubie\u0144c\u00f3w przynosz\u0105c im przysmaki, dbaj\u0105c o ich czysto\u015b\u0107, g\u0142aszcz\u0105c, m\u00f3wi\u0105c do nich.<\/p>\n<div class=\"wpmf-gallerys wpmf-gallerys-life \" ><div id=\"gallery-3\" class=\"gallery gallery_life wpmf_gallery_default gallery_default  gallery-columns-2 gallery-size-thumbnail gallery-link-file wpmf-has-border-radius-0 wpmf-gutterwidth-5 no_ratio\"><figure class=\"wpmf-gallery-item\" data-index=\"0\"><div class=\"wpmf-gallery-icon\"><div class=\"square_thumbnail\"><div class=\"img_centered\"><a class=\" not_video noLightbox\" data-lightbox=\"1\" data-href=\"https:\/\/bonifratrzy.pl\/dps-iwonicz\/wp-content\/uploads\/sites\/26\/2016\/09\/Screenshot_2016-09-05-21-34-14-3.png\" title=\"Screenshot_2016-09-05-21-34-14\" target=\"_self\" data-index=\"0\"><img decoding=\"async\" class=\"wpmf_img\" alt=\"Screenshot_2016-09-05-21-34-14\" src=\"https:\/\/bonifratrzy.pl\/dps-iwonicz\/wp-content\/uploads\/sites\/26\/2016\/09\/Screenshot_2016-09-05-21-34-14-3-252x286.png\" data-type=\"wpmfgalleryimg\" data-lazy-src=\"https:\/\/bonifratrzy.pl\/dps-iwonicz\/wp-content\/uploads\/sites\/26\/2016\/09\/Screenshot_2016-09-05-21-34-14-3-252x286.png\"><\/a><\/div><\/div><\/div><\/figure><figure class=\"wpmf-gallery-item\" data-index=\"1\"><div class=\"wpmf-gallery-icon\"><div class=\"square_thumbnail\"><div class=\"img_centered\"><a class=\" not_video noLightbox\" data-lightbox=\"1\" data-href=\"https:\/\/bonifratrzy.pl\/dps-iwonicz\/wp-content\/uploads\/sites\/26\/2016\/09\/IMG_0157-1.jpg\" title=\"IMG_0157 (1)\" target=\"_self\" data-index=\"1\"><img decoding=\"async\" class=\"wpmf_img\" alt=\"IMG_0157 (1)\" src=\"https:\/\/bonifratrzy.pl\/dps-iwonicz\/wp-content\/uploads\/sites\/26\/2016\/09\/IMG_0157-1-480x286.jpg\" data-type=\"wpmfgalleryimg\" data-lazy-src=\"https:\/\/bonifratrzy.pl\/dps-iwonicz\/wp-content\/uploads\/sites\/26\/2016\/09\/IMG_0157-1-480x286.jpg\"><\/a><\/div><\/div><\/div><\/figure><\/div><\/div>\n<p style=\"text-align: justify\">Czysta, wywietrzona stajnia, systematyczna piel\u0119gnacja sier\u015bci i kopyt, dobrej jako\u015bci pasza, \u015bwie\u017ca woda, codzienna mo\u017cliwo\u015b\u0107 przebywania na wybiegu czy pastwisku, bezstresowy ch\u00f3w \u2026 wszystkie te elementy maj\u0105 ogromny wp\u0142yw na zdrowie i dobr\u0105 kondycj\u0119 psychiczn\u0105 naszych zwierz\u0105t, kt\u00f3ra przek\u0142ada si\u0119 na wzajemne zaufanie i dobr\u0105 prac\u0119 konia w roli terapeuty.<\/p>\n<p style=\"text-align: justify\">Przebywanie ze zwierz\u0119tami w otoczeniu natury, wyzwala w naszych Podopiecznych wiele pozytywnych , spontanicznych reakcji, daj\u0105c poczucie szcz\u0119\u015bcia i powodu do u\u015bmiechu.<\/p>\n<div class=\"wpmf-gallerys wpmf-gallerys-life \" ><div id=\"gallery-4\" class=\"gallery gallery_life wpmf_gallery_default gallery_default  gallery-columns-3 gallery-size-thumbnail gallery-link-file wpmf-has-border-radius-0 wpmf-gutterwidth-5 no_ratio\"><figure class=\"wpmf-gallery-item\" data-index=\"0\"><div class=\"wpmf-gallery-icon\"><div class=\"square_thumbnail\"><div class=\"img_centered\"><a class=\" not_video noLightbox\" data-lightbox=\"1\" data-href=\"https:\/\/bonifratrzy.pl\/dps-iwonicz\/wp-content\/uploads\/sites\/26\/2016\/09\/IMG_2208.jpg\" title=\"IMG_2208\" target=\"_self\" data-index=\"0\"><img decoding=\"async\" class=\"wpmf_img\" alt=\"IMG_2208\" src=\"https:\/\/bonifratrzy.pl\/dps-iwonicz\/wp-content\/uploads\/sites\/26\/2016\/09\/IMG_2208-336x286.jpg\" data-type=\"wpmfgalleryimg\" data-lazy-src=\"https:\/\/bonifratrzy.pl\/dps-iwonicz\/wp-content\/uploads\/sites\/26\/2016\/09\/IMG_2208-336x286.jpg\"><\/a><\/div><\/div><\/div><\/figure><figure class=\"wpmf-gallery-item\" data-index=\"1\"><div class=\"wpmf-gallery-icon\"><div class=\"square_thumbnail\"><div class=\"img_centered\"><a class=\" not_video noLightbox\" data-lightbox=\"1\" data-href=\"https:\/\/bonifratrzy.pl\/dps-iwonicz\/wp-content\/uploads\/sites\/26\/2016\/09\/IMG_2182.jpg\" title=\"IMG_2182\" target=\"_self\" data-index=\"1\"><img decoding=\"async\" class=\"wpmf_img\" alt=\"IMG_2182\" src=\"https:\/\/bonifratrzy.pl\/dps-iwonicz\/wp-content\/uploads\/sites\/26\/2016\/09\/IMG_2182-336x286.jpg\" data-type=\"wpmfgalleryimg\" data-lazy-src=\"https:\/\/bonifratrzy.pl\/dps-iwonicz\/wp-content\/uploads\/sites\/26\/2016\/09\/IMG_2182-336x286.jpg\"><\/a><\/div><\/div><\/div><\/figure><figure class=\"wpmf-gallery-item\" data-index=\"2\"><div class=\"wpmf-gallery-icon\"><div class=\"square_thumbnail\"><div class=\"img_centered\"><a class=\" not_video noLightbox\" data-lightbox=\"1\" data-href=\"https:\/\/bonifratrzy.pl\/dps-iwonicz\/wp-content\/uploads\/sites\/26\/2016\/09\/IMG_2199.jpg\" title=\"IMG_2199\" target=\"_self\" data-index=\"2\"><img decoding=\"async\" class=\"wpmf_img\" alt=\"IMG_2199\" src=\"https:\/\/bonifratrzy.pl\/dps-iwonicz\/wp-content\/uploads\/sites\/26\/2016\/09\/IMG_2199-336x286.jpg\" data-type=\"wpmfgalleryimg\" data-lazy-src=\"https:\/\/bonifratrzy.pl\/dps-iwonicz\/wp-content\/uploads\/sites\/26\/2016\/09\/IMG_2199-336x286.jpg\"><\/a><\/div><\/div><\/div><\/figure><figure class=\"wpmf-gallery-item\" data-index=\"3\"><div class=\"wpmf-gallery-icon\"><div class=\"square_thumbnail\"><div class=\"img_centered\"><a class=\" not_video noLightbox\" data-lightbox=\"1\" data-href=\"https:\/\/bonifratrzy.pl\/dps-iwonicz\/wp-content\/uploads\/sites\/26\/2016\/09\/IMG_2262.jpg\" title=\"IMG_2262\" target=\"_self\" data-index=\"3\"><img decoding=\"async\" class=\"wpmf_img\" alt=\"IMG_2262\" src=\"https:\/\/bonifratrzy.pl\/dps-iwonicz\/wp-content\/uploads\/sites\/26\/2016\/09\/IMG_2262-336x286.jpg\" data-type=\"wpmfgalleryimg\" data-lazy-src=\"https:\/\/bonifratrzy.pl\/dps-iwonicz\/wp-content\/uploads\/sites\/26\/2016\/09\/IMG_2262-336x286.jpg\"><\/a><\/div><\/div><\/div><\/figure><figure class=\"wpmf-gallery-item\" data-index=\"4\"><div class=\"wpmf-gallery-icon\"><div class=\"square_thumbnail\"><div class=\"img_centered\"><a class=\" not_video noLightbox\" data-lightbox=\"1\" data-href=\"https:\/\/bonifratrzy.pl\/dps-iwonicz\/wp-content\/uploads\/sites\/26\/2016\/09\/IMG_2229.jpg\" title=\"IMG_2229\" target=\"_self\" data-index=\"4\"><img decoding=\"async\" class=\"wpmf_img\" alt=\"IMG_2229\" src=\"https:\/\/bonifratrzy.pl\/dps-iwonicz\/wp-content\/uploads\/sites\/26\/2016\/09\/IMG_2229-336x286.jpg\" data-type=\"wpmfgalleryimg\" data-lazy-src=\"https:\/\/bonifratrzy.pl\/dps-iwonicz\/wp-content\/uploads\/sites\/26\/2016\/09\/IMG_2229-336x286.jpg\"><\/a><\/div><\/div><\/div><\/figure><figure class=\"wpmf-gallery-item\" data-index=\"5\"><div class=\"wpmf-gallery-icon\"><div class=\"square_thumbnail\"><div class=\"img_centered\"><a class=\" not_video noLightbox\" data-lightbox=\"1\" data-href=\"https:\/\/bonifratrzy.pl\/dps-iwonicz\/wp-content\/uploads\/sites\/26\/2016\/09\/IMG_2222.jpg\" title=\"IMG_2222\" target=\"_self\" data-index=\"5\"><img decoding=\"async\" class=\"wpmf_img\" alt=\"IMG_2222\" src=\"https:\/\/bonifratrzy.pl\/dps-iwonicz\/wp-content\/uploads\/sites\/26\/2016\/09\/IMG_2222-336x286.jpg\" data-type=\"wpmfgalleryimg\" data-lazy-src=\"https:\/\/bonifratrzy.pl\/dps-iwonicz\/wp-content\/uploads\/sites\/26\/2016\/09\/IMG_2222-336x286.jpg\"><\/a><\/div><\/div><\/div><\/figure><figure class=\"wpmf-gallery-item\" data-index=\"6\"><div class=\"wpmf-gallery-icon\"><div class=\"square_thumbnail\"><div class=\"img_centered\"><a class=\" not_video noLightbox\" data-lightbox=\"1\" data-href=\"https:\/\/bonifratrzy.pl\/dps-iwonicz\/wp-content\/uploads\/sites\/26\/2016\/09\/IMG_2242.jpg\" title=\"IMG_2242\" target=\"_self\" data-index=\"6\"><img decoding=\"async\" class=\"wpmf_img\" alt=\"IMG_2242\" src=\"https:\/\/bonifratrzy.pl\/dps-iwonicz\/wp-content\/uploads\/sites\/26\/2016\/09\/IMG_2242-336x286.jpg\" data-type=\"wpmfgalleryimg\" data-lazy-src=\"https:\/\/bonifratrzy.pl\/dps-iwonicz\/wp-content\/uploads\/sites\/26\/2016\/09\/IMG_2242-336x286.jpg\"><\/a><\/div><\/div><\/div><\/figure><figure class=\"wpmf-gallery-item\" data-index=\"7\"><div class=\"wpmf-gallery-icon\"><div class=\"square_thumbnail\"><div class=\"img_centered\"><a class=\" not_video noLightbox\" data-lightbox=\"1\" data-href=\"https:\/\/bonifratrzy.pl\/dps-iwonicz\/wp-content\/uploads\/sites\/26\/2016\/09\/IMG_2189.jpg\" title=\"IMG_2189\" target=\"_self\" data-index=\"7\"><img decoding=\"async\" class=\"wpmf_img\" alt=\"IMG_2189\" src=\"https:\/\/bonifratrzy.pl\/dps-iwonicz\/wp-content\/uploads\/sites\/26\/2016\/09\/IMG_2189-336x286.jpg\" data-type=\"wpmfgalleryimg\" data-lazy-src=\"https:\/\/bonifratrzy.pl\/dps-iwonicz\/wp-content\/uploads\/sites\/26\/2016\/09\/IMG_2189-336x286.jpg\"><\/a><\/div><\/div><\/div><\/figure><\/div><\/div>\n","protected":false},"excerpt":{"rendered":"<p>Hipoterapia &#8211; Dlaczego warto? Oddzia\u0142ywanie hipoterapii ma szerok\u0105 skal\u0119. Priorytetem w tej kwestii jest fakt, \u017ce ruchy cia\u0142a je\u017ad\u017aca siedz\u0105cego na id\u0105cym st\u0119pem koniu s\u0105 zbli\u017cone do ruch\u00f3w cia\u0142a id\u0105cego cz\u0142owieka. Barki, kr\u0119gos\u0142up, miednica poruszaj\u0105 si\u0119 tak jak podczas chodu. Ten terapeutyczny ruch daje osob\u0105 niechodz\u0105cym b\u0105d\u017a s\u0142abo chodz\u0105cym szans\u0119 na systematyczne \u0107wiczenie prawid\u0142owego wzorca [&hellip;]<\/p>\n","protected":false},"author":30,"featured_media":0,"parent":25,"menu_order":10,"comment_status":"closed","ping_status":"closed","template":"","meta":{"footnotes":""},"_links":{"self":[{"href":"https:\/\/bonifratrzy.pl\/dps-iwonicz\/wp-json\/wp\/v2\/pages\/319"}],"collection":[{"href":"https:\/\/bonifratrzy.pl\/dps-iwonicz\/wp-json\/wp\/v2\/pages"}],"about":[{"href":"https:\/\/bonifratrzy.pl\/dps-iwonicz\/wp-json\/wp\/v2\/types\/page"}],"author":[{"embeddable":true,"href":"https:\/\/bonifratrzy.pl\/dps-iwonicz\/wp-json\/wp\/v2\/users\/30"}],"replies":[{"embeddable":true,"href":"https:\/\/bonifratrzy.pl\/dps-iwonicz\/wp-json\/wp\/v2\/comments?post=319"}],"version-history":[{"count":1,"href":"https:\/\/bonifratrzy.pl\/dps-iwonicz\/wp-json\/wp\/v2\/pages\/319\/revisions"}],"predecessor-version":[{"id":2514,"href":"https:\/\/bonifratrzy.pl\/dps-iwonicz\/wp-json\/wp\/v2\/pages\/319\/revisions\/2514"}],"up":[{"embeddable":true,"href":"https:\/\/bonifratrzy.pl\/dps-iwonicz\/wp-json\/wp\/v2\/pages\/25"}],"wp:attachment":[{"href":"https:\/\/bonifratrzy.pl\/dps-iwonicz\/wp-json\/wp\/v2\/media?parent=319"}],"curies":[{"name":"wp","href":"https:\/\/api.w.org\/{rel}","templated":true}]}}