{"id":258,"date":"2016-09-18T23:25:27","date_gmt":"2016-09-18T21:25:27","guid":{"rendered":"https:\/\/bonifratrzy.pl\/dps-iwonicz\/?page_id=258"},"modified":"2017-11-26T15:56:56","modified_gmt":"2017-11-26T14:56:56","slug":"zajecia-terapeutyczne-indywidualne","status":"publish","type":"page","link":"https:\/\/bonifratrzy.pl\/dps-iwonicz\/projekty\/projekt-wspolfinansowany-ze-srodkow-pfron\/zajecia-terapeutyczne-indywidualne\/","title":{"rendered":"Zaj\u0119cia terapeutyczne indywidualne"},"content":{"rendered":"<p align=\"JUSTIFY\">Zaj\u0119cia terapeutyczne indywidualne skierowane s\u0105 dla os\u00f3b z g\u0142\u0119bsz\u0105 niepe\u0142nosprawno\u015bci\u0105 intelektualn\u0105 i maj\u0105 na celu rozwijanie ich samodzielno\u015bci, rozbudzania aktywno\u015bci oraz nabywania umiej\u0119tno\u015bci samodzielnego wykonywania czynno\u015bci \u017cycia codziennego. Praca w obszarze samoobs\u0142ugi b\u0119dzie ukierunkowana na rozwijanie\u00a0umiej\u0119tno\u015bci mieszka\u0144c\u00f3w do samodzielnego mycia r\u0105k, z\u0119b\u00f3w czy twarzy. Kolejnym elementem jest nabywanie b\u0105d\u017a rozwijanie umiej\u0119tno\u015bci w czynno\u015bciach tj.: ubieranie si\u0119, estetyka wygl\u0105du, spo\u017cywanie posi\u0142k\u00f3w i estetyki jedzenia. Ponadto mieszka\u0144cy bior\u0105\u00a0udzia\u0142 w zaj\u0119ciach porz\u0105dkowych w swoich pokojach podczas, kt\u00f3rych ucz\u0105 si\u0119 wykonywa\u0107 proste czynno\u015bci, a tak\u017ce dba\u0107 o czysto\u015b\u0107. Podopieczni rozwijaj\u0105 tak\u017ce umiej\u0119tno\u015b\u0107 porozumiewania si\u0119 z otoczeniem, sygnalizowania swoich potrzeb za pomoc\u0105 alternatywnego systemu komunikacji interpersonalnej (system piktogram\u00f3w, komunikacji niewerbalnej.<\/p>\n<p style=\"text-align: center\" align=\"JUSTIFY\"><strong>Biblioterapia<\/strong><\/p>\n<p align=\"JUSTIFY\">Zaj\u0119cia biblioterapeutyczne prowadzone s\u0105 przy u\u017cyciu wyselekcjonowanej literatury. Terapia s\u0142owem ma na celu m.in. obni\u017canie napi\u0119cia emocjonalnego, minimalizowanie zachowa\u0144 niepo\u017c\u0105danych, ale r\u00f3wnie\u017c rozwijanie wyobra\u017ani naszych Podopiecznych, dostarczanie nowych wra\u017ce\u0144 i rozwijanie koncentracji. Mieszka\u0144cy spo\u015br\u00f3d wielu tytu\u0142\u00f3w maj\u0105 mo\u017cliwo\u015b\u0107 wyboru czytanych nast\u0119pnie tekst\u00f3w.<\/p>\n<div class=\"wpmf-gallerys wpmf-gallerys-life \" ><div id=\"gallery-1\" class=\"gallery gallery_life wpmf_gallery_default gallery_default  gallery-columns-3 gallery-size-thumbnail gallery-link-file wpmf-has-border-radius-0 wpmf-gutterwidth-5 no_ratio\"><figure class=\"wpmf-gallery-item\" data-index=\"0\"><div class=\"wpmf-gallery-icon\"><div class=\"square_thumbnail\"><div class=\"img_centered\"><a class=\" not_video noLightbox\" data-lightbox=\"1\" data-href=\"https:\/\/bonifratrzy.pl\/dps-iwonicz\/wp-content\/uploads\/sites\/26\/2016\/09\/WP_20171011_16_06_17_Pro.jpg\" title=\"WP_20171011_16_06_17_Pro\" target=\"_self\" data-index=\"0\"><img decoding=\"async\" class=\"wpmf_img\" alt=\"WP_20171011_16_06_17_Pro\" src=\"https:\/\/bonifratrzy.pl\/dps-iwonicz\/wp-content\/uploads\/sites\/26\/2016\/09\/WP_20171011_16_06_17_Pro-480x286.jpg\" data-type=\"wpmfgalleryimg\" data-lazy-src=\"https:\/\/bonifratrzy.pl\/dps-iwonicz\/wp-content\/uploads\/sites\/26\/2016\/09\/WP_20171011_16_06_17_Pro-480x286.jpg\"><\/a><\/div><\/div><\/div><\/figure><\/div><\/div>\n<p style=\"text-align: center\" align=\"JUSTIFY\"><strong>Stymulacja polisensoryczna<\/strong><\/p>\n<p style=\"text-align: justify\" align=\"LEFT\"><span style=\"font-size: medium\">Stymulacja polisensoryczna pozwala osobom z g\u0142\u0119bsz\u0105 niepe\u0142nosprawno\u015bci\u0105<\/span> <span style=\"font-size: medium\">umys\u0142ow\u0105 na<\/span>\u00a0<span style=\"font-size: medium\">odbi\u00f3r<\/span>\u00a0<span style=\"font-size: medium\">wra\u017ce\u0144 zmys\u0142owych z otaczaj\u0105cego ich \u015bwiata. Zaj\u0119cia opieraj\u0105 si\u0119 na dostarczaniu Podopiecznym r\u00f3\u017cnorodnych bod\u017ac\u00f3w: dotykowych, smakowych, w\u0119chowych, s\u0142uchowych i wzrokowych.<\/span><\/p>\n<div class=\"wpmf-gallerys wpmf-gallerys-life \" ><div id=\"gallery-2\" class=\"gallery gallery_life wpmf_gallery_default gallery_default  gallery-columns-3 gallery-size-thumbnail gallery-link-file wpmf-has-border-radius-0 wpmf-gutterwidth-5 no_ratio\"><figure class=\"wpmf-gallery-item\" data-index=\"0\"><div class=\"wpmf-gallery-icon\"><div class=\"square_thumbnail\"><div class=\"img_centered\"><a class=\" not_video noLightbox\" data-lightbox=\"1\" data-href=\"https:\/\/bonifratrzy.pl\/dps-iwonicz\/wp-content\/uploads\/sites\/26\/2016\/09\/SAM_3682.jpg\" title=\"SAM_3682\" target=\"_self\" data-index=\"0\"><img decoding=\"async\" class=\"wpmf_img\" alt=\"SAM_3682\" src=\"https:\/\/bonifratrzy.pl\/dps-iwonicz\/wp-content\/uploads\/sites\/26\/2016\/09\/SAM_3682-480x286.jpg\" data-type=\"wpmfgalleryimg\" data-lazy-src=\"https:\/\/bonifratrzy.pl\/dps-iwonicz\/wp-content\/uploads\/sites\/26\/2016\/09\/SAM_3682-480x286.jpg\"><\/a><\/div><\/div><\/div><\/figure><figure class=\"wpmf-gallery-item\" data-index=\"1\"><div class=\"wpmf-gallery-icon\"><div class=\"square_thumbnail\"><div class=\"img_centered\"><a class=\" not_video noLightbox\" data-lightbox=\"1\" data-href=\"https:\/\/bonifratrzy.pl\/dps-iwonicz\/wp-content\/uploads\/sites\/26\/2016\/09\/SAM_3696.jpg\" title=\"SAM_3696\" target=\"_self\" data-index=\"1\"><img decoding=\"async\" class=\"wpmf_img\" alt=\"SAM_3696\" src=\"https:\/\/bonifratrzy.pl\/dps-iwonicz\/wp-content\/uploads\/sites\/26\/2016\/09\/SAM_3696-480x286.jpg\" data-type=\"wpmfgalleryimg\" data-lazy-src=\"https:\/\/bonifratrzy.pl\/dps-iwonicz\/wp-content\/uploads\/sites\/26\/2016\/09\/SAM_3696-480x286.jpg\"><\/a><\/div><\/div><\/div><\/figure><figure class=\"wpmf-gallery-item\" data-index=\"2\"><div class=\"wpmf-gallery-icon\"><div class=\"square_thumbnail\"><div class=\"img_centered\"><a class=\" not_video noLightbox\" data-lightbox=\"1\" data-href=\"https:\/\/bonifratrzy.pl\/dps-iwonicz\/wp-content\/uploads\/sites\/26\/2016\/09\/P1200083.jpg\" title=\"P1200083\" target=\"_self\" data-index=\"2\"><img decoding=\"async\" class=\"wpmf_img\" alt=\"P1200083\" src=\"https:\/\/bonifratrzy.pl\/dps-iwonicz\/wp-content\/uploads\/sites\/26\/2016\/09\/P1200083-480x286.jpg\" data-type=\"wpmfgalleryimg\" data-lazy-src=\"https:\/\/bonifratrzy.pl\/dps-iwonicz\/wp-content\/uploads\/sites\/26\/2016\/09\/P1200083-480x286.jpg\"><\/a><\/div><\/div><\/div><\/figure><figure class=\"wpmf-gallery-item\" data-index=\"3\"><div class=\"wpmf-gallery-icon\"><div class=\"square_thumbnail\"><div class=\"img_centered\"><a class=\" not_video noLightbox\" data-lightbox=\"1\" data-href=\"https:\/\/bonifratrzy.pl\/dps-iwonicz\/wp-content\/uploads\/sites\/26\/2016\/09\/20160905_142723.jpg\" title=\"20160905_142723\" target=\"_self\" data-index=\"3\"><img decoding=\"async\" class=\"wpmf_img\" alt=\"20160905_142723\" src=\"https:\/\/bonifratrzy.pl\/dps-iwonicz\/wp-content\/uploads\/sites\/26\/2016\/09\/20160905_142723-252x286.jpg\" data-type=\"wpmfgalleryimg\" data-lazy-src=\"https:\/\/bonifratrzy.pl\/dps-iwonicz\/wp-content\/uploads\/sites\/26\/2016\/09\/20160905_142723-252x286.jpg\"><\/a><\/div><\/div><\/div><\/figure><figure class=\"wpmf-gallery-item\" data-index=\"4\"><div class=\"wpmf-gallery-icon\"><div class=\"square_thumbnail\"><div class=\"img_centered\"><a class=\" not_video noLightbox\" data-lightbox=\"1\" data-href=\"https:\/\/bonifratrzy.pl\/dps-iwonicz\/wp-content\/uploads\/sites\/26\/2016\/09\/20160905_143640.jpg\" title=\"20160905_143640\" target=\"_self\" data-index=\"4\"><img decoding=\"async\" class=\"wpmf_img\" alt=\"20160905_143640\" src=\"https:\/\/bonifratrzy.pl\/dps-iwonicz\/wp-content\/uploads\/sites\/26\/2016\/09\/20160905_143640-252x286.jpg\" data-type=\"wpmfgalleryimg\" data-lazy-src=\"https:\/\/bonifratrzy.pl\/dps-iwonicz\/wp-content\/uploads\/sites\/26\/2016\/09\/20160905_143640-252x286.jpg\"><\/a><\/div><\/div><\/div><\/figure><figure class=\"wpmf-gallery-item\" data-index=\"5\"><div class=\"wpmf-gallery-icon\"><div class=\"square_thumbnail\"><div class=\"img_centered\"><a class=\" not_video noLightbox\" data-lightbox=\"1\" data-href=\"https:\/\/bonifratrzy.pl\/dps-iwonicz\/wp-content\/uploads\/sites\/26\/2016\/09\/WP_20171011_15_47_35_Pro.jpg\" title=\"WP_20171011_15_47_35_Pro\" target=\"_self\" data-index=\"5\"><img decoding=\"async\" class=\"wpmf_img\" alt=\"WP_20171011_15_47_35_Pro\" src=\"https:\/\/bonifratrzy.pl\/dps-iwonicz\/wp-content\/uploads\/sites\/26\/2016\/09\/WP_20171011_15_47_35_Pro-253x286.jpg\" data-type=\"wpmfgalleryimg\" data-lazy-src=\"https:\/\/bonifratrzy.pl\/dps-iwonicz\/wp-content\/uploads\/sites\/26\/2016\/09\/WP_20171011_15_47_35_Pro-253x286.jpg\"><\/a><\/div><\/div><\/div><\/figure><figure class=\"wpmf-gallery-item\" data-index=\"6\"><div class=\"wpmf-gallery-icon\"><div class=\"square_thumbnail\"><div class=\"img_centered\"><a class=\" not_video noLightbox\" data-lightbox=\"1\" data-href=\"https:\/\/bonifratrzy.pl\/dps-iwonicz\/wp-content\/uploads\/sites\/26\/2016\/09\/WP_20170323_10_41_14_Pro-577x1024.jpg\" title=\"WP_20170323_10_41_14_Pro\" target=\"_self\" data-index=\"6\"><img decoding=\"async\" class=\"wpmf_img\" alt=\"WP_20170323_10_41_14_Pro\" src=\"https:\/\/bonifratrzy.pl\/dps-iwonicz\/wp-content\/uploads\/sites\/26\/2016\/09\/WP_20170323_10_41_14_Pro-480x286.jpg\" data-type=\"wpmfgalleryimg\" data-lazy-src=\"https:\/\/bonifratrzy.pl\/dps-iwonicz\/wp-content\/uploads\/sites\/26\/2016\/09\/WP_20170323_10_41_14_Pro-480x286.jpg\"><\/a><\/div><\/div><\/div><\/figure><figure class=\"wpmf-gallery-item\" data-index=\"7\"><div class=\"wpmf-gallery-icon\"><div class=\"square_thumbnail\"><div class=\"img_centered\"><a class=\" not_video noLightbox\" data-lightbox=\"1\" data-href=\"https:\/\/bonifratrzy.pl\/dps-iwonicz\/wp-content\/uploads\/sites\/26\/2016\/09\/WP_20170323_10_23_44_Pro-577x1024.jpg\" title=\"WP_20170323_10_23_44_Pro\" target=\"_self\" data-index=\"7\"><img decoding=\"async\" class=\"wpmf_img\" alt=\"WP_20170323_10_23_44_Pro\" src=\"https:\/\/bonifratrzy.pl\/dps-iwonicz\/wp-content\/uploads\/sites\/26\/2016\/09\/WP_20170323_10_23_44_Pro-480x286.jpg\" data-type=\"wpmfgalleryimg\" data-lazy-src=\"https:\/\/bonifratrzy.pl\/dps-iwonicz\/wp-content\/uploads\/sites\/26\/2016\/09\/WP_20170323_10_23_44_Pro-480x286.jpg\"><\/a><\/div><\/div><\/div><\/figure><figure class=\"wpmf-gallery-item\" data-index=\"8\"><div class=\"wpmf-gallery-icon\"><div class=\"square_thumbnail\"><div class=\"img_centered\"><a class=\" not_video noLightbox\" data-lightbox=\"1\" data-href=\"https:\/\/bonifratrzy.pl\/dps-iwonicz\/wp-content\/uploads\/sites\/26\/2016\/09\/WP_20170303_10_59_55_Pro-577x1024.jpg\" title=\"WP_20170303_10_59_55_Pro\" target=\"_self\" data-index=\"8\"><img decoding=\"async\" class=\"wpmf_img\" alt=\"WP_20170303_10_59_55_Pro\" src=\"https:\/\/bonifratrzy.pl\/dps-iwonicz\/wp-content\/uploads\/sites\/26\/2016\/09\/WP_20170303_10_59_55_Pro-480x286.jpg\" data-type=\"wpmfgalleryimg\" data-lazy-src=\"https:\/\/bonifratrzy.pl\/dps-iwonicz\/wp-content\/uploads\/sites\/26\/2016\/09\/WP_20170303_10_59_55_Pro-480x286.jpg\"><\/a><\/div><\/div><\/div><\/figure><figure class=\"wpmf-gallery-item\" data-index=\"9\"><div class=\"wpmf-gallery-icon\"><div class=\"square_thumbnail\"><div class=\"img_centered\"><a class=\" not_video noLightbox\" data-lightbox=\"1\" data-href=\"https:\/\/bonifratrzy.pl\/dps-iwonicz\/wp-content\/uploads\/sites\/26\/2016\/09\/WP_20170323_10_36_27_Pro-1024x577.jpg\" title=\"WP_20170323_10_36_27_Pro\" target=\"_self\" data-index=\"9\"><img decoding=\"async\" class=\"wpmf_img\" alt=\"WP_20170323_10_36_27_Pro\" src=\"https:\/\/bonifratrzy.pl\/dps-iwonicz\/wp-content\/uploads\/sites\/26\/2016\/09\/WP_20170323_10_36_27_Pro-480x286.jpg\" data-type=\"wpmfgalleryimg\" data-lazy-src=\"https:\/\/bonifratrzy.pl\/dps-iwonicz\/wp-content\/uploads\/sites\/26\/2016\/09\/WP_20170323_10_36_27_Pro-480x286.jpg\"><\/a><\/div><\/div><\/div><\/figure><figure class=\"wpmf-gallery-item\" data-index=\"10\"><div class=\"wpmf-gallery-icon\"><div class=\"square_thumbnail\"><div class=\"img_centered\"><a class=\" not_video noLightbox\" data-lightbox=\"1\" data-href=\"https:\/\/bonifratrzy.pl\/dps-iwonicz\/wp-content\/uploads\/sites\/26\/2016\/09\/WP_20170110_09_21_48_Pro-577x1024.jpg\" title=\"WP_20170110_09_21_48_Pro\" target=\"_self\" data-index=\"10\"><img decoding=\"async\" class=\"wpmf_img\" alt=\"WP_20170110_09_21_48_Pro\" src=\"https:\/\/bonifratrzy.pl\/dps-iwonicz\/wp-content\/uploads\/sites\/26\/2016\/09\/WP_20170110_09_21_48_Pro-480x286.jpg\" data-type=\"wpmfgalleryimg\" data-lazy-src=\"https:\/\/bonifratrzy.pl\/dps-iwonicz\/wp-content\/uploads\/sites\/26\/2016\/09\/WP_20170110_09_21_48_Pro-480x286.jpg\"><\/a><\/div><\/div><\/div><\/figure><figure class=\"wpmf-gallery-item\" data-index=\"11\"><div class=\"wpmf-gallery-icon\"><div class=\"square_thumbnail\"><div class=\"img_centered\"><a class=\" not_video noLightbox\" data-lightbox=\"1\" data-href=\"https:\/\/bonifratrzy.pl\/dps-iwonicz\/wp-content\/uploads\/sites\/26\/2016\/09\/SAM_3672-1024x768.jpg\" title=\"SAM_3672\" target=\"_self\" data-index=\"11\"><img decoding=\"async\" class=\"wpmf_img\" alt=\"SAM_3672\" src=\"https:\/\/bonifratrzy.pl\/dps-iwonicz\/wp-content\/uploads\/sites\/26\/2016\/09\/SAM_3672-480x286.jpg\" data-type=\"wpmfgalleryimg\" data-lazy-src=\"https:\/\/bonifratrzy.pl\/dps-iwonicz\/wp-content\/uploads\/sites\/26\/2016\/09\/SAM_3672-480x286.jpg\"><\/a><\/div><\/div><\/div><\/figure><\/div><\/div>\n<p style=\"text-align: center\" align=\"LEFT\"><strong>Relaksacja<\/strong><\/p>\n<p align=\"JUSTIFY\">Zaj\u0119cia relaksacyjne s\u0105 efektywnym sposobem na obni\u017cenie stresu. Prowadzone przy rozlu\u017aniaj\u0105cej muzyce \u0107wiczenia oddechowe pomagaj\u0105 w niwelowaniu napi\u0119\u0107 emocjonalnych, rozwijaniu \u015bwiadomo\u015bci cia\u0142a, ucz\u0105 koncentracji.<\/p>\n<p style=\"text-align: center\" align=\"JUSTIFY\"><strong>Trening w zakresie spo\u017cywania posi\u0142k\u00f3w<\/strong><\/p>\n<p align=\"JUSTIFY\">Trening estetycznego spo\u017cywania posi\u0142k\u00f3w ma celu kszta\u0142towanie w\u0142a\u015bciwych nawyk\u00f3w zwi\u0105zanych z estetyk\u0105 spo\u017cywania pokarm\u00f3w, nauk\u0119 samodzielnego pos\u0142ugiwania si\u0119 sztu\u0107cami oraz kszta\u0142towanie og\u00f3lnej zaradno\u015bci w tym zakresie.<\/p>\n<p style=\"text-align: center\" align=\"JUSTIFY\"><strong>Trening porz\u0105dkowy<\/strong><\/p>\n<p align=\"JUSTIFY\">Celem treningu porz\u0105dkowego jest kszta\u0142towanie i podtrzymywanie umiej\u0119tno\u015bci zwi\u0105zanych z porz\u0105dkowaniem, kszta\u0142towanie nawyku dbania o otoczenie. Ponadto Podopieczni nabywaj\u0105 i rozwijaj\u0105 cechy po\u017c\u0105dane spo\u0142ecznie tj. obowi\u0105zkowo\u015b\u0107, odpowiedzialno\u015b\u0107 za powierzone zadania. Trening porz\u0105dkowy uczy samodzielno\u015bci,mieszka\u0144cy zapoznaj\u0105 si\u0119 ze \u015brodkami s\u0142u\u017c\u0105cymi do porz\u0105dkowania, z zagro\u017ceniami zwi\u0105zanymi ze \u015brodkami chemicznymi i ich zastosowaniem oraz nabywaj\u0105 umiej\u0119tno\u015b\u0107 obs\u0142ugiwania urz\u0105dze\u0144 AGD.<\/p>\n<div class=\"wpmf-gallerys wpmf-gallerys-life \" ><div id=\"gallery-3\" class=\"gallery gallery_life wpmf_gallery_default gallery_default  gallery-columns-3 gallery-size-thumbnail gallery-link-file wpmf-has-border-radius-0 wpmf-gutterwidth-5 no_ratio\"><figure class=\"wpmf-gallery-item\" data-index=\"0\"><div class=\"wpmf-gallery-icon\"><div class=\"square_thumbnail\"><div class=\"img_centered\"><a class=\" not_video noLightbox\" data-lightbox=\"1\" data-href=\"https:\/\/bonifratrzy.pl\/dps-iwonicz\/wp-content\/uploads\/sites\/26\/2016\/09\/DSC02461.jpg\" title=\"DSC02461\" target=\"_self\" data-index=\"0\"><img decoding=\"async\" class=\"wpmf_img\" alt=\"DSC02461\" src=\"https:\/\/bonifratrzy.pl\/dps-iwonicz\/wp-content\/uploads\/sites\/26\/2016\/09\/DSC02461-480x286.jpg\" data-type=\"wpmfgalleryimg\" data-lazy-src=\"https:\/\/bonifratrzy.pl\/dps-iwonicz\/wp-content\/uploads\/sites\/26\/2016\/09\/DSC02461-480x286.jpg\"><\/a><\/div><\/div><\/div><\/figure><figure class=\"wpmf-gallery-item\" data-index=\"1\"><div class=\"wpmf-gallery-icon\"><div class=\"square_thumbnail\"><div class=\"img_centered\"><a class=\" not_video noLightbox\" data-lightbox=\"1\" data-href=\"https:\/\/bonifratrzy.pl\/dps-iwonicz\/wp-content\/uploads\/sites\/26\/2016\/09\/DSC02466.jpg\" title=\"DSC02466\" target=\"_self\" data-index=\"1\"><img decoding=\"async\" class=\"wpmf_img\" alt=\"DSC02466\" src=\"https:\/\/bonifratrzy.pl\/dps-iwonicz\/wp-content\/uploads\/sites\/26\/2016\/09\/DSC02466-480x286.jpg\" data-type=\"wpmfgalleryimg\" data-lazy-src=\"https:\/\/bonifratrzy.pl\/dps-iwonicz\/wp-content\/uploads\/sites\/26\/2016\/09\/DSC02466-480x286.jpg\"><\/a><\/div><\/div><\/div><\/figure><figure class=\"wpmf-gallery-item\" data-index=\"2\"><div class=\"wpmf-gallery-icon\"><div class=\"square_thumbnail\"><div class=\"img_centered\"><a class=\" not_video noLightbox\" data-lightbox=\"1\" data-href=\"https:\/\/bonifratrzy.pl\/dps-iwonicz\/wp-content\/uploads\/sites\/26\/2016\/09\/SAM_3723.jpg\" title=\"SAM_3723\" target=\"_self\" data-index=\"2\"><img decoding=\"async\" class=\"wpmf_img\" alt=\"SAM_3723\" src=\"https:\/\/bonifratrzy.pl\/dps-iwonicz\/wp-content\/uploads\/sites\/26\/2016\/09\/SAM_3723-480x286.jpg\" data-type=\"wpmfgalleryimg\" data-lazy-src=\"https:\/\/bonifratrzy.pl\/dps-iwonicz\/wp-content\/uploads\/sites\/26\/2016\/09\/SAM_3723-480x286.jpg\"><\/a><\/div><\/div><\/div><\/figure><figure class=\"wpmf-gallery-item\" data-index=\"3\"><div class=\"wpmf-gallery-icon\"><div class=\"square_thumbnail\"><div class=\"img_centered\"><a class=\" not_video noLightbox\" data-lightbox=\"1\" data-href=\"https:\/\/bonifratrzy.pl\/dps-iwonicz\/wp-content\/uploads\/sites\/26\/2016\/09\/P1200063.jpg\" title=\"P1200063\" target=\"_self\" data-index=\"3\"><img decoding=\"async\" class=\"wpmf_img\" alt=\"P1200063\" src=\"https:\/\/bonifratrzy.pl\/dps-iwonicz\/wp-content\/uploads\/sites\/26\/2016\/09\/P1200063-480x286.jpg\" data-type=\"wpmfgalleryimg\" data-lazy-src=\"https:\/\/bonifratrzy.pl\/dps-iwonicz\/wp-content\/uploads\/sites\/26\/2016\/09\/P1200063-480x286.jpg\"><\/a><\/div><\/div><\/div><\/figure><figure class=\"wpmf-gallery-item\" data-index=\"4\"><div class=\"wpmf-gallery-icon\"><div class=\"square_thumbnail\"><div class=\"img_centered\"><a class=\" not_video noLightbox\" data-lightbox=\"1\" data-href=\"https:\/\/bonifratrzy.pl\/dps-iwonicz\/wp-content\/uploads\/sites\/26\/2016\/09\/SAM_3616.jpg\" title=\"SAM_3616\" target=\"_self\" data-index=\"4\"><img decoding=\"async\" class=\"wpmf_img\" alt=\"SAM_3616\" src=\"https:\/\/bonifratrzy.pl\/dps-iwonicz\/wp-content\/uploads\/sites\/26\/2016\/09\/SAM_3616-480x286.jpg\" data-type=\"wpmfgalleryimg\" data-lazy-src=\"https:\/\/bonifratrzy.pl\/dps-iwonicz\/wp-content\/uploads\/sites\/26\/2016\/09\/SAM_3616-480x286.jpg\"><\/a><\/div><\/div><\/div><\/figure><\/div><\/div>\n<p style=\"text-align: center\"><strong>Haloterapia<\/strong><\/p>\n<p>&nbsp;<\/p>\n<div class=\"wpmf-gallerys wpmf-gallerys-life \" ><div id=\"gallery-4\" class=\"gallery gallery_life wpmf_gallery_default gallery_default  gallery-columns-3 gallery-size-thumbnail gallery-link-file wpmf-has-border-radius-0 wpmf-gutterwidth-5 no_ratio\"><figure class=\"wpmf-gallery-item\" data-index=\"0\"><div class=\"wpmf-gallery-icon\"><div class=\"square_thumbnail\"><div class=\"img_centered\"><a class=\" not_video noLightbox\" data-lightbox=\"1\" data-href=\"https:\/\/bonifratrzy.pl\/dps-iwonicz\/wp-content\/uploads\/sites\/26\/2016\/09\/SAM_5493.jpg\" title=\"SAM_5493\" target=\"_self\" data-index=\"0\"><img decoding=\"async\" class=\"wpmf_img\" alt=\"SAM_5493\" src=\"https:\/\/bonifratrzy.pl\/dps-iwonicz\/wp-content\/uploads\/sites\/26\/2016\/09\/SAM_5493-480x286.jpg\" data-type=\"wpmfgalleryimg\" data-lazy-src=\"https:\/\/bonifratrzy.pl\/dps-iwonicz\/wp-content\/uploads\/sites\/26\/2016\/09\/SAM_5493-480x286.jpg\"><\/a><\/div><\/div><\/div><\/figure><figure class=\"wpmf-gallery-item\" data-index=\"1\"><div class=\"wpmf-gallery-icon\"><div class=\"square_thumbnail\"><div class=\"img_centered\"><a class=\" not_video noLightbox\" data-lightbox=\"1\" data-href=\"https:\/\/bonifratrzy.pl\/dps-iwonicz\/wp-content\/uploads\/sites\/26\/2016\/09\/SAM_5496.jpg\" title=\"SAM_5496\" target=\"_self\" data-index=\"1\"><img decoding=\"async\" class=\"wpmf_img\" alt=\"SAM_5496\" src=\"https:\/\/bonifratrzy.pl\/dps-iwonicz\/wp-content\/uploads\/sites\/26\/2016\/09\/SAM_5496-480x286.jpg\" data-type=\"wpmfgalleryimg\" data-lazy-src=\"https:\/\/bonifratrzy.pl\/dps-iwonicz\/wp-content\/uploads\/sites\/26\/2016\/09\/SAM_5496-480x286.jpg\"><\/a><\/div><\/div><\/div><\/figure><\/div><\/div>\n","protected":false},"excerpt":{"rendered":"<p>Zaj\u0119cia terapeutyczne indywidualne skierowane s\u0105 dla os\u00f3b z g\u0142\u0119bsz\u0105 niepe\u0142nosprawno\u015bci\u0105 intelektualn\u0105 i maj\u0105 na celu rozwijanie ich samodzielno\u015bci, rozbudzania aktywno\u015bci oraz nabywania umiej\u0119tno\u015bci samodzielnego wykonywania czynno\u015bci \u017cycia codziennego. Praca w obszarze samoobs\u0142ugi b\u0119dzie ukierunkowana na rozwijanie\u00a0umiej\u0119tno\u015bci mieszka\u0144c\u00f3w do samodzielnego mycia r\u0105k, z\u0119b\u00f3w czy twarzy. Kolejnym elementem jest nabywanie b\u0105d\u017a rozwijanie umiej\u0119tno\u015bci w czynno\u015bciach tj.: ubieranie [&hellip;]<\/p>\n","protected":false},"author":1,"featured_media":0,"parent":25,"menu_order":9,"comment_status":"closed","ping_status":"closed","template":"","meta":{"footnotes":""},"_links":{"self":[{"href":"https:\/\/bonifratrzy.pl\/dps-iwonicz\/wp-json\/wp\/v2\/pages\/258"}],"collection":[{"href":"https:\/\/bonifratrzy.pl\/dps-iwonicz\/wp-json\/wp\/v2\/pages"}],"about":[{"href":"https:\/\/bonifratrzy.pl\/dps-iwonicz\/wp-json\/wp\/v2\/types\/page"}],"author":[{"embeddable":true,"href":"https:\/\/bonifratrzy.pl\/dps-iwonicz\/wp-json\/wp\/v2\/users\/1"}],"replies":[{"embeddable":true,"href":"https:\/\/bonifratrzy.pl\/dps-iwonicz\/wp-json\/wp\/v2\/comments?post=258"}],"version-history":[{"count":5,"href":"https:\/\/bonifratrzy.pl\/dps-iwonicz\/wp-json\/wp\/v2\/pages\/258\/revisions"}],"predecessor-version":[{"id":2302,"href":"https:\/\/bonifratrzy.pl\/dps-iwonicz\/wp-json\/wp\/v2\/pages\/258\/revisions\/2302"}],"up":[{"embeddable":true,"href":"https:\/\/bonifratrzy.pl\/dps-iwonicz\/wp-json\/wp\/v2\/pages\/25"}],"wp:attachment":[{"href":"https:\/\/bonifratrzy.pl\/dps-iwonicz\/wp-json\/wp\/v2\/media?parent=258"}],"curies":[{"name":"wp","href":"https:\/\/api.w.org\/{rel}","templated":true}]}}