{"id":256,"date":"2016-09-18T23:25:15","date_gmt":"2016-09-18T21:25:15","guid":{"rendered":"https:\/\/bonifratrzy.pl\/dps-iwonicz\/?page_id=256"},"modified":"2017-05-22T09:04:04","modified_gmt":"2017-05-22T07:04:04","slug":"zajecia-terapeutyczne-grupowe","status":"publish","type":"page","link":"https:\/\/bonifratrzy.pl\/dps-iwonicz\/projekty\/projekt-wspolfinansowany-ze-srodkow-pfron\/zajecia-terapeutyczne-grupowe\/","title":{"rendered":"Zaj\u0119cia terapeutyczne grupowe"},"content":{"rendered":"<p style=\"text-align: justify\">Zaj\u0119cia te, maj\u0105 na celu wdra\u017canie do funkcjonowania w grupie r\u00f3wie\u015bniczej, rozwijaj\u0105 umiej\u0119tno\u015b\u0107 dostrzegania i rozumienia emocji, kontekstu sytuacyjnego czy spo\u0142ecznego. Poprzez r\u00f3\u017cnorodn\u0105 aktywno\u015b\u0107 uczestnicy rozwijaj\u0105 umiej\u0119tno\u015b\u0107 s\u0142uchania si\u0119 nawzajem, rozwijaj\u0105 pozytywn\u0105 samoocen\u0119 i poczucie w\u0142asnej warto\u015bci.<\/p>\n<p style=\"text-align: justify\">Chcemy da\u0107 naszym podopiecznym mo\u017cliwo\u015b\u0107 pe\u0142nego wykorzystania potencja\u0142u, jakim dysponuj\u0105. Umo\u017cliwi to kszta\u0142towanie i rozwijanie umiej\u0119tno\u015bci przydatnych w \u017cyciu codziennym,\u00a0 samoobs\u0142ugowym, porozumiewania si\u0119 czy radzenia sobie z emocjami.<\/p>\n<div class=\"wpmf-gallerys wpmf-gallerys-life \" ><div id=\"gallery-1\" class=\"gallery gallery_life wpmf_gallery_default gallery_default  gallery-columns-3 gallery-size-thumbnail gallery-link-file wpmf-has-border-radius-0 wpmf-gutterwidth-5 no_ratio\"><figure class=\"wpmf-gallery-item\" data-index=\"0\"><div class=\"wpmf-gallery-icon\"><div class=\"square_thumbnail\"><div class=\"img_centered\"><a class=\" not_video noLightbox\" data-lightbox=\"1\" data-href=\"https:\/\/bonifratrzy.pl\/dps-iwonicz\/wp-content\/uploads\/sites\/26\/2016\/09\/20161102_125205-1024x576.jpg\" title=\"20161102_125205\" target=\"_self\" data-index=\"0\"><img decoding=\"async\" class=\"wpmf_img\" alt=\"20161102_125205\" src=\"https:\/\/bonifratrzy.pl\/dps-iwonicz\/wp-content\/uploads\/sites\/26\/2016\/09\/20161102_125205-480x286.jpg\" data-type=\"wpmfgalleryimg\" data-lazy-src=\"https:\/\/bonifratrzy.pl\/dps-iwonicz\/wp-content\/uploads\/sites\/26\/2016\/09\/20161102_125205-480x286.jpg\"><\/a><\/div><\/div><\/div><\/figure><figure class=\"wpmf-gallery-item\" data-index=\"1\"><div class=\"wpmf-gallery-icon\"><div class=\"square_thumbnail\"><div class=\"img_centered\"><a class=\" not_video noLightbox\" data-lightbox=\"1\" data-href=\"https:\/\/bonifratrzy.pl\/dps-iwonicz\/wp-content\/uploads\/sites\/26\/2016\/09\/20161102_130241-1024x576.jpg\" title=\"20161102_130241\" target=\"_self\" data-index=\"1\"><img decoding=\"async\" class=\"wpmf_img\" alt=\"20161102_130241\" src=\"https:\/\/bonifratrzy.pl\/dps-iwonicz\/wp-content\/uploads\/sites\/26\/2016\/09\/20161102_130241-480x286.jpg\" data-type=\"wpmfgalleryimg\" data-lazy-src=\"https:\/\/bonifratrzy.pl\/dps-iwonicz\/wp-content\/uploads\/sites\/26\/2016\/09\/20161102_130241-480x286.jpg\"><\/a><\/div><\/div><\/div><\/figure><figure class=\"wpmf-gallery-item\" data-index=\"2\"><div class=\"wpmf-gallery-icon\"><div class=\"square_thumbnail\"><div class=\"img_centered\"><a class=\" not_video noLightbox\" data-lightbox=\"1\" data-href=\"https:\/\/bonifratrzy.pl\/dps-iwonicz\/wp-content\/uploads\/sites\/26\/2016\/09\/20161102_131203-1024x576.jpg\" title=\"20161102_131203\" target=\"_self\" data-index=\"2\"><img decoding=\"async\" class=\"wpmf_img\" alt=\"20161102_131203\" src=\"https:\/\/bonifratrzy.pl\/dps-iwonicz\/wp-content\/uploads\/sites\/26\/2016\/09\/20161102_131203-480x286.jpg\" data-type=\"wpmfgalleryimg\" data-lazy-src=\"https:\/\/bonifratrzy.pl\/dps-iwonicz\/wp-content\/uploads\/sites\/26\/2016\/09\/20161102_131203-480x286.jpg\"><\/a><\/div><\/div><\/div><\/figure><figure class=\"wpmf-gallery-item\" data-index=\"3\"><div class=\"wpmf-gallery-icon\"><div class=\"square_thumbnail\"><div class=\"img_centered\"><a class=\" not_video noLightbox\" data-lightbox=\"1\" data-href=\"https:\/\/bonifratrzy.pl\/dps-iwonicz\/wp-content\/uploads\/sites\/26\/2016\/09\/20161102_131908.jpg\" title=\"20161102_131908\" target=\"_self\" data-index=\"3\"><img decoding=\"async\" class=\"wpmf_img\" alt=\"20161102_131908\" src=\"https:\/\/bonifratrzy.pl\/dps-iwonicz\/wp-content\/uploads\/sites\/26\/2016\/09\/20161102_131908-480x286.jpg\" data-type=\"wpmfgalleryimg\" data-lazy-src=\"https:\/\/bonifratrzy.pl\/dps-iwonicz\/wp-content\/uploads\/sites\/26\/2016\/09\/20161102_131908-480x286.jpg\"><\/a><\/div><\/div><\/div><\/figure><figure class=\"wpmf-gallery-item\" data-index=\"4\"><div class=\"wpmf-gallery-icon\"><div class=\"square_thumbnail\"><div class=\"img_centered\"><a class=\" not_video noLightbox\" data-lightbox=\"1\" data-href=\"https:\/\/bonifratrzy.pl\/dps-iwonicz\/wp-content\/uploads\/sites\/26\/2016\/09\/20161102_132224.jpg\" title=\"20161102_132224\" target=\"_self\" data-index=\"4\"><img decoding=\"async\" class=\"wpmf_img\" alt=\"20161102_132224\" src=\"https:\/\/bonifratrzy.pl\/dps-iwonicz\/wp-content\/uploads\/sites\/26\/2016\/09\/20161102_132224-480x286.jpg\" data-type=\"wpmfgalleryimg\" data-lazy-src=\"https:\/\/bonifratrzy.pl\/dps-iwonicz\/wp-content\/uploads\/sites\/26\/2016\/09\/20161102_132224-480x286.jpg\"><\/a><\/div><\/div><\/div><\/figure><figure class=\"wpmf-gallery-item\" data-index=\"5\"><div class=\"wpmf-gallery-icon\"><div class=\"square_thumbnail\"><div class=\"img_centered\"><a class=\" not_video noLightbox\" data-lightbox=\"1\" data-href=\"https:\/\/bonifratrzy.pl\/dps-iwonicz\/wp-content\/uploads\/sites\/26\/2016\/09\/20161102_134655.jpg\" title=\"20161102_134655\" target=\"_self\" data-index=\"5\"><img decoding=\"async\" class=\"wpmf_img\" alt=\"20161102_134655\" src=\"https:\/\/bonifratrzy.pl\/dps-iwonicz\/wp-content\/uploads\/sites\/26\/2016\/09\/20161102_134655-480x286.jpg\" data-type=\"wpmfgalleryimg\" data-lazy-src=\"https:\/\/bonifratrzy.pl\/dps-iwonicz\/wp-content\/uploads\/sites\/26\/2016\/09\/20161102_134655-480x286.jpg\"><\/a><\/div><\/div><\/div><\/figure><figure class=\"wpmf-gallery-item\" data-index=\"6\"><div class=\"wpmf-gallery-icon\"><div class=\"square_thumbnail\"><div class=\"img_centered\"><a class=\" not_video noLightbox\" data-lightbox=\"1\" data-href=\"https:\/\/bonifratrzy.pl\/dps-iwonicz\/wp-content\/uploads\/sites\/26\/2016\/09\/SAM_4990.jpg\" title=\"SAM_4990\" target=\"_self\" data-index=\"6\"><img decoding=\"async\" class=\"wpmf_img\" alt=\"SAM_4990\" src=\"https:\/\/bonifratrzy.pl\/dps-iwonicz\/wp-content\/uploads\/sites\/26\/2016\/09\/SAM_4990-480x286.jpg\" data-type=\"wpmfgalleryimg\" data-lazy-src=\"https:\/\/bonifratrzy.pl\/dps-iwonicz\/wp-content\/uploads\/sites\/26\/2016\/09\/SAM_4990-480x286.jpg\"><\/a><\/div><\/div><\/div><\/figure><figure class=\"wpmf-gallery-item\" data-index=\"7\"><div class=\"wpmf-gallery-icon\"><div class=\"square_thumbnail\"><div class=\"img_centered\"><a class=\" not_video noLightbox\" data-lightbox=\"1\" data-href=\"https:\/\/bonifratrzy.pl\/dps-iwonicz\/wp-content\/uploads\/sites\/26\/2016\/09\/SAM_4998.jpg\" title=\"SAM_4998\" target=\"_self\" data-index=\"7\"><img decoding=\"async\" class=\"wpmf_img\" alt=\"SAM_4998\" src=\"https:\/\/bonifratrzy.pl\/dps-iwonicz\/wp-content\/uploads\/sites\/26\/2016\/09\/SAM_4998-480x286.jpg\" data-type=\"wpmfgalleryimg\" data-lazy-src=\"https:\/\/bonifratrzy.pl\/dps-iwonicz\/wp-content\/uploads\/sites\/26\/2016\/09\/SAM_4998-480x286.jpg\"><\/a><\/div><\/div><\/div><\/figure><figure class=\"wpmf-gallery-item\" data-index=\"8\"><div class=\"wpmf-gallery-icon\"><div class=\"square_thumbnail\"><div class=\"img_centered\"><a class=\" not_video noLightbox\" data-lightbox=\"1\" data-href=\"https:\/\/bonifratrzy.pl\/dps-iwonicz\/wp-content\/uploads\/sites\/26\/2016\/09\/SAM_5006.jpg\" title=\"SAM_5006\" target=\"_self\" data-index=\"8\"><img decoding=\"async\" class=\"wpmf_img\" alt=\"SAM_5006\" src=\"https:\/\/bonifratrzy.pl\/dps-iwonicz\/wp-content\/uploads\/sites\/26\/2016\/09\/SAM_5006-480x286.jpg\" data-type=\"wpmfgalleryimg\" data-lazy-src=\"https:\/\/bonifratrzy.pl\/dps-iwonicz\/wp-content\/uploads\/sites\/26\/2016\/09\/SAM_5006-480x286.jpg\"><\/a><\/div><\/div><\/div><\/figure><\/div><\/div>\n","protected":false},"excerpt":{"rendered":"<p>Zaj\u0119cia te, maj\u0105 na celu wdra\u017canie do funkcjonowania w grupie r\u00f3wie\u015bniczej, rozwijaj\u0105 umiej\u0119tno\u015b\u0107 dostrzegania i rozumienia emocji, kontekstu sytuacyjnego czy spo\u0142ecznego. Poprzez r\u00f3\u017cnorodn\u0105 aktywno\u015b\u0107 uczestnicy rozwijaj\u0105 umiej\u0119tno\u015b\u0107 s\u0142uchania si\u0119 nawzajem, rozwijaj\u0105 pozytywn\u0105 samoocen\u0119 i poczucie w\u0142asnej warto\u015bci. Chcemy da\u0107 naszym podopiecznym mo\u017cliwo\u015b\u0107 pe\u0142nego wykorzystania potencja\u0142u, jakim dysponuj\u0105. Umo\u017cliwi to kszta\u0142towanie i rozwijanie umiej\u0119tno\u015bci przydatnych w [&hellip;]<\/p>\n","protected":false},"author":1,"featured_media":0,"parent":25,"menu_order":12,"comment_status":"closed","ping_status":"closed","template":"","meta":{"footnotes":""},"_links":{"self":[{"href":"https:\/\/bonifratrzy.pl\/dps-iwonicz\/wp-json\/wp\/v2\/pages\/256"}],"collection":[{"href":"https:\/\/bonifratrzy.pl\/dps-iwonicz\/wp-json\/wp\/v2\/pages"}],"about":[{"href":"https:\/\/bonifratrzy.pl\/dps-iwonicz\/wp-json\/wp\/v2\/types\/page"}],"author":[{"embeddable":true,"href":"https:\/\/bonifratrzy.pl\/dps-iwonicz\/wp-json\/wp\/v2\/users\/1"}],"replies":[{"embeddable":true,"href":"https:\/\/bonifratrzy.pl\/dps-iwonicz\/wp-json\/wp\/v2\/comments?post=256"}],"version-history":[{"count":2,"href":"https:\/\/bonifratrzy.pl\/dps-iwonicz\/wp-json\/wp\/v2\/pages\/256\/revisions"}],"predecessor-version":[{"id":1737,"href":"https:\/\/bonifratrzy.pl\/dps-iwonicz\/wp-json\/wp\/v2\/pages\/256\/revisions\/1737"}],"up":[{"embeddable":true,"href":"https:\/\/bonifratrzy.pl\/dps-iwonicz\/wp-json\/wp\/v2\/pages\/25"}],"wp:attachment":[{"href":"https:\/\/bonifratrzy.pl\/dps-iwonicz\/wp-json\/wp\/v2\/media?parent=256"}],"curies":[{"name":"wp","href":"https:\/\/api.w.org\/{rel}","templated":true}]}}