{"id":25,"date":"2016-01-28T00:49:55","date_gmt":"2016-01-27T23:49:55","guid":{"rendered":"https:\/\/bonifratrzy.pl\/dps-iwonicz\/?page_id=25"},"modified":"2021-09-27T07:35:30","modified_gmt":"2021-09-27T05:35:30","slug":"projekt-wspolfinansowany-ze-srodkow-pfron","status":"publish","type":"page","link":"https:\/\/bonifratrzy.pl\/dps-iwonicz\/projekty\/projekt-wspolfinansowany-ze-srodkow-pfron\/","title":{"rendered":"\u201eRozw\u00f3j umiej\u0119tno\u015bci samoobs\u0142ugowych, spo\u0142ecznych i zawodowych u os\u00f3b niepe\u0142nosprawnych intelektualnie perspektyw\u0105 usamodzielnienia si\u0119\u201d-Projekt wsp\u00f3\u0142finansowany ze \u015brodk\u00f3w PFRON,01.04.2016-31.03.2018"},"content":{"rendered":"<h2 style=\"text-align: center\"><a href=\"https:\/\/bonifratrzy.pl\/dps-iwonicz\/wp-content\/uploads\/sites\/26\/2016\/01\/logo_PFRON_2011_r.jpg\"><img loading=\"lazy\" decoding=\"async\" class=\"wp-image-236 aligncenter\" src=\"https:\/\/bonifratrzy.pl\/dps-iwonicz\/wp-content\/uploads\/sites\/26\/2016\/01\/logo_PFRON_2011_r-300x167.jpg\" alt=\"logo_PFRON_2011_r\" width=\"256\" height=\"143\" srcset=\"https:\/\/bonifratrzy.pl\/dps-iwonicz\/wp-content\/uploads\/sites\/26\/2016\/01\/logo_PFRON_2011_r-300x167.jpg 300w, https:\/\/bonifratrzy.pl\/dps-iwonicz\/wp-content\/uploads\/sites\/26\/2016\/01\/logo_PFRON_2011_r-1024x569.jpg 1024w\" sizes=\"(max-width: 256px) 100vw, 256px\" \/><\/a><\/h2>\n<h2 style=\"text-align: center\">Projekt\u00a0 pn.<\/h2>\n<h2 style=\"text-align: center\">\u201eRozw\u00f3j umiej\u0119tno\u015bci samoobs\u0142ugowych, spo\u0142ecznych i zawodowych u os\u00f3b niepe\u0142nosprawnych intelektualnie perspektyw\u0105 usamodzielnienia si\u0119\u201d<\/h2>\n<h2 style=\"text-align: center\">wsp\u00f3\u0142finansowany przez Pa\u0144stwowy Fundusz Rehabilitacji Os\u00f3b Niepe\u0142nosprawnych &#8211; Konkursu 24 na\u00a0 Zlecanie zada\u0144 w ramach art. 36 ustawy o rehabilitacji<\/h2>\n<p>&nbsp;<\/p>\n<p style=\"text-align: justify\">Celem projektu jest zdobywanie nowych umiej\u0119tno\u015bci oraz doskonalenie ju\u017c wyuczonych, przydatnych w codziennym \u017cyciu w obszarze samoobs\u0142ugi, \u017cycia spo\u0142ecznego i zawodowego, a przez to zwi\u0119kszenie szansy na usamodzielnienie si\u0119 os\u00f3b niepe\u0142nosprawnych intelektualnie.<\/p>\n<p style=\"text-align: justify\"><strong>Czas trwania projektu: od 01.04.2016r. do 31.03.2018r.<\/strong><\/p>\n<p style=\"text-align: justify\"><strong>Opis projektu:<\/strong><\/p>\n<p style=\"text-align: justify\">Projekt umo\u017cliwia prowadzenie rozszerzonych us\u0142ug aktywizuj\u0105cych wobec podopiecznych Domu Pomocy Spo\u0142ecznej Zakonu Bonifratr\u00f3w w Iwoniczu tj. niepe\u0142nosprawnych intelektualnie doros\u0142ych m\u0119\u017cczyzn. Zesp\u00f3\u0142 specjalist\u00f3w poprzez oferowane zaj\u0119cia\/warsztaty\u00a0 terapeutyczne, animacyjne i rehabilitacyjne wspiera grup\u0119 80 beneficjent\u00f3w w procesie rozwijania samodzielno\u015bci, kt\u00f3ra daje szans\u0119 na zwi\u0119kszenie dost\u0119pu i udzia\u0142u tych os\u00f3b w \u017cyciu spo\u0142ecznym, kulturalnym i zawodowym.<\/p>\n<p style=\"text-align: justify\">Ze wzgl\u0119du na specyfik\u0119 niepe\u0142nosprawno\u015bci intelektualnej beneficjenci zostali podzieleni na 2 grupy.<\/p>\n<p style=\"text-align: justify\">Pierwsza grupa obejmuje 50 os\u00f3b z g\u0142\u0119bsz\u0105 niepe\u0142nosprawno\u015bci\u0105, kt\u00f3re korzystaj\u0105 z indywidualnych zaj\u0119\u0107 pedagogicznych bazuj\u0105cych na potencjalnych mo\u017cliwo\u015bciach i mocnych stronach uczestnik\u00f3w. Pocz\u0105wszy od zaj\u0119\u0107 polisensorycznych poprzez szereg trening\u00f3w praktycznych prostych czynno\u015bci lub element\u00f3w czynno\u015bci beneficjenci poprawiaj\u0105 swoj\u0105 percepcj\u0119 i komunikacj\u0119 z otoczeniem oraz nabywaj\u0105 nowe lub doskonal\u0105 ju\u017c wyuczone umiej\u0119tno\u015bci samoobs\u0142ugowe i inne celowe proste czynno\u015bci u\u017cyteczne spo\u0142ecznie.\u00a0 Dodatkowo dzi\u0119ki zastosowaniu w terapii form relaksacyjnych ( elementy muzykoterapii i biblioterapii ) otwieraj\u0105 si\u0119 na nowe doznania i prze\u017cywaj\u0105 pozytywne emocje.<\/p>\n<p style=\"text-align: justify\">Druga grupa to 30 os\u00f3b z l\u017cejsz\u0105 niepe\u0142nosprawno\u015bci\u0105 intelektualn\u0105, kt\u00f3re zosta\u0142y obj\u0119te grupowymi zaj\u0119ciami\/warsztatami pedagogicznymi, kt\u00f3re pozwol\u0105 im doskonali\u0107 umiej\u0119tno\u015bci przydatne w codziennym \u017cyciu zwi\u0105zane z samoobs\u0142ug\u0105, nawi\u0105zywaniem i budowaniem relacji interpersonalnych, radzeniem sobie w trudnych sytuacjach czy za\u0142atwianiem spraw urz\u0119dowych i korzystaniem z us\u0142ug na zewn\u0105trz plac\u00f3wki. Z tej grupy mieszka\u0144c\u00f3w 10 os\u00f3b w pierwszym roku i 15 os\u00f3b w drugim roku b\u0119dzie uczestniczy\u0142o w zaj\u0119ciach kulinarnych, w czasie kt\u00f3rych naucz\u0105 si\u0119 przygotowywania prostych posi\u0142k\u00f3w i dodatkowych czynno\u015bci z tym zwi\u0105zanych. Natomiast 20 os\u00f3b z tej grupy korzysta z warsztat\u00f3w ogrodniczych umo\u017cliwiaj\u0105cych beneficjentom, kt\u00f3rzy ju\u017c nauczyli si\u0119 wielu czynno\u015bci zwi\u0105zanych z prac\u0105 w ogrodzie, dalsze kszta\u0142cenie zawodowe w tym kierunku, aby w przysz\u0142o\u015bci mogli podj\u0105\u0107 zatrudnienie na otwartym rynku pracy. Ponadto beneficjenci ( 30 os\u00f3b ) uczestnicz\u0105 w warsztatach animacyjnych, kt\u00f3rych celem jest rozbudzanie i rozwijanie zainteresowa\u0144, a dzi\u0119ki zaj\u0119ciom komputerowym i fotograficznym rozwijaj\u0105 konkretne umiej\u0119tno\u015bci.<\/p>\n<p style=\"text-align: justify\">Wszyscy beneficjenci tj. 80 os\u00f3b zostali obj\u0119ci rehabilitacj\u0105 og\u00f3lnousprawniaj\u0105c\u0105, a 60 os\u00f3b zakwalifikowano do zaj\u0119\u0107 hipoterapii, co dodatkowo wzmocni aktywno\u015b\u0107, poprawi kondycj\u0119 fizyczn\u0105, nastr\u00f3j\u00a0 i samopoczucie.<\/p>\n<p style=\"text-align: justify\"><strong>Harmonogram wsparcia:<\/strong><\/p>\n<p style=\"text-align: justify\">Us\u0142ugi na rzecz os\u00f3b niepe\u0142nosprawnych s\u0105 \u015bwiadczone w spos\u00f3b ci\u0105g\u0142y. Zaj\u0119cia odbywaj\u0105 si\u0119 codziennie od poniedzia\u0142ku do pi\u0105tku, w razie potrzeby r\u00f3wnie\u017c w sobot\u0119, przez ca\u0142y okres realizacji projektu ( tj. 12 miesi\u0119cy w pierwszym okresie i \u00a012 miesi\u0119cy w drugim okresie ).<\/p>\n<ol style=\"text-align: justify\">\n<li>Animacja czasu wolnego \u2013 80 godzin miesi\u0119cznie<\/li>\n<li>Zaj\u0119cia kulinarne \u2013 80 godzin miesi\u0119cznie<\/li>\n<li>Zaj\u0119cia ogrodnicze \u2013 80 godzin miesi\u0119cznie<\/li>\n<li>Zaj\u0119cia terapeutyczne grupowe \u2013 80 godzin miesi\u0119cznie<\/li>\n<li>Zaj\u0119cia terapeutyczne indywidualne \u2013 80 godzin miesi\u0119cznie<\/li>\n<li>Rehabilitacja usprawniaj\u0105ca \u2013 160 godzin miesi\u0119cznie<\/li>\n<li>Hipoterapia \u2013 80 godzin miesi\u0119cznie<\/li>\n<\/ol>\n<p style=\"text-align: justify\"><strong>Zasady rekrutacji:<\/strong><\/p>\n<p style=\"text-align: justify\">Beneficjentami projektu s\u0105 mieszka\u0144cy Domu Pomocy Spo\u0142ecznej Zakonu Bonifratr\u00f3w w Iwoniczu. Do projektu zakwalifikowano 80 os\u00f3b. Rekrutacja beneficjent\u00f3w ostatecznych projektu odbywa si\u0119 na podstawie indywidualnej diagnozy, kt\u00f3r\u0105 przygotowa\u0142 zesp\u00f3\u0142 specjalist\u00f3w. Kwalifikacja do poszczeg\u00f3lnych form wsparcia odbywa si\u0119 na podstawie analizy przeprowadzonej diagnozy oraz indywidualnej rozmowy z beneficjentem, przez zesp\u00f3\u0142 sk\u0142adaj\u0105cy si\u0119 z zatrudnionych w projekcie specjalist\u00f3w oraz bezpo\u015bredniego opiekuna mieszka\u0144ca i kierownika dzia\u0142u terapeutyczno-opieku\u0144czego. Beneficjenci kwalifikowani do hipoterapii musz\u0105 posiada\u0107 za\u015bwiadczenie lekarza o braku przeciwwskaza\u0144 do tej formy rehabilitacji.<\/p>\n<p style=\"text-align: justify\"><ul class=\"su-subpages btnlink\"><li class=\"page_item page-item-258\"><a href=\"https:\/\/bonifratrzy.pl\/dps-iwonicz\/projekty\/projekt-wspolfinansowany-ze-srodkow-pfron\/zajecia-terapeutyczne-indywidualne\/\">Zaj\u0119cia terapeutyczne indywidualne<\/a><\/li>\n<li class=\"page_item page-item-319\"><a href=\"https:\/\/bonifratrzy.pl\/dps-iwonicz\/projekty\/projekt-wspolfinansowany-ze-srodkow-pfron\/hipoterapia\/\">Hipoterapia<\/a><\/li>\n<li class=\"page_item page-item-260\"><a href=\"https:\/\/bonifratrzy.pl\/dps-iwonicz\/projekty\/projekt-wspolfinansowany-ze-srodkow-pfron\/rehabilitacja-usprawniajaca\/\">Rehabilitacja usprawniaj\u0105ca<\/a><\/li>\n<li class=\"page_item page-item-256\"><a href=\"https:\/\/bonifratrzy.pl\/dps-iwonicz\/projekty\/projekt-wspolfinansowany-ze-srodkow-pfron\/zajecia-terapeutyczne-grupowe\/\">Zaj\u0119cia terapeutyczne grupowe<\/a><\/li>\n<li class=\"page_item page-item-254\"><a href=\"https:\/\/bonifratrzy.pl\/dps-iwonicz\/projekty\/projekt-wspolfinansowany-ze-srodkow-pfron\/zajecia-ogrodnicze\/\">Zaj\u0119cia ogrodnicze<\/a><\/li>\n<li class=\"page_item page-item-252\"><a href=\"https:\/\/bonifratrzy.pl\/dps-iwonicz\/projekty\/projekt-wspolfinansowany-ze-srodkow-pfron\/zajecia-kulinarne\/\">Zaj\u0119cia kulinarne<\/a><\/li>\n<li class=\"page_item page-item-250\"><a href=\"https:\/\/bonifratrzy.pl\/dps-iwonicz\/projekty\/projekt-wspolfinansowany-ze-srodkow-pfron\/animacja-czasu-wolnego\/\">Animacja czasu wolnego<\/a><\/li>\n<\/ul>\n<p style=\"text-align: justify\">\n","protected":false},"excerpt":{"rendered":"<p>Projekt\u00a0 pn. \u201eRozw\u00f3j umiej\u0119tno\u015bci samoobs\u0142ugowych, spo\u0142ecznych i zawodowych u os\u00f3b niepe\u0142nosprawnych intelektualnie perspektyw\u0105 usamodzielnienia si\u0119\u201d wsp\u00f3\u0142finansowany przez Pa\u0144stwowy Fundusz Rehabilitacji Os\u00f3b Niepe\u0142nosprawnych &#8211; Konkursu 24 na\u00a0 Zlecanie zada\u0144 w ramach art. 36 ustawy o rehabilitacji &nbsp; Celem projektu jest zdobywanie nowych umiej\u0119tno\u015bci oraz doskonalenie ju\u017c wyuczonych, przydatnych w codziennym \u017cyciu w obszarze samoobs\u0142ugi, \u017cycia spo\u0142ecznego [&hellip;]<\/p>\n","protected":false},"author":1,"featured_media":0,"parent":5942,"menu_order":8,"comment_status":"closed","ping_status":"closed","template":"","meta":{"footnotes":""},"_links":{"self":[{"href":"https:\/\/bonifratrzy.pl\/dps-iwonicz\/wp-json\/wp\/v2\/pages\/25"}],"collection":[{"href":"https:\/\/bonifratrzy.pl\/dps-iwonicz\/wp-json\/wp\/v2\/pages"}],"about":[{"href":"https:\/\/bonifratrzy.pl\/dps-iwonicz\/wp-json\/wp\/v2\/types\/page"}],"author":[{"embeddable":true,"href":"https:\/\/bonifratrzy.pl\/dps-iwonicz\/wp-json\/wp\/v2\/users\/1"}],"replies":[{"embeddable":true,"href":"https:\/\/bonifratrzy.pl\/dps-iwonicz\/wp-json\/wp\/v2\/comments?post=25"}],"version-history":[{"count":3,"href":"https:\/\/bonifratrzy.pl\/dps-iwonicz\/wp-json\/wp\/v2\/pages\/25\/revisions"}],"predecessor-version":[{"id":5915,"href":"https:\/\/bonifratrzy.pl\/dps-iwonicz\/wp-json\/wp\/v2\/pages\/25\/revisions\/5915"}],"up":[{"embeddable":true,"href":"https:\/\/bonifratrzy.pl\/dps-iwonicz\/wp-json\/wp\/v2\/pages\/5942"}],"wp:attachment":[{"href":"https:\/\/bonifratrzy.pl\/dps-iwonicz\/wp-json\/wp\/v2\/media?parent=25"}],"curies":[{"name":"wp","href":"https:\/\/api.w.org\/{rel}","templated":true}]}}