{"id":225,"date":"2016-09-02T01:06:02","date_gmt":"2016-09-01T23:06:02","guid":{"rendered":"https:\/\/bonifratrzy.pl\/dps-iwonicz\/?page_id=225"},"modified":"2016-09-02T01:06:17","modified_gmt":"2016-09-01T23:06:17","slug":"ogloszenie-o-udzieleniu-zamowienia-uslugi","status":"publish","type":"page","link":"https:\/\/bonifratrzy.pl\/dps-iwonicz\/projekty\/szwajcarsko-polski-program-wspolpracy\/ogloszenie-o-udzieleniu-zamowienia-uslugi\/","title":{"rendered":"OG\u0141OSZENIE O UDZIELENIU ZAM\u00d3WIENIA &#8211; Us\u0142ugi"},"content":{"rendered":"<p><strong>Iwonicz: organizacja i przeprowadzenie szkole\u0144 dla pracownik\u00f3w w ramach realizacji Projektu &#8222;Pod Bezpiecznym Dachem &#8211; innowacyjny rozw\u00f3j infrastruktury DPS w Iwoniczu&#8221;<\/strong><\/p>\n<p>data zamieszczenia: 27.06.2014<\/p>\n<p><strong>OG\u0141OSZENIE O UDZIELENIU ZAM\u00d3WIENIA &#8211; Us\u0142ugi<\/strong><\/p>\n<p>Zamieszczanie og\u0142oszenia: nieobowi\u0105zkowe.<\/p>\n<p><strong>SEKCJA I: ZAMAWIAJ\u0104CY<\/strong><br \/>\nI. 1) NAZWA I ADRES: Konwent oo. Bonifrat\u00f3w pw. \u015bw. El\u017cbiety, ul. Floria\u0144ska 19, 38-440 Iwonicz, woj. podkarpackie, tel. 0-13 4351314, 4250138, faks 0-13 4250130.<br \/>\nI. 2) RODZAJ ZAMAWIAJ\u0104CEGO: Inny: Ko\u015bcielna Osoba Prawna.<\/p>\n<p><strong>SEKCJA II: PRZEDMIOT ZAM\u00d3WIENIA<\/strong><br \/>\nII.1) Nazwa nadana zam\u00f3wieniu przez zamawiaj\u0105cego: organizacja i przeprowadzenie szkole\u0144 dla pracownik\u00f3w w ramach realizacji Projektu &#8222;Pod Bezpiecznym Dachem &#8211; innowacyjny rozw\u00f3j in-frastruktury DPS w Iwoniczu&#8221;.<br \/>\nII.2) Rodzaj zam\u00f3wienia: Us\u0142ugi.<br \/>\nII.3) Okre\u015blenie przedmiotu zam\u00f3wienia: Przedmiotem zam\u00f3wienia jest: organizacja i przeprowa-dzenie szkole\u0144 dla pracownik\u00f3w w ramach realizacji Projektu &#8222;Pod Bezpiecznym Dachem &#8211; innowacyjny rozw\u00f3j infrastruktury DPS w Iwoniczu&#8221;<\/p>\n<p><strong>SEKCJA III: PROCEDURA<\/strong><br \/>\nIII.1) TRYB UDZIELENIA ZAM\u00d3WIENIA: Przetarg nieograniczony<br \/>\nIII.2) INFORMACJE ADMINISTRACYJNE<br \/>\n\u2022 Zam\u00f3wienie dotyczy projektu\/programu finansowanego ze \u015brodk\u00f3w Unii Europejskiej: tak, projekt\/program: Projekt w ramach Szwajcarsko-Polskiego Programu Wsp\u00f3\u0142pracy pn. Pod Bezpiecznym Dachem &#8211; innowacyjny rozw\u00f3j infrastruktury DPS w Iwoniczu.<\/p>\n<p><strong>SEKCJA IV: UDZIELENIE ZAM\u00d3WIENIA<\/strong><br \/>\nIV.1) DATA UDZIELENIA ZAM\u00d3WIENIA: 27.06.2014.<br \/>\nIV.2) LICZBA OTRZYMANYCH OFERT: 2.<br \/>\nIV.3) LICZBA ODRZUCONYCH OFERT: 0.<br \/>\nIV.4) NAZWA I ADRES WYKONAWCY, KT\u00d3REMU UDZIELONO ZAM\u00d3WIENIA:<br \/>\n\u2022 KDR Kszta\u0142cenie Doskonalenie Rozw\u00f3j Marlena Adamska ul. Gackowskiego 1\/21, 85-137 Bydgoszcz \/woj. kujawsko-pomorskie.<br \/>\nIV.5) Szacunkowa warto\u015b\u0107 zam\u00f3wienia (bez VAT): 162 543,08 PLN.<br \/>\nIV.6) INFORMACJA O CENIE WYBRANEJ OFERTY ORAZ O OFERTACH Z NAJNI\u017bSZ\u0104 I NAJWY\u017bSZ\u0104 CEN\u0104<br \/>\n\u2022 Cena wybranej oferty: 199 260,00<br \/>\n\u2022 Oferta z najni\u017csz\u0105 cen\u0105: 199 260,00 \/ Oferta z najwy\u017csz\u0105 cen\u0105: 246 000,00<br \/>\n\u2022 Waluta: PLN.<\/p>\n<p style=\"text-align: center;\"><strong>Projekt: &#8221; Pod Bezpiecznym Dachem &#8211; innowacyjny rozw\u00f3j infrastruktury DPS w Iwoniczu &#8221;<br \/>\nfinansowany ze \u015brodk\u00f3w Szwajcarsko &#8211; Polskiego Programu Wsp\u00f3\u0142pracy.<\/strong><\/p>\n","protected":false},"excerpt":{"rendered":"<p>Iwonicz: organizacja i przeprowadzenie szkole\u0144 dla pracownik\u00f3w w ramach realizacji Projektu &#8222;Pod Bezpiecznym Dachem &#8211; innowacyjny rozw\u00f3j infrastruktury DPS w Iwoniczu&#8221; data zamieszczenia: 27.06.2014 OG\u0141OSZENIE O UDZIELENIU ZAM\u00d3WIENIA &#8211; Us\u0142ugi Zamieszczanie og\u0142oszenia: nieobowi\u0105zkowe. SEKCJA I: ZAMAWIAJ\u0104CY I. 1) NAZWA I ADRES: Konwent oo. Bonifrat\u00f3w pw. \u015bw. El\u017cbiety, ul. Floria\u0144ska 19, 38-440 Iwonicz, woj. podkarpackie, tel. [&hellip;]<\/p>\n","protected":false},"author":1,"featured_media":0,"parent":19,"menu_order":31,"comment_status":"closed","ping_status":"closed","template":"","meta":{"footnotes":""},"_links":{"self":[{"href":"https:\/\/bonifratrzy.pl\/dps-iwonicz\/wp-json\/wp\/v2\/pages\/225"}],"collection":[{"href":"https:\/\/bonifratrzy.pl\/dps-iwonicz\/wp-json\/wp\/v2\/pages"}],"about":[{"href":"https:\/\/bonifratrzy.pl\/dps-iwonicz\/wp-json\/wp\/v2\/types\/page"}],"author":[{"embeddable":true,"href":"https:\/\/bonifratrzy.pl\/dps-iwonicz\/wp-json\/wp\/v2\/users\/1"}],"replies":[{"embeddable":true,"href":"https:\/\/bonifratrzy.pl\/dps-iwonicz\/wp-json\/wp\/v2\/comments?post=225"}],"version-history":[{"count":0,"href":"https:\/\/bonifratrzy.pl\/dps-iwonicz\/wp-json\/wp\/v2\/pages\/225\/revisions"}],"up":[{"embeddable":true,"href":"https:\/\/bonifratrzy.pl\/dps-iwonicz\/wp-json\/wp\/v2\/pages\/19"}],"wp:attachment":[{"href":"https:\/\/bonifratrzy.pl\/dps-iwonicz\/wp-json\/wp\/v2\/media?parent=225"}],"curies":[{"name":"wp","href":"https:\/\/api.w.org\/{rel}","templated":true}]}}