{"id":215,"date":"2016-09-02T00:57:55","date_gmt":"2016-09-01T22:57:55","guid":{"rendered":"https:\/\/bonifratrzy.pl\/dps-iwonicz\/?page_id=215"},"modified":"2016-11-08T13:54:02","modified_gmt":"2016-11-08T12:54:02","slug":"ogrodnicy-naszym-domu","status":"publish","type":"page","link":"https:\/\/bonifratrzy.pl\/dps-iwonicz\/projekty\/projekt-partnerski-leonardo-da-vinci\/ogrodnicy-naszym-domu\/","title":{"rendered":"Ogrodnicy w naszym Domu"},"content":{"rendered":"<ul class=\"su-subpages btnlink\"><li class=\"page_item page-item-211\"><a href=\"https:\/\/bonifratrzy.pl\/dps-iwonicz\/projekty\/projekt-partnerski-leonardo-da-vinci\/czym-polega-realizacja-naszego-partnerstwa-ldv\/\">Na czym polega realizacja naszego partnerstwa w LdV<\/a><\/li>\n<li class=\"page_item page-item-215\"><a href=\"https:\/\/bonifratrzy.pl\/dps-iwonicz\/projekty\/projekt-partnerski-leonardo-da-vinci\/ogrodnicy-naszym-domu\/\">Ogrodnicy w naszym Domu<\/a><\/li>\n<li class=\"page_item page-item-217\"><a href=\"https:\/\/bonifratrzy.pl\/dps-iwonicz\/projekty\/projekt-partnerski-leonardo-da-vinci\/kalendarium\/\">Kalendarium<\/a><\/li>\n<\/ul>\n<div class=\"su-spacer\" style=\"height:20px\"><\/div>\n<p>Mamy nadziej\u0119, \u017ce dzi\u0119ki Projektowi LdV nasz Dom b\u0119dzie bogaty w ogrodnik\u00f3w. We wst\u0119pnej fazie realizacji Projektu wy\u0142onili\u015bmy grup\u0119 Leonardczyk\u00f3w, czyli 12 podopiecznych chc\u0105cych przygotowa\u0107 si\u0119 do pracy ogrodniczej i 8 zaanga\u017cowanych pracownik\u00f3w, kt\u00f3rzy wesp\u00f3\u0142 z podopiecznymi realizuj\u0105 cele zawarte w LdV ( praca w ogrodzie ).<\/p>\n<p>W pa\u017adzierniku 2011 roku w niezagospodarowanej cz\u0119\u015bci ogrodu przy naszej plac\u00f3wce powsta\u0142 ogr\u00f3d owocowo &#8211; warzywny, kt\u00f3ry opr\u00f3cz cel\u00f3w szkoleniowych ju\u017c teraz daje nam pierwsze plony ( rzodkiewki, sa\u0142ata, szczypior, koper, truskawki, kwiaty) i przede wszystkim du\u017co rado\u015bci i satysfakcji.<\/p>\n<p>Wszystkie praktyczne czynno\u015bci przy zak\u0142adaniu ogrodu ( rozgru\u017alanie, formowanie, nasadzenia, siew) zosta\u0142y wykonane przez Leonardczyk\u00f3w przy pomocy naszych wolontariuszy oraz wielu zaanga\u017cowanych pracownik\u00f3w Domu. Wi\u0119kszo\u015b\u0107 materia\u0142\u00f3w do nasadze\u0144 ( nasion, sadzonek) zosta\u0142a uzyskana w wyniku akcji promuj\u0105co &#8211; informuj\u0105cej przygotowanej przez uczestnik\u00f3w Projektu skierowanej do spo\u0142eczno\u015bci Domu i na zewn\u0105trz.<\/p>\n<p>Mamy te\u017c marzenie, aby rozpocz\u0119te dzia\u0142ania utrwali\u0107 i nada\u0107 im tak\u0105 form\u0119, aby sta\u0142y si\u0119 wa\u017cnym elementem wsparcia dla naszych podopiecznych, a przede wszystkim by by\u0142y pocz\u0105tkiem autentycznej terapii przez prac\u0119, a by\u0107 mo\u017ce w przysz\u0142o\u015bci wi\u0105za\u0142o by si\u0119 to z mo\u017cliwo\u015bci\u0105 zatrudnienia. W tym te\u017c celu pozyskali\u015bmy pomieszczenie na warsztat, narz\u0119dziowni\u0119, powstaje wiele materia\u0142\u00f3w opartych na alternatywnej komunikacji wspieraj\u0105cej kszta\u0142cenie os\u00f3b ze specjaln\u0105 potrzeb\u0105 uczenia si\u0119.<\/p>\n<p>W toku pracy odkryli\u015bmy nowy obszar, mianowicie obszar przetw\u00f3rstwa, kt\u00f3ry rozwija nam terapi\u0119 kulinarn\u0105, a jest bardzo atrakcyjny w naszym Domu, poniewa\u017c nasi podopieczni to prawdziwe \u0142akomczuchy. Nie bez znaczenia jest tu aspekt estetyczny, ekonomiczny i edukacyjny &#8211; kiedy podopieczny obserwuje drog\u0119 warzywa od nasionka do sa\u0142atki.<\/p>\n<p>W otoczeniu naszej dzia\u0142ki uprawnej mamy te\u017c w planie stworzy\u0107 miejsce spotka\u0144 i mi\u0142ego sp\u0119dzania czasu. Jest to zwi\u0105zane z tym, i\u017c dostrzegamy jak nasi podopieczni z w\u0142asnej inicjatywy odwiedzaj\u0105 ogr\u00f3d, prowadz\u0105 debaty, rozmawiaj\u0105 na temat uprawy, a nierzadko i k\u0142\u00f3c\u0105 si\u0119 rozstrzygaj\u0105c sprawy jak np. wysoko\u015b\u0107 tyczki do fasoli.<\/p>\n","protected":false},"excerpt":{"rendered":"<p>Mamy nadziej\u0119, \u017ce dzi\u0119ki Projektowi LdV nasz Dom b\u0119dzie bogaty w ogrodnik\u00f3w. We wst\u0119pnej fazie realizacji Projektu wy\u0142onili\u015bmy grup\u0119 Leonardczyk\u00f3w, czyli 12 podopiecznych chc\u0105cych przygotowa\u0107 si\u0119 do pracy ogrodniczej i 8 zaanga\u017cowanych pracownik\u00f3w, kt\u00f3rzy wesp\u00f3\u0142 z podopiecznymi realizuj\u0105 cele zawarte w LdV ( praca w ogrodzie ). W pa\u017adzierniku 2011 roku w niezagospodarowanej cz\u0119\u015bci ogrodu [&hellip;]<\/p>\n","protected":false},"author":1,"featured_media":0,"parent":21,"menu_order":28,"comment_status":"closed","ping_status":"closed","template":"","meta":{"footnotes":""},"_links":{"self":[{"href":"https:\/\/bonifratrzy.pl\/dps-iwonicz\/wp-json\/wp\/v2\/pages\/215"}],"collection":[{"href":"https:\/\/bonifratrzy.pl\/dps-iwonicz\/wp-json\/wp\/v2\/pages"}],"about":[{"href":"https:\/\/bonifratrzy.pl\/dps-iwonicz\/wp-json\/wp\/v2\/types\/page"}],"author":[{"embeddable":true,"href":"https:\/\/bonifratrzy.pl\/dps-iwonicz\/wp-json\/wp\/v2\/users\/1"}],"replies":[{"embeddable":true,"href":"https:\/\/bonifratrzy.pl\/dps-iwonicz\/wp-json\/wp\/v2\/comments?post=215"}],"version-history":[{"count":0,"href":"https:\/\/bonifratrzy.pl\/dps-iwonicz\/wp-json\/wp\/v2\/pages\/215\/revisions"}],"up":[{"embeddable":true,"href":"https:\/\/bonifratrzy.pl\/dps-iwonicz\/wp-json\/wp\/v2\/pages\/21"}],"wp:attachment":[{"href":"https:\/\/bonifratrzy.pl\/dps-iwonicz\/wp-json\/wp\/v2\/media?parent=215"}],"curies":[{"name":"wp","href":"https:\/\/api.w.org\/{rel}","templated":true}]}}