{"id":211,"date":"2016-09-02T00:55:51","date_gmt":"2016-09-01T22:55:51","guid":{"rendered":"https:\/\/bonifratrzy.pl\/dps-iwonicz\/?page_id=211"},"modified":"2016-11-08T13:53:54","modified_gmt":"2016-11-08T12:53:54","slug":"czym-polega-realizacja-naszego-partnerstwa-ldv","status":"publish","type":"page","link":"https:\/\/bonifratrzy.pl\/dps-iwonicz\/projekty\/projekt-partnerski-leonardo-da-vinci\/czym-polega-realizacja-naszego-partnerstwa-ldv\/","title":{"rendered":"Na czym polega realizacja naszego partnerstwa w LdV"},"content":{"rendered":"<ul class=\"su-subpages btnlink\"><li class=\"page_item page-item-211\"><a href=\"https:\/\/bonifratrzy.pl\/dps-iwonicz\/projekty\/projekt-partnerski-leonardo-da-vinci\/czym-polega-realizacja-naszego-partnerstwa-ldv\/\">Na czym polega realizacja naszego partnerstwa w LdV<\/a><\/li>\n<li class=\"page_item page-item-215\"><a href=\"https:\/\/bonifratrzy.pl\/dps-iwonicz\/projekty\/projekt-partnerski-leonardo-da-vinci\/ogrodnicy-naszym-domu\/\">Ogrodnicy w naszym Domu<\/a><\/li>\n<li class=\"page_item page-item-217\"><a href=\"https:\/\/bonifratrzy.pl\/dps-iwonicz\/projekty\/projekt-partnerski-leonardo-da-vinci\/kalendarium\/\">Kalendarium<\/a><\/li>\n<\/ul>\n<div class=\"su-spacer\" style=\"height:20px\"><\/div>\n<h2 class=\"cl-1\">&#8221; Dobra us\u0142uga&#8221; &#8211; kszta\u0142cenie zawodowe w sektorze us\u0142ugowym dla os\u00f3b ze specjaln\u0105 potrzeb\u0105 uczenia si\u0119.<\/h2>\n<p>Powy\u017cszy tekst stanowi g\u0142\u00f3wne motto naszego partnerstwa w ramach LdV. Grupa naszych pracownik\u00f3w i mieszka\u0144c\u00f3w aktywnie uczestniczy w wyjazdach zagranicznych do o\u015brodk\u00f3w partnerskich. Jest to czas tw\u00f3rczej pracy, wymiany do\u015bwiadcze\u0144 oraz wzajemnego uczenia si\u0119, kt\u00f3re potem wykorzystujemy w naszych codziennych dzia\u0142aniach.<\/p>\n<p>Byli\u015bmy ju\u017c w o\u015brodkach w Niemczech (Straubing) i Austrii (Kainbach). By\u0142y to kilkudniowe spotkania, podczas kt\u00f3rych aktywnie uczestniczyli\u015bmy w zaj\u0119ciach z obszaru us\u0142ug, kt\u00f3re realizuje dany kraj. Grupa niemiecka pokaza\u0142a nam jak mog\u0105 funkcjonowa\u0107 warsztaty dla os\u00f3b niepe\u0142nosprawnych intelektualnie oparte na sformalizowanej pracy.<\/p>\n<p>Zachwycali\u015bmy si\u0119 doskona\u0142\u0105 organizacj\u0105, zaawansowan\u0105 technologi\u0105. Na zaj\u0119ciach w Austrii wg specjalnych metod uczenia si\u0119 ( z wykorzystywaniem instrukcji, udogodnie\u0144) uczyli\u015bmy si\u0119 szy\u0107, wyszywa\u0107 , tka\u0107. Obydwa o\u015brodki zachwyci\u0142y nas ogromem przedsi\u0119wzi\u0119cia, wyposa\u017ceniem, pomys\u0142owo\u015bci\u0105, organizacj\u0105 pracy i r\u00f3\u017cnorodno\u015bci\u0105 wsparcia, jakie \u015bwiadcz\u0105 osobom niepe\u0142nosprawnym. Zainspirowa\u0142a nas \u015bwietnie tam rozwini\u0119ta komunikacja oparta na alternatywnych metodach komunikowania.<\/p>\n<p>Wyjazdy do kraj\u00f3w partnerskich to dla naszych podopiecznych tak\u017ce czas rado\u015bci i emocji. Niezapomniany jest dla nas lot samolotem, lotnisko we Frankfurcie, nowe i smakowite potrawy, cz\u0119sto zabawne pr\u00f3by komunikowania si\u0119 z zagranicznymi przyjaci\u00f3\u0142mi mimo braku umiej\u0119tno\u015bci j\u0119zykowych, wsp\u00f3lne biesiadowanie, \u015bpiewanie i wiele innych. Wszystko to prowadzi do wzrostu kompetencji spo\u0142ecznych, zaradno\u015bci \u017cyciowej, a przede wszystkim gromadzi pi\u0119kne wspomnienia na ca\u0142e \u017cycie.<\/p>\n<h3 class=\"cl-1\">Co robimy w Projekcie<\/h3>\n<p>Poprzez ten Projekt mo\u017cemy zaoferowa\u0107 naszym m\u0142odym podopiecznym dobre kszta\u0142cenie zawodowe, kt\u00f3re pomaga rozwija\u0107 konkretne czynno\u015bci przydatne do podejmowania pracy i pe\u0142nienia r\u00f3l zawodowych. Osoby, kt\u00f3re zdob\u0119d\u0105 kwalifikacje b\u0119d\u0105 oferowa\u0107 ze swej strony dobr\u0105 us\u0142ug\u0119. Formy pracy i metody dostosowane s\u0105 do mo\u017cliwo\u015bci os\u00f3b niepe\u0142nosprawnych intelektualnie. Zakres rozwijanych us\u0142ug w programie to : us\u0142ugi w kuchni i katering, prace ogrodowe, prace w pralni i szwalni oraz w recepcji. Ka\u017cdy z kraj\u00f3w partnerskich skupia si\u0119\u00a0 na rozwijaniu umiej\u0119tno\u015bci\u00a0 w innym obszarze us\u0142ug.<\/p>\n<p>Nasz Dom kieruj\u0105c si\u0119 posiadanymi zasobami, potrzebami oraz wizj\u0105 rozwoju plac\u00f3wki oferuje podopiecznym mo\u017cliwo\u015b\u0107 zdobywania umiej\u0119tno\u015bci pracy w przydomowym ogrodzie i obej\u015bciu Domu. Realizujemy idee, w kt\u00f3rej praca i aktywno\u015b\u0107 zawodowa osoby niepe\u0142nosprawnej intelektualnie s\u0105 jej niepodwa\u017calnym prawem i drog\u0105 do lepszego funkcjonowania. Szczeg\u00f3lnie dla os\u00f3b niepe\u0142nosprawnych intelektualnie potrzebne s\u0105 indywidualne, elastyczne drogi kszta\u0142cenia w po\u0142\u0105czeniu z formaln\u0105 i nieformaln\u0105 nauk\u0105. Konieczne s\u0105 okre\u015blone opracowania: komunikacja wspomagaj\u0105ca, nauczanie praktycznie ukierunkowane na zdobywanie osi\u0105gni\u0119\u0107, umiej\u0119tno\u015b\u0107 otrzymania pracy i jej utrzymania. Uczestnictwo w LdV pozwala nam w\u0142a\u015bnie w Iwoniczu oraz wsp\u00f3lnie z\u00a0 naszymi europejskimi partnerami rozwija\u0107 i tworzy\u0107 innowacyjne materia\u0142y do kszta\u0142cenia ogrodnik\u00f3w.<\/p>\n","protected":false},"excerpt":{"rendered":"<p>&#8221; Dobra us\u0142uga&#8221; &#8211; kszta\u0142cenie zawodowe w sektorze us\u0142ugowym dla os\u00f3b ze specjaln\u0105 potrzeb\u0105 uczenia si\u0119. Powy\u017cszy tekst stanowi g\u0142\u00f3wne motto naszego partnerstwa w ramach LdV. Grupa naszych pracownik\u00f3w i mieszka\u0144c\u00f3w aktywnie uczestniczy w wyjazdach zagranicznych do o\u015brodk\u00f3w partnerskich. Jest to czas tw\u00f3rczej pracy, wymiany do\u015bwiadcze\u0144 oraz wzajemnego uczenia si\u0119, kt\u00f3re potem wykorzystujemy w naszych [&hellip;]<\/p>\n","protected":false},"author":1,"featured_media":0,"parent":21,"menu_order":27,"comment_status":"closed","ping_status":"closed","template":"","meta":{"footnotes":""},"_links":{"self":[{"href":"https:\/\/bonifratrzy.pl\/dps-iwonicz\/wp-json\/wp\/v2\/pages\/211"}],"collection":[{"href":"https:\/\/bonifratrzy.pl\/dps-iwonicz\/wp-json\/wp\/v2\/pages"}],"about":[{"href":"https:\/\/bonifratrzy.pl\/dps-iwonicz\/wp-json\/wp\/v2\/types\/page"}],"author":[{"embeddable":true,"href":"https:\/\/bonifratrzy.pl\/dps-iwonicz\/wp-json\/wp\/v2\/users\/1"}],"replies":[{"embeddable":true,"href":"https:\/\/bonifratrzy.pl\/dps-iwonicz\/wp-json\/wp\/v2\/comments?post=211"}],"version-history":[{"count":0,"href":"https:\/\/bonifratrzy.pl\/dps-iwonicz\/wp-json\/wp\/v2\/pages\/211\/revisions"}],"up":[{"embeddable":true,"href":"https:\/\/bonifratrzy.pl\/dps-iwonicz\/wp-json\/wp\/v2\/pages\/21"}],"wp:attachment":[{"href":"https:\/\/bonifratrzy.pl\/dps-iwonicz\/wp-json\/wp\/v2\/media?parent=211"}],"curies":[{"name":"wp","href":"https:\/\/api.w.org\/{rel}","templated":true}]}}