{"id":19,"date":"2016-01-28T00:46:20","date_gmt":"2016-01-27T23:46:20","guid":{"rendered":"https:\/\/bonifratrzy.pl\/dps-iwonicz\/?page_id=19"},"modified":"2021-09-24T14:07:24","modified_gmt":"2021-09-24T12:07:24","slug":"szwajcarsko-polski-program-wspolpracy","status":"publish","type":"page","link":"https:\/\/bonifratrzy.pl\/dps-iwonicz\/projekty\/szwajcarsko-polski-program-wspolpracy\/","title":{"rendered":"Szwajcarsko-Polski Program Wsp\u00f3\u0142pracy"},"content":{"rendered":"<p class=\"cl-r art_title\"><ul class=\"su-subpages btnlink\"><li class=\"page_item page-item-225\"><a href=\"https:\/\/bonifratrzy.pl\/dps-iwonicz\/projekty\/szwajcarsko-polski-program-wspolpracy\/ogloszenie-o-udzieleniu-zamowienia-uslugi\/\">OG\u0141OSZENIE O UDZIELENIU ZAM\u00d3WIENIA &#8211; Us\u0142ugi<\/a><\/li>\n<li class=\"page_item page-item-1049 page_item_has_children\"><a href=\"https:\/\/bonifratrzy.pl\/dps-iwonicz\/projekty\/szwajcarsko-polski-program-wspolpracy\/wydarzenia\/\">Wydarzenia<\/a><\/li>\n<\/ul><div class=\"su-spacer\" style=\"height:30px\"><\/div>\n<h2 class=\"cl-r art_title\" style=\"text-align: center\">Opis projektu<\/h2>\n<p><img loading=\"lazy\" decoding=\"async\" class=\"aligncenter wp-image-228\" src=\"https:\/\/bonifratrzy.pl\/dps-iwonicz\/wp-content\/uploads\/sites\/26\/2016\/01\/SWISS3.jpg\" alt=\"SWISS(3)\" width=\"460\" height=\"175\" srcset=\"https:\/\/bonifratrzy.pl\/dps-iwonicz\/wp-content\/uploads\/sites\/26\/2016\/01\/SWISS3.jpg 998w, https:\/\/bonifratrzy.pl\/dps-iwonicz\/wp-content\/uploads\/sites\/26\/2016\/01\/SWISS3-300x114.jpg 300w\" sizes=\"(max-width: 460px) 100vw, 460px\" \/><\/p>\n<p><img loading=\"lazy\" decoding=\"async\" class=\"aligncenter size-full wp-image-229\" src=\"https:\/\/bonifratrzy.pl\/dps-iwonicz\/wp-content\/uploads\/sites\/26\/2016\/01\/Bonifratrzy-Zakon-Szpitalny-\u015aw.-Jana-Bo\u017cego-Opis-projektu.png\" alt=\"Bonifratrzy Zakon Szpitalny \u015aw. Jana Bo\u017cego Opis projektu\" width=\"578\" height=\"198\" srcset=\"https:\/\/bonifratrzy.pl\/dps-iwonicz\/wp-content\/uploads\/sites\/26\/2016\/01\/Bonifratrzy-Zakon-Szpitalny-\u015aw.-Jana-Bo\u017cego-Opis-projektu.png 578w, https:\/\/bonifratrzy.pl\/dps-iwonicz\/wp-content\/uploads\/sites\/26\/2016\/01\/Bonifratrzy-Zakon-Szpitalny-\u015aw.-Jana-Bo\u017cego-Opis-projektu-300x103.png 300w\" sizes=\"(max-width: 578px) 100vw, 578px\" \/><\/p>\n<p><strong>Tytu\u0142 Projektu:\u00a0<\/strong>\u201ePod Bezpiecznym Dachem \u2013 innowacyjny rozw\u00f3j infrastruktury DPS w Iwoniczu\u201d<\/p>\n<p><strong>Cele Projektu:\u00a0<\/strong>Polepszenie warunk\u00f3w \u017cycia Mieszka\u0144c\u00f3w DPS a tak\u017ce jako\u015bci dostarczanych im us\u0142ug, warunk\u00f3w pracy personelu DPS oraz podniesienie kwalifikacji personelu domu.<\/p>\n<p><strong>Opis Projektu:<br \/>\n<\/strong>Projekt jest innowacyjny, gdy\u017c ma na celu wypracowanie i upowszechnienie nowych rozwi\u0105za\u0144. Naszym celem jest osi\u0105gni\u0119cie wysokiej jako\u015bci us\u0142ug ponad obowi\u0105zuj\u0105cy standard. Innowacyjno\u015b\u0107 naszego projektu przejawia si\u0119 w jednym z poni\u017cszych wymiar\u00f3w: rozwi\u0105zujemy problem, kt\u00f3ry do tej pory nie by\u0142 w wystarczaj\u0105cym stopniu uwzgl\u0119dniony w pomocy spo\u0142ecznej. Nowe formy terapii na \u015bwie\u017cym powietrzu; wykorzystanie ogrodu (warzywnik, zio\u0142ownik, rabaty kwiatowe) i terenu (boisko, amfiteatr, jacuzzi) oraz zwierz\u0105t (koni) pomog\u0105 w terapii os\u00f3b niepe\u0142nosprawnych. Realizacja projektu rozwinie innowacyjno\u015b\u0107 w zakresie pracy i kadry. Powstanie produkt, kt\u00f3ry pozwoli na \u017cycie i prac\u0119 w nowoczesnym, innowacyjnym domu. To przyniesie wiele nowych idei i nowych projekt\u00f3w.<\/p>\n<h2>W ramach Projektu zaplanowano:<\/h2>\n<p>1. <strong>Zagospodarowanie terenu przy DPS w Iwoniczu<\/strong>:<\/p>\n<ul>\n<li>prace przy zagospodarowaniu terenu (ukszta\u0142towanie terenu, nasadzenie zieleni, o\u015bwietlenie, nag\u0142o\u015bnienie, ma\u0142a infrastruktura, ogrodzenie, itp.). Ponadto powstanie: boisko do gier i zabaw, ogrodzenie ca\u0142o\u015bci terenu, brama wjazdowa dwuskrzyd\u0142owa wraz z furtk\u0105, ogrodzenie wewn\u0119trzne wybiegu i doprowadzania koni, oczko wodne z obsad\u0105 ro\u015blinn\u0105, pergola drewniana podw\u00f3jna z \u0142ukiem wie\u0144cz\u0105cym, domek ogrodowy drewniany z pomieszczeniem na narz\u0119dzia ogrodnicze, jacuzzi ogrodowe, grill otwarty ogrodowy, t\u0119\u017cnia ogrodowa, t\u0119\u017cnia solankowa, kompleks poletek i rabat zielno &#8211; kwiatowych.<\/li>\n<li>budowa uje\u017cd\u017calni dla koni (budynek hipoterapii z zapleczem socjalnym i wewn\u0119trzn\u0105 instalacj\u0105 gazow\u0105 oraz altana, remont i przebudowa istniej\u0105cego budynku stajni, budowa t\u0119\u017cni i jacuzzi.<\/li>\n<li>budowa altany wielofunkcyjnej.<\/li>\n<\/ul>\n<p>2. <strong>Modernizacja wewn\u0105trz DPS<\/strong>:<\/p>\n<ul>\n<li>modernizacja i wyposa\u017cenie kuchni;<\/li>\n<li>uruchomienie windy zewn\u0119trznej;<\/li>\n<li>wyko\u0144czenie i wyposa\u017cenie pomieszczenia terapii zaj\u0119ciowo &#8211; rehabilitacyjnej;<\/li>\n<\/ul>\n<p>3. <strong>Szkolenia dla Personelu<\/strong>:<\/p>\n<ul>\n<li>praca z osobami niepe\u0142nosprawnymi;<\/li>\n<li>w\u0142a\u015bciwa organizacja pracy zespo\u0142u terapeutyczno &#8211; opieku\u0144czego jako metoda optymalizacji jako\u015bci sprawowanej opieki;<\/li>\n<li>pierwsza pomoc przedmedyczna;<\/li>\n<li>szkolenia dla pracownik\u00f3w administracji;<\/li>\n<\/ul>\n<h2>Korzy\u015bci z realizacji Projektu:<\/h2>\n<p>Realizacja niniejszego Projektu zapewni osi\u0105gni\u0119cie szeregu d\u0142ugoterminowych korzy\u015bci dla Mieszka\u0144c\u00f3w DPS-u, poprawi warunki pracy i jako\u015b\u0107 \u015bwiadczonych us\u0142ug przez pracownik\u00f3w. Przyniesie wiele korzy\u015bci tak dla Konwentu, jak i Gminy Iwonicz oraz ca\u0142ego regionu Podkarpacia. Niew\u0105tpliwie kluczowym oddzia\u0142ywaniem Projektu b\u0119dzie wzmocnienie wizerunku Konwentu jako instytucji pragn\u0105cej stworzy\u0107 mo\u017cliwie jak najlepsze warunki swoim mieszka\u0144com i pracownikom. Pragnienie to wnika tak\u017ce z przekonania, \u017ce nale\u017cy sygnalizowa\u0107 ludziom konieczno\u015b\u0107 zwr\u00f3cenia wi\u0119kszej uwagi na aspekty spo\u0142eczne i duchowe \u017cycia, kt\u00f3re w obecnych czasach ograniczaj\u0105 si\u0119 w wielu przypadkach tylko do sfery materialnej. Projekt znacz\u0105co oddzia\u0142uje tak\u017ce na gmin\u0119 Iwonicz Zdr\u00f3j a realizacja projektu przyczyni si\u0119 do umocnienia wizerunku jako miejsca, w kt\u00f3rym osoba niepe\u0142nosprawna jest wysoko ceniona a prowadzona polityka rozwoju zak\u0142ada jego ochron\u0119 i pomoc w dalszej godnej egzystencji.<\/p>\n","protected":false},"excerpt":{"rendered":"<p>Opis projektu Tytu\u0142 Projektu:\u00a0\u201ePod Bezpiecznym Dachem \u2013 innowacyjny rozw\u00f3j infrastruktury DPS w Iwoniczu\u201d Cele Projektu:\u00a0Polepszenie warunk\u00f3w \u017cycia Mieszka\u0144c\u00f3w DPS a tak\u017ce jako\u015bci dostarczanych im us\u0142ug, warunk\u00f3w pracy personelu DPS oraz podniesienie kwalifikacji personelu domu. Opis Projektu: Projekt jest innowacyjny, gdy\u017c ma na celu wypracowanie i upowszechnienie nowych rozwi\u0105za\u0144. Naszym celem jest osi\u0105gni\u0119cie wysokiej jako\u015bci us\u0142ug [&hellip;]<\/p>\n","protected":false},"author":1,"featured_media":0,"parent":5942,"menu_order":30,"comment_status":"closed","ping_status":"closed","template":"","meta":{"footnotes":""},"_links":{"self":[{"href":"https:\/\/bonifratrzy.pl\/dps-iwonicz\/wp-json\/wp\/v2\/pages\/19"}],"collection":[{"href":"https:\/\/bonifratrzy.pl\/dps-iwonicz\/wp-json\/wp\/v2\/pages"}],"about":[{"href":"https:\/\/bonifratrzy.pl\/dps-iwonicz\/wp-json\/wp\/v2\/types\/page"}],"author":[{"embeddable":true,"href":"https:\/\/bonifratrzy.pl\/dps-iwonicz\/wp-json\/wp\/v2\/users\/1"}],"replies":[{"embeddable":true,"href":"https:\/\/bonifratrzy.pl\/dps-iwonicz\/wp-json\/wp\/v2\/comments?post=19"}],"version-history":[{"count":1,"href":"https:\/\/bonifratrzy.pl\/dps-iwonicz\/wp-json\/wp\/v2\/pages\/19\/revisions"}],"predecessor-version":[{"id":5946,"href":"https:\/\/bonifratrzy.pl\/dps-iwonicz\/wp-json\/wp\/v2\/pages\/19\/revisions\/5946"}],"up":[{"embeddable":true,"href":"https:\/\/bonifratrzy.pl\/dps-iwonicz\/wp-json\/wp\/v2\/pages\/5942"}],"wp:attachment":[{"href":"https:\/\/bonifratrzy.pl\/dps-iwonicz\/wp-json\/wp\/v2\/media?parent=19"}],"curies":[{"name":"wp","href":"https:\/\/api.w.org\/{rel}","templated":true}]}}