{"id":15,"date":"2016-01-28T00:45:03","date_gmt":"2016-01-27T23:45:03","guid":{"rendered":"https:\/\/bonifratrzy.pl\/dps-iwonicz\/?page_id=15"},"modified":"2016-10-03T00:11:17","modified_gmt":"2016-10-02T22:11:17","slug":"zasady-przyjecia","status":"publish","type":"page","link":"https:\/\/bonifratrzy.pl\/dps-iwonicz\/zasady-przyjecia\/","title":{"rendered":"Zasady przyj\u0119cia"},"content":{"rendered":"<p>Prawo do umieszczenia w Domu Pomocy Spo\u0142ecznej Zakonu Bonifratr\u00f3w w Iwoniczu przys\u0142uguje osobie wymagaj\u0105cej ca\u0142odobowej opieki z powodu niepe\u0142nosprawno\u015bci intelektualnej, niemog\u0105cej samodzielnie funkcjonowa\u0107 w codziennym \u017cyciu.<\/p>\n<ul>\n<li>Wniosek o umieszczenie w Domu Pomocy Spo\u0142ecznej sk\u0142ada osoba zainteresowana lub jej opiekun prawny \u2013 w O\u015brodku Pomocy Spo\u0142ecznej w\u0142a\u015bciwym ze wzgl\u0119du na miejsce zamieszkania osoby ubiegaj\u0105cej si\u0119.<\/li>\n<li>Po wydaniu decyzji kieruj\u0105cej oraz decyzji o umieszczeniu \u2013 przez w\u0142a\u015bciwe organy, Dyrektor DPS zawiadamia pisemnie osob\u0119 ubiegaj\u0105c\u0105 si\u0119 o terminie przyj\u0119cia do domu.<\/li>\n<li>W razie niemo\u017cno\u015bci umieszczenia w domu pomocy spo\u0142ecznej z powodu braku wolnych miejsc, osoba staraj\u0105ca si\u0119 o pobyt w plac\u00f3wce powiadamiana jest o wpisaniu si\u0119 na list\u0119 oczekuj\u0105cych oraz przewidywanym terminie oczekiwania.<\/li>\n<li>Pobyt w domu pomocy spo\u0142ecznej jest odp\u0142atny, do wysoko\u015bci 70% dochodu osoby ubiegaj\u0105cej si\u0119 o przyj\u0119cie.<\/li>\n<li>Do odp\u0142atno\u015bci za pobyt w domu pomocy spo\u0142ecznej zobowi\u0105zany jest mieszkaniec oraz osoby zobowi\u0105zane do alimentacji.<\/li>\n<li>Koszt utrzymania w Domu Pomocy Spo\u0142ecznej Zakonu Bonifratr\u00f3w w Iwoniczu w roku 2014 wynosi 3.104.88 z\u0142. Corocznie koszt ten ulega zmianie.<\/li>\n<li>Osoba ubiegaj\u0105ca si\u0119 jest kierowana do domu pomocy spo\u0142ecznej na czas nieokre\u015blony.<\/li>\n<li>Wniosek o umieszczenie w DPS mo\u017ce zg\u0142osi\u0107 inna osoba fizyczna lub prawna, PCPR lub O\u015brodek Pomocy Spo\u0142ecznej.<\/li>\n<li>Skierowanie do domu pomocy spo\u0142ecznej przez S\u0105d nast\u0119puje w przypadku, gdy osoba bezwzgl\u0119dnie wymagaj\u0105ca pomocy nie wyra\u017ca zgody na umieszczenie w plac\u00f3wce.<\/li>\n<\/ul>\n","protected":false},"excerpt":{"rendered":"<p>Prawo do umieszczenia w Domu Pomocy Spo\u0142ecznej Zakonu Bonifratr\u00f3w w Iwoniczu przys\u0142uguje osobie wymagaj\u0105cej ca\u0142odobowej opieki z powodu niepe\u0142nosprawno\u015bci intelektualnej, niemog\u0105cej samodzielnie funkcjonowa\u0107 w codziennym \u017cyciu. Wniosek o umieszczenie w Domu Pomocy Spo\u0142ecznej sk\u0142ada osoba zainteresowana lub jej opiekun prawny \u2013 w O\u015brodku Pomocy Spo\u0142ecznej w\u0142a\u015bciwym ze wzgl\u0119du na miejsce zamieszkania osoby ubiegaj\u0105cej si\u0119. Po [&hellip;]<\/p>\n","protected":false},"author":1,"featured_media":0,"parent":0,"menu_order":50,"comment_status":"closed","ping_status":"closed","template":"","meta":{"footnotes":""},"_links":{"self":[{"href":"https:\/\/bonifratrzy.pl\/dps-iwonicz\/wp-json\/wp\/v2\/pages\/15"}],"collection":[{"href":"https:\/\/bonifratrzy.pl\/dps-iwonicz\/wp-json\/wp\/v2\/pages"}],"about":[{"href":"https:\/\/bonifratrzy.pl\/dps-iwonicz\/wp-json\/wp\/v2\/types\/page"}],"author":[{"embeddable":true,"href":"https:\/\/bonifratrzy.pl\/dps-iwonicz\/wp-json\/wp\/v2\/users\/1"}],"replies":[{"embeddable":true,"href":"https:\/\/bonifratrzy.pl\/dps-iwonicz\/wp-json\/wp\/v2\/comments?post=15"}],"version-history":[{"count":0,"href":"https:\/\/bonifratrzy.pl\/dps-iwonicz\/wp-json\/wp\/v2\/pages\/15\/revisions"}],"wp:attachment":[{"href":"https:\/\/bonifratrzy.pl\/dps-iwonicz\/wp-json\/wp\/v2\/media?parent=15"}],"curies":[{"name":"wp","href":"https:\/\/api.w.org\/{rel}","templated":true}]}}