{"id":13,"date":"2016-01-28T00:44:24","date_gmt":"2016-01-27T23:44:24","guid":{"rendered":"https:\/\/bonifratrzy.pl\/dps-iwonicz\/?page_id=13"},"modified":"2025-01-13T13:41:22","modified_gmt":"2025-01-13T12:41:22","slug":"kadra","status":"publish","type":"page","link":"https:\/\/bonifratrzy.pl\/dps-iwonicz\/kadra\/","title":{"rendered":"Kadra"},"content":{"rendered":"<h2 class=\"cl-1\">Przeor Konwentu<\/h2>\n<p class=\"cl-1\"><strong>Br. Grzegorz Wielki Ko\u0142tun<\/strong><br \/>\ntel. 134250131<\/p>\n<h2 class=\"cl-1\">Dyrektor Domu Pomocy Spo\u0142ecznej Zakonu Bonifratr\u00f3w<\/h2>\n<p class=\"cl-1\"><strong>Tomasz P\u00f3\u0142ch\u0142opek<\/strong><br \/>\ntel. 134250135<br \/>\ne-mail: <a href=\"&#x6d;&#x61;&#x69;&#x6c;&#x74;&#x6f;&#x3a;&#x64;&#121;&#114;&#101;&#107;&#116;&#111;&#114;iwon&#x69;&#x63;&#x7a;&#x40;&#x62;&#x6f;&#x6e;&#x69;&#x66;&#114;&#97;&#116;&#114;&#122;&#121;&#46;pl\">dyr&#101;&#107;&#116;&#111;&#x72;&#x69;&#x77;&#x6f;&#x6e;&#x69;&#x63;z&#64;b&#111;&#110;&#105;&#102;&#114;&#x61;&#x74;&#x72;&#x7a;&#x79;&#x2e;pl<\/a><\/p>\n<h2 class=\"cl-1\">G\u0142\u00f3wna Ksi\u0119gowa<\/h2>\n<p class=\"cl-1\"><strong>Mariola Turowska-Nitka<br \/>\n<\/strong>tel. 134250133<br \/>\ne-mail: <a href=\"&#x6d;&#x61;&#x69;&#108;&#116;o:&#x6d;&#x2e;&#x74;&#x75;&#114;&#111;ws&#x6b;&#x61;&#x40;&#98;&#111;&#110;if&#x72;&#x61;&#x74;&#114;&#122;y&#46;&#x70;&#x6c;\">&#x6d;&#46;&#x74;u&#x72;&#111;&#x77;&#115;k&#x61;&#64;&#x62;&#111;&#x6e;&#105;&#x66;&#114;a&#x74;r&#x7a;&#121;&#x2e;&#112;&#x6c;<\/a><\/p>\n<h2 class=\"cl-1\">Administracja<\/h2>\n<p>tel. 134351314, 134350521<br \/>\nfax: 13 42 501 30,<br \/>\ne-mail: <a href=\"&#x62;&#111;n&#x69;&#102;r&#x61;&#x74;&#114;&#x7a;&#x79;&#95;i&#x77;&#111;n&#x69;&#x63;&#122;&#x40;&#x64;&#112;s&#x2e;&#112;l\">bonifratrzy_ &#105;&#x77;&#111;&#x6e;&#105;&#x63;&#122;&#x40;d&#x70;s&#x2e;p&#x6c;<\/a> lub <a href=\"mail&#116;&#111;&#58;&#100;&#112;&#115;&#105;&#x77;&#x6f;&#x6e;&#x69;&#x63;&#x7a;&#x40;&#x62;&#x6f;nifr&#97;&#116;&#114;&#122;&#121;&#46;&#112;&#x6c;\">&#100;&#x70;&#x73;i&#119;&#x6f;&#x6e;i&#99;&#x7a;&#64;&#98;&#x6f;&#x6e;i&#102;&#x72;a&#116;&#x72;&#x7a;y&#46;&#x70;&#x6c;<\/a><\/p>\n<p>Agnieszka Zajdel &#8211; Balon<\/p>\n<p>e-mail: <a href=\"&#x6d;&#x61;&#105;&#108;t&#x6f;&#x3a;&#x61;&#46;za&#x6a;&#x64;&#101;&#108;&#64;&#x62;&#x6f;&#x6e;&#105;fr&#x61;&#x74;&#114;&#122;y&#x2e;&#x70;&#x6c;\">&#x61;&#x2e;&#x7a;&#x61;&#x6a;&#100;&#101;&#108;&#64;bon&#x69;&#x66;&#x72;&#x61;&#x74;&#x72;&#122;&#121;&#46;pl<\/a><\/p>\n<h2 class=\"cl-1\">Specjalista ds. pracowniczych<\/h2>\n<p class=\"cl-1\"><strong>Iwona Szybka<\/strong><br \/>\ne-mail: <a href=\"&#109;&#x61;&#105;&#x6c;t&#111;&#x3a;&#105;&#x2e;s&#x7a;y&#98;&#x6b;&#97;&#x40;b&#x6f;&#x6e;&#105;&#x66;r&#x61;t&#114;&#x7a;&#121;&#x2e;p&#x6c;\">&#x69;&#46;&#x73;&#x7a;&#121;&#x62;&#107;a&#x40;&#98;o&#x6e;&#105;f&#x72;&#97;t&#x72;&#122;&#x79;&#x2e;&#112;&#x6c;<\/a><\/p>\n<h2 class=\"cl-1\">Kierownik Dzia\u0142u Terapeutyczno &#8211; Opieku\u0144czego<\/h2>\n<p><strong>Alicja Rysz<br \/>\n<\/strong>tel. 134251168<br \/>\ne-mail: <a href=\"&#109;&#x61;&#x69;l&#116;&#x6f;:&#97;&#x2e;r&#121;&#x73;z&#64;&#x62;&#x6f;&#110;&#x69;&#x66;r&#97;&#x74;r&#122;&#x79;&#46;&#112;&#x6c;\">&#x61;&#x2e;&#x72;&#x79;&#x73;&#x7a;&#x40;&#x62;&#x6f;&#x6e;&#x69;&#x66;&#x72;&#x61;&#x74;&#x72;&#x7a;&#x79;&#x2e;&#x70;&#x6c;<\/a><\/p>\n<h2 class=\"cl-1\">Kierownik Dzia\u0142u Gospodarczego<\/h2>\n<p class=\"cl-1\"><strong>Wojciech Pelczar<br \/>\n<\/strong>tel. 134250138<br \/>\ne-mail: <a href=\"&#x6d;&#x61;&#x69;&#x6c;&#x74;&#x6f;&#x3a;&#x77;&#x2e;&#x70;&#x65;&#x6c;&#x63;&#x7a;&#x61;&#x72;&#x40;&#x62;&#x6f;&#x6e;&#x69;&#x66;&#114;&#97;&#116;&#114;&#122;&#121;&#46;&#112;&#108;\">&#x77;&#46;&#x70;&#101;&#x6c;&#x63;z&#x61;&#114;&#x40;&#x62;o&#x6e;&#105;&#x66;&#x72;a&#x74;&#114;&#x7a;&#x79;&#46;&#x70;&#108;<\/a><\/p>\n<p><strong>Anna Mercik &#8211; dietetyk<\/strong><\/p>\n<p>e-mail: <a href=\"&#x6d;&#97;i&#x6c;&#116;o&#x3a;&#97;&#46;&#x6d;&#101;r&#x63;&#105;k&#x40;&#98;o&#x6e;&#105;f&#x72;&#97;t&#x72;&#122;y&#x2e;&#112;l\">&#x61;&#46;&#x6d;&#101;&#x72;&#x63;i&#x6b;&#64;&#x62;&#x6f;n&#x69;&#102;&#x72;&#x61;t&#x72;&#122;&#x79;&#x2e;p&#x6c;<\/a><\/p>\n<p><strong>Agata Gdowik &#8211; pracownik administracyjny<\/strong><\/p>\n<p>e-mail: <a href=\"&#109;&#x61;i&#x6c;&#x74;&#111;&#x3a;a&#46;&#x67;&#100;&#x6f;w&#105;&#x6b;&#64;&#x62;o&#110;&#x69;f&#x72;&#x61;&#116;&#x72;z&#121;&#x2e;&#112;&#x6c;\">&#x61;&#46;&#x67;&#100;&#x6f;&#119;i&#x6b;&#64;&#x62;&#111;n&#x69;&#102;&#x72;&#97;t&#x72;z&#x79;&#46;&#x70;&#x6c;<\/a><\/p>\n<h2 class=\"cl-1\">Zesp\u00f3\u0142 Opieki Medycznej<\/h2>\n<h3 class=\"cl-1\">Starsza Piel\u0119gniarka &#8211; Koordynator<\/h3>\n<p class=\"cl-1\"><strong>Barbara Kuliga<br \/>\n<\/strong>tel. 134251160<\/p>\n<h2 class=\"cl-1\">Pracownicy Socjalni<\/h2>\n<p class=\"cl-1\"><strong>Monika Jasi\u0144ska<\/strong><br \/>\n<strong>Artur Szyd\u0142o<\/strong><br \/>\ntel. 134250134<br \/>\ne-mail: <a href=\"&#109;&#x61;&#x69;l&#116;&#x6f;:&#104;&#x2e;b&#97;&#x6c;o&#110;&#x40;&#x62;&#111;&#x6e;&#x69;f&#114;&#x61;t&#114;&#x7a;y&#46;&#x70;&#x6c;\">&#x73;o&#x63;&#106;&#x61;&#x6c;n&#x79;&#105;&#x77;&#x6f;n&#x69;&#99;&#x7a;&#x40;b&#x6f;&#110;&#x69;&#x66;r&#x61;&#116;&#x72;&#x7a;y&#x2e;&#112;&#x6c;<\/a><br \/>\n<a href=\"m&#97;&#x69;&#x6c;t&#111;&#58;&#x61;&#x2e;s&#122;&#121;&#x64;&#x6c;o&#64;&#x62;&#x6f;&#x6e;i&#102;&#x72;&#x61;t&#114;&#122;&#x79;&#x2e;p&#108;\">a&#46;szydlo&#64;bonifratrzy&#46;pl<\/a><\/p>\n<h2 class=\"cl-1\">Niepubliczny Zak\u0142ad Opieki Zdrowotnej Konwentu Bonifratr\u00f3w<br \/>\nPiel\u0119gniarska Opieka \u015arodowiskowa<\/h2>\n<p class=\"cl-1\"><strong>Bo\u017cena S\u0142owik<\/strong><\/p>\n<p>tel. 134250138<br \/>\ne-mail: <a href=\"ma&#105;&#108;&#116;&#x6f;&#x3a;&#x62;&#x2e;sl&#111;&#119;&#105;&#x6b;&#x40;&#x62;&#x6f;ni&#102;&#114;&#97;&#x74;&#x72;&#x7a;&#x79;&#46;p&#108;\">&#x62;&#x2e;&#x73;&#108;&#111;wi&#x6b;&#x40;&#x62;&#x6f;&#110;&#105;fr&#x61;&#x74;&#x72;&#122;&#121;&#46;pl<\/a><\/p>\n","protected":false},"excerpt":{"rendered":"<p>Przeor Konwentu Br. Grzegorz Wielki Ko\u0142tun tel. 134250131 Dyrektor Domu Pomocy Spo\u0142ecznej Zakonu Bonifratr\u00f3w Tomasz P\u00f3\u0142ch\u0142opek tel. 134250135 e-mail: &#x64;&#x79;&#x72;&#x65;&#x6b;&#x74;&#x6f;&#x72;&#x69;&#x77;&#x6f;&#x6e;&#x69;&#x63;&#x7a;&#x40;&#x62;&#x6f;&#x6e;&#x69;&#x66;&#x72;&#x61;&#x74;&#x72;&#x7a;&#x79;&#x2e;&#x70;&#x6c; G\u0142\u00f3wna Ksi\u0119gowa Mariola Turowska-Nitka tel. 134250133 e-mail: m&#46;&#x74;&#x75;&#x72;o&#119;&#115;&#x6b;&#x61;&#64;&#98;&#111;&#x6e;&#x69;fr&#97;&#x74;&#x72;&#x7a;y&#46;&#x70;&#x6c; Administracja tel. 134351314, 134350521 fax: 13 42 501 30, e-mail: bonifratrzy_ &#x69;&#119;o&#x6e;&#x69;&#99;z&#x40;&#100;p&#x73;&#x2e;&#112;l lub dps&#105;&#119;&#111;&#x6e;&#x69;&#x63;&#x7a;&#x40;&#x62;oni&#102;&#114;&#97;&#116;&#x72;&#x7a;&#x79;&#x2e;&#x70;&#x6c; Agnieszka Zajdel &#8211; Balon e-mail: &#97;&#x2e;&#x7a;a&#106;&#x64;e&#108;&#x40;b&#111;&#x6e;i&#102;&#x72;&#x61;&#116;&#x72;&#x7a;y&#46;&#x70;l Specjalista ds. pracowniczych Iwona Szybka e-mail: &#x69;&#x2e;&#x73;&#122;&#121;bk&#x61;&#x40;&#x62;&#x6f;&#110;&#105;fr&#x61;&#x74;&#x72;&#122;&#121;&#46;pl [&hellip;]<\/p>\n","protected":false},"author":1,"featured_media":0,"parent":0,"menu_order":36,"comment_status":"closed","ping_status":"closed","template":"","meta":{"footnotes":""},"_links":{"self":[{"href":"https:\/\/bonifratrzy.pl\/dps-iwonicz\/wp-json\/wp\/v2\/pages\/13"}],"collection":[{"href":"https:\/\/bonifratrzy.pl\/dps-iwonicz\/wp-json\/wp\/v2\/pages"}],"about":[{"href":"https:\/\/bonifratrzy.pl\/dps-iwonicz\/wp-json\/wp\/v2\/types\/page"}],"author":[{"embeddable":true,"href":"https:\/\/bonifratrzy.pl\/dps-iwonicz\/wp-json\/wp\/v2\/users\/1"}],"replies":[{"embeddable":true,"href":"https:\/\/bonifratrzy.pl\/dps-iwonicz\/wp-json\/wp\/v2\/comments?post=13"}],"version-history":[{"count":5,"href":"https:\/\/bonifratrzy.pl\/dps-iwonicz\/wp-json\/wp\/v2\/pages\/13\/revisions"}],"predecessor-version":[{"id":10324,"href":"https:\/\/bonifratrzy.pl\/dps-iwonicz\/wp-json\/wp\/v2\/pages\/13\/revisions\/10324"}],"wp:attachment":[{"href":"https:\/\/bonifratrzy.pl\/dps-iwonicz\/wp-json\/wp\/v2\/media?parent=13"}],"curies":[{"name":"wp","href":"https:\/\/api.w.org\/{rel}","templated":true}]}}