{"id":113,"date":"2016-05-06T15:40:56","date_gmt":"2016-05-06T13:40:56","guid":{"rendered":"https:\/\/bonifratrzy.pl\/dps-iwonicz\/?page_id=113"},"modified":"2022-04-06T12:53:47","modified_gmt":"2022-04-06T10:53:47","slug":"hipoterapia","status":"publish","type":"page","link":"https:\/\/bonifratrzy.pl\/dps-iwonicz\/zakres-uslug\/hipoterapia\/","title":{"rendered":"Hipoterapia"},"content":{"rendered":"<p align=\"justify\"><span style=\"font-family: Times New Roman, serif\"><span style=\"font-size: medium\">Hipoterapia prowadzona jest przez\u00a0hipoterapeut\u0119 u os\u00f3b, kt\u00f3re nie maj\u0105 przeciwwskaza\u0144 od lekarza. <\/span><\/span><\/p>\n<p align=\"justify\"><span style=\"font-family: Times New Roman, serif\"><span style=\"font-size: medium\">Zaj\u0119cia hipoterapii bazuj\u0105 na kontakcie uczestnik\u00f3w z koniem i wykorzystaniu go do cel\u00f3w terapeutycznych. Forma zaj\u0119\u0107 jest dostosowana od indywidualnych potrzeb podopiecznych i\u00a0ich stanu psychofizycznego<\/span><\/span><span style=\"font-family: Times New Roman, serif\"><span style=\"font-size: medium\"> aby osi\u0105gn\u0105\u0107 jak najlepsze efekty.<\/span><\/span><\/p>\n<p align=\"justify\"><span style=\"font-family: Times New Roman, serif\"><span style=\"font-size: medium\">Kontakt z\u00a0koniem ma dostarcza\u0107 im przyjemno\u015bci i nie wywo\u0142ywa\u0107 l\u0119ku. Na zaj\u0119ciach maj\u0105 mo\u017cliwo\u015b\u0107 oswaja\u0107 si\u0119 z koniem, ogl\u0105da\u0107 go, g\u0142aska\u0107, \u201epom\u00f3c\u201d terapeucie wyczy\u015bci\u0107 go, a kolejno wsi\u0105\u015b\u0107 na niego i przejecha\u0107 si\u0119. Cz\u0119\u015b\u0107 zaj\u0119\u0107 polega na czynno\u015bciach dotycz\u0105cych piel\u0119gnacji i karmienia konia. <\/span><\/span><span style=\"font-family: Times New Roman, serif\"><span style=\"font-size: medium\">Hipoterapeuta pe\u0142ni rol\u0119 asekuruj\u0105c\u0105, zapewniaj\u0105c bezpiecze\u0144stwo oraz rol\u0119 przewodnika w kontakcie ze zwierz\u0119ciem. <\/span><\/span><span style=\"font-family: Times New Roman, serif\"><span style=\"font-size: medium\">Stopniowo w miar\u0119 oswajania si\u0119 podopiecznych, terapeuta zmniejsza sw\u00f3j udzia\u0142 w wykonywanych czynno\u015bciach. <\/span><\/span><\/p>\n<p align=\"justify\"><span style=\"font-family: Times New Roman, serif\"><span style=\"font-size: medium\">Ta forma rehabilitacji realizowana jest w plac\u00f3wce od wielu lat, u niekt\u00f3rych podopiecznych proces oswajania przebiega szybciej, u innych wolniej, bezdyskusyjny jednak jest wp\u0142yw kontaktu z koniem na ich nastr\u00f3j, motywacj\u0119, odreagowanie stres\u00f3w i samoocen\u0119. <\/span><\/span><\/p>\n<p align=\"justify\"><span style=\"font-family: Times New Roman, serif\"><span style=\"font-size: medium\">Zaj\u0119cia hipoterapii odbywaj\u0105 si\u0119 na krytej uje\u017cd\u017calni i ca\u0142ym jej zapleczu przy DPS, co\u00a0pozwala prowadzi\u0107 w komforcie zaj\u0119cia niezale\u017cnie od pogody i stwarza podopiecznym mo\u017cliwo\u015b\u0107 skupienia uwagi i\u00a0relaksowania si\u0119 na \u0107wiczeniach.<\/span><\/span><\/p>\n<p align=\"justify\"><span style=\"font-family: Times New Roman, serif\"><span style=\"font-size: medium\">W\u00a0Domu prowadzone s\u0105 nast\u0119puj\u0105ce formy hipoterapii:<\/span><\/span><\/p>\n<ul>\n<li>\n<p align=\"justify\"><span style=\"font-family: Times New Roman, serif\"><span style=\"font-size: medium\">zaj\u0119cia hipoterapeutyczne, w\u00a0kt\u00f3rych\u00a0wykorzystywany jest przede wszystkim ruch konia oraz\u00a0\u0107wiczenia na\u00a0id\u0105cym lub stoj\u0105cym koniu,<\/span><\/span><\/p>\n<\/li>\n<li>\n<p align=\"justify\"><span style=\"font-family: Times New Roman, serif\"><span style=\"font-size: medium\">zaj\u0119cia hipoterapeutyczne kontaktem z\u00a0koniem, do\u00a0kt\u00f3rych\u00a0zostaj\u0105 zakwalifikowane osoby, kt\u00f3re z\u00a0r\u00f3\u017cnych przyczyn nie\u00a0mog\u0105 bra\u0107 udzia\u0142u w\u00a0terapii ruchem konia. Obcowanie ze\u00a0zwierz\u0119ciem, opiekowanie si\u0119 nim, okazywanie mu uczu\u0107, daje podopiecznym rado\u015b\u0107, brak poczucia izolacji, podnosi wiar\u0119 we\u00a0w\u0142asne mo\u017cliwo\u015bci, mobilizuje do\u00a0aktywno\u015bci psychoruchowej,<\/span><\/span><\/p>\n<\/li>\n<li>\n<p align=\"justify\"><span style=\"font-family: Times New Roman, serif\"><span style=\"font-size: medium\">terapeutyczna jazda konna z\u00a0elementami wolty\u017cerki \u2013 w tych zaj\u0119ciach uczestnicz\u0105 osoby wyr\u00f3\u017cniaj\u0105ce si\u0119 du\u017c\u0105 sprawno\u015bci\u0105 fizyczn\u0105 i ch\u0119ci\u0105 podejmowania nowych, coraz to\u00a0trudniejszych wyzwa\u0144. <\/span><\/span><\/p>\n<\/li>\n<\/ul>\n<p><!--more--><\/p>\n<div class=\"wpmf-gallerys wpmf-gallerys-life \" ><div id=\"gallery-1\" class=\"gallery gallery_life wpmf_gallery_default gallery_default  gallery-columns-4 gallery-size-thumbnail gallery-link-file wpmf-has-border-radius-0 wpmf-gutterwidth-5 no_ratio\"><figure class=\"wpmf-gallery-item\" data-index=\"0\"><div class=\"wpmf-gallery-icon\"><div class=\"square_thumbnail\"><div class=\"img_centered\"><a class=\" not_video noLightbox\" data-lightbox=\"1\" data-href=\"https:\/\/bonifratrzy.pl\/dps-iwonicz\/wp-content\/uploads\/sites\/26\/2016\/05\/2a0d1307b0ca1774b0ab4aa1a26333fe.jpeg\" title=\"2a0d1307b0ca1774b0ab4aa1a26333fe\" target=\"_self\" data-index=\"0\"><img decoding=\"async\" class=\"wpmf_img\" alt=\"2a0d1307b0ca1774b0ab4aa1a26333fe\" src=\"https:\/\/bonifratrzy.pl\/dps-iwonicz\/wp-content\/uploads\/sites\/26\/2016\/05\/2a0d1307b0ca1774b0ab4aa1a26333fe-150x150.jpeg\" data-type=\"wpmfgalleryimg\" data-lazy-src=\"https:\/\/bonifratrzy.pl\/dps-iwonicz\/wp-content\/uploads\/sites\/26\/2016\/05\/2a0d1307b0ca1774b0ab4aa1a26333fe-150x150.jpeg\"><\/a><\/div><\/div><\/div><\/figure><figure class=\"wpmf-gallery-item\" data-index=\"1\"><div class=\"wpmf-gallery-icon\"><div class=\"square_thumbnail\"><div class=\"img_centered\"><a class=\" not_video noLightbox\" data-lightbox=\"1\" data-href=\"https:\/\/bonifratrzy.pl\/dps-iwonicz\/wp-content\/uploads\/sites\/26\/2016\/05\/5a607775047699acc2deef61c98da39b.jpeg\" title=\"5a607775047699acc2deef61c98da39b\" target=\"_self\" data-index=\"1\"><img decoding=\"async\" class=\"wpmf_img\" alt=\"5a607775047699acc2deef61c98da39b\" src=\"https:\/\/bonifratrzy.pl\/dps-iwonicz\/wp-content\/uploads\/sites\/26\/2016\/05\/5a607775047699acc2deef61c98da39b-150x150.jpeg\" data-type=\"wpmfgalleryimg\" data-lazy-src=\"https:\/\/bonifratrzy.pl\/dps-iwonicz\/wp-content\/uploads\/sites\/26\/2016\/05\/5a607775047699acc2deef61c98da39b-150x150.jpeg\"><\/a><\/div><\/div><\/div><\/figure><figure class=\"wpmf-gallery-item\" data-index=\"2\"><div class=\"wpmf-gallery-icon\"><div class=\"square_thumbnail\"><div class=\"img_centered\"><a class=\" not_video noLightbox\" data-lightbox=\"1\" data-href=\"https:\/\/bonifratrzy.pl\/dps-iwonicz\/wp-content\/uploads\/sites\/26\/2016\/05\/24f2653b05e5869977f860f41fef80c0.jpeg\" title=\"24f2653b05e5869977f860f41fef80c0\" target=\"_self\" data-index=\"2\"><img decoding=\"async\" class=\"wpmf_img\" alt=\"24f2653b05e5869977f860f41fef80c0\" src=\"https:\/\/bonifratrzy.pl\/dps-iwonicz\/wp-content\/uploads\/sites\/26\/2016\/05\/24f2653b05e5869977f860f41fef80c0-150x150.jpeg\" data-type=\"wpmfgalleryimg\" data-lazy-src=\"https:\/\/bonifratrzy.pl\/dps-iwonicz\/wp-content\/uploads\/sites\/26\/2016\/05\/24f2653b05e5869977f860f41fef80c0-150x150.jpeg\"><\/a><\/div><\/div><\/div><\/figure><figure class=\"wpmf-gallery-item\" data-index=\"3\"><div class=\"wpmf-gallery-icon\"><div class=\"square_thumbnail\"><div class=\"img_centered\"><a class=\" not_video noLightbox\" data-lightbox=\"1\" data-href=\"https:\/\/bonifratrzy.pl\/dps-iwonicz\/wp-content\/uploads\/sites\/26\/2016\/05\/a5fb5b077cbb50cde22d854c64728a6d.jpeg\" title=\"a5fb5b077cbb50cde22d854c64728a6d\" target=\"_self\" data-index=\"3\"><img decoding=\"async\" class=\"wpmf_img\" alt=\"a5fb5b077cbb50cde22d854c64728a6d\" src=\"https:\/\/bonifratrzy.pl\/dps-iwonicz\/wp-content\/uploads\/sites\/26\/2016\/05\/a5fb5b077cbb50cde22d854c64728a6d-150x150.jpeg\" data-type=\"wpmfgalleryimg\" data-lazy-src=\"https:\/\/bonifratrzy.pl\/dps-iwonicz\/wp-content\/uploads\/sites\/26\/2016\/05\/a5fb5b077cbb50cde22d854c64728a6d-150x150.jpeg\"><\/a><\/div><\/div><\/div><\/figure><\/div><\/div>\n<p>&nbsp;<\/p>\n<h2><\/h2>\n<p>&nbsp;<\/p>\n","protected":false},"excerpt":{"rendered":"<p>Hipoterapia prowadzona jest przez\u00a0hipoterapeut\u0119 u os\u00f3b, kt\u00f3re nie maj\u0105 przeciwwskaza\u0144 od lekarza. Zaj\u0119cia hipoterapii bazuj\u0105 na kontakcie uczestnik\u00f3w z koniem i wykorzystaniu go do cel\u00f3w terapeutycznych. Forma zaj\u0119\u0107 jest dostosowana od indywidualnych potrzeb podopiecznych i\u00a0ich stanu psychofizycznego aby osi\u0105gn\u0105\u0107 jak najlepsze efekty. Kontakt z\u00a0koniem ma dostarcza\u0107 im przyjemno\u015bci i nie wywo\u0142ywa\u0107 l\u0119ku. Na zaj\u0119ciach maj\u0105 [&hellip;]<\/p>\n","protected":false},"author":1,"featured_media":0,"parent":17,"menu_order":48,"comment_status":"closed","ping_status":"closed","template":"","meta":{"footnotes":""},"_links":{"self":[{"href":"https:\/\/bonifratrzy.pl\/dps-iwonicz\/wp-json\/wp\/v2\/pages\/113"}],"collection":[{"href":"https:\/\/bonifratrzy.pl\/dps-iwonicz\/wp-json\/wp\/v2\/pages"}],"about":[{"href":"https:\/\/bonifratrzy.pl\/dps-iwonicz\/wp-json\/wp\/v2\/types\/page"}],"author":[{"embeddable":true,"href":"https:\/\/bonifratrzy.pl\/dps-iwonicz\/wp-json\/wp\/v2\/users\/1"}],"replies":[{"embeddable":true,"href":"https:\/\/bonifratrzy.pl\/dps-iwonicz\/wp-json\/wp\/v2\/comments?post=113"}],"version-history":[{"count":1,"href":"https:\/\/bonifratrzy.pl\/dps-iwonicz\/wp-json\/wp\/v2\/pages\/113\/revisions"}],"predecessor-version":[{"id":6780,"href":"https:\/\/bonifratrzy.pl\/dps-iwonicz\/wp-json\/wp\/v2\/pages\/113\/revisions\/6780"}],"up":[{"embeddable":true,"href":"https:\/\/bonifratrzy.pl\/dps-iwonicz\/wp-json\/wp\/v2\/pages\/17"}],"wp:attachment":[{"href":"https:\/\/bonifratrzy.pl\/dps-iwonicz\/wp-json\/wp\/v2\/media?parent=113"}],"curies":[{"name":"wp","href":"https:\/\/api.w.org\/{rel}","templated":true}]}}