{"id":11055,"date":"2025-08-27T08:32:31","date_gmt":"2025-08-27T06:32:31","guid":{"rendered":"https:\/\/bonifratrzy.pl\/dps-iwonicz\/?page_id=11055"},"modified":"2025-09-10T09:13:32","modified_gmt":"2025-09-10T07:13:32","slug":"xviii-podkarpacki-festiwal-rekreacji-i-zabawy-pozegnanie-lata-dofinansowano-ze-srodkow-panstwowego-funduszu-celowego","status":"publish","type":"page","link":"https:\/\/bonifratrzy.pl\/dps-iwonicz\/projekty\/xviii-podkarpacki-festiwal-rekreacji-i-zabawy-pozegnanie-lata-dofinansowano-ze-srodkow-panstwowego-funduszu-celowego\/","title":{"rendered":"&#8222;XVIII Podkarpacki Festiwal Rekreacji i Zabawy \u2013 Po\u017cegnanie lata&#8221;-dofinansowano ze \u015brodk\u00f3w Pa\u0144stwowego Funduszu Celowego"},"content":{"rendered":"<p><!--more--><\/p>\n\n\n\n<div class=\"wp-block-image\">\n<figure class=\"aligncenter size-large is-resized\"><img loading=\"lazy\" decoding=\"async\" width=\"1024\" height=\"340\" src=\"https:\/\/bonifratrzy.pl\/dps-iwonicz\/wp-content\/uploads\/sites\/26\/2025\/08\/obraz-1024x340.png\" alt=\"\" class=\"wp-image-11056\" style=\"width:620px;height:auto\" srcset=\"https:\/\/bonifratrzy.pl\/dps-iwonicz\/wp-content\/uploads\/sites\/26\/2025\/08\/obraz-1024x340.png 1024w, https:\/\/bonifratrzy.pl\/dps-iwonicz\/wp-content\/uploads\/sites\/26\/2025\/08\/obraz-480x160.png 480w, https:\/\/bonifratrzy.pl\/dps-iwonicz\/wp-content\/uploads\/sites\/26\/2025\/08\/obraz-1536x511.png 1536w, https:\/\/bonifratrzy.pl\/dps-iwonicz\/wp-content\/uploads\/sites\/26\/2025\/08\/obraz.png 1751w\" sizes=\"(max-width: 1024px) 100vw, 1024px\" \/><\/figure><\/div>\n\n\n<p><\/p>\n\n\n\n<p class=\"has-text-align-center\"><strong>DOFINANSOWANO ZE \u015aRODK\u00d3W<\/strong><\/p>\n\n\n\n<p class=\"has-text-align-center\"><strong>PA\u0143STWOWEGO<\/strong><\/p>\n\n\n\n<p class=\"has-text-align-center\"><strong>FUNDUSZU CELOWEGO<\/strong><\/p>\n\n\n\n<p class=\"has-text-align-center\"><strong>PA\u0143STWOWY FUNDUSZ REHABILITACJI OS\u00d3B NIEPE\u0141NOSPRAWNYCH<\/strong><\/p>\n\n\n\n<p class=\"has-text-align-center\"><strong>Dofinansowanie<\/strong><\/p>\n\n\n\n<p class=\"has-text-align-center\"><strong>60975,00 z\u0142<\/strong><\/p>\n\n\n\n<p class=\"has-text-align-center\"><strong>Ca\u0142kowita warto\u015b\u0107<\/strong><\/p>\n\n\n\n<p class=\"has-text-align-center\">&nbsp;<strong>67750,00 z\u0142<\/strong><\/p>\n\n\n\n<p class=\"has-text-align-center\"><strong>Data podpisania umowy<\/strong><\/p>\n\n\n\n<p class=\"has-text-align-center\"><strong>kwiecie\u0144 2025<\/strong><\/p>\n","protected":false},"excerpt":{"rendered":"","protected":false},"author":30,"featured_media":0,"parent":5942,"menu_order":3,"comment_status":"closed","ping_status":"closed","template":"","meta":{"footnotes":""},"_links":{"self":[{"href":"https:\/\/bonifratrzy.pl\/dps-iwonicz\/wp-json\/wp\/v2\/pages\/11055"}],"collection":[{"href":"https:\/\/bonifratrzy.pl\/dps-iwonicz\/wp-json\/wp\/v2\/pages"}],"about":[{"href":"https:\/\/bonifratrzy.pl\/dps-iwonicz\/wp-json\/wp\/v2\/types\/page"}],"author":[{"embeddable":true,"href":"https:\/\/bonifratrzy.pl\/dps-iwonicz\/wp-json\/wp\/v2\/users\/30"}],"replies":[{"embeddable":true,"href":"https:\/\/bonifratrzy.pl\/dps-iwonicz\/wp-json\/wp\/v2\/comments?post=11055"}],"version-history":[{"count":1,"href":"https:\/\/bonifratrzy.pl\/dps-iwonicz\/wp-json\/wp\/v2\/pages\/11055\/revisions"}],"predecessor-version":[{"id":11058,"href":"https:\/\/bonifratrzy.pl\/dps-iwonicz\/wp-json\/wp\/v2\/pages\/11055\/revisions\/11058"}],"up":[{"embeddable":true,"href":"https:\/\/bonifratrzy.pl\/dps-iwonicz\/wp-json\/wp\/v2\/pages\/5942"}],"wp:attachment":[{"href":"https:\/\/bonifratrzy.pl\/dps-iwonicz\/wp-json\/wp\/v2\/media?parent=11055"}],"curies":[{"name":"wp","href":"https:\/\/api.w.org\/{rel}","templated":true}]}}