{"id":11033,"date":"2025-07-24T09:22:32","date_gmt":"2025-07-24T07:22:32","guid":{"rendered":"https:\/\/bonifratrzy.pl\/dps-iwonicz\/?page_id=11033"},"modified":"2026-02-27T09:16:36","modified_gmt":"2026-02-27T08:16:36","slug":"budowa-szybu-windowego-przy-budynku-domu-pomocy-spolecznej-zakonu-bonifratrow-w-iwoniczu-wraz-z-przebudowa-prace-remontowo-budowlano-instalacyjne-w-2-lazienkach-oraz-montaz-instalacji-fotowoltaicznych","status":"publish","type":"page","link":"https:\/\/bonifratrzy.pl\/dps-iwonicz\/projekty\/budowa-szybu-windowego-przy-budynku-domu-pomocy-spolecznej-zakonu-bonifratrow-w-iwoniczu-wraz-z-przebudowa-prace-remontowo-budowlano-instalacyjne-w-2-lazienkach-oraz-montaz-instalacji-fotowoltaicznych\/","title":{"rendered":"Budowa szybu windowego przy budynku Domu Pomocy Spo\u0142ecznej Zakonu Bonifratr\u00f3w w Iwoniczu wraz z przebudow\u0105 budynku, prace remontowo budowlano instalacyjne w 2 \u0142azienkach oraz monta\u017c instalacji fotowoltaicznych &#8211; dofinansowano ze \u015brodk\u00f3w PFRON"},"content":{"rendered":"<p><!--more--><\/p>\n\n\n<figure class=\"wp-block-gallery has-nested-images columns-default is-cropped wp-block-gallery-1 is-layout-flex wp-block-gallery-is-layout-flex\"><\/figure>\n\n\n\n<figure class=\"wp-block-image size-large\"><img loading=\"lazy\" decoding=\"async\" width=\"1024\" height=\"683\" src=\"https:\/\/bonifratrzy.pl\/dps-iwonicz\/wp-content\/uploads\/sites\/26\/2026\/02\/Tablica-dofinansowanie-1024x683.jpg\" alt=\"\" class=\"wp-image-12799\" srcset=\"https:\/\/bonifratrzy.pl\/dps-iwonicz\/wp-content\/uploads\/sites\/26\/2026\/02\/Tablica-dofinansowanie-1024x683.jpg 1024w, https:\/\/bonifratrzy.pl\/dps-iwonicz\/wp-content\/uploads\/sites\/26\/2026\/02\/Tablica-dofinansowanie-450x300.jpg 450w, https:\/\/bonifratrzy.pl\/dps-iwonicz\/wp-content\/uploads\/sites\/26\/2026\/02\/Tablica-dofinansowanie-1536x1024.jpg 1536w, https:\/\/bonifratrzy.pl\/dps-iwonicz\/wp-content\/uploads\/sites\/26\/2026\/02\/Tablica-dofinansowanie-2048x1365.jpg 2048w\" sizes=\"(max-width: 1024px) 100vw, 1024px\" \/><\/figure>\n\n\n<p><!--more--><\/p>\n\n\n<p class=\"has-text-align-center\"><\/p>\n\n\n\n<p>W ramach projektu zostanie wybudowana nowa winda, wyremontowane dwie \u0142azienki i monta\u017c instalacji fotowoltaicznej.<\/p>\n\n\n\n<p>Projekt&nbsp; s\u0142u\u017cy celom rehabilitacji mieszka\u0144c\u00f3w DPS Zakonu Bonifratr\u00f3w w Iwoniczu&nbsp; &#8211; os\u00f3b doros\u0142ych z niepe\u0142nosprawno\u015bciami. Jest realizowany w ramach zada\u0144 Samorz\u0105du Wojew\u00f3dztwa&nbsp; Podkarpackiego&nbsp; i&nbsp; dofinansowany ze \u015brodk\u00f3w Pa\u0144stwowego Funduszu Os\u00f3b Niepe\u0142nosprawnych w wysoko\u015bci 208&nbsp;778 z\u0142, co stanowi 50% warto\u015bci zadania. Prace maj\u0105 by\u0107 zako\u0144czone do ko\u0144ca 2025&nbsp;r.<\/p>\n\n\n\n<p>Przeprowadzone prace remontowo-budowlane w znacz\u0105cy spos\u00f3b pomog\u0105 utrzyma\u0107 standardy, obni\u017cy\u0107 koszty sta\u0142e Domu i nadal zwi\u0119ksza\u0107 jako\u015b\u0107 \u015bwiadczonych us\u0142ug.<\/p>\n\n\n\n<p>Budowa windy jest konieczna gdy\u017c dotychczas funkcjonuj\u0105ca winda umo\u017cliwiaj\u0105ca wychodzenie podopiecznym do Sali rehabilitacji bez wychodzenia na zewn\u0105trz uleg\u0142a awarii i z powodu du\u017cego wyeksploatowania jej naprawa jest nieop\u0142acalna i przekracza mo\u017cliwo\u015bci finansowe plac\u00f3wki. Nowa winda ponadto umo\u017cliwi podopiecznym bezpo\u015brednie wyj\u015bcie do ogrodu.<\/p>\n\n\n\n<p>Zostan\u0105&nbsp; ponadto wyremontowane gruntownie dwie \u0142azienki dla mieszka\u0144c\u00f3w, w kt\u00f3rych b\u0119d\u0105 wymienione p\u0142ytki \u015bcienne i pod\u0142ogowe, armatura, instalacja wodno-kanalizacyjne i CO. Przeprowadzone w nich prace i wprowadzone rozwi\u0105zania poprawi\u0105 komfort, u\u0142atwi\u0105 korzystanie z nich mieszka\u0144com z dysfunkcjami narz\u0105du ruchu oraz &nbsp;u\u0142atwi\u0105 utrzymanie &nbsp;czysto\u015bci.<\/p>\n\n\n\n<p>Z kolei zamontowanie 2 instalacji fotowoltaicznych pozwoli redukowa\u0107 emisj\u0119 CO<sub>2&nbsp; <\/sub>i innych gaz\u00f3w cieplarnianych, a zarazem zmniejszy op\u0142aty plac\u00f3wki za pr\u0105d.<\/p>\n\n\n\n<p>Zaoszcz\u0119dzone w ten spos\u00f3b \u015brodki zostan\u0105 przeznaczone na rozw\u00f3j dzia\u0142a\u0144 i inicjatyw rozwijaj\u0105cych aktywno\u015b\u0107 i samodzielno\u015b\u0107 mieszka\u0144c\u00f3w oraz realizuj\u0105cych cele inkluzji spo\u0142ecznej.<\/p>\n","protected":false},"excerpt":{"rendered":"","protected":false},"author":30,"featured_media":0,"parent":5942,"menu_order":5,"comment_status":"closed","ping_status":"closed","template":"","meta":{"footnotes":""},"_links":{"self":[{"href":"https:\/\/bonifratrzy.pl\/dps-iwonicz\/wp-json\/wp\/v2\/pages\/11033"}],"collection":[{"href":"https:\/\/bonifratrzy.pl\/dps-iwonicz\/wp-json\/wp\/v2\/pages"}],"about":[{"href":"https:\/\/bonifratrzy.pl\/dps-iwonicz\/wp-json\/wp\/v2\/types\/page"}],"author":[{"embeddable":true,"href":"https:\/\/bonifratrzy.pl\/dps-iwonicz\/wp-json\/wp\/v2\/users\/30"}],"replies":[{"embeddable":true,"href":"https:\/\/bonifratrzy.pl\/dps-iwonicz\/wp-json\/wp\/v2\/comments?post=11033"}],"version-history":[{"count":8,"href":"https:\/\/bonifratrzy.pl\/dps-iwonicz\/wp-json\/wp\/v2\/pages\/11033\/revisions"}],"predecessor-version":[{"id":12800,"href":"https:\/\/bonifratrzy.pl\/dps-iwonicz\/wp-json\/wp\/v2\/pages\/11033\/revisions\/12800"}],"up":[{"embeddable":true,"href":"https:\/\/bonifratrzy.pl\/dps-iwonicz\/wp-json\/wp\/v2\/pages\/5942"}],"wp:attachment":[{"href":"https:\/\/bonifratrzy.pl\/dps-iwonicz\/wp-json\/wp\/v2\/media?parent=11033"}],"curies":[{"name":"wp","href":"https:\/\/api.w.org\/{rel}","templated":true}]}}