{"id":11,"date":"2016-01-28T00:44:09","date_gmt":"2016-01-27T23:44:09","guid":{"rendered":"https:\/\/bonifratrzy.pl\/dps-iwonicz\/?page_id=11"},"modified":"2016-05-06T14:52:26","modified_gmt":"2016-05-06T12:52:26","slug":"rys-historyczny","status":"publish","type":"page","link":"https:\/\/bonifratrzy.pl\/dps-iwonicz\/o-nas\/rys-historyczny\/","title":{"rendered":"Rys historyczny"},"content":{"rendered":"<p>Iwonicz to niewielka miejscowo\u015b\u0107 po\u0142o\u017cona na po\u0142udniu Polski w Beskidzie Niskim w dolinie potoku Iwonka. Le\u017cy obok Iwonicza Zdroju &#8211; znanej od wiek\u00f3w miejscowo\u015bci uzdrowiskowej o bogatej przesz\u0142o\u015bci. Dokumenty dziej\u00f3w Iwonicza wielokrotnie gin\u0119\u0142y w dziejowych zawieruchach, dlatego te\u017c nie ma \u017ar\u00f3de\u0142 ani starodruk\u00f3w, kt\u00f3re by bezpo\u015brednio odnosi\u0142y si\u0119 do za\u0142o\u017cenia Iwonicza. Pierwsza wzmianka pochodzi z 1427r. a opisuje istniej\u0105c\u0105 ju\u017c na tych ziemiach osad\u0119. Nazwa Iwonicz wzi\u0119\u0142a si\u0119 wi\u0119c najprawdopodobniej od nazwiska Iwanieckich, pierwszych dziedzic\u00f3w Iwonicza (zaczerpni\u0119to z tekstu Ks. E. Sk\u00f3rnickiego 1906-71).<\/p>\n<p>Braci Bonifratr\u00f3w z Krakowa do Iwonicza sprowadzi\u0142 miejscowy proboszcz ks. J. Rafa w 1923 r. Nie by\u0142 zadowolony z dzia\u0142alno\u015bci \u015bwieckiego bractwa opieku\u0144czego, sam nie dawa\u0142 sobie rady z prowadzeniem szpitala dla umys\u0142owo chorych m\u0119\u017cczyzn, wybudowanego w 1902 r. przez poprzednika ks. proboszcza A. Podg\u00f3rskiego. Odda\u0142 go wi\u0119c Br. Bonifratrom, wraz z gruntami rolnymi pod upraw\u0119. Bracia przej\u0119li budynek wraz z podopiecznymi i odt\u0105d obiekt sta\u0142 si\u0119 ich w\u0142asno\u015bci\u0105. Pierwszym przeorem zosta\u0142 ojciec Alojzy Ruszczyk. Wszystkie konwenty bonifraterskie prowincji polskiej udzieli\u0142y braciom wsparcia materialnego i w kr\u00f3tkim czasie zmodernizowano budynek, zakupiono niezb\u0119dn\u0105 aparatur\u0119 medyczn\u0105 i unowocze\u015bniono wyposa\u017cenie. Dzi\u0119ki temu zwi\u0119kszono ilo\u015b\u0107 miejsc dla chorych do 60, oraz otwarto ambulatorium \u015bwiadcz\u0105ce pomoc r\u00f3wnie\u017c okolicznej ludno\u015bci.<\/p>\n<p>W 1940 r. szpital doszcz\u0119tnie si\u0119 spali\u0142, a chorych umieszczono we dworze. Uda\u0142o si\u0119 jednak odbudowa\u0107 szpital do 1943 r. lecz w tym czasie wielu chorych zmar\u0142o. W odbudowanym po po\u017carze nowym szpitalu, bracia zacz\u0119li przyjmowa\u0107 chorych na gru\u017alic\u0119, po czym niemieckie w\u0142adze wojskowe szpital rozwi\u0105za\u0142y, a chorych przewieziono do Krosna, lub do dom\u00f3w. Bracia zostali zmuszeni do opuszczenia konwentu. W\u0142adze SS, kt\u00f3re zaj\u0119\u0142y budynek szpitala, zgodzi\u0142y si\u0119 na pozostawienie dw\u00f3ch z nich w bocznym skrzydle. Po wojnie Bonifratrzy wr\u00f3cili do Iwonicza i po dokonaniu koniecznych remont\u00f3w uruchomili szpital wraz z ambulatorium.<\/p>\n<p>W 1950 r. szpital zosta\u0142 upa\u0144stwowiony i przekszta\u0142cony w Dom Opieki Spo\u0142ecznej dla Doros\u0142ych pod zarz\u0105dem Zrzeszenia Katolik\u00f3w &#8211; Caritas. W latach 70 dokonano rozbudowy i modernizacji budynku, co pozwoli\u0142o na zwi\u0119kszenie liczby podopiecznych, a tak\u017ce popraw\u0119 warunk\u00f3w mieszkalnych i sanitarnych.<\/p>\n<p>W latach 90 wskutek zmian ustrojowych i zmian w finansowaniu pomocy spo\u0142ecznej, nast\u0105pi\u0142a rozbudowa obiektu i tym samym poprawa warunk\u00f3w bytowych podopiecznych. Zwi\u0119kszy\u0142a si\u0119 liczba pomieszcze\u0144 mieszkalnych i pomocniczych, powsta\u0142y pracownie terapeutyczne, rehabilitacyjne, nowa du\u017ca jadalnia i kaplica.<\/p>\n<p>Obecnie obiekt dostosowany jest do potrzeb os\u00f3b niepe\u0142nosprawnych pod ka\u017cdym wzgl\u0119dem, posiada wind\u0119 i podjazdy. W roku 2009 zako\u0144czono prace budowlane zwi\u0105zane z termomodernizacj\u0105 budynku. W wyniku realizacji przedsi\u0119wzi\u0119cia budynek zosta\u0142 ocieplony, wymieniono pokrycie dachowe oraz okna, zamontowano kolektory s\u0142oneczne. Ca\u0142o\u015b\u0107 prac wp\u0142yn\u0119\u0142a zar\u00f3wno na komfort mieszkania jak i na popraw\u0119 estetyki budynku.<\/p>\n<p>Od grudnia 2009 r. Dom Zakonu Bonifratr\u00f3w dzia\u0142a na podstawie decyzji Wojewody Urz\u0119du Wojew\u00f3dzkiego, zezwalaj\u0105cej Konwentowi bonifratr\u00f3w na prowadzenie Domu na czas nieokre\u015blony, gdy\u017c osi\u0105gn\u0105\u0142 standard us\u0142ug okre\u015blony w ustawie o pomocy spo\u0142ecznej.<\/p>\n<p>Kierowani wskazaniami za\u0142o\u017cyciela &#8211; \u015bw. Jana Bo\u017cego zar\u00f3wno Bracia Bonifratrzy jak i personel \u015bwiecki, opiekuj\u0105 si\u0119 podopiecznymi z cierpliwo\u015bci\u0105, mi\u0142osierdziem i poszanowaniem ich ludzkiej godno\u015bci, w ka\u017cdym z nich widz\u0105c brata.<\/p>\n","protected":false},"excerpt":{"rendered":"<p>Iwonicz to niewielka miejscowo\u015b\u0107 po\u0142o\u017cona na po\u0142udniu Polski w Beskidzie Niskim w dolinie potoku Iwonka. Le\u017cy obok Iwonicza Zdroju &#8211; znanej od wiek\u00f3w miejscowo\u015bci uzdrowiskowej o bogatej przesz\u0142o\u015bci. Dokumenty dziej\u00f3w Iwonicza wielokrotnie gin\u0119\u0142y w dziejowych zawieruchach, dlatego te\u017c nie ma \u017ar\u00f3de\u0142 ani starodruk\u00f3w, kt\u00f3re by bezpo\u015brednio odnosi\u0142y si\u0119 do za\u0142o\u017cenia Iwonicza. Pierwsza wzmianka pochodzi z [&hellip;]<\/p>\n","protected":false},"author":1,"featured_media":0,"parent":5,"menu_order":40,"comment_status":"closed","ping_status":"closed","template":"","meta":{"footnotes":""},"_links":{"self":[{"href":"https:\/\/bonifratrzy.pl\/dps-iwonicz\/wp-json\/wp\/v2\/pages\/11"}],"collection":[{"href":"https:\/\/bonifratrzy.pl\/dps-iwonicz\/wp-json\/wp\/v2\/pages"}],"about":[{"href":"https:\/\/bonifratrzy.pl\/dps-iwonicz\/wp-json\/wp\/v2\/types\/page"}],"author":[{"embeddable":true,"href":"https:\/\/bonifratrzy.pl\/dps-iwonicz\/wp-json\/wp\/v2\/users\/1"}],"replies":[{"embeddable":true,"href":"https:\/\/bonifratrzy.pl\/dps-iwonicz\/wp-json\/wp\/v2\/comments?post=11"}],"version-history":[{"count":0,"href":"https:\/\/bonifratrzy.pl\/dps-iwonicz\/wp-json\/wp\/v2\/pages\/11\/revisions"}],"up":[{"embeddable":true,"href":"https:\/\/bonifratrzy.pl\/dps-iwonicz\/wp-json\/wp\/v2\/pages\/5"}],"wp:attachment":[{"href":"https:\/\/bonifratrzy.pl\/dps-iwonicz\/wp-json\/wp\/v2\/media?parent=11"}],"curies":[{"name":"wp","href":"https:\/\/api.w.org\/{rel}","templated":true}]}}