{"id":10393,"date":"2025-02-26T09:39:47","date_gmt":"2025-02-26T08:39:47","guid":{"rendered":"https:\/\/bonifratrzy.pl\/dps-iwonicz\/?page_id=10393"},"modified":"2025-05-06T10:58:24","modified_gmt":"2025-05-06T08:58:24","slug":"procedura-odwiedzin-mieszkancow-dps-zakonu-bonifratrow","status":"publish","type":"page","link":"https:\/\/bonifratrzy.pl\/dps-iwonicz\/dokumenty\/procedura-odwiedzin-mieszkancow-dps-zakonu-bonifratrow\/","title":{"rendered":"Procedura odwiedzin mieszka\u0144c\u00f3w dps Zakonu Bonifratr\u00f3w"},"content":{"rendered":"\n\n\n<p>\u00a0<\/p>\n<p><span style=\"font-family: Times New Roman, serif\"><u>Cel procedury:<\/u><\/span><span style=\"font-family: Times New Roman, serif\"> stworzenie warunk\u00f3w do podtrzymywania wi\u0119zi z rodzinami mieszka\u0144c\u00f3w w\u00a0spos\u00f3b niezaburzaj\u0105cy \u017cycia innym mieszka\u0144com oraz pracy personelowi DPS.<\/span><\/p>\n<ol>\n<li>\n<p align=\"justify\"><span style=\"color: #141414\"><span style=\"font-family: Times New Roman, serif\">Ka\u017cdy mieszkaniec Domu Pomocy Spo\u0142ecznej Zakonu Bonifratr\u00f3w w Iwoniczu mo\u017ce by\u0107 odwiedzany przez swoj\u0105 rodzin\u0119 i inne zaprzyja\u017anione osoby z wyj\u0105tkiem os\u00f3b, kt\u00f3rym s\u0105d zakaza\u0142 kontaktu oraz <\/span><\/span><span style=\"font-family: Times New Roman, serif\"><span style=\"color: #000000\">os\u00f3b, kt\u00f3rych odwiedzin mieszkaniec sobie nie \u017cyczy.<\/span><\/span><span style=\"color: #000000\"><span style=\"font-family: Times New Roman, serif\"> Liczba os\u00f3b odwiedzaj\u0105cych jest dowolna, jednak\u017ce uzale\u017cniona od stanu zdrowia i\u00a0samopoczucia mieszka\u0144ca.<\/span><\/span><span style=\"font-family: Times New Roman, serif\"> Osoby pod wp\u0142ywem alkoholu lub \u015brodk\u00f3w odurzaj\u0105cych maj\u0105 zakaz wej\u015bcia na teren DPS.<\/span><\/p>\n<\/li>\n<li>\n<p align=\"justify\"><span style=\"color: #141414\"><span style=\"font-family: Times New Roman, serif\">Bez wcze\u015bniejszego uzgodnienia odwiedziny mog\u0105 odbywa\u0107 si\u0119 codziennie od poniedzia\u0142ku do pi\u0105tku w godzinach od 9:00 do 16:00. Odwiedziny w innych godzinach oraz w soboty, niedziele i \u015bwi\u0119ta wymagaj\u0105 wcze\u015bniejszego zg\u0142oszenia <\/span><\/span><span style=\"font-family: Times New Roman, serif\">opiekunowi grupy<\/span><span style=\"color: #141414\"><span style=\"font-family: Times New Roman, serif\"> lub pracownikowi socjalnemu (w dniach od poniedzia\u0142ku do pi\u0105tku w godz. 7:00-14:00 pod nr tel.: <\/span><\/span><span style=\"font-family: Times New Roman, serif\">13 42 501 34) lub. Je\u015bli zg\u0142oszenie odbierze pracownik socjalny, przekazuje t\u0119 informacj\u0119 opiekunowi w\u0142a\u015bciwej grupy mieszkalnej, aby opiekun m\u00f3g\u0142 odpowiednio zaplanowa\u0107 swoje zadania w czasie odwiedzin. Odwiedziny wcze\u015bniej zg\u0142oszone mog\u0105 si\u0119 odbywa\u0107 w godzinach od 9:00 do 20:00.<\/span><\/p>\n<\/li>\n<li>\n<p align=\"justify\"><span style=\"color: #141414\"><span style=\"font-family: Times New Roman, serif\">Odwiedziny odbywaj\u0105 si\u0119 w pokoju go\u015bcinnym, \u015bwietlicy lub w okresie letnim np. w\u00a0ogrodzie.<\/span><\/span><\/p>\n<\/li>\n<li>\n<p align=\"justify\"><span style=\"font-family: Times New Roman, serif\">W wyj\u0105tkowych sytuacjach wynikaj\u0105cych ze stanu zdrowia mieszka\u0144ca i za zgod\u0105 innych wsp\u00f3\u0142mieszka\u0144c\u00f3w, opiekun dy\u017curny mo\u017ce zezwoli\u0107 na odwiedziny w pokoju mieszka\u0144ca, ale jedynie w godzinach 9:00 \u2013 11:00, 13:00 &#8211; 16:00. Czas odwiedzin w pokoju \u2013 maksymalnie 1godzina<\/span><span style=\"font-family: Times New Roman, serif\">.<\/span><\/p>\n<\/li>\n<li>\n<p align=\"justify\"><span style=\"font-family: Times New Roman, serif\">Osoby odwiedzaj\u0105ce maj\u0105 obowi\u0105zek zg\u0142osi\u0107 swoje przybycie opiekunowi realizuj\u0105cemu dy\u017cur. Opiekun dokonuje rejestracji os\u00f3b odwiedzaj\u0105cych w Zeszycie Odwiedzin, kt\u00f3ry jest na ka\u017cdej grupie mieszkalnej (imi\u0119 i nazwisko, data i godzina wizyty, kontakt, imi\u0119 i nazwisko odwiedzanego mieszka\u0144ca), a odwiedzaj\u0105cy potwierdza dane podpisem.<\/span><\/p>\n<\/li>\n<\/ol>\n<p align=\"justify\"><span style=\"color: #141414\"><span style=\"font-family: Times New Roman, serif\">Osoby odwiedzaj\u0105ce informuj\u0105 tak\u017ce opiekuna o ko\u0144cu wizyty potwierdzaj\u0105c to podpisem w Zeszycie Odwiedzin<\/span><\/span><\/p>\n<ol start=\"6\">\n<li>\n<p align=\"justify\"><span style=\"color: #000000\"><span style=\"font-family: Times New Roman, serif\">W sytuacji, gdy odwiedziny odbywaj\u0105 si\u0119 w pokoju, gdzie przebywa inny mieszkaniec, a zachodzi taka konieczno\u015b\u0107, osoby odwiedzaj\u0105ce s\u0105 zobowi\u0105zane opu\u015bci\u0107 pok\u00f3j, a\u017c do chwili ustania zaistnia\u0142ej przyczyny.<\/span><\/span><\/p>\n<\/li>\n<li>\n<p align=\"justify\"><span style=\"font-family: Times New Roman, serif\">Osoby odwiedzaj\u0105ce mog\u0105 udziela\u0107 pomocy mieszka\u0144cowi w zakresie czynno\u015bci opieku\u0144czych tylko za wiedz\u0105 i zgod\u0105 opiekuna. <\/span><\/p>\n<\/li>\n<li>\n<p align=\"justify\"><span style=\"font-family: Times New Roman, serif\">Odwiedzaj\u0105cym wolno przynie\u015b\u0107 dla mieszka\u0144ca \u017cywno\u015b\u0107 i napoje z <\/span><span style=\"color: #000000\"><span style=\"font-family: Times New Roman, serif\">uwzgl\u0119dnieniem diety, stanu zdrowia oraz sposobu od\u017cywiania mieszka\u0144ca, <\/span><\/span><span style=\"font-family: Times New Roman, serif\">ale karmienie i podawanie napoj\u00f3w oraz innych produkt\u00f3w spo\u017cywczych przyniesionych przez odwiedzaj\u0105cego mo\u017ce odbywa\u0107 si\u0119 po uzgodnieniu z opiekunem. <\/span><\/p>\n<\/li>\n<li>\n<p align=\"justify\"><span style=\"font-family: Times New Roman, serif\">Zakazuje si\u0119 osobom odwiedzaj\u0105cym podawa\u0107 jedzenie i napoje innym mieszka\u0144com bez wiedzy i zgody opiekuna dy\u017curnego.<\/span><\/p>\n<\/li>\n<li>\n<p align=\"justify\"><span style=\"color: #000000\"><span style=\"font-family: Times New Roman, serif\">Odwiedzaj\u0105cym zakazuje si\u0119 podawania mieszka\u0144com jakichkolwiek lek\u00f3w i \u015brodk\u00f3w farmakologicznych bez wiedzy i zgody piel\u0119gniarki. W przypadku dostarczania lek\u00f3w lub innych \u015brodk\u00f3w farmakologicznych, nale\u017cy obowi\u0105zkowo poinformowa\u0107 piel\u0119gniark\u0119 dy\u017curn\u0105.<\/span><\/span><\/p>\n<\/li>\n<li>\n<p align=\"justify\"><span style=\"font-family: Times New Roman, serif\"><span style=\"font-size: medium\"><span style=\"font-size: small\">Je\u015bli nie ma przeciwwskaza\u0144 zdrowotnych, odwiedzaj\u0105cy mo\u017ce zabra\u0107 mieszka\u0144ca na spacer poza teren DPS za jego zgod\u0105. Ka\u017cdorazowo informuje o tym opiekuna dy\u017curnego i wpisuje w Zeszyt Odwiedzin przejmuj\u0105c odpowiedzialno\u015b\u0107 za mieszka\u0144ca na czas wyj\u015bcia.<\/span><\/span><\/span><\/p>\n<\/li>\n<li>\n<p align=\"justify\"><span style=\"font-family: Times New Roman, serif\">Na terenie DPS Zakonu Bonifratr\u00f3w w Iwoniczu zabrania si\u0119 utrwalania w jakiejkolwiek formie wizerunk\u00f3w mieszka\u0144c\u00f3w i pracownik\u00f3w Domu, poza mieszka\u0144cem odwiedzanym, je\u015bli wyra\u017ca na to zgod\u0119 (fotografowanie, filmowanie, nagrywanie itp.).<\/span><\/p>\n<\/li>\n<li>\n<p align=\"justify\"><span style=\"font-family: Times New Roman, serif\">Zabrania si\u0119 wnoszenia i spo\u017cywania na terenie DPS alkoholu i innych \u015brodk\u00f3w odurzaj\u0105cych. <\/span><\/p>\n<\/li>\n<li>\n<p align=\"justify\"><span style=\"font-family: Times New Roman, serif\">Wszelkie dostarczone przez odwiedzaj\u0105cych rzeczy trwa\u0142e, odzie\u017c, sprz\u0119t b\u0105d\u017a elementy wyposa\u017cenia winny by\u0107 zg\u0142oszone opiekunowi lub pracownikowi socjalnemu, a nast\u0119pnie wpisane w Indywidualn\u0105 Kart\u0119 Mieszka\u0144ca w obecno\u015bci stron i potwierdzone podpisem osoby przyjmuj\u0105cej i przekazuj\u0105cej<\/span><\/p>\n<\/li>\n<li>\n<p align=\"justify\"><span style=\"color: #000000\"><span style=\"font-family: Times New Roman, serif\">Nie zezwala si\u0119 na dokonywanie jakichkolwiek zmian, monta\u017cu czy napraw sprz\u0119tu znajduj\u0105cego si\u0119 w pokoju mieszka\u0144ca lub innym pomieszczeniu DPS. <\/span><\/span><\/p>\n<\/li>\n<li>\n<p align=\"justify\"><span style=\"color: #000000\"><span style=\"font-family: Times New Roman, serif\">Zabrania si\u0119 dokonywania jakichkolwiek zmian w pokojach mieszka\u0144c\u00f3w w zakresie umeblowania, sprz\u0119tu itp. bez wiedzy i zgody Kierownika Dzia\u0142u Terapeutyczno-Opieku\u0144czego<\/span><\/span><\/p>\n<\/li>\n<li>\n<p align=\"justify\"><span style=\"font-family: Times New Roman, serif\">Za szkody powsta\u0142e wskutek nie przestrzegania przez osoby odwiedzaj\u0105ce niniejszej procedury oraz innych akt\u00f3w reguluj\u0105cych funkcjonowanie DPS i zasad wsp\u00f3\u0142\u017cycia spo\u0142ecznego, wy\u0142\u0105czn\u0105 odpowiedzialno\u015b\u0107 ponosz\u0105 osoby odwiedzaj\u0105ce.<\/span><\/p>\n<\/li>\n<\/ol>\n<p align=\"justify\"><br \/><br \/><\/p>\n<ol start=\"15\">\n<li>\n<p align=\"justify\"><span style=\"color: #000000\">\u00a0<span style=\"font-family: Times New Roman, serif\">Obecni na zmianie pracownicy czuwaj\u0105 nad tym, aby odwiedziny przebiega\u0142y w\u00a0spokojnej i mi\u0142ej\u00a0atmosferze, bez zak\u0142\u00f3cania miru domowego pozosta\u0142ych mieszka\u0144c\u00f3w, s\u0105 zobowi\u0105zani do<\/span><\/span><span style=\"color: #000000\"><span style=\"font-family: Times New Roman, serif\"> \u017cyczliwo\u015bci i go\u015bcinno\u015bci oraz taktownego zachowania wobec odwiedzaj\u0105cych. Problemy poruszane lub wynik\u0142e w trakcie odwiedzin nale\u017cy zg\u0142asza\u0107 Kierownikowi Dzia\u0142u Terapeutyczno-Opieku\u0144czego.<\/span><\/span><\/p>\n<\/li>\n<li>\n<p align=\"justify\"><a name=\"_GoBack\"><\/a> <span style=\"color: #000000\">\u00a0<span style=\"font-family: Times New Roman, serif\">W razie jakichkolwiek pyta\u0144, w\u0105tpliwo\u015bci lub zastrze\u017ce\u0144 nale\u017cy kontaktowa\u0107 si\u0119 z\u00a0kierownikiem Dzia\u0142u Terapeutyczno-Opieku\u0144czego lub Dyrektorem DPS.<\/span><\/span><\/p>\n<\/li>\n<li>\n<p><span style=\"font-family: Times New Roman, serif\"><span style=\"color: #000000\">Wszelkie odst\u0119pstwa od niniejszej Procedury s\u0105 mo\u017cliwe za zgod\u0105 Dyrektora DPS.<\/span><\/span><\/p>\n<\/li>\n<\/ol>\n<p align=\"right\">11.02.2025r.<\/p>\n<p><br \/><br \/><\/p>\n","protected":false},"excerpt":{"rendered":"","protected":false},"author":30,"featured_media":0,"parent":10429,"menu_order":53,"comment_status":"closed","ping_status":"closed","template":"","meta":{"footnotes":""},"_links":{"self":[{"href":"https:\/\/bonifratrzy.pl\/dps-iwonicz\/wp-json\/wp\/v2\/pages\/10393"}],"collection":[{"href":"https:\/\/bonifratrzy.pl\/dps-iwonicz\/wp-json\/wp\/v2\/pages"}],"about":[{"href":"https:\/\/bonifratrzy.pl\/dps-iwonicz\/wp-json\/wp\/v2\/types\/page"}],"author":[{"embeddable":true,"href":"https:\/\/bonifratrzy.pl\/dps-iwonicz\/wp-json\/wp\/v2\/users\/30"}],"replies":[{"embeddable":true,"href":"https:\/\/bonifratrzy.pl\/dps-iwonicz\/wp-json\/wp\/v2\/comments?post=10393"}],"version-history":[{"count":1,"href":"https:\/\/bonifratrzy.pl\/dps-iwonicz\/wp-json\/wp\/v2\/pages\/10393\/revisions"}],"predecessor-version":[{"id":10394,"href":"https:\/\/bonifratrzy.pl\/dps-iwonicz\/wp-json\/wp\/v2\/pages\/10393\/revisions\/10394"}],"up":[{"embeddable":true,"href":"https:\/\/bonifratrzy.pl\/dps-iwonicz\/wp-json\/wp\/v2\/pages\/10429"}],"wp:attachment":[{"href":"https:\/\/bonifratrzy.pl\/dps-iwonicz\/wp-json\/wp\/v2\/media?parent=10393"}],"curies":[{"name":"wp","href":"https:\/\/api.w.org\/{rel}","templated":true}]}}