{"id":5672,"date":"2019-01-22T14:06:09","date_gmt":"2019-01-22T13:06:09","guid":{"rendered":"https:\/\/bonifratrzy.pl\/dps-cieszyn\/?page_id=5672"},"modified":"2024-11-22T12:37:19","modified_gmt":"2024-11-22T11:37:19","slug":"ochrona-danych-osobowych","status":"publish","type":"page","link":"https:\/\/bonifratrzy.pl\/dps-cieszyn\/ochrona-danych-osobowych\/","title":{"rendered":"Ochrona Danych Osobowych"},"content":{"rendered":"<p><strong>Ochrona danych osobowych\/ RODO<\/strong><\/p>\n<p style=\"text-align: justify\">Zgodnie z art. 13, 14 i 15 rozporz\u0105dzenia Parlamentu Europejskiego i Rady (UE) 2016\/679 z dnia 27 kwietnia 2016 r. w sprawie ochrony os\u00f3b fizycznych w zwi\u0105zku z przetwarzaniem danych osobowych i w sprawie swobodnego przep\u0142ywu takich danych oraz uchylenia dyrektywy 95\/46\/WE (og\u00f3lne rozporz\u0105dzenie o ochronie danych osobowych) \u2013 zwanego dalej RODO informuj\u0119, i\u017c:<\/p>\n<p align=\"JUSTIFY\">we wszystkich sprawach zwi\u0105zanych z przetwarzaniem Danych osobowych mo\u017cna skontaktowa\u0107 si\u0119 z Administratorem na ww. adres siedziby lub poprzez e-mail: <a href=\"&#x6d;&#97;i&#x6c;&#116;o&#x3a;&#107;o&#x6e;&#119;e&#x6e;&#116;c&#x69;&#101;s&#x7a;&#121;n&#x40;&#98;o&#x6e;&#105;f&#x72;&#97;t&#x72;&#122;y&#x2e;&#112;l\">&#x6b;o&#x6e;&#119;e&#x6e;&#116;&#x63;&#x69;e&#x73;&#122;y&#x6e;&#64;&#x62;&#111;n&#x69;&#102;r&#x61;&#116;&#x72;&#122;y&#x2e;&#112;&#x6c;<\/a><\/p>\n<p align=\"JUSTIFY\">Traktujemy bezpiecze\u0144stwo Twoich danych bardzo powa\u017cnie, dlatego powo\u0142ali\u015bmy dedykowan\u0105 osob\u0119 do roli Inspektora Ochrony Danych, Pani\u0105 Ma\u0142gorzat\u0119 Topy\u0142a-Komosa. Mo\u017cesz si\u0119 z ni\u0105 skontaktowa\u0107 pod adresem: <a href=\"&#x6d;&#x61;&#x69;&#x6c;&#x74;&#x6f;&#x3a;&#x69;&#x6f;&#x64;&#x6f;&#46;&#99;&#105;&#101;&#115;&#122;&#121;n&#64;boni&#x66;&#x72;&#x61;&#x74;&#x72;&#x7a;&#x79;&#x2e;&#x70;&#x6c;\">&#x69;&#111;&#100;o&#x2e;&#x63;&#105;e&#x73;&#x7a;&#121;n&#64;&#x62;&#111;&#110;i&#x66;&#x72;&#97;t&#x72;&#x7a;&#121;&#46;p&#x6c;<\/a><u><\/u><\/p>\n<p style=\"text-align: justify\">Dane osobowe przetwarzane s\u0105 w celu realizacji zada\u0144 publicznych w\u0142asnych i zleconych na podstawie art. 6 ust. 1 lit. a, b, c, d, e, f lub art. 9 ust. 2 lit. a, b, c, e, f, g, h, i, j RODO. Dom Pomocy Spo\u0142ecznej przetwarza dane osobowe, co do kt\u00f3rych istnieje obowi\u0105zek prawny ich podania b\u0105d\u017a podanie danych osobowych jest dobrowolne w zale\u017cno\u015bci od celu i podstawy prawnej przetwarzania. Jednak\u017ce niepodanie danych w zakresie wymaganym przez administratora mo\u017ce skutkowa\u0107 niemo\u017cno\u015bci\u0105 realizacji us\u0142ugi. W Domu Pomocy Spo\u0142ecznej przetwarzane s\u0105 dane osobowe wra\u017cliwe oraz dane osobowe niewra\u017cliwe w zale\u017cno\u015bci od celu i podstawy przetwarzania.<\/p>\n<p style=\"text-align: justify\">Przekazanie danych osobowych jest wymogiem ustawowym, jest obligatoryjne na mocy przepis\u00f3w prawa i dotyczy ka\u017cdego mieszka\u0144ca, wobec kt\u00f3rego Administrator realizuje cele opisane w Uchwale nr 2\/2018 Przeora Konwentu Bonifratr\u00f3w w Cieszynie z dnia 28 wrze\u015bnia 2018\u00a0 \u00a7 5 pkt. 2-5.<\/p>\n<p style=\"text-align: justify\">Dane osobowe pozyskane s\u0105 od Mieszka\u0144c\u00f3w, interesant\u00f3w, os\u00f3b trzecich oraz innych organ\u00f3w publicznych w zale\u017cno\u015bci od realizowanych zada\u0144.<\/p>\n<p style=\"text-align: justify\">Odbiorcami danych osobowych mog\u0105 by\u0107 podmioty uprawnione na podstawie przepis\u00f3w prawa lub umowy powierzenia przetwarzania danych.<\/p>\n<p style=\"text-align: justify\">Dane osobowe b\u0119d\u0105 przechowywane przez okres niezb\u0119dny do realizacji zgodny z rozporz\u0105dzeniem Prezesa Rady Ministr\u00f3w z dnia 18 stycznia 2011r. w sprawie instrukcji kancelaryjnej, jednolitych rzeczowych wykaz\u00f3w akt oraz instrukcji w sprawie organizacji i zakresu dzia\u0142ania archiw\u00f3w zak\u0142adowych wy\u0142\u0105czeniem:<\/p>\n<p style=\"text-align: justify\">\u2013 \u00a0nagra\u0144 z monitoringu wizyjnego budynku- przez okres 3 miesi\u0119cy, o ile przepisy odr\u0119bne nie stanowi\u0105 inaczej.<\/p>\n<p style=\"text-align: justify\">Osobom, w zakresie danych osobowych ich dotycz\u0105cych, przys\u0142uguj\u0105 prawa: dost\u0119pu do danych osobowych, do sprostowania danych, do usuni\u0119cia danych, do ograniczenia przetwarzania, do wniesienia sprzeciwu wobec przetwarzania, do cofni\u0119cia zgody, do przenoszenia danych.<\/p>\n<p style=\"text-align: justify\">Prawo wniesienia skargi do organu nadzorczego &#8211; Prezesa Urz\u0119du Ochrony Danych Osobowych, gdy uzasadnione jest, i\u017c dane osobowe przetwarzane s\u0105 przez administratora niezgodnie z przepisami RODO.<\/p>\n<p style=\"text-align: justify\">Dane osobowy nie b\u0119d\u0105 przekazywane do pa\u0144stwa trzeciego, organizacji mi\u0119dzynarodowej.<\/p>\n<p style=\"text-align: justify\">Dane osobowe nie b\u0119d\u0105 przetwarzane w spos\u00f3b zautomatyzowany i nie b\u0119d\u0105 profilowane.<\/p>\n<p style=\"text-align: justify\">Ochrona danych osobowych realizowana jest zgodnie z Zarz\u0105dzeniem Dyrektora Domu Pomocy Spo\u0142ecznej Konwentu Bonifratr\u00f3w w sprawie wprowadzenia Polityki Bezpiecze\u0144stwa i Instrukcji Zarz\u0105dzania Systemem Informatycznym s\u0142u\u017c\u0105cym do przetwarzania danych osobowych w Domu Pomocy Spo\u0142ecznej.<\/p>\n<p><em>\u00a0\u00a0\u00a0\u00a0\u00a0\u00a0\u00a0\u00a0\u00a0\u00a0\u00a0\u00a0\u00a0\u00a0\u00a0\u00a0\u00a0\u00a0\u00a0\u00a0\u00a0\u00a0\u00a0\u00a0\u00a0\u00a0\u00a0\u00a0\u00a0\u00a0\u00a0\u00a0\u00a0\u00a0 \u00a0\u00a0\u00a0\u00a0\u00a0 <\/em><em>Dyrektor Domu Pomocy Spo\u0142ecznej\u00a0Konwentu Bonifratr\u00f3w w Cieszynie<\/em><\/p>\n","protected":false},"excerpt":{"rendered":"<p>Ochrona danych osobowych\/ RODO Zgodnie z art. 13, 14 i 15 rozporz\u0105dzenia Parlamentu Europejskiego i Rady (UE) 2016\/679 z dnia 27 kwietnia 2016 r. w sprawie ochrony os\u00f3b fizycznych w zwi\u0105zku z przetwarzaniem danych osobowych i w sprawie swobodnego przep\u0142ywu takich danych oraz uchylenia dyrektywy 95\/46\/WE (og\u00f3lne rozporz\u0105dzenie o ochronie danych osobowych) \u2013 zwanego dalej [&hellip;]<\/p>\n","protected":false},"author":1,"featured_media":0,"parent":0,"menu_order":0,"comment_status":"closed","ping_status":"closed","template":"","meta":{"footnotes":""},"_links":{"self":[{"href":"https:\/\/bonifratrzy.pl\/dps-cieszyn\/wp-json\/wp\/v2\/pages\/5672"}],"collection":[{"href":"https:\/\/bonifratrzy.pl\/dps-cieszyn\/wp-json\/wp\/v2\/pages"}],"about":[{"href":"https:\/\/bonifratrzy.pl\/dps-cieszyn\/wp-json\/wp\/v2\/types\/page"}],"author":[{"embeddable":true,"href":"https:\/\/bonifratrzy.pl\/dps-cieszyn\/wp-json\/wp\/v2\/users\/1"}],"replies":[{"embeddable":true,"href":"https:\/\/bonifratrzy.pl\/dps-cieszyn\/wp-json\/wp\/v2\/comments?post=5672"}],"version-history":[{"count":4,"href":"https:\/\/bonifratrzy.pl\/dps-cieszyn\/wp-json\/wp\/v2\/pages\/5672\/revisions"}],"predecessor-version":[{"id":10809,"href":"https:\/\/bonifratrzy.pl\/dps-cieszyn\/wp-json\/wp\/v2\/pages\/5672\/revisions\/10809"}],"wp:attachment":[{"href":"https:\/\/bonifratrzy.pl\/dps-cieszyn\/wp-json\/wp\/v2\/media?parent=5672"}],"curies":[{"name":"wp","href":"https:\/\/api.w.org\/{rel}","templated":true}]}}