{"id":18,"date":"2016-01-28T00:00:32","date_gmt":"2016-01-27T23:00:32","guid":{"rendered":"https:\/\/bonifratrzy.pl\/dps-cieszyn\/?page_id=18"},"modified":"2026-02-02T14:24:14","modified_gmt":"2026-02-02T13:24:14","slug":"zasady-przyjecia","status":"publish","type":"page","link":"https:\/\/bonifratrzy.pl\/dps-cieszyn\/zasady-przyjecia\/","title":{"rendered":"Zasady przyj\u0119cia"},"content":{"rendered":"<p style=\"text-align: center\"><strong>ZASADY PRZYJ\u0118CIA<\/strong><\/p>\n<p style=\"text-align: justify\">Dom Pomocy Spo\u0142ecznej Konwentu Bonifratr\u00f3w przeznaczony jest dla przewlekle psychicznie chorych m\u0119\u017cczyzn. Dysponuje 116 miejscami. Podmiot prowadz\u0105cy posiada zezwolenie Wojewody \u015al\u0105skiego na prowadzenie Domu (decyzja PS\/II\/9013\/21\/09 z dnia 5 luty 2010 r.). Dom jest wpisany do rejestru dom\u00f3w pomocy spo\u0142ecznej prowadzonego przez Wojewod\u0119 \u015al\u0105skiego pod pozycj\u0105 PS\/II\/9014\/164\/10.<\/p>\n<p style=\"text-align: justify\">Przyj\u0119cie do domu pomocy spo\u0142ecznej <strong>wymaga zgody osoby zainteresowanej<\/strong>. Je\u017celi osoba wymagaj\u0105ca skierowania do domu pomocy spo\u0142ecznej ze wzgl\u0119du na sw\u00f3j stan psychiczny nie jest zdolna do wyra\u017cenia na to zgody, o jej skierowaniu do domu pomocy spo\u0142ecznej orzeka s\u0105d opieku\u0144czy. Uzyskanie zgody w\u0142a\u015bciwego s\u0105du jest r\u00f3wnie\u017c konieczne w przypadku kiedy osoba ta lub jej przedstawiciel ustawowy nie wyra\u017caj\u0105 zgody na przyj\u0119cie jej do domu pomocy spo\u0142ecznej.<\/p>\n<p style=\"text-align: justify\"><u>Podsumowuj\u0105c<\/u>: w domu pomocy spo\u0142ecznej bez zgody mo\u017cna umie\u015bci\u0107 osob\u0119 jedynie w zwi\u0105zku z wydanym postanowieniem s\u0105du w tym zakresie.<\/p>\n<p style=\"text-align: justify\"><strong>Wniosek o skierowanie do domu pomocy spo\u0142ecznej<\/strong> nale\u017cy sk\u0142ada\u0107 w O\u015brodku Pomocy Spo\u0142ecznej, w\u0142a\u015bciwym dla miejsca zamieszkania osoby ubiegaj\u0105cej si\u0119 o skierowanie do DPS. O\u015brodek ten przeprowadza rodzinny wywiad \u015brodowiskowy i kompletuje niezb\u0119dn\u0105 do wydania decyzji dokumentacj\u0119.<\/p>\n<p style=\"text-align: justify\"><strong>Decyzj\u0119 o skierowaniu do domu pomocy spo\u0142ecznej i decyzj\u0119 ustalaj\u0105c\u0105 op\u0142at\u0119<\/strong> wydaje organ gminy w\u0142a\u015bciwy dla tej osoby w dniu jej kierowania do domu pomocy spo\u0142ecznej.<\/p>\n<p style=\"text-align: justify\"><strong>Decyzj\u0119 o umieszczeniu\u00a0w domu pomocy spo\u0142ecznej<\/strong> wydaje starosta powiatu prowadz\u0105cego dom. W razie niemo\u017cno\u015bci umieszczenia w domu pomocy spo\u0142ecznej z powodu braku wolnych miejsc, powiadamia si\u0119 osob\u0119 o wpisaniu na list\u0119 oczekuj\u0105cych oraz o przewidywanym terminie oczekiwania na umieszczenie w domu pomocy spo\u0142ecznej.<\/p>\n<p style=\"text-align: justify\">W nag\u0142ych wypadkach, wynikaj\u0105cych ze zdarze\u0144 losowych, <strong>skierowanie i umieszczenie osoby w domu mo\u017ce nast\u0105pi\u0107 poza kolejno\u015bci\u0105<\/strong> oraz bez przed\u0142o\u017cenia wymaganych dokument\u00f3w. Powinny one zosta\u0107 skompletowane przez o\u015brodek pomocy spo\u0142ecznej w terminie trzech miesi\u0119cy od dnia przyj\u0119cia tej osoby do domu.<\/p>\n<p style=\"text-align: justify\">Osoba ubiegaj\u0105ca si\u0119 jest kierowana do domu na czas nieokre\u015blony, chyba \u017ce wyst\u0105pi ona lub jej przedstawiciel ustawowy z wnioskiem o skierowanie do domu na czas okre\u015blony.<\/p>\n<p style=\"text-align: center\"><strong>ODP\u0141ATNO\u015a\u0106<\/strong><\/p>\n<p style=\"text-align: justify\">Pobyt w domu pomocy spo\u0142ecznej jest odp\u0142atny. \u015aredni miesi\u0119czny koszt pobytu ustalany jest przez starost\u0119 powiatu, na terenie kt\u00f3rego znajduje si\u0119 dom na pocz\u0105tku ka\u017cdego roku kalendarzowego i obowi\u0105zuje do czasu ustalenia kosztu na rok nast\u0119pny.<\/p>\n<p style=\"text-align: justify\">Aktualna wysoko\u015b\u0107 \u015bredniego miesi\u0119cznego kosztu utrzymania mieszka\u0144ca w Domu Pomocy Spo\u0142ecznej Konwentu Bonifratr\u00f3w w Cieszynie wynosi 7774,58 z\u0142 (zgodnie z Zarz\u0105dzeniem Starosty Cieszy\u0144skiego z dnia 27 stycznia 2026 r. w sprawie \u015bredniego miesi\u0119cznego kosztu utrzymania mieszka\u0144ca w powiatowych domach pomocy spo\u0142ecznej oraz prowadzonych na zlecenie Powiatu Cieszy\u0144skiego).<\/p>\n<p style=\"text-align: justify\">Do odp\u0142atno\u015bci zobowi\u0105zana jest w pierwszej kolejno\u015bci osoba przebywaj\u0105ca w domu pomocy spo\u0142ecznej. Odp\u0142atno\u015b\u0107 wnoszona przez mieszka\u0144ca domu nie mo\u017ce przekroczy\u0107 70% jego dochodu. Je\u015bli kwota wnoszona przez mieszka\u0144ca nie pokrywa koszt\u00f3w pobytu, do pokrycia pozosta\u0142ej cz\u0119\u015bci nale\u017cno\u015bci zobowi\u0105zana jest rodzina mieszka\u0144ca domu. Je\u015bli rodzina nie ma mo\u017cliwo\u015bci wnoszenia tej op\u0142aty (lub mieszkaniec domu nie ma rodziny) pozosta\u0142\u0105 cz\u0119\u015b\u0107 nale\u017cno\u015bci za pobyt mieszka\u0144ca ponosi gmina, kt\u00f3ra skierowa\u0142a w\/w mieszka\u0144ca do domu pomocy spo\u0142ecznej.<\/p>\n<p style=\"text-align: justify\">Podstawa prawna:<\/p>\n<p style=\"text-align: justify\">&#8211; Ustawa z dnia 12 marca 2004r. o pomocy spo\u0142ecznej (Dz.U. 2004 Nr 64 poz. 593 z p\u00f3\u017an. zm.);<\/p>\n<p style=\"text-align: justify\">&#8211; Ustawa z dnia 19 sierpnia 1994r. o ochronie zdrowia psychicznego (Dz.U. 1994 Nr 111 poz. 535 z p\u00f3\u017an. zm.);<\/p>\n<p style=\"text-align: justify\">&#8211; Rozporz\u0105dzenie Ministra Pracy i Polityki Spo\u0142ecznej z dnia 23 sierpnia 2012r.; (Dz.U. 2012 poz. 964, <a href=\"http:\/\/prawo.sejm.gov.pl\/isap.nsf\/DocDetails.xsp?id=WDU20180000734\">Dz.U. 2018 poz. 734<\/a>);<\/p>\n<p style=\"text-align: justify\">&#8211; Zarz\u0105dzenie NR WO.120.2.2026 Starosty Cieszy\u0144skiego z dnia 27 stycznia 2026 r. w sprawie \u015brednich miesi\u0119cznych koszt\u00f3w utrzymania mieszka\u0144c\u00f3w w powiatowych domach pomocy spo\u0142ecznej oraz prowadzonych na zlecenie Powiatu Cieszy\u0144skiego.<\/p>\n","protected":false},"excerpt":{"rendered":"<p>ZASADY PRZYJ\u0118CIA Dom Pomocy Spo\u0142ecznej Konwentu Bonifratr\u00f3w przeznaczony jest dla przewlekle psychicznie chorych m\u0119\u017cczyzn. Dysponuje 116 miejscami. Podmiot prowadz\u0105cy posiada zezwolenie Wojewody \u015al\u0105skiego na prowadzenie Domu (decyzja PS\/II\/9013\/21\/09 z dnia 5 luty 2010 r.). Dom jest wpisany do rejestru dom\u00f3w pomocy spo\u0142ecznej prowadzonego przez Wojewod\u0119 \u015al\u0105skiego pod pozycj\u0105 PS\/II\/9014\/164\/10. Przyj\u0119cie do domu pomocy spo\u0142ecznej wymaga [&hellip;]<\/p>\n","protected":false},"author":1,"featured_media":0,"parent":0,"menu_order":0,"comment_status":"closed","ping_status":"closed","template":"","meta":{"footnotes":""},"_links":{"self":[{"href":"https:\/\/bonifratrzy.pl\/dps-cieszyn\/wp-json\/wp\/v2\/pages\/18"}],"collection":[{"href":"https:\/\/bonifratrzy.pl\/dps-cieszyn\/wp-json\/wp\/v2\/pages"}],"about":[{"href":"https:\/\/bonifratrzy.pl\/dps-cieszyn\/wp-json\/wp\/v2\/types\/page"}],"author":[{"embeddable":true,"href":"https:\/\/bonifratrzy.pl\/dps-cieszyn\/wp-json\/wp\/v2\/users\/1"}],"replies":[{"embeddable":true,"href":"https:\/\/bonifratrzy.pl\/dps-cieszyn\/wp-json\/wp\/v2\/comments?post=18"}],"version-history":[{"count":16,"href":"https:\/\/bonifratrzy.pl\/dps-cieszyn\/wp-json\/wp\/v2\/pages\/18\/revisions"}],"predecessor-version":[{"id":11524,"href":"https:\/\/bonifratrzy.pl\/dps-cieszyn\/wp-json\/wp\/v2\/pages\/18\/revisions\/11524"}],"wp:attachment":[{"href":"https:\/\/bonifratrzy.pl\/dps-cieszyn\/wp-json\/wp\/v2\/media?parent=18"}],"curies":[{"name":"wp","href":"https:\/\/api.w.org\/{rel}","templated":true}]}}