{"id":11,"date":"2016-01-27T23:59:02","date_gmt":"2016-01-27T22:59:02","guid":{"rendered":"https:\/\/bonifratrzy.pl\/dps-cieszyn\/?page_id=11"},"modified":"2020-03-16T13:23:50","modified_gmt":"2020-03-16T12:23:50","slug":"o-nas","status":"publish","type":"page","link":"https:\/\/bonifratrzy.pl\/dps-cieszyn\/","title":{"rendered":"O nas"},"content":{"rendered":"<h2 class=\"cl-r art_title\">Dom Pomocy Spo\u0142ecznej &#8211; Cieszyn<\/h2>\n<p style=\"text-align: justify\">Dom Pomocy Spo\u0142ecznej, opieraj\u0105c si\u0119 na warto\u015bciach chrze\u015bcija\u0144skich i zapocz\u0105tkowanym przez \u015bw. Jana Bo\u017cego charyzmacie szpitalnictwa, przeznaczony jest dla 116 doros\u0142ych psychicznie chorych m\u0119\u017cczyzn. Przyj\u0119cia do domu odbywaj\u0105 si\u0119 wg og\u00f3lnie obowi\u0105zuj\u0105cych przepis\u00f3w (<a href=\"https:\/\/bonifratrzy.pl\/dps-cieszyn\/zasady-przyjecia\/\">zobacz zasady przyj\u0119cia<\/a>).<\/p>\n<p style=\"text-align: justify\">Dom Pomocy Spo\u0142ecznej\u00a0&#8211; jako jednostka ko\u015bcielna, podlega organizacyjnie Polskiej Prowincji Zakonu Szpitalnego \u015bw. Jana Bo\u017cego p.w. Zwiastowania Naj\u015bwi\u0119tszej Marii Panny, ul. Bonifraterska 12, 00-213 Warszawa.<\/p>\n<p style=\"text-align: justify\">Dom usytuowany jest w centrum Cieszyna, niedaleko rynku i posiada dogodny dost\u0119p do obiekt\u00f3w sakralnych, dworc\u00f3w PKS i PKP, plac\u00f3wek kulturalno-o\u015bwiatowych i sieci handlowych.<\/p>\n<p style=\"text-align: justify\">Plac\u00f3wka mie\u015bci si\u0119 w kompleksie zabytkowych obiekt\u00f3w klasztornych, si\u0119gaj\u0105cych sw\u0105 histori\u0105 1700 roku &#8211; Fundacja hrabiego Adama Borka. Od momentu powstania fundacji do II wojny \u015bwiatowej Zakon w tych obiektach prowadzi\u0142 szpital. Od 1950 roku do 1990 roku mie\u015bci\u0142 si\u0119 tu Dom dla os\u00f3b doros\u0142ych upo\u015bledzonych umys\u0142owo i chorych psychicznie pod nazw\u0105 Zrzeszenie Katolik\u00f3w Caritas. Od 1990 roku w miejscu tym funkcjonuje Dom Pomocy Spo\u0142ecznej Zakonu Bonifratr\u00f3w przeznaczony dla psychicznie chorych m\u0119\u017cczyzn.<\/p>\n<p style=\"text-align: justify\">Dzi\u015b <strong>Dom Pomocy Spo\u0142ecznej Konwentu Bonifratr\u00f3w w Cieszynie<\/strong> jest plac\u00f3wk\u0105 pobytu sta\u0142ego przeznaczon\u0105 dla<strong> 116 m\u0119\u017cczyzn<\/strong> przewlekle psychicznie chorych. Po\u0142o\u017cony jest w centrum miasta. Architektura Domu oraz jego najbli\u017csze otoczenie umo\u017cliwiaj\u0105 swobodne poruszanie si\u0119 os\u00f3b niepe\u0142nosprawnych. Dom dysponuje du\u017cym ogrodem, altan\u0105, boiskiem sportowym, si\u0142owni\u0105 zewn\u0119trzn\u0105, miejscem do grillowania, odpoczynku i rekreacji na \u015bwie\u017cym powietrzu.<\/p>\n<p style=\"text-align: justify\">Dom wyposa\u017cony w pracownie terapii zaj\u0119ciowej, sal\u0119 rehabilitacyjn\u0105, bibliotek\u0119 i sal\u0119 kinow\u0105. Codziennie organizowane s\u0105 muzykoterapie, relaksacje, zaj\u0119cia z papieroplastyki, malarstwa, rysunku, zabaw umys\u0142owych i edukacyjnych, biblioterapii, rob\u00f3tek r\u0119cznych, choreoterapii i stolarstwa.<\/p>\n<p style=\"text-align: justify\">W plac\u00f3wce zapewniona jest opieka socjalna, rehabilitacyjna i ca\u0142odobowa opieka piel\u0119gniarska.Warunki opieki medycznej: gabinet zabiegowy, lekarz rodzinny\u00a0 i lekarz psychiatra. W ka\u017cdym oddziale utworzony jest zesp\u00f3\u0142 terapeutyczno \u2013 opieku\u0144czy, w kt\u00f3rego sk\u0142ad wchodz\u0105: piel\u0119gniarki, opiekunowie medyczni, pokojowi, terapeuci zaj\u0119ciowi, rehabilitant, pracownicy socjalni, psycholodzy, terapeuta uzale\u017cnie\u0144, pracownik kulturalno-o\u015bwiatowy. Ka\u017cdy mieszkaniec w miar\u0119 potrzeb ma mo\u017cliwo\u015b\u0107 rozwijania indywidualnych zainteresowa\u0144, poprzez udzia\u0142 w organizowanych zaj\u0119ciach terapeutycznych. Prowadzona jest r\u00f3wnie\u017c terapia przy\u0142\u00f3\u017ckowa i gimnastyka. Mieszka\u0144cy korzystaj\u0105 z oferowanych zaj\u0119\u0107 w salach terapeutycznych i rehabilitacyjnych. Podopieczni Domu uczestnicz\u0105 w r\u00f3\u017cnego rodzaju imprezach kulturalno \u2013 rozrywkowych, integracyjnych ze \u015brodowiskiem lokalnym oraz zaprzyja\u017anionymi DPS.<\/p>\n<p style=\"text-align: justify\">DPS zapewnia wsparcie duchowe zgodne z deklarowanym przez mieszka\u0144ca wyznaniem.<\/p>\n<div class=\"wpmf-gallerys wpmf-gallerys-life \" ><div id=\"gallery-1\" class=\"gallery gallery_life wpmf_gallery_default gallery_default  gallery-columns-3 gallery-size-medium gallery-link-file wpmf-has-border-radius-0 wpmf-gutterwidth-5 no_ratio\"><figure class=\"wpmf-gallery-item\" data-index=\"0\"><div class=\"wpmf-gallery-icon\"><div class=\"square_thumbnail\"><div class=\"img_centered\"><a class=\" not_video noLightbox\" data-lightbox=\"1\" data-href=\"https:\/\/bonifratrzy.pl\/dps-cieszyn\/wp-content\/uploads\/sites\/25\/2020\/03\/Nabo\u017ce\u0144stwo-czerwcowe-w-wirydarzu-min-1024x768.jpg\" title=\"Nabo\u017ce\u0144stwo Czerwcowe W Wirydarzu\" target=\"_self\" data-index=\"0\"><img decoding=\"async\" class=\"wpmf_img\" alt=\"Nabo\u017ce\u0144stwo Czerwcowe W Wirydarzu\" src=\"https:\/\/bonifratrzy.pl\/dps-cieszyn\/wp-content\/uploads\/sites\/25\/2020\/03\/Nabo\u017ce\u0144stwo-czerwcowe-w-wirydarzu-min-300x225.jpg\" data-type=\"wpmfgalleryimg\" data-lazy-src=\"https:\/\/bonifratrzy.pl\/dps-cieszyn\/wp-content\/uploads\/sites\/25\/2020\/03\/Nabo\u017ce\u0144stwo-czerwcowe-w-wirydarzu-min-300x225.jpg\"><\/a><\/div><\/div><\/div><\/figure><figure class=\"wpmf-gallery-item\" data-index=\"1\"><div class=\"wpmf-gallery-icon\"><div class=\"square_thumbnail\"><div class=\"img_centered\"><a class=\" not_video noLightbox\" data-lightbox=\"1\" data-href=\"https:\/\/bonifratrzy.pl\/dps-cieszyn\/wp-content\/uploads\/sites\/25\/2020\/03\/Nabo\u017censtwo-ewangelicko-augsburskie-min-1024x768.jpg\" title=\"Nabo\u017censtwo Ewangelicko Augsburskie\" target=\"_self\" data-index=\"1\"><img decoding=\"async\" class=\"wpmf_img\" alt=\"Nabo\u017censtwo Ewangelicko Augsburskie\" src=\"https:\/\/bonifratrzy.pl\/dps-cieszyn\/wp-content\/uploads\/sites\/25\/2020\/03\/Nabo\u017censtwo-ewangelicko-augsburskie-min-300x225.jpg\" data-type=\"wpmfgalleryimg\" data-lazy-src=\"https:\/\/bonifratrzy.pl\/dps-cieszyn\/wp-content\/uploads\/sites\/25\/2020\/03\/Nabo\u017censtwo-ewangelicko-augsburskie-min-300x225.jpg\"><\/a><\/div><\/div><\/div><\/figure><figure class=\"wpmf-gallery-item\" data-index=\"2\"><div class=\"wpmf-gallery-icon\"><div class=\"square_thumbnail\"><div class=\"img_centered\"><a class=\" not_video noLightbox\" data-lightbox=\"1\" data-href=\"https:\/\/bonifratrzy.pl\/dps-cieszyn\/wp-content\/uploads\/sites\/25\/2020\/03\/DPS-wigilia-2-min-1024x768.jpg\" title=\"spotkanie op\u0142atkowe\" target=\"_self\" data-index=\"2\"><img decoding=\"async\" class=\"wpmf_img\" alt=\"spotkanie op\u0142atkowe\" src=\"https:\/\/bonifratrzy.pl\/dps-cieszyn\/wp-content\/uploads\/sites\/25\/2020\/03\/DPS-wigilia-2-min-300x225.jpg\" data-type=\"wpmfgalleryimg\" data-lazy-src=\"https:\/\/bonifratrzy.pl\/dps-cieszyn\/wp-content\/uploads\/sites\/25\/2020\/03\/DPS-wigilia-2-min-300x225.jpg\"><\/a><\/div><\/div><\/div><\/figure><figure class=\"wpmf-gallery-item\" data-index=\"3\"><div class=\"wpmf-gallery-icon\"><div class=\"square_thumbnail\"><div class=\"img_centered\"><a class=\" not_video noLightbox\" data-lightbox=\"1\" data-href=\"https:\/\/bonifratrzy.pl\/dps-cieszyn\/wp-content\/uploads\/sites\/25\/2020\/03\/letnie-grillowanie-min-1024x577.jpg\" title=\"Letnie Grillowanie\" target=\"_self\" data-index=\"3\"><img decoding=\"async\" class=\"wpmf_img\" alt=\"Letnie Grillowanie\" src=\"https:\/\/bonifratrzy.pl\/dps-cieszyn\/wp-content\/uploads\/sites\/25\/2020\/03\/letnie-grillowanie-min-300x169.jpg\" data-type=\"wpmfgalleryimg\" data-lazy-src=\"https:\/\/bonifratrzy.pl\/dps-cieszyn\/wp-content\/uploads\/sites\/25\/2020\/03\/letnie-grillowanie-min-300x169.jpg\"><\/a><\/div><\/div><\/div><\/figure><figure class=\"wpmf-gallery-item\" data-index=\"4\"><div class=\"wpmf-gallery-icon\"><div class=\"square_thumbnail\"><div class=\"img_centered\"><a class=\" not_video noLightbox\" data-lightbox=\"1\" data-href=\"https:\/\/bonifratrzy.pl\/dps-cieszyn\/wp-content\/uploads\/sites\/25\/2020\/03\/Litwa-Troki-2-min-1024x768.jpg\" title=\"Litwa Troki\" target=\"_self\" data-index=\"4\"><img decoding=\"async\" class=\"wpmf_img\" alt=\"Litwa Troki\" src=\"https:\/\/bonifratrzy.pl\/dps-cieszyn\/wp-content\/uploads\/sites\/25\/2020\/03\/Litwa-Troki-2-min-300x225.jpg\" data-type=\"wpmfgalleryimg\" data-lazy-src=\"https:\/\/bonifratrzy.pl\/dps-cieszyn\/wp-content\/uploads\/sites\/25\/2020\/03\/Litwa-Troki-2-min-300x225.jpg\"><\/a><\/div><\/div><\/div><\/figure><figure class=\"wpmf-gallery-item\" data-index=\"5\"><div class=\"wpmf-gallery-icon\"><div class=\"square_thumbnail\"><div class=\"img_centered\"><a class=\" not_video noLightbox\" data-lightbox=\"1\" data-href=\"https:\/\/bonifratrzy.pl\/dps-cieszyn\/wp-content\/uploads\/sites\/25\/2020\/03\/Litwa-Troki-min-1024x683.jpg\" title=\"Litwa Ostra Brama\" target=\"_self\" data-index=\"5\"><img decoding=\"async\" class=\"wpmf_img\" alt=\"Litwa Ostra Brama\" src=\"https:\/\/bonifratrzy.pl\/dps-cieszyn\/wp-content\/uploads\/sites\/25\/2020\/03\/Litwa-Troki-min-300x200.jpg\" data-type=\"wpmfgalleryimg\" data-lazy-src=\"https:\/\/bonifratrzy.pl\/dps-cieszyn\/wp-content\/uploads\/sites\/25\/2020\/03\/Litwa-Troki-min-300x200.jpg\"><\/a><\/div><\/div><\/div><\/figure><figure class=\"wpmf-gallery-item\" data-index=\"6\"><div class=\"wpmf-gallery-icon\"><div class=\"square_thumbnail\"><div class=\"img_centered\"><a class=\" not_video noLightbox\" data-lightbox=\"1\" data-href=\"https:\/\/bonifratrzy.pl\/dps-cieszyn\/wp-content\/uploads\/sites\/25\/2020\/03\/Zaj\u0119cia-w-Ksi\u0105\u017cnicy-Cieszy\u0144skiej-min-1024x768.jpg\" title=\"Zaj\u0119cia W Ksi\u0105\u017cnicy Cieszy\u0144skiej\" target=\"_self\" data-index=\"6\"><img decoding=\"async\" class=\"wpmf_img\" alt=\"Zaj\u0119cia W Ksi\u0105\u017cnicy Cieszy\u0144skiej\" src=\"https:\/\/bonifratrzy.pl\/dps-cieszyn\/wp-content\/uploads\/sites\/25\/2020\/03\/Zaj\u0119cia-w-Ksi\u0105\u017cnicy-Cieszy\u0144skiej-min-300x225.jpg\" data-type=\"wpmfgalleryimg\" data-lazy-src=\"https:\/\/bonifratrzy.pl\/dps-cieszyn\/wp-content\/uploads\/sites\/25\/2020\/03\/Zaj\u0119cia-w-Ksi\u0105\u017cnicy-Cieszy\u0144skiej-min-300x225.jpg\"><\/a><\/div><\/div><\/div><\/figure><figure class=\"wpmf-gallery-item\" data-index=\"7\"><div class=\"wpmf-gallery-icon\"><div class=\"square_thumbnail\"><div class=\"img_centered\"><a class=\" not_video noLightbox\" data-lightbox=\"1\" data-href=\"https:\/\/bonifratrzy.pl\/dps-cieszyn\/wp-content\/uploads\/sites\/25\/2020\/03\/Dzie\u0144-Godno\u015bci-min-768x1024.jpg\" title=\"Dzie\u0144 Godno\u015bci\" target=\"_self\" data-index=\"7\"><img decoding=\"async\" class=\"wpmf_img\" alt=\"Dzie\u0144 Godno\u015bci\" src=\"https:\/\/bonifratrzy.pl\/dps-cieszyn\/wp-content\/uploads\/sites\/25\/2020\/03\/Dzie\u0144-Godno\u015bci-min-225x300.jpg\" data-type=\"wpmfgalleryimg\" data-lazy-src=\"https:\/\/bonifratrzy.pl\/dps-cieszyn\/wp-content\/uploads\/sites\/25\/2020\/03\/Dzie\u0144-Godno\u015bci-min-225x300.jpg\"><\/a><\/div><\/div><\/div><\/figure><figure class=\"wpmf-gallery-item\" data-index=\"8\"><div class=\"wpmf-gallery-icon\"><div class=\"square_thumbnail\"><div class=\"img_centered\"><a class=\" not_video noLightbox\" data-lightbox=\"1\" data-href=\"https:\/\/bonifratrzy.pl\/dps-cieszyn\/wp-content\/uploads\/sites\/25\/2020\/03\/wycieczka-do-Zakopanego-min-1024x768.jpg\" title=\"Wycieczka Do Zakopanego\" target=\"_self\" data-index=\"8\"><img decoding=\"async\" class=\"wpmf_img\" alt=\"Wycieczka Do Zakopanego\" src=\"https:\/\/bonifratrzy.pl\/dps-cieszyn\/wp-content\/uploads\/sites\/25\/2020\/03\/wycieczka-do-Zakopanego-min-300x225.jpg\" data-type=\"wpmfgalleryimg\" data-lazy-src=\"https:\/\/bonifratrzy.pl\/dps-cieszyn\/wp-content\/uploads\/sites\/25\/2020\/03\/wycieczka-do-Zakopanego-min-300x225.jpg\"><\/a><\/div><\/div><\/div><\/figure><figure class=\"wpmf-gallery-item\" data-index=\"9\"><div class=\"wpmf-gallery-icon\"><div class=\"square_thumbnail\"><div class=\"img_centered\"><a class=\" not_video noLightbox\" data-lightbox=\"1\" data-href=\"https:\/\/bonifratrzy.pl\/dps-cieszyn\/wp-content\/uploads\/sites\/25\/2020\/03\/Spacer-do-Republiki-Czeskiej-min-1024x768.jpg\" title=\"Spacer Do Republiki Czeskiej\" target=\"_self\" data-index=\"9\"><img decoding=\"async\" class=\"wpmf_img\" alt=\"Spacer Do Republiki Czeskiej\" src=\"https:\/\/bonifratrzy.pl\/dps-cieszyn\/wp-content\/uploads\/sites\/25\/2020\/03\/Spacer-do-Republiki-Czeskiej-min-300x225.jpg\" data-type=\"wpmfgalleryimg\" data-lazy-src=\"https:\/\/bonifratrzy.pl\/dps-cieszyn\/wp-content\/uploads\/sites\/25\/2020\/03\/Spacer-do-Republiki-Czeskiej-min-300x225.jpg\"><\/a><\/div><\/div><\/div><\/figure><figure class=\"wpmf-gallery-item\" data-index=\"10\"><div class=\"wpmf-gallery-icon\"><div class=\"square_thumbnail\"><div class=\"img_centered\"><a class=\" not_video noLightbox\" data-lightbox=\"1\" data-href=\"https:\/\/bonifratrzy.pl\/dps-cieszyn\/wp-content\/uploads\/sites\/25\/2020\/03\/Ogrody-Kapiasa-min-1024x768.jpg\" title=\"Ogrody Kapiasa\" target=\"_self\" data-index=\"10\"><img decoding=\"async\" class=\"wpmf_img\" alt=\"Ogrody Kapiasa\" src=\"https:\/\/bonifratrzy.pl\/dps-cieszyn\/wp-content\/uploads\/sites\/25\/2020\/03\/Ogrody-Kapiasa-min-300x225.jpg\" data-type=\"wpmfgalleryimg\" data-lazy-src=\"https:\/\/bonifratrzy.pl\/dps-cieszyn\/wp-content\/uploads\/sites\/25\/2020\/03\/Ogrody-Kapiasa-min-300x225.jpg\"><\/a><\/div><\/div><\/div><\/figure><\/div><\/div>\n<p>&nbsp;<\/p>\n<p style=\"text-align: left\">\n","protected":false},"excerpt":{"rendered":"<p>Dom Pomocy Spo\u0142ecznej &#8211; Cieszyn Dom Pomocy Spo\u0142ecznej, opieraj\u0105c si\u0119 na warto\u015bciach chrze\u015bcija\u0144skich i zapocz\u0105tkowanym przez \u015bw. Jana Bo\u017cego charyzmacie szpitalnictwa, przeznaczony jest dla 116 doros\u0142ych psychicznie chorych m\u0119\u017cczyzn. Przyj\u0119cia do domu odbywaj\u0105 si\u0119 wg og\u00f3lnie obowi\u0105zuj\u0105cych przepis\u00f3w (zobacz zasady przyj\u0119cia). Dom Pomocy Spo\u0142ecznej\u00a0&#8211; jako jednostka ko\u015bcielna, podlega organizacyjnie Polskiej Prowincji Zakonu Szpitalnego \u015bw. Jana [&hellip;]<\/p>\n","protected":false},"author":1,"featured_media":0,"parent":0,"menu_order":0,"comment_status":"closed","ping_status":"closed","template":"page-home.php","meta":{"footnotes":""},"_links":{"self":[{"href":"https:\/\/bonifratrzy.pl\/dps-cieszyn\/wp-json\/wp\/v2\/pages\/11"}],"collection":[{"href":"https:\/\/bonifratrzy.pl\/dps-cieszyn\/wp-json\/wp\/v2\/pages"}],"about":[{"href":"https:\/\/bonifratrzy.pl\/dps-cieszyn\/wp-json\/wp\/v2\/types\/page"}],"author":[{"embeddable":true,"href":"https:\/\/bonifratrzy.pl\/dps-cieszyn\/wp-json\/wp\/v2\/users\/1"}],"replies":[{"embeddable":true,"href":"https:\/\/bonifratrzy.pl\/dps-cieszyn\/wp-json\/wp\/v2\/comments?post=11"}],"version-history":[{"count":7,"href":"https:\/\/bonifratrzy.pl\/dps-cieszyn\/wp-json\/wp\/v2\/pages\/11\/revisions"}],"predecessor-version":[{"id":6958,"href":"https:\/\/bonifratrzy.pl\/dps-cieszyn\/wp-json\/wp\/v2\/pages\/11\/revisions\/6958"}],"wp:attachment":[{"href":"https:\/\/bonifratrzy.pl\/dps-cieszyn\/wp-json\/wp\/v2\/media?parent=11"}],"curies":[{"name":"wp","href":"https:\/\/api.w.org\/{rel}","templated":true}]}}