{"id":9,"date":"2016-01-28T01:04:15","date_gmt":"2016-01-28T00:04:15","guid":{"rendered":"https:\/\/bonifratrzy.pl\/dom-geriatryczno-rehabilitacyjny-warszawa\/?page_id=9"},"modified":"2017-05-24T16:32:33","modified_gmt":"2017-05-24T14:32:33","slug":"jak-do-nas-trafic","status":"publish","type":"page","link":"https:\/\/bonifratrzy.pl\/dom-geriatryczno-rehabilitacyjny-warszawa\/jak-do-nas-trafic\/","title":{"rendered":"Jak do nas trafi\u0107"},"content":{"rendered":"<h4>Mo\u017cna do nas dojecha\u0107 komunikacj\u0105 miejsk\u0105:<\/h4>\n<p>metro M1: stacja <strong>Dworzec Gda\u0144ski<\/strong> <em>(10-15 minut pieszo)<\/em><\/p>\n<p style=\"padding-left: 60px;\">lub stacja <strong>Ratusz Arsena\u0142<\/strong> <em>(dwa przystanki tramwajowe)<\/em><\/p>\n<p>linie autobusowe: <strong>116, 157, 227, 503, 518<\/strong><\/p>\n<p>linie tramwajowe: <strong>15, 17, 18, 35<\/strong><\/p>\n<p style=\"padding-left: 120px;\"><em>przystanek <strong>Muranowska<\/strong><\/em><\/p>\n<div class=\"su-gmap su-u-responsive-media-yes\"><iframe loading=\"lazy\" width=\"820\" height=\"400\" src=\"\/\/maps.google.com\/maps?q=ul.%20Sapie%C5%BCy%C5%84ska%203%2C%20Warszawa&amp;output=embed\" title=\"\"><\/iframe><\/div>\n","protected":false},"excerpt":{"rendered":"<p>Mo\u017cna do nas dojecha\u0107 komunikacj\u0105 miejsk\u0105: metro M1: stacja Dworzec Gda\u0144ski (10-15 minut pieszo) lub stacja Ratusz Arsena\u0142 (dwa przystanki tramwajowe) linie autobusowe: 116, 157, 227, 503, 518 linie tramwajowe: 15, 17, 18, 35 przystanek Muranowska<\/p>\n","protected":false},"author":1,"featured_media":0,"parent":0,"menu_order":6,"comment_status":"closed","ping_status":"closed","template":"page-full.php","meta":{"footnotes":""},"yoast_head":"<!-- This site is optimized with the Yoast SEO plugin v24.5 - https:\/\/yoast.com\/wordpress\/plugins\/seo\/ -->\n<title>Jak do nas trafi\u0107 - Dom Geriatryczno-Rehabilitacyjny - Warszawa<\/title>\n<meta name=\"robots\" content=\"index, follow, max-snippet:-1, max-image-preview:large, max-video-preview:-1\" \/>\n<link rel=\"canonical\" href=\"https:\/\/bonifratrzy.pl\/dom-geriatryczno-rehabilitacyjny-warszawa\/jak-do-nas-trafic\/\" \/>\n<meta property=\"og:locale\" content=\"pl_PL\" \/>\n<meta property=\"og:type\" content=\"article\" \/>\n<meta property=\"og:title\" content=\"Jak do nas trafi\u0107 - Dom Geriatryczno-Rehabilitacyjny - Warszawa\" \/>\n<meta property=\"og:description\" content=\"Mo\u017cna do nas dojecha\u0107 komunikacj\u0105 miejsk\u0105: metro M1: stacja Dworzec Gda\u0144ski (10-15 minut pieszo) lub stacja Ratusz Arsena\u0142 (dwa przystanki tramwajowe) linie autobusowe: 116, 157, 227, 503, 518 linie tramwajowe: 15, 17, 18, 35 przystanek Muranowska\" \/>\n<meta property=\"og:url\" content=\"https:\/\/bonifratrzy.pl\/dom-geriatryczno-rehabilitacyjny-warszawa\/jak-do-nas-trafic\/\" \/>\n<meta property=\"og:site_name\" content=\"Dom Geriatryczno-Rehabilitacyjny - Warszawa\" \/>\n<meta property=\"article:modified_time\" content=\"2017-05-24T14:32:33+00:00\" \/>\n<meta name=\"twitter:card\" content=\"summary_large_image\" \/>\n<script type=\"application\/ld+json\" class=\"yoast-schema-graph\">{\"@context\":\"https:\/\/schema.org\",\"@graph\":[{\"@type\":\"WebPage\",\"@id\":\"https:\/\/bonifratrzy.pl\/dom-geriatryczno-rehabilitacyjny-warszawa\/jak-do-nas-trafic\/\",\"url\":\"https:\/\/bonifratrzy.pl\/dom-geriatryczno-rehabilitacyjny-warszawa\/jak-do-nas-trafic\/\",\"name\":\"Jak do nas trafi\u0107 - Dom Geriatryczno-Rehabilitacyjny - Warszawa\",\"isPartOf\":{\"@id\":\"https:\/\/bonifratrzy.pl\/dom-geriatryczno-rehabilitacyjny-warszawa\/#website\"},\"datePublished\":\"2016-01-28T00:04:15+00:00\",\"dateModified\":\"2017-05-24T14:32:33+00:00\",\"breadcrumb\":{\"@id\":\"https:\/\/bonifratrzy.pl\/dom-geriatryczno-rehabilitacyjny-warszawa\/jak-do-nas-trafic\/#breadcrumb\"},\"inLanguage\":\"pl-PL\",\"potentialAction\":[{\"@type\":\"ReadAction\",\"target\":[\"https:\/\/bonifratrzy.pl\/dom-geriatryczno-rehabilitacyjny-warszawa\/jak-do-nas-trafic\/\"]}]},{\"@type\":\"BreadcrumbList\",\"@id\":\"https:\/\/bonifratrzy.pl\/dom-geriatryczno-rehabilitacyjny-warszawa\/jak-do-nas-trafic\/#breadcrumb\",\"itemListElement\":[{\"@type\":\"ListItem\",\"position\":1,\"name\":\"Strona g\u0142\u00f3wna\",\"item\":\"https:\/\/bonifratrzy.pl\/dom-geriatryczno-rehabilitacyjny-warszawa\/\"},{\"@type\":\"ListItem\",\"position\":2,\"name\":\"Jak do&nbsp;nas trafi\u0107\"}]},{\"@type\":\"WebSite\",\"@id\":\"https:\/\/bonifratrzy.pl\/dom-geriatryczno-rehabilitacyjny-warszawa\/#website\",\"url\":\"https:\/\/bonifratrzy.pl\/dom-geriatryczno-rehabilitacyjny-warszawa\/\",\"name\":\"Dom Geriatryczno-Rehabilitacyjny - Warszawa\",\"description\":\"Dom Geriatryczno-Rehabilitacyjny - Warszawa\",\"potentialAction\":[{\"@type\":\"SearchAction\",\"target\":{\"@type\":\"EntryPoint\",\"urlTemplate\":\"https:\/\/bonifratrzy.pl\/dom-geriatryczno-rehabilitacyjny-warszawa\/?s={search_term_string}\"},\"query-input\":{\"@type\":\"PropertyValueSpecification\",\"valueRequired\":true,\"valueName\":\"search_term_string\"}}],\"inLanguage\":\"pl-PL\"}]}<\/script>\n<!-- \/ Yoast SEO plugin. -->","yoast_head_json":{"title":"Jak do nas trafi\u0107 - Dom Geriatryczno-Rehabilitacyjny - Warszawa","robots":{"index":"index","follow":"follow","max-snippet":"max-snippet:-1","max-image-preview":"max-image-preview:large","max-video-preview":"max-video-preview:-1"},"canonical":"https:\/\/bonifratrzy.pl\/dom-geriatryczno-rehabilitacyjny-warszawa\/jak-do-nas-trafic\/","og_locale":"pl_PL","og_type":"article","og_title":"Jak do nas trafi\u0107 - Dom Geriatryczno-Rehabilitacyjny - Warszawa","og_description":"Mo\u017cna do nas dojecha\u0107 komunikacj\u0105 miejsk\u0105: metro M1: stacja Dworzec Gda\u0144ski (10-15 minut pieszo) lub stacja Ratusz Arsena\u0142 (dwa przystanki tramwajowe) linie autobusowe: 116, 157, 227, 503, 518 linie tramwajowe: 15, 17, 18, 35 przystanek Muranowska","og_url":"https:\/\/bonifratrzy.pl\/dom-geriatryczno-rehabilitacyjny-warszawa\/jak-do-nas-trafic\/","og_site_name":"Dom Geriatryczno-Rehabilitacyjny - Warszawa","article_modified_time":"2017-05-24T14:32:33+00:00","twitter_card":"summary_large_image","schema":{"@context":"https:\/\/schema.org","@graph":[{"@type":"WebPage","@id":"https:\/\/bonifratrzy.pl\/dom-geriatryczno-rehabilitacyjny-warszawa\/jak-do-nas-trafic\/","url":"https:\/\/bonifratrzy.pl\/dom-geriatryczno-rehabilitacyjny-warszawa\/jak-do-nas-trafic\/","name":"Jak do nas trafi\u0107 - Dom Geriatryczno-Rehabilitacyjny - Warszawa","isPartOf":{"@id":"https:\/\/bonifratrzy.pl\/dom-geriatryczno-rehabilitacyjny-warszawa\/#website"},"datePublished":"2016-01-28T00:04:15+00:00","dateModified":"2017-05-24T14:32:33+00:00","breadcrumb":{"@id":"https:\/\/bonifratrzy.pl\/dom-geriatryczno-rehabilitacyjny-warszawa\/jak-do-nas-trafic\/#breadcrumb"},"inLanguage":"pl-PL","potentialAction":[{"@type":"ReadAction","target":["https:\/\/bonifratrzy.pl\/dom-geriatryczno-rehabilitacyjny-warszawa\/jak-do-nas-trafic\/"]}]},{"@type":"BreadcrumbList","@id":"https:\/\/bonifratrzy.pl\/dom-geriatryczno-rehabilitacyjny-warszawa\/jak-do-nas-trafic\/#breadcrumb","itemListElement":[{"@type":"ListItem","position":1,"name":"Strona g\u0142\u00f3wna","item":"https:\/\/bonifratrzy.pl\/dom-geriatryczno-rehabilitacyjny-warszawa\/"},{"@type":"ListItem","position":2,"name":"Jak do&nbsp;nas trafi\u0107"}]},{"@type":"WebSite","@id":"https:\/\/bonifratrzy.pl\/dom-geriatryczno-rehabilitacyjny-warszawa\/#website","url":"https:\/\/bonifratrzy.pl\/dom-geriatryczno-rehabilitacyjny-warszawa\/","name":"Dom Geriatryczno-Rehabilitacyjny - Warszawa","description":"Dom Geriatryczno-Rehabilitacyjny - Warszawa","potentialAction":[{"@type":"SearchAction","target":{"@type":"EntryPoint","urlTemplate":"https:\/\/bonifratrzy.pl\/dom-geriatryczno-rehabilitacyjny-warszawa\/?s={search_term_string}"},"query-input":{"@type":"PropertyValueSpecification","valueRequired":true,"valueName":"search_term_string"}}],"inLanguage":"pl-PL"}]}},"_links":{"self":[{"href":"https:\/\/bonifratrzy.pl\/dom-geriatryczno-rehabilitacyjny-warszawa\/wp-json\/wp\/v2\/pages\/9"}],"collection":[{"href":"https:\/\/bonifratrzy.pl\/dom-geriatryczno-rehabilitacyjny-warszawa\/wp-json\/wp\/v2\/pages"}],"about":[{"href":"https:\/\/bonifratrzy.pl\/dom-geriatryczno-rehabilitacyjny-warszawa\/wp-json\/wp\/v2\/types\/page"}],"author":[{"embeddable":true,"href":"https:\/\/bonifratrzy.pl\/dom-geriatryczno-rehabilitacyjny-warszawa\/wp-json\/wp\/v2\/users\/1"}],"replies":[{"embeddable":true,"href":"https:\/\/bonifratrzy.pl\/dom-geriatryczno-rehabilitacyjny-warszawa\/wp-json\/wp\/v2\/comments?post=9"}],"version-history":[{"count":1,"href":"https:\/\/bonifratrzy.pl\/dom-geriatryczno-rehabilitacyjny-warszawa\/wp-json\/wp\/v2\/pages\/9\/revisions"}],"predecessor-version":[{"id":425,"href":"https:\/\/bonifratrzy.pl\/dom-geriatryczno-rehabilitacyjny-warszawa\/wp-json\/wp\/v2\/pages\/9\/revisions\/425"}],"wp:attachment":[{"href":"https:\/\/bonifratrzy.pl\/dom-geriatryczno-rehabilitacyjny-warszawa\/wp-json\/wp\/v2\/media?parent=9"}],"curies":[{"name":"wp","href":"https:\/\/api.w.org\/{rel}","templated":true}]}}