{"id":5,"date":"2016-01-28T01:03:39","date_gmt":"2016-01-28T00:03:39","guid":{"rendered":"https:\/\/bonifratrzy.pl\/dom-geriatryczno-rehabilitacyjny-warszawa\/?page_id=5"},"modified":"2022-01-19T14:45:41","modified_gmt":"2022-01-19T13:45:41","slug":"wolontariat","status":"publish","type":"page","link":"https:\/\/bonifratrzy.pl\/dom-geriatryczno-rehabilitacyjny-warszawa\/wolontariat\/","title":{"rendered":"Wolontariat"},"content":{"rendered":"<p>Wolontariat w Prowincji Polskiej Zakonu Bonifratr\u00f3w jest stale rozwijaj\u0105c\u0105 si\u0119 inicjatyw\u0105, skierowan\u0105 do ka\u017cdego, kto chce pomaga\u0107. Ochotnikom proponujemy profesjonalne przygotowanie do roli wolontariusza a wolontariuszom ju\u017c dzia\u0142aj\u0105cym &#8211; sta\u0142e podnoszenie kwalifikacji &#8211; szkolenia, superwizj\u0119 i wsparcie koordynatora wolontariatu. Wszystkie te dzia\u0142ania pozwalaj\u0105 nie tylko rozpoznawa\u0107 swoje motywacje i potrzeby ale tak\u017ce dojrzewa\u0107 w wolontariacie tak, by jeszcze lepiej s\u0142u\u017cy\u0107 chorym.<\/p>\n<blockquote><p>Nasz\u0105 misj\u0105 jest czynienie dobra<\/p><\/blockquote>\n<p>Id\u0105c za przyk\u0142adem Jezusa, otaczamy pomoc\u0105 ludzi chorych, niepe\u0142nosprawnych, potrzebuj\u0105cych czy odrzuconych. W centrum naszej dzia\u0142alno\u015bci zawsze stoi troska o dobro drugiego cz\u0142owieka oraz g\u0142\u0119boka. wra\u017cliwo\u015b\u0107 na cierpienie innych. Tacy s\u0105 tak\u017ce nasi wolontariusze, dzi\u0119ki ich zaanga\u017cowaniu i po\u015bwi\u0119ceniu, nasza wsp\u00f3lna praca przynosi coraz lepsze owoce.<\/p>\n<p>Wolontariat Bonifraterski to inicjatywa \u0142\u0105cz\u0105ca Konwenty Zakonu w ca\u0142ej Polsce. W ramach dzia\u0142alno\u015bci wsparcie uzyskuj\u0105 osoby otoczone opiek\u0105 w prowadzonych przez zakon plac\u00f3wkach s\u0142u\u017cby zdrowia i pomocy spo\u0142ecznej ale r\u00f3wnie\u017c w domach.<\/p>\n<ul class=\"su-subpages kafelki\"><li class=\"page_item page-item-190\"><a href=\"https:\/\/bonifratrzy.pl\/dom-geriatryczno-rehabilitacyjny-warszawa\/wolontariat\/o-nas\/\">O nas<\/a><\/li>\n<li class=\"page_item page-item-176\"><a href=\"https:\/\/bonifratrzy.pl\/dom-geriatryczno-rehabilitacyjny-warszawa\/wolontariat\/aktualnosci\/\">Aktualno\u015bci<\/a><\/li>\n<li class=\"page_item page-item-275\"><a href=\"https:\/\/bonifratrzy.pl\/dom-geriatryczno-rehabilitacyjny-warszawa\/wolontariat\/galeria-2\/\">Galeria<\/a><\/li>\n<li class=\"page_item page-item-201\"><a href=\"https:\/\/bonifratrzy.pl\/dom-geriatryczno-rehabilitacyjny-warszawa\/wolontariat\/dokumenty\/\">Dokumenty<\/a><\/li>\n<li class=\"page_item page-item-182\"><a href=\"https:\/\/bonifratrzy.pl\/dom-geriatryczno-rehabilitacyjny-warszawa\/wolontariat\/jak-zostac-wolontariuszem\/\">Jak zosta\u0107 wolontariuszem?<\/a><\/li>\n<\/ul>\n","protected":false},"excerpt":{"rendered":"<p>Wolontariat w Prowincji Polskiej Zakonu Bonifratr\u00f3w jest stale rozwijaj\u0105c\u0105 si\u0119 inicjatyw\u0105, skierowan\u0105 do ka\u017cdego, kto chce pomaga\u0107. Ochotnikom proponujemy profesjonalne przygotowanie do roli wolontariusza a wolontariuszom ju\u017c dzia\u0142aj\u0105cym &#8211; sta\u0142e podnoszenie kwalifikacji &#8211; szkolenia, superwizj\u0119 i wsparcie koordynatora wolontariatu. Wszystkie te dzia\u0142ania pozwalaj\u0105 nie tylko rozpoznawa\u0107 swoje motywacje i potrzeby ale tak\u017ce dojrzewa\u0107 w wolontariacie [&hellip;]<\/p>\n","protected":false},"author":1,"featured_media":0,"parent":0,"menu_order":10,"comment_status":"closed","ping_status":"closed","template":"page-full.php","meta":{"footnotes":""},"yoast_head":"<!-- This site is optimized with the Yoast SEO plugin v24.5 - https:\/\/yoast.com\/wordpress\/plugins\/seo\/ -->\n<title>Wolontariat - Dom Geriatryczno-Rehabilitacyjny - Warszawa<\/title>\n<meta name=\"robots\" content=\"index, follow, max-snippet:-1, max-image-preview:large, max-video-preview:-1\" \/>\n<link rel=\"canonical\" href=\"https:\/\/bonifratrzy.pl\/dom-geriatryczno-rehabilitacyjny-warszawa\/wolontariat\/\" \/>\n<meta property=\"og:locale\" content=\"pl_PL\" \/>\n<meta property=\"og:type\" content=\"article\" \/>\n<meta property=\"og:title\" content=\"Wolontariat - Dom Geriatryczno-Rehabilitacyjny - Warszawa\" \/>\n<meta property=\"og:description\" content=\"Wolontariat w Prowincji Polskiej Zakonu Bonifratr\u00f3w jest stale rozwijaj\u0105c\u0105 si\u0119 inicjatyw\u0105, skierowan\u0105 do ka\u017cdego, kto chce pomaga\u0107. Ochotnikom proponujemy profesjonalne przygotowanie do roli wolontariusza a wolontariuszom ju\u017c dzia\u0142aj\u0105cym &#8211; sta\u0142e podnoszenie kwalifikacji &#8211; szkolenia, superwizj\u0119 i wsparcie koordynatora wolontariatu. Wszystkie te dzia\u0142ania pozwalaj\u0105 nie tylko rozpoznawa\u0107 swoje motywacje i potrzeby ale tak\u017ce dojrzewa\u0107 w wolontariacie [&hellip;]\" \/>\n<meta property=\"og:url\" content=\"https:\/\/bonifratrzy.pl\/dom-geriatryczno-rehabilitacyjny-warszawa\/wolontariat\/\" \/>\n<meta property=\"og:site_name\" content=\"Dom Geriatryczno-Rehabilitacyjny - Warszawa\" \/>\n<meta property=\"article:modified_time\" content=\"2022-01-19T13:45:41+00:00\" \/>\n<meta name=\"twitter:card\" content=\"summary_large_image\" \/>\n<meta name=\"twitter:label1\" content=\"Szacowany czas czytania\" \/>\n\t<meta name=\"twitter:data1\" content=\"1 minuta\" \/>\n<script type=\"application\/ld+json\" class=\"yoast-schema-graph\">{\"@context\":\"https:\/\/schema.org\",\"@graph\":[{\"@type\":\"WebPage\",\"@id\":\"https:\/\/bonifratrzy.pl\/dom-geriatryczno-rehabilitacyjny-warszawa\/wolontariat\/\",\"url\":\"https:\/\/bonifratrzy.pl\/dom-geriatryczno-rehabilitacyjny-warszawa\/wolontariat\/\",\"name\":\"Wolontariat - Dom Geriatryczno-Rehabilitacyjny - Warszawa\",\"isPartOf\":{\"@id\":\"https:\/\/bonifratrzy.pl\/dom-geriatryczno-rehabilitacyjny-warszawa\/#website\"},\"datePublished\":\"2016-01-28T00:03:39+00:00\",\"dateModified\":\"2022-01-19T13:45:41+00:00\",\"breadcrumb\":{\"@id\":\"https:\/\/bonifratrzy.pl\/dom-geriatryczno-rehabilitacyjny-warszawa\/wolontariat\/#breadcrumb\"},\"inLanguage\":\"pl-PL\",\"potentialAction\":[{\"@type\":\"ReadAction\",\"target\":[\"https:\/\/bonifratrzy.pl\/dom-geriatryczno-rehabilitacyjny-warszawa\/wolontariat\/\"]}]},{\"@type\":\"BreadcrumbList\",\"@id\":\"https:\/\/bonifratrzy.pl\/dom-geriatryczno-rehabilitacyjny-warszawa\/wolontariat\/#breadcrumb\",\"itemListElement\":[{\"@type\":\"ListItem\",\"position\":1,\"name\":\"Strona g\u0142\u00f3wna\",\"item\":\"https:\/\/bonifratrzy.pl\/dom-geriatryczno-rehabilitacyjny-warszawa\/\"},{\"@type\":\"ListItem\",\"position\":2,\"name\":\"Wolontariat\"}]},{\"@type\":\"WebSite\",\"@id\":\"https:\/\/bonifratrzy.pl\/dom-geriatryczno-rehabilitacyjny-warszawa\/#website\",\"url\":\"https:\/\/bonifratrzy.pl\/dom-geriatryczno-rehabilitacyjny-warszawa\/\",\"name\":\"Dom Geriatryczno-Rehabilitacyjny - Warszawa\",\"description\":\"Dom Geriatryczno-Rehabilitacyjny - Warszawa\",\"potentialAction\":[{\"@type\":\"SearchAction\",\"target\":{\"@type\":\"EntryPoint\",\"urlTemplate\":\"https:\/\/bonifratrzy.pl\/dom-geriatryczno-rehabilitacyjny-warszawa\/?s={search_term_string}\"},\"query-input\":{\"@type\":\"PropertyValueSpecification\",\"valueRequired\":true,\"valueName\":\"search_term_string\"}}],\"inLanguage\":\"pl-PL\"}]}<\/script>\n<!-- \/ Yoast SEO plugin. -->","yoast_head_json":{"title":"Wolontariat - Dom Geriatryczno-Rehabilitacyjny - Warszawa","robots":{"index":"index","follow":"follow","max-snippet":"max-snippet:-1","max-image-preview":"max-image-preview:large","max-video-preview":"max-video-preview:-1"},"canonical":"https:\/\/bonifratrzy.pl\/dom-geriatryczno-rehabilitacyjny-warszawa\/wolontariat\/","og_locale":"pl_PL","og_type":"article","og_title":"Wolontariat - Dom Geriatryczno-Rehabilitacyjny - Warszawa","og_description":"Wolontariat w Prowincji Polskiej Zakonu Bonifratr\u00f3w jest stale rozwijaj\u0105c\u0105 si\u0119 inicjatyw\u0105, skierowan\u0105 do ka\u017cdego, kto chce pomaga\u0107. Ochotnikom proponujemy profesjonalne przygotowanie do roli wolontariusza a wolontariuszom ju\u017c dzia\u0142aj\u0105cym &#8211; sta\u0142e podnoszenie kwalifikacji &#8211; szkolenia, superwizj\u0119 i wsparcie koordynatora wolontariatu. Wszystkie te dzia\u0142ania pozwalaj\u0105 nie tylko rozpoznawa\u0107 swoje motywacje i potrzeby ale tak\u017ce dojrzewa\u0107 w wolontariacie [&hellip;]","og_url":"https:\/\/bonifratrzy.pl\/dom-geriatryczno-rehabilitacyjny-warszawa\/wolontariat\/","og_site_name":"Dom Geriatryczno-Rehabilitacyjny - Warszawa","article_modified_time":"2022-01-19T13:45:41+00:00","twitter_card":"summary_large_image","twitter_misc":{"Szacowany czas czytania":"1 minuta"},"schema":{"@context":"https:\/\/schema.org","@graph":[{"@type":"WebPage","@id":"https:\/\/bonifratrzy.pl\/dom-geriatryczno-rehabilitacyjny-warszawa\/wolontariat\/","url":"https:\/\/bonifratrzy.pl\/dom-geriatryczno-rehabilitacyjny-warszawa\/wolontariat\/","name":"Wolontariat - Dom Geriatryczno-Rehabilitacyjny - Warszawa","isPartOf":{"@id":"https:\/\/bonifratrzy.pl\/dom-geriatryczno-rehabilitacyjny-warszawa\/#website"},"datePublished":"2016-01-28T00:03:39+00:00","dateModified":"2022-01-19T13:45:41+00:00","breadcrumb":{"@id":"https:\/\/bonifratrzy.pl\/dom-geriatryczno-rehabilitacyjny-warszawa\/wolontariat\/#breadcrumb"},"inLanguage":"pl-PL","potentialAction":[{"@type":"ReadAction","target":["https:\/\/bonifratrzy.pl\/dom-geriatryczno-rehabilitacyjny-warszawa\/wolontariat\/"]}]},{"@type":"BreadcrumbList","@id":"https:\/\/bonifratrzy.pl\/dom-geriatryczno-rehabilitacyjny-warszawa\/wolontariat\/#breadcrumb","itemListElement":[{"@type":"ListItem","position":1,"name":"Strona g\u0142\u00f3wna","item":"https:\/\/bonifratrzy.pl\/dom-geriatryczno-rehabilitacyjny-warszawa\/"},{"@type":"ListItem","position":2,"name":"Wolontariat"}]},{"@type":"WebSite","@id":"https:\/\/bonifratrzy.pl\/dom-geriatryczno-rehabilitacyjny-warszawa\/#website","url":"https:\/\/bonifratrzy.pl\/dom-geriatryczno-rehabilitacyjny-warszawa\/","name":"Dom Geriatryczno-Rehabilitacyjny - Warszawa","description":"Dom Geriatryczno-Rehabilitacyjny - Warszawa","potentialAction":[{"@type":"SearchAction","target":{"@type":"EntryPoint","urlTemplate":"https:\/\/bonifratrzy.pl\/dom-geriatryczno-rehabilitacyjny-warszawa\/?s={search_term_string}"},"query-input":{"@type":"PropertyValueSpecification","valueRequired":true,"valueName":"search_term_string"}}],"inLanguage":"pl-PL"}]}},"_links":{"self":[{"href":"https:\/\/bonifratrzy.pl\/dom-geriatryczno-rehabilitacyjny-warszawa\/wp-json\/wp\/v2\/pages\/5"}],"collection":[{"href":"https:\/\/bonifratrzy.pl\/dom-geriatryczno-rehabilitacyjny-warszawa\/wp-json\/wp\/v2\/pages"}],"about":[{"href":"https:\/\/bonifratrzy.pl\/dom-geriatryczno-rehabilitacyjny-warszawa\/wp-json\/wp\/v2\/types\/page"}],"author":[{"embeddable":true,"href":"https:\/\/bonifratrzy.pl\/dom-geriatryczno-rehabilitacyjny-warszawa\/wp-json\/wp\/v2\/users\/1"}],"replies":[{"embeddable":true,"href":"https:\/\/bonifratrzy.pl\/dom-geriatryczno-rehabilitacyjny-warszawa\/wp-json\/wp\/v2\/comments?post=5"}],"version-history":[{"count":4,"href":"https:\/\/bonifratrzy.pl\/dom-geriatryczno-rehabilitacyjny-warszawa\/wp-json\/wp\/v2\/pages\/5\/revisions"}],"predecessor-version":[{"id":1318,"href":"https:\/\/bonifratrzy.pl\/dom-geriatryczno-rehabilitacyjny-warszawa\/wp-json\/wp\/v2\/pages\/5\/revisions\/1318"}],"wp:attachment":[{"href":"https:\/\/bonifratrzy.pl\/dom-geriatryczno-rehabilitacyjny-warszawa\/wp-json\/wp\/v2\/media?parent=5"}],"curies":[{"name":"wp","href":"https:\/\/api.w.org\/{rel}","templated":true}]}}