{"id":190,"date":"2016-07-25T09:37:33","date_gmt":"2016-07-25T07:37:33","guid":{"rendered":"https:\/\/bonifratrzy.pl\/dom-geriatryczno-rehabilitacyjny-warszawa\/?page_id=190"},"modified":"2022-01-19T14:50:24","modified_gmt":"2022-01-19T13:50:24","slug":"o-nas","status":"publish","type":"page","link":"https:\/\/bonifratrzy.pl\/dom-geriatryczno-rehabilitacyjny-warszawa\/wolontariat\/o-nas\/","title":{"rendered":"O nas"},"content":{"rendered":"<p><img loading=\"lazy\" decoding=\"async\" class=\"size-medium wp-image-255 alignleft\" src=\"https:\/\/bonifratrzy.pl\/dom-geriatryczno-rehabilitacyjny-warszawa\/wp-content\/uploads\/sites\/29\/2016\/07\/dzienwolontariusza2015-300x199.png\" alt=\"dzienwolontariusza2015\" width=\"300\" height=\"199\" srcset=\"https:\/\/bonifratrzy.pl\/dom-geriatryczno-rehabilitacyjny-warszawa\/wp-content\/uploads\/sites\/29\/2016\/07\/dzienwolontariusza2015-300x199.png 300w, https:\/\/bonifratrzy.pl\/dom-geriatryczno-rehabilitacyjny-warszawa\/wp-content\/uploads\/sites\/29\/2016\/07\/dzienwolontariusza2015-768x510.png 768w, https:\/\/bonifratrzy.pl\/dom-geriatryczno-rehabilitacyjny-warszawa\/wp-content\/uploads\/sites\/29\/2016\/07\/dzienwolontariusza2015-1024x680.png 1024w, https:\/\/bonifratrzy.pl\/dom-geriatryczno-rehabilitacyjny-warszawa\/wp-content\/uploads\/sites\/29\/2016\/07\/dzienwolontariusza2015.png 1100w\" sizes=\"(max-width: 300px) 100vw, 300px\" \/>Wolontariat w Domu Geriatryczno \u2013 Rehabilitacyjnym Bonifratr\u00f3w w Warszawie (nazywany Warszawskim Wolontariatem Bonifraterskim) swoje pocz\u0105tki datuje na 2008 rok, kiedy czteroosobowa grupa uczni\u00f3w z Zespo\u0142u Szk\u00f3\u0142 Specjalnych nr 85 w Warszawie zg\u0142osi\u0142a ch\u0119\u0107 nieodp\u0142atnej pomocy naszym podopiecznym. Do roku 2012 nie organizowali\u015bmy otwartego naboru wolontariuszy, po wst\u0119pnej selekcji przyjmowali\u015bmy jedynie osoby, kt\u00f3re zg\u0142osi\u0142y si\u0119 same. Nie by\u0142o do tego czasu zapotrzebowania na wi\u0119ksz\u0105 ilo\u015b\u0107 ochotnik\u00f3w. Od trzech lat prowadzimy cykliczne nabory, a w chwili obecnej w Domu Geriatryczno \u2013 Rehabilitacyjnym wykonuje \u015bwiadczenia 35 wolontariuszy.<\/p>\n<p>Do naszego Domu przyjmujemy ochotnik\u00f3w w czterech kategoriach wolontariatu:<span style=\"line-height: 1.5;\">1. wolontariuszy indywidualnych do towarzyszenia jednemu podopiecznemu, czytania ksi\u0105\u017cek, rozm\u00f3w, spacer\u00f3w, drobnych zakup\u00f3w&#8230; itp.\u00a0<\/span>2. wolontariuszy akcyjnych, do pomocy w organizowaniu imprez kulturalnych, koncert\u00f3w muzycznych, wycieczek itp. dla os\u00f3b starszych w domu opieki;\u00a0<span style=\"line-height: 1.5;\">3. wolontariuszy akcyjnych sprawnych fizycznie do pomocy w spacerach, do wywo\u017cenia pacjent\u00f3w na w\u00f3zkach inwalidzkich do ogrodu, zawo\u017cenia na posi\u0142ki, Msze \u015aw., do towarzyszenia w konsultacjach lekarskich wyjazdowych na terenie Warszawy;\u00a0<\/span>4. os\u00f3b pomagaj\u0105cych w \u015bwietlicy, prowadz\u0105cych zaj\u0119cia grupowe dla podopiecznych. Do zada\u0144 wolontariuszy nale\u017cy szeroko poj\u0119ta opieka duchowa nad pacjentem wg charyzmatu \u015bw. Jana Bo\u017cego. Zakres obowi\u0105zk\u00f3w wolontariusza ka\u017cdorazowo jest uzgadniany indywidualnie z koordynatorem, zgodnie z potrzebami podopiecznego oraz mo\u017cliwo\u015bciami i dyspozycyjno\u015bci\u0105 wolontariusza.<\/p>\n<p>Warszawski Wolontariat Bonifraterski dzia\u0142a coraz pr\u0119\u017cniej i jest doceniany zar\u00f3wno przez pensjonariuszy, jak i personel. Wolontariusze stanowi\u0105 nieod\u0142\u0105czn\u0105 cz\u0119\u015b\u0107 Wsp\u00f3lnoty, a czas po\u015bwi\u0119cany na pomoc potrzebuj\u0105cym owocuje pi\u0119knymi przyja\u017aniami pomi\u0119dzy wolontariuszami, a tak\u017ce mi\u0119dzy wolontariuszami i pensjonariuszami. Spotykamy si\u0119 regularnie, aby wzajemnie si\u0119 poznawa\u0107, motywowa\u0107 i uczy\u0107. 5 grudnia obchodzimy Mi\u0119dzynarodowy Dzie\u0144 Wolontariusza. Za ka\u017cdym razem staramy si\u0119 uroczy\u015bcie \u015bwi\u0119towa\u0107 dzi\u0119kuj\u0105c wszystkim wolontariuszom za ich dobre serca, po\u015bwi\u0119cenie i \u017cyczliwo\u015b\u0107. Warszawski Wolontariat Bonifraterski has\u0142o Zakonu Bonifratr\u00f3w \u201eBracia czy\u0144cie dobro\u201d wciela tak\u017ce w \u017cycie, gdy\u017c szlachetne oraz bezinteresowne dzia\u0142anie na rzecz drugiego cz\u0142owieka stanowi potwierdzenie idei braterstwa.<\/p>\n<a href=\"https:\/\/www.facebook.com\/WarszawskiWolontariatBonifraterski\/\" class=\"su-button su-button-style-soft\" style=\"color:#ffffff;background-color:#2D89EF;border-color:#246ec0;border-radius:29px\" target=\"_self\"><span style=\"color:#ffffff;padding:6px 16px;font-size:13px;line-height:20px;border-color:#6cadf4;border-radius:29px;text-shadow:none\"><i class=\"sui sui-facebook-square\" style=\"font-size:13px;color:#FFFFFF\"><\/i> Znajd\u017a nas na Facebooku<\/span><\/a>\n<p>&nbsp;<\/p>\n<p>&nbsp;<\/p>\n","protected":false},"excerpt":{"rendered":"<p>Wolontariat w Domu Geriatryczno \u2013 Rehabilitacyjnym Bonifratr\u00f3w w Warszawie (nazywany Warszawskim Wolontariatem Bonifraterskim) swoje pocz\u0105tki datuje na 2008 rok, kiedy czteroosobowa grupa uczni\u00f3w z Zespo\u0142u Szk\u00f3\u0142 Specjalnych nr 85 w Warszawie zg\u0142osi\u0142a ch\u0119\u0107 nieodp\u0142atnej pomocy naszym podopiecznym. Do roku 2012 nie organizowali\u015bmy otwartego naboru wolontariuszy, po wst\u0119pnej selekcji przyjmowali\u015bmy jedynie osoby, kt\u00f3re zg\u0142osi\u0142y si\u0119 same. [&hellip;]<\/p>\n","protected":false},"author":35,"featured_media":0,"parent":5,"menu_order":11,"comment_status":"closed","ping_status":"closed","template":"","meta":{"footnotes":""},"yoast_head":"<!-- This site is optimized with the Yoast SEO plugin v24.5 - https:\/\/yoast.com\/wordpress\/plugins\/seo\/ -->\n<title>O nas - Dom Geriatryczno-Rehabilitacyjny - Warszawa<\/title>\n<meta name=\"robots\" content=\"index, follow, max-snippet:-1, max-image-preview:large, max-video-preview:-1\" \/>\n<link rel=\"canonical\" href=\"https:\/\/bonifratrzy.pl\/dom-geriatryczno-rehabilitacyjny-warszawa\/wolontariat\/o-nas\/\" \/>\n<meta property=\"og:locale\" content=\"pl_PL\" \/>\n<meta property=\"og:type\" content=\"article\" \/>\n<meta property=\"og:title\" content=\"O nas - Dom Geriatryczno-Rehabilitacyjny - Warszawa\" \/>\n<meta property=\"og:description\" content=\"Wolontariat w Domu Geriatryczno \u2013 Rehabilitacyjnym Bonifratr\u00f3w w Warszawie (nazywany Warszawskim Wolontariatem Bonifraterskim) swoje pocz\u0105tki datuje na 2008 rok, kiedy czteroosobowa grupa uczni\u00f3w z Zespo\u0142u Szk\u00f3\u0142 Specjalnych nr 85 w Warszawie zg\u0142osi\u0142a ch\u0119\u0107 nieodp\u0142atnej pomocy naszym podopiecznym. Do roku 2012 nie organizowali\u015bmy otwartego naboru wolontariuszy, po wst\u0119pnej selekcji przyjmowali\u015bmy jedynie osoby, kt\u00f3re zg\u0142osi\u0142y si\u0119 same. [&hellip;]\" \/>\n<meta property=\"og:url\" content=\"https:\/\/bonifratrzy.pl\/dom-geriatryczno-rehabilitacyjny-warszawa\/wolontariat\/o-nas\/\" \/>\n<meta property=\"og:site_name\" content=\"Dom Geriatryczno-Rehabilitacyjny - Warszawa\" \/>\n<meta property=\"article:modified_time\" content=\"2022-01-19T13:50:24+00:00\" \/>\n<meta property=\"og:image\" content=\"https:\/\/bonifratrzy.pl\/dom-geriatryczno-rehabilitacyjny-warszawa\/wp-content\/uploads\/sites\/29\/2016\/07\/dzienwolontariusza2015-300x199.png\" \/>\n<meta name=\"twitter:card\" content=\"summary_large_image\" \/>\n<meta name=\"twitter:label1\" content=\"Szacowany czas czytania\" \/>\n\t<meta name=\"twitter:data1\" content=\"2 minuty\" \/>\n<script type=\"application\/ld+json\" class=\"yoast-schema-graph\">{\"@context\":\"https:\/\/schema.org\",\"@graph\":[{\"@type\":\"WebPage\",\"@id\":\"https:\/\/bonifratrzy.pl\/dom-geriatryczno-rehabilitacyjny-warszawa\/wolontariat\/o-nas\/\",\"url\":\"https:\/\/bonifratrzy.pl\/dom-geriatryczno-rehabilitacyjny-warszawa\/wolontariat\/o-nas\/\",\"name\":\"O nas - Dom Geriatryczno-Rehabilitacyjny - Warszawa\",\"isPartOf\":{\"@id\":\"https:\/\/bonifratrzy.pl\/dom-geriatryczno-rehabilitacyjny-warszawa\/#website\"},\"primaryImageOfPage\":{\"@id\":\"https:\/\/bonifratrzy.pl\/dom-geriatryczno-rehabilitacyjny-warszawa\/wolontariat\/o-nas\/#primaryimage\"},\"image\":{\"@id\":\"https:\/\/bonifratrzy.pl\/dom-geriatryczno-rehabilitacyjny-warszawa\/wolontariat\/o-nas\/#primaryimage\"},\"thumbnailUrl\":\"https:\/\/bonifratrzy.pl\/dom-geriatryczno-rehabilitacyjny-warszawa\/wp-content\/uploads\/sites\/29\/2016\/07\/dzienwolontariusza2015-300x199.png\",\"datePublished\":\"2016-07-25T07:37:33+00:00\",\"dateModified\":\"2022-01-19T13:50:24+00:00\",\"breadcrumb\":{\"@id\":\"https:\/\/bonifratrzy.pl\/dom-geriatryczno-rehabilitacyjny-warszawa\/wolontariat\/o-nas\/#breadcrumb\"},\"inLanguage\":\"pl-PL\",\"potentialAction\":[{\"@type\":\"ReadAction\",\"target\":[\"https:\/\/bonifratrzy.pl\/dom-geriatryczno-rehabilitacyjny-warszawa\/wolontariat\/o-nas\/\"]}]},{\"@type\":\"ImageObject\",\"inLanguage\":\"pl-PL\",\"@id\":\"https:\/\/bonifratrzy.pl\/dom-geriatryczno-rehabilitacyjny-warszawa\/wolontariat\/o-nas\/#primaryimage\",\"url\":\"https:\/\/bonifratrzy.pl\/dom-geriatryczno-rehabilitacyjny-warszawa\/wp-content\/uploads\/sites\/29\/2016\/07\/dzienwolontariusza2015.png\",\"contentUrl\":\"https:\/\/bonifratrzy.pl\/dom-geriatryczno-rehabilitacyjny-warszawa\/wp-content\/uploads\/sites\/29\/2016\/07\/dzienwolontariusza2015.png\",\"width\":1100,\"height\":731},{\"@type\":\"BreadcrumbList\",\"@id\":\"https:\/\/bonifratrzy.pl\/dom-geriatryczno-rehabilitacyjny-warszawa\/wolontariat\/o-nas\/#breadcrumb\",\"itemListElement\":[{\"@type\":\"ListItem\",\"position\":1,\"name\":\"Strona g\u0142\u00f3wna\",\"item\":\"https:\/\/bonifratrzy.pl\/dom-geriatryczno-rehabilitacyjny-warszawa\/\"},{\"@type\":\"ListItem\",\"position\":2,\"name\":\"Wolontariat\",\"item\":\"https:\/\/bonifratrzy.pl\/dom-geriatryczno-rehabilitacyjny-warszawa\/wolontariat\/\"},{\"@type\":\"ListItem\",\"position\":3,\"name\":\"O&nbsp;nas\"}]},{\"@type\":\"WebSite\",\"@id\":\"https:\/\/bonifratrzy.pl\/dom-geriatryczno-rehabilitacyjny-warszawa\/#website\",\"url\":\"https:\/\/bonifratrzy.pl\/dom-geriatryczno-rehabilitacyjny-warszawa\/\",\"name\":\"Dom Geriatryczno-Rehabilitacyjny - Warszawa\",\"description\":\"Dom Geriatryczno-Rehabilitacyjny - Warszawa\",\"potentialAction\":[{\"@type\":\"SearchAction\",\"target\":{\"@type\":\"EntryPoint\",\"urlTemplate\":\"https:\/\/bonifratrzy.pl\/dom-geriatryczno-rehabilitacyjny-warszawa\/?s={search_term_string}\"},\"query-input\":{\"@type\":\"PropertyValueSpecification\",\"valueRequired\":true,\"valueName\":\"search_term_string\"}}],\"inLanguage\":\"pl-PL\"}]}<\/script>\n<!-- \/ Yoast SEO plugin. -->","yoast_head_json":{"title":"O nas - Dom Geriatryczno-Rehabilitacyjny - Warszawa","robots":{"index":"index","follow":"follow","max-snippet":"max-snippet:-1","max-image-preview":"max-image-preview:large","max-video-preview":"max-video-preview:-1"},"canonical":"https:\/\/bonifratrzy.pl\/dom-geriatryczno-rehabilitacyjny-warszawa\/wolontariat\/o-nas\/","og_locale":"pl_PL","og_type":"article","og_title":"O nas - Dom Geriatryczno-Rehabilitacyjny - Warszawa","og_description":"Wolontariat w Domu Geriatryczno \u2013 Rehabilitacyjnym Bonifratr\u00f3w w Warszawie (nazywany Warszawskim Wolontariatem Bonifraterskim) swoje pocz\u0105tki datuje na 2008 rok, kiedy czteroosobowa grupa uczni\u00f3w z Zespo\u0142u Szk\u00f3\u0142 Specjalnych nr 85 w Warszawie zg\u0142osi\u0142a ch\u0119\u0107 nieodp\u0142atnej pomocy naszym podopiecznym. Do roku 2012 nie organizowali\u015bmy otwartego naboru wolontariuszy, po wst\u0119pnej selekcji przyjmowali\u015bmy jedynie osoby, kt\u00f3re zg\u0142osi\u0142y si\u0119 same. [&hellip;]","og_url":"https:\/\/bonifratrzy.pl\/dom-geriatryczno-rehabilitacyjny-warszawa\/wolontariat\/o-nas\/","og_site_name":"Dom Geriatryczno-Rehabilitacyjny - Warszawa","article_modified_time":"2022-01-19T13:50:24+00:00","og_image":[{"url":"https:\/\/bonifratrzy.pl\/dom-geriatryczno-rehabilitacyjny-warszawa\/wp-content\/uploads\/sites\/29\/2016\/07\/dzienwolontariusza2015-300x199.png","type":"","width":"","height":""}],"twitter_card":"summary_large_image","twitter_misc":{"Szacowany czas czytania":"2 minuty"},"schema":{"@context":"https:\/\/schema.org","@graph":[{"@type":"WebPage","@id":"https:\/\/bonifratrzy.pl\/dom-geriatryczno-rehabilitacyjny-warszawa\/wolontariat\/o-nas\/","url":"https:\/\/bonifratrzy.pl\/dom-geriatryczno-rehabilitacyjny-warszawa\/wolontariat\/o-nas\/","name":"O nas - Dom Geriatryczno-Rehabilitacyjny - Warszawa","isPartOf":{"@id":"https:\/\/bonifratrzy.pl\/dom-geriatryczno-rehabilitacyjny-warszawa\/#website"},"primaryImageOfPage":{"@id":"https:\/\/bonifratrzy.pl\/dom-geriatryczno-rehabilitacyjny-warszawa\/wolontariat\/o-nas\/#primaryimage"},"image":{"@id":"https:\/\/bonifratrzy.pl\/dom-geriatryczno-rehabilitacyjny-warszawa\/wolontariat\/o-nas\/#primaryimage"},"thumbnailUrl":"https:\/\/bonifratrzy.pl\/dom-geriatryczno-rehabilitacyjny-warszawa\/wp-content\/uploads\/sites\/29\/2016\/07\/dzienwolontariusza2015-300x199.png","datePublished":"2016-07-25T07:37:33+00:00","dateModified":"2022-01-19T13:50:24+00:00","breadcrumb":{"@id":"https:\/\/bonifratrzy.pl\/dom-geriatryczno-rehabilitacyjny-warszawa\/wolontariat\/o-nas\/#breadcrumb"},"inLanguage":"pl-PL","potentialAction":[{"@type":"ReadAction","target":["https:\/\/bonifratrzy.pl\/dom-geriatryczno-rehabilitacyjny-warszawa\/wolontariat\/o-nas\/"]}]},{"@type":"ImageObject","inLanguage":"pl-PL","@id":"https:\/\/bonifratrzy.pl\/dom-geriatryczno-rehabilitacyjny-warszawa\/wolontariat\/o-nas\/#primaryimage","url":"https:\/\/bonifratrzy.pl\/dom-geriatryczno-rehabilitacyjny-warszawa\/wp-content\/uploads\/sites\/29\/2016\/07\/dzienwolontariusza2015.png","contentUrl":"https:\/\/bonifratrzy.pl\/dom-geriatryczno-rehabilitacyjny-warszawa\/wp-content\/uploads\/sites\/29\/2016\/07\/dzienwolontariusza2015.png","width":1100,"height":731},{"@type":"BreadcrumbList","@id":"https:\/\/bonifratrzy.pl\/dom-geriatryczno-rehabilitacyjny-warszawa\/wolontariat\/o-nas\/#breadcrumb","itemListElement":[{"@type":"ListItem","position":1,"name":"Strona g\u0142\u00f3wna","item":"https:\/\/bonifratrzy.pl\/dom-geriatryczno-rehabilitacyjny-warszawa\/"},{"@type":"ListItem","position":2,"name":"Wolontariat","item":"https:\/\/bonifratrzy.pl\/dom-geriatryczno-rehabilitacyjny-warszawa\/wolontariat\/"},{"@type":"ListItem","position":3,"name":"O&nbsp;nas"}]},{"@type":"WebSite","@id":"https:\/\/bonifratrzy.pl\/dom-geriatryczno-rehabilitacyjny-warszawa\/#website","url":"https:\/\/bonifratrzy.pl\/dom-geriatryczno-rehabilitacyjny-warszawa\/","name":"Dom Geriatryczno-Rehabilitacyjny - Warszawa","description":"Dom Geriatryczno-Rehabilitacyjny - Warszawa","potentialAction":[{"@type":"SearchAction","target":{"@type":"EntryPoint","urlTemplate":"https:\/\/bonifratrzy.pl\/dom-geriatryczno-rehabilitacyjny-warszawa\/?s={search_term_string}"},"query-input":{"@type":"PropertyValueSpecification","valueRequired":true,"valueName":"search_term_string"}}],"inLanguage":"pl-PL"}]}},"_links":{"self":[{"href":"https:\/\/bonifratrzy.pl\/dom-geriatryczno-rehabilitacyjny-warszawa\/wp-json\/wp\/v2\/pages\/190"}],"collection":[{"href":"https:\/\/bonifratrzy.pl\/dom-geriatryczno-rehabilitacyjny-warszawa\/wp-json\/wp\/v2\/pages"}],"about":[{"href":"https:\/\/bonifratrzy.pl\/dom-geriatryczno-rehabilitacyjny-warszawa\/wp-json\/wp\/v2\/types\/page"}],"author":[{"embeddable":true,"href":"https:\/\/bonifratrzy.pl\/dom-geriatryczno-rehabilitacyjny-warszawa\/wp-json\/wp\/v2\/users\/35"}],"replies":[{"embeddable":true,"href":"https:\/\/bonifratrzy.pl\/dom-geriatryczno-rehabilitacyjny-warszawa\/wp-json\/wp\/v2\/comments?post=190"}],"version-history":[{"count":7,"href":"https:\/\/bonifratrzy.pl\/dom-geriatryczno-rehabilitacyjny-warszawa\/wp-json\/wp\/v2\/pages\/190\/revisions"}],"predecessor-version":[{"id":1326,"href":"https:\/\/bonifratrzy.pl\/dom-geriatryczno-rehabilitacyjny-warszawa\/wp-json\/wp\/v2\/pages\/190\/revisions\/1326"}],"up":[{"embeddable":true,"href":"https:\/\/bonifratrzy.pl\/dom-geriatryczno-rehabilitacyjny-warszawa\/wp-json\/wp\/v2\/pages\/5"}],"wp:attachment":[{"href":"https:\/\/bonifratrzy.pl\/dom-geriatryczno-rehabilitacyjny-warszawa\/wp-json\/wp\/v2\/media?parent=190"}],"curies":[{"name":"wp","href":"https:\/\/api.w.org\/{rel}","templated":true}]}}