{"id":182,"date":"2016-07-22T20:48:04","date_gmt":"2016-07-22T18:48:04","guid":{"rendered":"https:\/\/bonifratrzy.pl\/dom-geriatryczno-rehabilitacyjny-warszawa\/?page_id=182"},"modified":"2025-12-18T10:24:47","modified_gmt":"2025-12-18T09:24:47","slug":"jak-zostac-wolontariuszem","status":"publish","type":"page","link":"https:\/\/bonifratrzy.pl\/dom-geriatryczno-rehabilitacyjny-warszawa\/wolontariat\/jak-zostac-wolontariuszem\/","title":{"rendered":"Jak zosta\u0107 wolontariuszem?"},"content":{"rendered":"<p><strong>Osoby, kt\u00f3re chc\u0105 zosta\u0107 wolontariuszem w Domu Geriatryczno &#8211; Rehabilitacyjnym Bonifratr\u00f3w proszone s\u0105 o skontaktowanie si\u0119 z koordynatorem wolontariatu:<\/strong><\/p>\n<p>Tomasz Zientara<\/p>\n<p>mail: &#x77;&#x6f;&#x6c;&#x6f;&#x6e;&#x74;&#x61;&#x72;&#x69;&#x61;&#x74;&#45;&#119;&#97;&#114;&#115;&#122;&#97;wa&#64;bcm&#x62;&#x6f;&#x6e;&#x69;&#x66;&#x72;&#x61;&#x74;&#x72;&#x7a;&#x79;&#x2e;&#112;&#108;<\/p>\n<div class=\"su-spoiler su-spoiler-style-default su-spoiler-icon-arrow su-spoiler-closed\" data-scroll-offset=\"0\" data-anchor-in-url=\"no\"><div class=\"su-spoiler-title\" tabindex=\"0\" role=\"button\"><span class=\"su-spoiler-icon\"><\/span><strong>Poszczeg\u00f3lne etapy rekrutacji:<\/strong><\/div><div class=\"su-spoiler-content su-u-clearfix su-u-trim\">\n<ol>\n<li>Kontakt z koordynatorem wolontariatu<\/li>\n<li>Wys\u0142anie CV<\/li>\n<li>Zg\u0142oszenie si\u0119 na rozmow\u0119 wst\u0119pn\u0105 (z dowodem osobistym)<\/li>\n<li>Wype\u0142nienie ankiety i kwestionariusza<\/li>\n<li>Zapoznanie si\u0119 z Regulaminem wolontariatu<\/li>\n<li>Decyzja koordynatora o przyj\u0119ciu (b\u0105d\u017a nie) wolontariusza<\/li>\n<li>Podpisanie porozumienia<\/li>\n<\/ol>\n<\/div><\/div>\n<div id=\"su_slider_69f12d8deaf5a\" class=\"su-slider su-slider-centered su-slider-pages-yes su-slider-responsive-yes\" style=\"width:100%\" data-autoplay=\"3000\" data-speed=\"600\" data-mousewheel=\"true\"><div class=\"su-slider-slides\"><div class=\"su-slider-slide\"><a><img decoding=\"async\" src=\"https:\/\/bonifratrzy.pl\/dom-geriatryczno-rehabilitacyjny-warszawa\/wp-content\/uploads\/sites\/29\/2016\/07\/nowy-nabor-wolontariuszyDGR.png\" alt=\"nowy nabor wolontariuszyDGR\" \/><span class=\"su-slider-slide-title\">nowy nabor wolontariuszyDGR<\/span><\/a><\/div><div class=\"su-slider-slide\"><a><img decoding=\"async\" src=\"https:\/\/bonifratrzy.pl\/dom-geriatryczno-rehabilitacyjny-warszawa\/wp-content\/uploads\/sites\/29\/2016\/01\/IMG_5187-min.jpg\" alt=\"1\" \/><span class=\"su-slider-slide-title\">1<\/span><\/a><\/div><\/div><div class=\"su-slider-nav\"><div class=\"su-slider-direction\"><span class=\"su-slider-prev\"><\/span><span class=\"su-slider-next\"><\/span><\/div><div class=\"su-slider-pagination\"><\/div><\/div><\/div>\n","protected":false},"excerpt":{"rendered":"<p>Osoby, kt\u00f3re chc\u0105 zosta\u0107 wolontariuszem w Domu Geriatryczno &#8211; Rehabilitacyjnym Bonifratr\u00f3w proszone s\u0105 o skontaktowanie si\u0119 z koordynatorem wolontariatu: Tomasz Zientara mail: &#x77;&#x6f;&#x6c;&#111;&#110;&#116;ar&#x69;&#x61;&#x74;&#x2d;&#119;&#97;rs&#x7a;&#x61;&#x77;&#x61;&#64;&#98;cm&#x62;&#x6f;&#x6e;&#x69;&#102;&#114;&#97;tr&#x7a;&#x79;&#x2e;&#x70;&#108;<\/p>\n","protected":false},"author":35,"featured_media":0,"parent":5,"menu_order":15,"comment_status":"closed","ping_status":"closed","template":"","meta":{"footnotes":""},"yoast_head":"<!-- This site is optimized with the Yoast SEO plugin v24.5 - https:\/\/yoast.com\/wordpress\/plugins\/seo\/ -->\n<title>Jak zosta\u0107 wolontariuszem? - Dom Geriatryczno-Rehabilitacyjny - Warszawa<\/title>\n<meta name=\"robots\" content=\"index, follow, max-snippet:-1, max-image-preview:large, max-video-preview:-1\" \/>\n<link rel=\"canonical\" href=\"https:\/\/bonifratrzy.pl\/dom-geriatryczno-rehabilitacyjny-warszawa\/wolontariat\/jak-zostac-wolontariuszem\/\" \/>\n<meta property=\"og:locale\" content=\"pl_PL\" \/>\n<meta property=\"og:type\" content=\"article\" \/>\n<meta property=\"og:title\" content=\"Jak zosta\u0107 wolontariuszem? - Dom Geriatryczno-Rehabilitacyjny - Warszawa\" \/>\n<meta property=\"og:description\" content=\"Osoby, kt\u00f3re chc\u0105 zosta\u0107 wolontariuszem w Domu Geriatryczno &#8211; Rehabilitacyjnym Bonifratr\u00f3w proszone s\u0105 o skontaktowanie si\u0119 z koordynatorem wolontariatu: Tomasz Zientara mail: &#x77;&#x6f;&#x6c;&#x6f;&#x6e;&#x74;&#x61;&#x72;&#105;&#097;&#116;&#045;&#119;&#097;&#114;szaw&#x61;&#x40;&#x62;&#x63;&#x6d;&#x62;&#x6f;&#x6e;&#x69;&#102;&#114;&#097;&#116;&#114;&#122;&#121;&#046;pl\" \/>\n<meta property=\"og:url\" content=\"https:\/\/bonifratrzy.pl\/dom-geriatryczno-rehabilitacyjny-warszawa\/wolontariat\/jak-zostac-wolontariuszem\/\" \/>\n<meta property=\"og:site_name\" content=\"Dom Geriatryczno-Rehabilitacyjny - Warszawa\" \/>\n<meta property=\"article:modified_time\" content=\"2025-12-18T09:24:47+00:00\" \/>\n<meta name=\"twitter:card\" content=\"summary_large_image\" \/>\n<meta name=\"twitter:label1\" content=\"Szacowany czas czytania\" \/>\n\t<meta name=\"twitter:data1\" content=\"1 minuta\" \/>\n<script type=\"application\/ld+json\" class=\"yoast-schema-graph\">{\"@context\":\"https:\/\/schema.org\",\"@graph\":[{\"@type\":\"WebPage\",\"@id\":\"https:\/\/bonifratrzy.pl\/dom-geriatryczno-rehabilitacyjny-warszawa\/wolontariat\/jak-zostac-wolontariuszem\/\",\"url\":\"https:\/\/bonifratrzy.pl\/dom-geriatryczno-rehabilitacyjny-warszawa\/wolontariat\/jak-zostac-wolontariuszem\/\",\"name\":\"Jak zosta\u0107 wolontariuszem? - Dom Geriatryczno-Rehabilitacyjny - Warszawa\",\"isPartOf\":{\"@id\":\"https:\/\/bonifratrzy.pl\/dom-geriatryczno-rehabilitacyjny-warszawa\/#website\"},\"datePublished\":\"2016-07-22T18:48:04+00:00\",\"dateModified\":\"2025-12-18T09:24:47+00:00\",\"breadcrumb\":{\"@id\":\"https:\/\/bonifratrzy.pl\/dom-geriatryczno-rehabilitacyjny-warszawa\/wolontariat\/jak-zostac-wolontariuszem\/#breadcrumb\"},\"inLanguage\":\"pl-PL\",\"potentialAction\":[{\"@type\":\"ReadAction\",\"target\":[\"https:\/\/bonifratrzy.pl\/dom-geriatryczno-rehabilitacyjny-warszawa\/wolontariat\/jak-zostac-wolontariuszem\/\"]}]},{\"@type\":\"BreadcrumbList\",\"@id\":\"https:\/\/bonifratrzy.pl\/dom-geriatryczno-rehabilitacyjny-warszawa\/wolontariat\/jak-zostac-wolontariuszem\/#breadcrumb\",\"itemListElement\":[{\"@type\":\"ListItem\",\"position\":1,\"name\":\"Strona g\u0142\u00f3wna\",\"item\":\"https:\/\/bonifratrzy.pl\/dom-geriatryczno-rehabilitacyjny-warszawa\/\"},{\"@type\":\"ListItem\",\"position\":2,\"name\":\"Wolontariat\",\"item\":\"https:\/\/bonifratrzy.pl\/dom-geriatryczno-rehabilitacyjny-warszawa\/wolontariat\/\"},{\"@type\":\"ListItem\",\"position\":3,\"name\":\"Jak zosta\u0107 wolontariuszem?\"}]},{\"@type\":\"WebSite\",\"@id\":\"https:\/\/bonifratrzy.pl\/dom-geriatryczno-rehabilitacyjny-warszawa\/#website\",\"url\":\"https:\/\/bonifratrzy.pl\/dom-geriatryczno-rehabilitacyjny-warszawa\/\",\"name\":\"Dom Geriatryczno-Rehabilitacyjny - Warszawa\",\"description\":\"Dom Geriatryczno-Rehabilitacyjny - Warszawa\",\"potentialAction\":[{\"@type\":\"SearchAction\",\"target\":{\"@type\":\"EntryPoint\",\"urlTemplate\":\"https:\/\/bonifratrzy.pl\/dom-geriatryczno-rehabilitacyjny-warszawa\/?s={search_term_string}\"},\"query-input\":{\"@type\":\"PropertyValueSpecification\",\"valueRequired\":true,\"valueName\":\"search_term_string\"}}],\"inLanguage\":\"pl-PL\"}]}<\/script>\n<!-- \/ Yoast SEO plugin. -->","yoast_head_json":{"title":"Jak zosta\u0107 wolontariuszem? - Dom Geriatryczno-Rehabilitacyjny - Warszawa","robots":{"index":"index","follow":"follow","max-snippet":"max-snippet:-1","max-image-preview":"max-image-preview:large","max-video-preview":"max-video-preview:-1"},"canonical":"https:\/\/bonifratrzy.pl\/dom-geriatryczno-rehabilitacyjny-warszawa\/wolontariat\/jak-zostac-wolontariuszem\/","og_locale":"pl_PL","og_type":"article","og_title":"Jak zosta\u0107 wolontariuszem? - Dom Geriatryczno-Rehabilitacyjny - Warszawa","og_description":"Osoby, kt\u00f3re chc\u0105 zosta\u0107 wolontariuszem w Domu Geriatryczno &#8211; Rehabilitacyjnym Bonifratr\u00f3w proszone s\u0105 o skontaktowanie si\u0119 z koordynatorem wolontariatu: Tomasz Zientara mail: &#x77;&#x6f;&#x6c;&#x6f;&#x6e;&#x74;&#x61;&#x72;&#105;&#97;&#116;&#45;&#119;&#97;&#114;szaw&#x61;&#x40;&#x62;&#x63;&#x6d;&#x62;&#x6f;&#x6e;&#x69;&#102;&#114;&#97;&#116;&#114;&#122;&#121;&#46;pl","og_url":"https:\/\/bonifratrzy.pl\/dom-geriatryczno-rehabilitacyjny-warszawa\/wolontariat\/jak-zostac-wolontariuszem\/","og_site_name":"Dom Geriatryczno-Rehabilitacyjny - Warszawa","article_modified_time":"2025-12-18T09:24:47+00:00","twitter_card":"summary_large_image","twitter_misc":{"Szacowany czas czytania":"1 minuta"},"schema":{"@context":"https:\/\/schema.org","@graph":[{"@type":"WebPage","@id":"https:\/\/bonifratrzy.pl\/dom-geriatryczno-rehabilitacyjny-warszawa\/wolontariat\/jak-zostac-wolontariuszem\/","url":"https:\/\/bonifratrzy.pl\/dom-geriatryczno-rehabilitacyjny-warszawa\/wolontariat\/jak-zostac-wolontariuszem\/","name":"Jak zosta\u0107 wolontariuszem? - Dom Geriatryczno-Rehabilitacyjny - Warszawa","isPartOf":{"@id":"https:\/\/bonifratrzy.pl\/dom-geriatryczno-rehabilitacyjny-warszawa\/#website"},"datePublished":"2016-07-22T18:48:04+00:00","dateModified":"2025-12-18T09:24:47+00:00","breadcrumb":{"@id":"https:\/\/bonifratrzy.pl\/dom-geriatryczno-rehabilitacyjny-warszawa\/wolontariat\/jak-zostac-wolontariuszem\/#breadcrumb"},"inLanguage":"pl-PL","potentialAction":[{"@type":"ReadAction","target":["https:\/\/bonifratrzy.pl\/dom-geriatryczno-rehabilitacyjny-warszawa\/wolontariat\/jak-zostac-wolontariuszem\/"]}]},{"@type":"BreadcrumbList","@id":"https:\/\/bonifratrzy.pl\/dom-geriatryczno-rehabilitacyjny-warszawa\/wolontariat\/jak-zostac-wolontariuszem\/#breadcrumb","itemListElement":[{"@type":"ListItem","position":1,"name":"Strona g\u0142\u00f3wna","item":"https:\/\/bonifratrzy.pl\/dom-geriatryczno-rehabilitacyjny-warszawa\/"},{"@type":"ListItem","position":2,"name":"Wolontariat","item":"https:\/\/bonifratrzy.pl\/dom-geriatryczno-rehabilitacyjny-warszawa\/wolontariat\/"},{"@type":"ListItem","position":3,"name":"Jak zosta\u0107 wolontariuszem?"}]},{"@type":"WebSite","@id":"https:\/\/bonifratrzy.pl\/dom-geriatryczno-rehabilitacyjny-warszawa\/#website","url":"https:\/\/bonifratrzy.pl\/dom-geriatryczno-rehabilitacyjny-warszawa\/","name":"Dom Geriatryczno-Rehabilitacyjny - Warszawa","description":"Dom Geriatryczno-Rehabilitacyjny - Warszawa","potentialAction":[{"@type":"SearchAction","target":{"@type":"EntryPoint","urlTemplate":"https:\/\/bonifratrzy.pl\/dom-geriatryczno-rehabilitacyjny-warszawa\/?s={search_term_string}"},"query-input":{"@type":"PropertyValueSpecification","valueRequired":true,"valueName":"search_term_string"}}],"inLanguage":"pl-PL"}]}},"_links":{"self":[{"href":"https:\/\/bonifratrzy.pl\/dom-geriatryczno-rehabilitacyjny-warszawa\/wp-json\/wp\/v2\/pages\/182"}],"collection":[{"href":"https:\/\/bonifratrzy.pl\/dom-geriatryczno-rehabilitacyjny-warszawa\/wp-json\/wp\/v2\/pages"}],"about":[{"href":"https:\/\/bonifratrzy.pl\/dom-geriatryczno-rehabilitacyjny-warszawa\/wp-json\/wp\/v2\/types\/page"}],"author":[{"embeddable":true,"href":"https:\/\/bonifratrzy.pl\/dom-geriatryczno-rehabilitacyjny-warszawa\/wp-json\/wp\/v2\/users\/35"}],"replies":[{"embeddable":true,"href":"https:\/\/bonifratrzy.pl\/dom-geriatryczno-rehabilitacyjny-warszawa\/wp-json\/wp\/v2\/comments?post=182"}],"version-history":[{"count":3,"href":"https:\/\/bonifratrzy.pl\/dom-geriatryczno-rehabilitacyjny-warszawa\/wp-json\/wp\/v2\/pages\/182\/revisions"}],"predecessor-version":[{"id":1603,"href":"https:\/\/bonifratrzy.pl\/dom-geriatryczno-rehabilitacyjny-warszawa\/wp-json\/wp\/v2\/pages\/182\/revisions\/1603"}],"up":[{"embeddable":true,"href":"https:\/\/bonifratrzy.pl\/dom-geriatryczno-rehabilitacyjny-warszawa\/wp-json\/wp\/v2\/pages\/5"}],"wp:attachment":[{"href":"https:\/\/bonifratrzy.pl\/dom-geriatryczno-rehabilitacyjny-warszawa\/wp-json\/wp\/v2\/media?parent=182"}],"curies":[{"name":"wp","href":"https:\/\/api.w.org\/{rel}","templated":true}]}}