{"id":15,"date":"2019-07-30T16:55:42","date_gmt":"2019-07-30T14:55:42","guid":{"rendered":"https:\/\/bonifratrzy.pl\/dom-geriatryczno-rehabilitacyjny-warszawa\/?page_id=15"},"modified":"2023-05-15T11:39:22","modified_gmt":"2023-05-15T09:39:22","slug":"warunki-przyjecia","status":"publish","type":"page","link":"https:\/\/bonifratrzy.pl\/dom-geriatryczno-rehabilitacyjny-warszawa\/warunki-przyjecia\/","title":{"rendered":"Warunki przyj\u0119cia"},"content":{"rendered":"<p>W celu rozpocz\u0119cia procedury przyj\u0119cia do Domu Geriatryczno-Rehabilitacyjnego Bonifratr\u00f3w nale\u017cy rozpocz\u0105\u0107 procedur\u0119 wst\u0119pn\u0105:<\/p>\n<p>Pobra\u0107 osobi\u015bcie w biurze administracji, przy ul. Sapie\u017cy\u0144skiej 3 w Warszawie, wniosek o przyj\u0119cie do DGR lub wys\u0142a\u0107 zapytanie na adres mailowy &#100;g&#x72;&#64;&#x62;o&#x6e;i&#x66;r&#x61;t&#x72;&#122;&#x79;&#46;&#x77;&#97;&#x72;&#115;&#x7a;&#97;&#x77;&#97;&#x2e;&#112;l i do\u0142\u0105czy\u0107 do niego:<\/p>\n<ul>\n<li>kserokopie dokumentacji medycznej, tj. karty, wypisy ze szpitala oraz wyniki bada\u0144,<\/li>\n<li>wype\u0142nion\u0105 przez lekarza lub piel\u0119gniark\u0119 skal\u0119 zakresu czynno\u015bci opieku\u0144czo-piel\u0119gnacyjnych, kt\u00f3ra jest we wniosku o przyj\u0119cie do DGR,<\/li>\n<li>aktualne za\u015bwiadczenie o stanie zdrowia wystawione przez lekarza prowadz\u0105cego (rodzinnego) z list\u0105 aktualnie przyjmowanych lek\u00f3w,<\/li>\n<li>postanowienie s\u0105du o ustanowienie Opiekuna\/Kuratora &#8211; w sytuacji ustanowienia,<\/li>\n<li>w przypadku s\u0105dowego ubezw\u0142asnowolnienia, zgoda s\u0105du na umieszczenie w domu opieki.<\/li>\n<\/ul>\n<p>Komplet w\/w dokument\u00f3w nale\u017cy z\u0142o\u017cy\u0107 osobi\u015bcie lub poprzez uprawnionego przedstawiciela w biurze\u00a0administracji, w budynku przy ul. Sapie\u017cy\u0144skiej 3, w Warszawie.<\/p>\n<p>Po pozytywnym zako\u0144czeniu procedury wst\u0119pnej, zapraszamy osoby zainteresowane lub ich opiekun\u00f3w, na indywidualne rozmowy, po wcze\u015bniejszym ustaleniu terminu spotkania.<\/p>\n<p style=\"text-align: left\"><strong>W prowadzonym przez Bonifraterskie Centrum Medyczne Domu Geriatryczno-Rehabilitacyjnym istnieje r\u00f3wnie\u017c mo\u017cliwo\u015b\u0107 zamieszkania na pobyt czasowy.<\/strong><\/p>\n<p>Godziny pracy biura:\u00a0<strong>poniedzia\u0142ek &#8211; pi\u0105tek, godz. 9:00-15:00<br \/>\n<\/strong>Serdecznie zapraszamy<\/p>\n<p style=\"text-align: left\"><strong>Pliki do pobrania:<\/strong><\/p>\n<ul>\n<li style=\"text-align: left\"><a href=\"https:\/\/bonifratrzy.pl\/dom-geriatryczno-rehabilitacyjny-warszawa\/wp-content\/uploads\/sites\/29\/2023\/05\/BCM_DGR_ulotka_A5_2023.pdf\" target=\"_blank\" rel=\"noopener noreferrer\">Ulotka DGR<\/a><\/li>\n<li style=\"text-align: left\"><a href=\"https:\/\/bonifratrzy.pl\/dom-geriatryczno-rehabilitacyjny-warszawa\/wp-content\/uploads\/sites\/29\/2023\/05\/Oferta-DGR-01.05.2023.pdf\" target=\"_blank\" rel=\"noopener noreferrer\">Oferta DGR<\/a><\/li>\n<\/ul>\n","protected":false},"excerpt":{"rendered":"<p>W celu rozpocz\u0119cia procedury przyj\u0119cia do Domu Geriatryczno-Rehabilitacyjnego Bonifratr\u00f3w nale\u017cy rozpocz\u0105\u0107 procedur\u0119 wst\u0119pn\u0105: Pobra\u0107 osobi\u015bcie w biurze administracji, przy ul. Sapie\u017cy\u0144skiej 3 w Warszawie, wniosek o przyj\u0119cie do DGR lub wys\u0142a\u0107 zapytanie na adres mailowy &#x64;&#x67;&#x72;&#x40;&#x62;&#111;&#110;&#105;&#102;rat&#x72;&#x7a;&#x79;&#x2e;&#x77;&#x61;&#114;&#115;&#122;awa&#x2e;&#x70;&#x6c; i do\u0142\u0105czy\u0107 do niego: kserokopie dokumentacji medycznej, tj. karty, wypisy ze szpitala oraz wyniki bada\u0144, wype\u0142nion\u0105 przez lekarza lub [&hellip;]<\/p>\n","protected":false},"author":1,"featured_media":0,"parent":0,"menu_order":9,"comment_status":"closed","ping_status":"closed","template":"page-full.php","meta":{"footnotes":""},"yoast_head":"<!-- This site is optimized with the Yoast SEO plugin v24.5 - https:\/\/yoast.com\/wordpress\/plugins\/seo\/ -->\n<title>Warunki przyj\u0119cia - Dom Geriatryczno-Rehabilitacyjny - Warszawa<\/title>\n<meta name=\"robots\" content=\"index, follow, max-snippet:-1, max-image-preview:large, max-video-preview:-1\" \/>\n<link rel=\"canonical\" href=\"https:\/\/bonifratrzy.pl\/dom-geriatryczno-rehabilitacyjny-warszawa\/warunki-przyjecia\/\" \/>\n<meta property=\"og:locale\" content=\"pl_PL\" \/>\n<meta property=\"og:type\" content=\"article\" \/>\n<meta property=\"og:title\" content=\"Warunki przyj\u0119cia - Dom Geriatryczno-Rehabilitacyjny - Warszawa\" \/>\n<meta property=\"og:description\" content=\"W celu rozpocz\u0119cia procedury przyj\u0119cia do Domu Geriatryczno-Rehabilitacyjnego Bonifratr\u00f3w nale\u017cy rozpocz\u0105\u0107 procedur\u0119 wst\u0119pn\u0105: Pobra\u0107 osobi\u015bcie w biurze administracji, przy ul. Sapie\u017cy\u0144skiej 3 w Warszawie, wniosek o przyj\u0119cie do DGR lub wys\u0142a\u0107 zapytanie na adres mailowy d&#103;&#x72;&#x40;b&#111;&#110;&#x69;&#x66;r&#097;&#116;&#x72;&#x7a;y&#046;&#x77;&#x61;&#x72;s&#122;&#x61;&#x77;a&#046;&#112;&#x6c; i do\u0142\u0105czy\u0107 do niego: kserokopie dokumentacji medycznej, tj. karty, wypisy ze szpitala oraz wyniki bada\u0144, wype\u0142nion\u0105 przez lekarza lub [&hellip;]\" \/>\n<meta property=\"og:url\" content=\"https:\/\/bonifratrzy.pl\/dom-geriatryczno-rehabilitacyjny-warszawa\/warunki-przyjecia\/\" \/>\n<meta property=\"og:site_name\" content=\"Dom Geriatryczno-Rehabilitacyjny - Warszawa\" \/>\n<meta property=\"article:modified_time\" content=\"2023-05-15T09:39:22+00:00\" \/>\n<meta name=\"twitter:card\" content=\"summary_large_image\" \/>\n<meta name=\"twitter:label1\" content=\"Szacowany czas czytania\" \/>\n\t<meta name=\"twitter:data1\" content=\"1 minuta\" \/>\n<script type=\"application\/ld+json\" class=\"yoast-schema-graph\">{\"@context\":\"https:\/\/schema.org\",\"@graph\":[{\"@type\":\"WebPage\",\"@id\":\"https:\/\/bonifratrzy.pl\/dom-geriatryczno-rehabilitacyjny-warszawa\/warunki-przyjecia\/\",\"url\":\"https:\/\/bonifratrzy.pl\/dom-geriatryczno-rehabilitacyjny-warszawa\/warunki-przyjecia\/\",\"name\":\"Warunki przyj\u0119cia - Dom Geriatryczno-Rehabilitacyjny - Warszawa\",\"isPartOf\":{\"@id\":\"https:\/\/bonifratrzy.pl\/dom-geriatryczno-rehabilitacyjny-warszawa\/#website\"},\"datePublished\":\"2019-07-30T14:55:42+00:00\",\"dateModified\":\"2023-05-15T09:39:22+00:00\",\"breadcrumb\":{\"@id\":\"https:\/\/bonifratrzy.pl\/dom-geriatryczno-rehabilitacyjny-warszawa\/warunki-przyjecia\/#breadcrumb\"},\"inLanguage\":\"pl-PL\",\"potentialAction\":[{\"@type\":\"ReadAction\",\"target\":[\"https:\/\/bonifratrzy.pl\/dom-geriatryczno-rehabilitacyjny-warszawa\/warunki-przyjecia\/\"]}]},{\"@type\":\"BreadcrumbList\",\"@id\":\"https:\/\/bonifratrzy.pl\/dom-geriatryczno-rehabilitacyjny-warszawa\/warunki-przyjecia\/#breadcrumb\",\"itemListElement\":[{\"@type\":\"ListItem\",\"position\":1,\"name\":\"Strona g\u0142\u00f3wna\",\"item\":\"https:\/\/bonifratrzy.pl\/dom-geriatryczno-rehabilitacyjny-warszawa\/\"},{\"@type\":\"ListItem\",\"position\":2,\"name\":\"Warunki przyj\u0119cia\"}]},{\"@type\":\"WebSite\",\"@id\":\"https:\/\/bonifratrzy.pl\/dom-geriatryczno-rehabilitacyjny-warszawa\/#website\",\"url\":\"https:\/\/bonifratrzy.pl\/dom-geriatryczno-rehabilitacyjny-warszawa\/\",\"name\":\"Dom Geriatryczno-Rehabilitacyjny - Warszawa\",\"description\":\"Dom Geriatryczno-Rehabilitacyjny - Warszawa\",\"potentialAction\":[{\"@type\":\"SearchAction\",\"target\":{\"@type\":\"EntryPoint\",\"urlTemplate\":\"https:\/\/bonifratrzy.pl\/dom-geriatryczno-rehabilitacyjny-warszawa\/?s={search_term_string}\"},\"query-input\":{\"@type\":\"PropertyValueSpecification\",\"valueRequired\":true,\"valueName\":\"search_term_string\"}}],\"inLanguage\":\"pl-PL\"}]}<\/script>\n<!-- \/ Yoast SEO plugin. -->","yoast_head_json":{"title":"Warunki przyj\u0119cia - Dom Geriatryczno-Rehabilitacyjny - Warszawa","robots":{"index":"index","follow":"follow","max-snippet":"max-snippet:-1","max-image-preview":"max-image-preview:large","max-video-preview":"max-video-preview:-1"},"canonical":"https:\/\/bonifratrzy.pl\/dom-geriatryczno-rehabilitacyjny-warszawa\/warunki-przyjecia\/","og_locale":"pl_PL","og_type":"article","og_title":"Warunki przyj\u0119cia - Dom Geriatryczno-Rehabilitacyjny - Warszawa","og_description":"W celu rozpocz\u0119cia procedury przyj\u0119cia do Domu Geriatryczno-Rehabilitacyjnego Bonifratr\u00f3w nale\u017cy rozpocz\u0105\u0107 procedur\u0119 wst\u0119pn\u0105: Pobra\u0107 osobi\u015bcie w biurze administracji, przy ul. Sapie\u017cy\u0144skiej 3 w Warszawie, wniosek o przyj\u0119cie do DGR lub wys\u0142a\u0107 zapytanie na adres mailowy d&#103;&#x72;&#x40;b&#111;&#110;&#x69;&#x66;r&#97;&#116;&#x72;&#x7a;y&#46;&#x77;&#x61;&#x72;s&#122;&#x61;&#x77;a&#46;&#112;&#x6c; i do\u0142\u0105czy\u0107 do niego: kserokopie dokumentacji medycznej, tj. karty, wypisy ze szpitala oraz wyniki bada\u0144, wype\u0142nion\u0105 przez lekarza lub [&hellip;]","og_url":"https:\/\/bonifratrzy.pl\/dom-geriatryczno-rehabilitacyjny-warszawa\/warunki-przyjecia\/","og_site_name":"Dom Geriatryczno-Rehabilitacyjny - Warszawa","article_modified_time":"2023-05-15T09:39:22+00:00","twitter_card":"summary_large_image","twitter_misc":{"Szacowany czas czytania":"1 minuta"},"schema":{"@context":"https:\/\/schema.org","@graph":[{"@type":"WebPage","@id":"https:\/\/bonifratrzy.pl\/dom-geriatryczno-rehabilitacyjny-warszawa\/warunki-przyjecia\/","url":"https:\/\/bonifratrzy.pl\/dom-geriatryczno-rehabilitacyjny-warszawa\/warunki-przyjecia\/","name":"Warunki przyj\u0119cia - Dom Geriatryczno-Rehabilitacyjny - Warszawa","isPartOf":{"@id":"https:\/\/bonifratrzy.pl\/dom-geriatryczno-rehabilitacyjny-warszawa\/#website"},"datePublished":"2019-07-30T14:55:42+00:00","dateModified":"2023-05-15T09:39:22+00:00","breadcrumb":{"@id":"https:\/\/bonifratrzy.pl\/dom-geriatryczno-rehabilitacyjny-warszawa\/warunki-przyjecia\/#breadcrumb"},"inLanguage":"pl-PL","potentialAction":[{"@type":"ReadAction","target":["https:\/\/bonifratrzy.pl\/dom-geriatryczno-rehabilitacyjny-warszawa\/warunki-przyjecia\/"]}]},{"@type":"BreadcrumbList","@id":"https:\/\/bonifratrzy.pl\/dom-geriatryczno-rehabilitacyjny-warszawa\/warunki-przyjecia\/#breadcrumb","itemListElement":[{"@type":"ListItem","position":1,"name":"Strona g\u0142\u00f3wna","item":"https:\/\/bonifratrzy.pl\/dom-geriatryczno-rehabilitacyjny-warszawa\/"},{"@type":"ListItem","position":2,"name":"Warunki przyj\u0119cia"}]},{"@type":"WebSite","@id":"https:\/\/bonifratrzy.pl\/dom-geriatryczno-rehabilitacyjny-warszawa\/#website","url":"https:\/\/bonifratrzy.pl\/dom-geriatryczno-rehabilitacyjny-warszawa\/","name":"Dom Geriatryczno-Rehabilitacyjny - Warszawa","description":"Dom Geriatryczno-Rehabilitacyjny - Warszawa","potentialAction":[{"@type":"SearchAction","target":{"@type":"EntryPoint","urlTemplate":"https:\/\/bonifratrzy.pl\/dom-geriatryczno-rehabilitacyjny-warszawa\/?s={search_term_string}"},"query-input":{"@type":"PropertyValueSpecification","valueRequired":true,"valueName":"search_term_string"}}],"inLanguage":"pl-PL"}]}},"_links":{"self":[{"href":"https:\/\/bonifratrzy.pl\/dom-geriatryczno-rehabilitacyjny-warszawa\/wp-json\/wp\/v2\/pages\/15"}],"collection":[{"href":"https:\/\/bonifratrzy.pl\/dom-geriatryczno-rehabilitacyjny-warszawa\/wp-json\/wp\/v2\/pages"}],"about":[{"href":"https:\/\/bonifratrzy.pl\/dom-geriatryczno-rehabilitacyjny-warszawa\/wp-json\/wp\/v2\/types\/page"}],"author":[{"embeddable":true,"href":"https:\/\/bonifratrzy.pl\/dom-geriatryczno-rehabilitacyjny-warszawa\/wp-json\/wp\/v2\/users\/1"}],"replies":[{"embeddable":true,"href":"https:\/\/bonifratrzy.pl\/dom-geriatryczno-rehabilitacyjny-warszawa\/wp-json\/wp\/v2\/comments?post=15"}],"version-history":[{"count":28,"href":"https:\/\/bonifratrzy.pl\/dom-geriatryczno-rehabilitacyjny-warszawa\/wp-json\/wp\/v2\/pages\/15\/revisions"}],"predecessor-version":[{"id":427,"href":"https:\/\/bonifratrzy.pl\/dom-geriatryczno-rehabilitacyjny-warszawa\/wp-json\/wp\/v2\/pages\/15\/revisions\/427"}],"wp:attachment":[{"href":"https:\/\/bonifratrzy.pl\/dom-geriatryczno-rehabilitacyjny-warszawa\/wp-json\/wp\/v2\/media?parent=15"}],"curies":[{"name":"wp","href":"https:\/\/api.w.org\/{rel}","templated":true}]}}