{"id":1019,"date":"2021-09-13T09:55:38","date_gmt":"2021-09-13T07:55:38","guid":{"rendered":"https:\/\/bonifratrzy.pl\/dom-geriatryczno-rehabilitacyjny-warszawa\/?page_id=1019"},"modified":"2022-05-26T16:47:20","modified_gmt":"2022-05-26T14:47:20","slug":"wprowadzenie","status":"publish","type":"page","link":"https:\/\/bonifratrzy.pl\/dom-geriatryczno-rehabilitacyjny-warszawa\/","title":{"rendered":"Wprowadzenie"},"content":{"rendered":"<div id=\"pl-1019\"  class=\"panel-layout\" ><div id=\"pg-1019-0\"  class=\"panel-grid panel-has-style\" ><div class=\"main-info panel-row-style panel-row-style-for-1019-0\" ><div id=\"pgc-1019-0-0\"  class=\"panel-grid-cell\" ><div id=\"panel-1019-0-0-0\" class=\"so-panel widget widget_sow-editor panel-first-child panel-last-child\" data-index=\"0\" ><div\n\t\t\t\n\t\t\tclass=\"so-widget-sow-editor so-widget-sow-editor-base\"\n\t\t\t\n\t\t>\n<div class=\"siteorigin-widget-tinymce textwidget\">\n\t<h3>Bonifraterskie Centrum Medyczne sp. z o.o.<\/h3>\n<h1>DOM GERIATRYCZNO-REHABILITACYJNY<br \/>\n<strong>pw. NMP Kr\u00f3lowej Pokoju<\/strong><\/h1>\n<p>REGON 521336320, NIP 899-29-19-206<br \/>\nnr rach. 05 1240 2887 1111 0000 3389 6421<\/p>\n<p>Dom Geriatryczno-Rehabilitacyjny Bonifratr\u00f3w w Warszawie przy ul. Sapie\u017cy\u0144skiej zosta\u0142 otwarty 1 stycznia 1991 roku. Bardzo wa\u017cn\u0105 rol\u0119 w opiece nad Mieszka\u0144cami pe\u0142ni\u0105 Bracia Bonifratrzy i Siostry Zakonne ze Zgromadzenia Si\u00f3str Karolanek oraz innych Zgromadze\u0144 Zakonnych.<\/p>\n<p>O\u015brodek jest koedukacyjny, znajduje si\u0119 w centrum Warszawy w bezpo\u015brednim s\u0105siedztwie Nowego Miasta i ma charakter ca\u0142kowicie prywatny.<\/p>\n<p><a class=\"more\" href=\"https:\/\/bonifratrzy.pl\/dom-geriatryczno-rehabilitacyjny-warszawa\/o-nas\/\">czytaj wi\u0119cej<\/a><\/p>\n<\/div>\n<\/div><\/div><\/div><div id=\"pgc-1019-0-1\"  class=\"panel-grid-cell\" ><div id=\"panel-1019-0-1-0\" class=\"so-panel widget widget_sow-editor panel-first-child panel-last-child\" data-index=\"1\" ><div class=\"img-right panel-widget-style panel-widget-style-for-1019-0-1-0\" ><div\n\t\t\t\n\t\t\tclass=\"so-widget-sow-editor so-widget-sow-editor-base\"\n\t\t\t\n\t\t>\n<div class=\"siteorigin-widget-tinymce textwidget\">\n\t<p><img loading=\"lazy\" decoding=\"async\" class=\"alignnone size-full wp-image-1022\" src=\"https:\/\/bonifratrzy.pl\/dom-geriatryczno-rehabilitacyjny-warszawa\/wp-content\/uploads\/sites\/29\/2021\/09\/dom-geriatryczno-rehabilitacyjny-warszawa-img.jpg\" alt=\"\" width=\"900\" height=\"691\" \/><\/p>\n<\/div>\n<\/div><\/div><\/div><\/div><\/div><\/div><div id=\"pg-1019-1\"  class=\"panel-grid panel-has-style\" ><div class=\"panel-row-style panel-row-style-for-1019-1\" ><div id=\"pgc-1019-1-0\"  class=\"panel-grid-cell\" ><div id=\"panel-1019-1-0-0\" class=\"so-panel widget widget_sow-editor panel-first-child panel-last-child\" data-index=\"2\" ><div class=\"img-left panel-widget-style panel-widget-style-for-1019-1-0-0\" ><div\n\t\t\t\n\t\t\tclass=\"so-widget-sow-editor so-widget-sow-editor-base\"\n\t\t\t\n\t\t>\n<div class=\"siteorigin-widget-tinymce textwidget\">\n\t<p><img loading=\"lazy\" decoding=\"async\" class=\"alignnone wp-image-1106 size-full\" src=\"https:\/\/bonifratrzy.pl\/dom-geriatryczno-rehabilitacyjny-warszawa\/wp-content\/uploads\/sites\/29\/2021\/09\/dom-geriatryczno-rehabilitacyjny-warszawa-3-img.jpg\" alt=\"\" width=\"900\" height=\"508\" \/><\/p>\n<\/div>\n<\/div><\/div><\/div><\/div><div id=\"pgc-1019-1-1\"  class=\"panel-grid-cell\" ><div id=\"panel-1019-1-1-0\" class=\"so-panel widget widget_sow-editor panel-first-child panel-last-child\" data-index=\"3\" ><div class=\"main-text panel-widget-style panel-widget-style-for-1019-1-1-0\" ><div\n\t\t\t\n\t\t\tclass=\"so-widget-sow-editor so-widget-sow-editor-base\"\n\t\t\t\n\t\t>\n<div class=\"siteorigin-widget-tinymce textwidget\">\n\t<h2 style=\"text-align: justify;\"><strong>\u00a0Naszym Mieszka\u0144com oferujemy:<\/strong><\/h2>\n<ul>\n<li style=\"text-align: justify;\">zakwaterowanie w pokoju jedno lub dwuosobowym z \u0142azienk\u0105,<\/li>\n<li style=\"text-align: justify;\">ca\u0142odobow\u0105 opiek\u0119 piel\u0119gniarsk\u0105 i opieku\u0144cz\u0105,<\/li>\n<li style=\"text-align: justify;\">opiek\u0119 lekarza,<\/li>\n<li style=\"text-align: justify;\">posi\u0142ki przygotowywane przez w\u0142asn\u0105 kuchni\u0119,<\/li>\n<li style=\"text-align: justify;\">zaj\u0119cia rehabilitacyjne grupowe i mo\u017cliwo\u015b\u0107 skorzystania z zaj\u0119\u0107 indywidualnych wed\u0142ug potrzeb,<\/li>\n<li style=\"text-align: justify;\">zaj\u0119cia terapeutyczne grupowe ze zr\u00f3\u017cnicowanym harmonogramem,<\/li>\n<li style=\"text-align: justify;\">mo\u017cliwo\u015b\u0107 uczestniczenia w codziennej mszy \u015bw. w przestronnej kaplicy wewn\u0105trz budynku,<\/li>\n<li style=\"text-align: justify;\">korzystanie z pi\u0119knego przyklasztornego ogrodu.<\/li>\n<\/ul>\n<\/div>\n<\/div><\/div><\/div><\/div><\/div><\/div><div id=\"pg-1019-2\"  class=\"panel-grid panel-has-style\" ><div class=\"siteorigin-panels-stretch panel-row-style panel-row-style-for-1019-2\" data-stretch-type=\"full\" ><div id=\"pgc-1019-2-0\"  class=\"panel-grid-cell\" ><div id=\"panel-1019-2-0-0\" class=\"so-panel widget widget_sow-editor panel-first-child panel-last-child\" data-index=\"4\" ><div class=\"feature panel-widget-style panel-widget-style-for-1019-2-0-0\" ><div\n\t\t\t\n\t\t\tclass=\"so-widget-sow-editor so-widget-sow-editor-base\"\n\t\t\t\n\t\t>\n<div class=\"siteorigin-widget-tinymce textwidget\">\n\t<p><img loading=\"lazy\" decoding=\"async\" class=\"wp-image-1152 size-full aligncenter\" src=\"https:\/\/bonifratrzy.pl\/dom-geriatryczno-rehabilitacyjny-warszawa\/wp-content\/uploads\/sites\/29\/2021\/11\/icon-6.png\" alt=\"\" width=\"100\" height=\"100\" \/><\/p>\n<p style=\"text-align: center;\"><strong>Profesjonalna i mi\u0142a<\/strong> obs\u0142uga Zespo\u0142u Opieku\u0144czo-Terapeutycznego<\/p>\n<\/div>\n<\/div><\/div><\/div><\/div><div id=\"pgc-1019-2-1\"  class=\"panel-grid-cell\" ><div id=\"panel-1019-2-1-0\" class=\"so-panel widget widget_sow-editor panel-first-child panel-last-child\" data-index=\"5\" ><div class=\"feature panel-widget-style panel-widget-style-for-1019-2-1-0\" ><div\n\t\t\t\n\t\t\tclass=\"so-widget-sow-editor so-widget-sow-editor-base\"\n\t\t\t\n\t\t>\n<div class=\"siteorigin-widget-tinymce textwidget\">\n\t<p><img loading=\"lazy\" decoding=\"async\" class=\"wp-image-1149 size-full aligncenter\" src=\"https:\/\/bonifratrzy.pl\/dom-geriatryczno-rehabilitacyjny-warszawa\/wp-content\/uploads\/sites\/29\/2021\/11\/icon-3.png\" alt=\"\" width=\"100\" height=\"100\" \/><\/p>\n<p style=\"text-align: center;\">Pi\u0119kny ogr\u00f3d, kt\u00f3ry umo\u017cliwia <strong>sp\u0119dzenie wolnego czasu i odpoczynku<\/strong> na \u015bwie\u017cym powietrzu<\/p>\n<\/div>\n<\/div><\/div><\/div><\/div><div id=\"pgc-1019-2-2\"  class=\"panel-grid-cell\" ><div id=\"panel-1019-2-2-0\" class=\"so-panel widget widget_sow-editor panel-first-child panel-last-child\" data-index=\"6\" ><div class=\"feature panel-widget-style panel-widget-style-for-1019-2-2-0\" ><div\n\t\t\t\n\t\t\tclass=\"so-widget-sow-editor so-widget-sow-editor-base\"\n\t\t\t\n\t\t>\n<div class=\"siteorigin-widget-tinymce textwidget\">\n\t<p><img loading=\"lazy\" decoding=\"async\" class=\"wp-image-1148 size-full aligncenter\" src=\"https:\/\/bonifratrzy.pl\/dom-geriatryczno-rehabilitacyjny-warszawa\/wp-content\/uploads\/sites\/29\/2021\/11\/icon-2.png\" alt=\"\" width=\"100\" height=\"100\" \/><\/p>\n<p style=\"text-align: center;\"><strong>Opieka medyczna<\/strong>, poradnia POZ, opieka rehabilitacyjna, mo\u017cliwo\u015b\u0107 skorzystania z porad lekarzy specjalist\u00f3w<\/p>\n<\/div>\n<\/div><\/div><\/div><\/div><\/div><\/div><div id=\"pg-1019-3\"  class=\"panel-grid panel-has-style\" ><div class=\"siteorigin-panels-stretch panel-row-style panel-row-style-for-1019-3\" data-stretch-type=\"full\" ><div id=\"pgc-1019-3-0\"  class=\"panel-grid-cell\" ><div id=\"panel-1019-3-0-0\" class=\"so-panel widget widget_sow-editor panel-first-child panel-last-child\" data-index=\"7\" ><div class=\"feature panel-widget-style panel-widget-style-for-1019-3-0-0\" ><div\n\t\t\t\n\t\t\tclass=\"so-widget-sow-editor so-widget-sow-editor-base\"\n\t\t\t\n\t\t>\n<div class=\"siteorigin-widget-tinymce textwidget\">\n\t<p><img loading=\"lazy\" decoding=\"async\" class=\"wp-image-1147 size-full aligncenter\" src=\"https:\/\/bonifratrzy.pl\/dom-geriatryczno-rehabilitacyjny-warszawa\/wp-content\/uploads\/sites\/29\/2021\/11\/icon-1-1.png\" alt=\"\" width=\"100\" height=\"100\" \/><\/p>\n<p style=\"text-align: center;\"><strong>Wyj\u0105tkowa atmosfera<\/strong> budowana przez wsp\u00f3lnot\u0119 Braci Bonifratr\u00f3w<\/p>\n<\/div>\n<\/div><\/div><\/div><\/div><div id=\"pgc-1019-3-1\"  class=\"panel-grid-cell\" ><div id=\"panel-1019-3-1-0\" class=\"so-panel widget widget_sow-editor panel-first-child panel-last-child\" data-index=\"8\" ><div class=\"feature panel-widget-style panel-widget-style-for-1019-3-1-0\" ><div\n\t\t\t\n\t\t\tclass=\"so-widget-sow-editor so-widget-sow-editor-base\"\n\t\t\t\n\t\t>\n<div class=\"siteorigin-widget-tinymce textwidget\">\n\t<p><img loading=\"lazy\" decoding=\"async\" class=\"wp-image-1150 size-full aligncenter\" src=\"https:\/\/bonifratrzy.pl\/dom-geriatryczno-rehabilitacyjny-warszawa\/wp-content\/uploads\/sites\/29\/2021\/11\/icon-4.png\" alt=\"\" width=\"100\" height=\"100\" \/><\/p>\n<p style=\"text-align: center;\"><strong>Dogodna lokalizacja<\/strong>, blisko Starego Miasta w spokojnej okolicy, \u0142atwy dojazd r\u00f3\u017cnymi \u015brodkami komunikacji miejskiej<\/p>\n<\/div>\n<\/div><\/div><\/div><\/div><div id=\"pgc-1019-3-2\"  class=\"panel-grid-cell\" ><div id=\"panel-1019-3-2-0\" class=\"so-panel widget widget_sow-editor panel-first-child panel-last-child\" data-index=\"9\" ><div class=\"feature panel-widget-style panel-widget-style-for-1019-3-2-0\" ><div\n\t\t\t\n\t\t\tclass=\"so-widget-sow-editor so-widget-sow-editor-base\"\n\t\t\t\n\t\t>\n<div class=\"siteorigin-widget-tinymce textwidget\">\n\t<p><img loading=\"lazy\" decoding=\"async\" class=\"wp-image-1151 size-full aligncenter\" src=\"https:\/\/bonifratrzy.pl\/dom-geriatryczno-rehabilitacyjny-warszawa\/wp-content\/uploads\/sites\/29\/2021\/11\/icon-5.png\" alt=\"\" width=\"100\" height=\"100\" \/><\/p>\n<p style=\"text-align: center;\"><strong>Rehabilitacja grupowa<\/strong> w ramach umowy oraz indywidualne pakiety rehabilitacyjne dopasowane do potrzeb seniora<\/p>\n<\/div>\n<\/div><\/div><\/div><\/div><\/div><\/div><div id=\"pg-1019-4\"  class=\"panel-grid panel-has-style\" ><div class=\"home-news bg siteorigin-panels-stretch panel-row-style panel-row-style-for-1019-4\" data-stretch-type=\"full-stretched\" ><div id=\"pgc-1019-4-0\"  class=\"panel-grid-cell\" ><div id=\"panel-1019-4-0-0\" class=\"so-panel widget widget_rpwe_widget rpwe_widget recent-posts-extended panel-first-child panel-last-child\" data-index=\"10\" ><div class=\"container panel-widget-style panel-widget-style-for-1019-4-0-0\" ><style>.rpwe-block ul{\nlist-style: none !important;\nmargin-left: 0 !important;\npadding-left: 0 !important;\n}\n\n.rpwe-block li{\nborder-bottom: 1px solid #eee;\nmargin-bottom: 10px;\npadding-bottom: 10px;\nlist-style-type: none;\n}\n\n \n\n \n\n.rpwe-thumb{\nborder: 1px solid #eee !important;\nbox-shadow: none !important;\nmargin: 2px 10px 2px 0;\npadding: 3px !important;\n}\n\n.rpwe-summary{\nfont-size: 12px;\n}\n\n.rpwe-time{\ncolor: #bbb;\nfont-size: 11px;\n}\n\n.rpwe-comment{\ncolor: #bbb;\nfont-size: 11px;\npadding-left: 5px;\n}\n\n.rpwe-alignleft{\ndisplay: inline;\nfloat: left;\n}\n\n.rpwe-alignright{\ndisplay: inline;\nfloat: right;\n}\n\n.rpwe-aligncenter{\ndisplay: block;\nmargin-left: auto;\nmargin-right: auto;\n}\n\n.rpwe-clearfix:before,\n.rpwe-clearfix:after{\ncontent: &quot;&quot;;\ndisplay: table !important;\n}\n\n.rpwe-clearfix:after{\nclear: both;\n}\n\n.rpwe-clearfix{\nzoom: 1;\n}\n<\/style><h3 class=\"widget-title\"><a href=\"https:\/\/bonifratrzy.pl\/dom-geriatryczno-rehabilitacyjny-warszawa\/category\/aktualnosci\/\" title=\"Aktualno\u015bci\">Aktualno\u015bci<\/a><\/h3><div  class=\"rpwe-block\"><ul class=\"rpwe-ul\"><li class=\"rpwe-li rpwe-clearfix\"><h3 class=\"rpwe-title\"><a href=\"https:\/\/bonifratrzy.pl\/dom-geriatryczno-rehabilitacyjny-warszawa\/mikolajki\/\" target=\"_self\">Miko\u0142ajki<\/a><\/h3><time class=\"rpwe-time published\" datetime=\"2022-12-13T14:48:29+01:00\">13 grudnia 2022<\/time><div class=\"rpwe-summary\">\ud83c\udf85W dniu 06 grudnia 2022 r. w Miko\u0142ajki przyby\u0142 do nas \u015awi\u0119ty &hellip;<\/div><\/li><li class=\"rpwe-li rpwe-clearfix\"><h3 class=\"rpwe-title\"><a href=\"https:\/\/bonifratrzy.pl\/dom-geriatryczno-rehabilitacyjny-warszawa\/aktywnosci-pazdziernikowe-w-naszym-domu-seniora\/\" target=\"_self\">Aktywno\u015bci pa\u017adziernikowe w naszym Domu Seniora<\/a><\/h3><time class=\"rpwe-time published\" datetime=\"2022-10-26T16:27:11+02:00\">26 pa\u017adziernika 2022<\/time><div class=\"rpwe-summary\">W pa\u017adzierniku opr\u00f3cz przywitania jesieni, prac porz\u0105dkowych w ogrodzie, jesiennego menu z &hellip;<\/div><\/li><li class=\"rpwe-li rpwe-clearfix\"><h3 class=\"rpwe-title\"><a href=\"https:\/\/bonifratrzy.pl\/dom-geriatryczno-rehabilitacyjny-warszawa\/dzien-dziecka-w-domu-geriartryczno-rehabilitacyjnym-bonifratrow\/\" target=\"_self\">Dzie\u0144 dziecka w Domu Geriartryczno \u2013 Rehabilitacyjnym Bonifratr\u00f3w<\/a><\/h3><time class=\"rpwe-time published\" datetime=\"2022-06-03T16:18:46+02:00\">3 czerwca 2022<\/time><div class=\"rpwe-summary\">W Dzie\u0144 Dziecka 1 czerwca mieli\u015bmy zaszczyt go\u015bci\u0107 w naszym Domu, Teatr &hellip;<\/div><\/li><li class=\"rpwe-li rpwe-clearfix\"><h3 class=\"rpwe-title\"><a href=\"https:\/\/bonifratrzy.pl\/dom-geriatryczno-rehabilitacyjny-warszawa\/jubileusz-pana-mariana-popka-boksera\/\" target=\"_self\">Jubileusz Pana Mariana Popka \u201eBoksera\u201d<\/a><\/h3><time class=\"rpwe-time published\" datetime=\"2022-06-02T12:55:11+02:00\">2 czerwca 2022<\/time><div class=\"rpwe-summary\">Wraz z najbli\u017csz\u0105 rodzin\u0105, przyjaci\u00f3\u0142mi i zaproszonymi go\u015b\u0107mi, mieli\u015bmy zaszczyt \u015bwi\u0119towa\u0107 uroczyste &hellip;<\/div><\/li><\/ul><a href=\"https:\/\/bonifratrzy.pl\/dom-geriatryczno-rehabilitacyjny-warszawa\/category\/aktualnosci\/\" class=\"more\">zobacz wi\u0119cej <\/a><\/div><!-- Generated by http:\/\/wordpress.org\/plugins\/recent-posts-widget-extended\/ --><\/div><\/div><\/div><\/div><\/div><div id=\"pg-1019-5\"  class=\"panel-grid panel-has-style\" ><div class=\"so-parallax siteorigin-panels-stretch panel-row-style panel-row-style-for-1019-5\" data-stretch-type=\"full-stretched-padded\" ><img fetchpriority=\"high\" decoding=\"async\" width=\"1400\" height=\"442\" src=\"https:\/\/bonifratrzy.pl\/dom-geriatryczno-rehabilitacyjny-warszawa\/wp-content\/uploads\/sites\/29\/2021\/09\/main-bg.jpg\" class=\"attachment-full size-full\" alt=\"\" data-siteorigin-parallax=\"true\" loading=\"eager\" \/><div id=\"pgc-1019-5-0\"  class=\"panel-grid-cell\" ><div id=\"panel-1019-5-0-0\" class=\"so-panel widget widget_sow-editor panel-first-child panel-last-child\" data-index=\"11\" ><div class=\"blockquote panel-widget-style panel-widget-style-for-1019-5-0-0\" ><div\n\t\t\t\n\t\t\tclass=\"so-widget-sow-editor so-widget-sow-editor-base\"\n\t\t\t\n\t\t>\n<div class=\"siteorigin-widget-tinymce textwidget\">\n\t<h3>\u201eM\u00f3j dom stoi otwarty dla Ciebie\u2026\u201d<\/h3>\n<p>\u015bw. Jan Bo\u017cy, za\u0142o\u017cyciel zakonu Bonifratr\u00f3w<\/p>\n<\/div>\n<\/div><\/div><\/div><\/div><\/div><\/div><\/div>","protected":false},"excerpt":{"rendered":"<p>Bonifraterskie Centrum Medyczne sp. z o.o. DOM GERIATRYCZNO-REHABILITACYJNY pw. NMP Kr\u00f3lowej Pokoju REGON 521336320, NIP 899-29-19-206 nr rach. 05 1240 2887 1111 0000 3389 6421 Dom Geriatryczno-Rehabilitacyjny Bonifratr\u00f3w w Warszawie przy ul. Sapie\u017cy\u0144skiej zosta\u0142 otwarty 1 stycznia 1991 roku. Bardzo wa\u017cn\u0105 rol\u0119 w opiece nad Mieszka\u0144cami pe\u0142ni\u0105 Bracia Bonifratrzy i Siostry Zakonne ze Zgromadzenia Si\u00f3str [&hellip;]<\/p>\n","protected":false},"author":1,"featured_media":0,"parent":0,"menu_order":1,"comment_status":"closed","ping_status":"closed","template":"page-new-home.php","meta":{"footnotes":""},"yoast_head":"<!-- This site is optimized with the Yoast SEO plugin v24.5 - https:\/\/yoast.com\/wordpress\/plugins\/seo\/ -->\n<title>Wprowadzenie - Dom Geriatryczno-Rehabilitacyjny - Warszawa<\/title>\n<meta name=\"robots\" content=\"index, follow, max-snippet:-1, max-image-preview:large, max-video-preview:-1\" \/>\n<link rel=\"canonical\" href=\"https:\/\/bonifratrzy.pl\/dom-geriatryczno-rehabilitacyjny-warszawa\/\" \/>\n<meta property=\"og:locale\" content=\"pl_PL\" \/>\n<meta property=\"og:type\" content=\"article\" \/>\n<meta property=\"og:title\" content=\"Wprowadzenie - Dom Geriatryczno-Rehabilitacyjny - Warszawa\" \/>\n<meta property=\"og:description\" content=\"Bonifraterskie Centrum Medyczne sp. z o.o. DOM GERIATRYCZNO-REHABILITACYJNY pw. NMP Kr\u00f3lowej Pokoju REGON 521336320, NIP 899-29-19-206 nr rach. 05 1240 2887 1111 0000 3389 6421 Dom Geriatryczno-Rehabilitacyjny Bonifratr\u00f3w w Warszawie przy ul. Sapie\u017cy\u0144skiej zosta\u0142 otwarty 1 stycznia 1991 roku. Bardzo wa\u017cn\u0105 rol\u0119 w opiece nad Mieszka\u0144cami pe\u0142ni\u0105 Bracia Bonifratrzy i Siostry Zakonne ze Zgromadzenia Si\u00f3str [&hellip;]\" \/>\n<meta property=\"og:url\" content=\"https:\/\/bonifratrzy.pl\/dom-geriatryczno-rehabilitacyjny-warszawa\/\" \/>\n<meta property=\"og:site_name\" content=\"Dom Geriatryczno-Rehabilitacyjny - Warszawa\" \/>\n<meta property=\"article:modified_time\" content=\"2022-05-26T14:47:20+00:00\" \/>\n<meta property=\"og:image\" content=\"https:\/\/bonifratrzy.pl\/dom-geriatryczno-rehabilitacyjny-warszawa\/wp-content\/uploads\/sites\/29\/2021\/09\/dom-geriatryczno-rehabilitacyjny-warszawa-img.jpg\" \/>\n<meta name=\"twitter:card\" content=\"summary_large_image\" \/>\n<meta name=\"twitter:label1\" content=\"Szacowany czas czytania\" \/>\n\t<meta name=\"twitter:data1\" content=\"1 minuta\" \/>\n<script type=\"application\/ld+json\" class=\"yoast-schema-graph\">{\"@context\":\"https:\/\/schema.org\",\"@graph\":[{\"@type\":\"WebPage\",\"@id\":\"https:\/\/bonifratrzy.pl\/dom-geriatryczno-rehabilitacyjny-warszawa\/\",\"url\":\"https:\/\/bonifratrzy.pl\/dom-geriatryczno-rehabilitacyjny-warszawa\/\",\"name\":\"Wprowadzenie - Dom Geriatryczno-Rehabilitacyjny - Warszawa\",\"isPartOf\":{\"@id\":\"https:\/\/bonifratrzy.pl\/dom-geriatryczno-rehabilitacyjny-warszawa\/#website\"},\"primaryImageOfPage\":{\"@id\":\"https:\/\/bonifratrzy.pl\/dom-geriatryczno-rehabilitacyjny-warszawa\/#primaryimage\"},\"image\":{\"@id\":\"https:\/\/bonifratrzy.pl\/dom-geriatryczno-rehabilitacyjny-warszawa\/#primaryimage\"},\"thumbnailUrl\":\"https:\/\/bonifratrzy.pl\/dom-geriatryczno-rehabilitacyjny-warszawa\/wp-content\/uploads\/sites\/29\/2021\/09\/dom-geriatryczno-rehabilitacyjny-warszawa-img.jpg\",\"datePublished\":\"2021-09-13T07:55:38+00:00\",\"dateModified\":\"2022-05-26T14:47:20+00:00\",\"breadcrumb\":{\"@id\":\"https:\/\/bonifratrzy.pl\/dom-geriatryczno-rehabilitacyjny-warszawa\/#breadcrumb\"},\"inLanguage\":\"pl-PL\",\"potentialAction\":[{\"@type\":\"ReadAction\",\"target\":[\"https:\/\/bonifratrzy.pl\/dom-geriatryczno-rehabilitacyjny-warszawa\/\"]}]},{\"@type\":\"ImageObject\",\"inLanguage\":\"pl-PL\",\"@id\":\"https:\/\/bonifratrzy.pl\/dom-geriatryczno-rehabilitacyjny-warszawa\/#primaryimage\",\"url\":\"https:\/\/bonifratrzy.pl\/dom-geriatryczno-rehabilitacyjny-warszawa\/wp-content\/uploads\/sites\/29\/2021\/09\/dom-geriatryczno-rehabilitacyjny-warszawa-img.jpg\",\"contentUrl\":\"https:\/\/bonifratrzy.pl\/dom-geriatryczno-rehabilitacyjny-warszawa\/wp-content\/uploads\/sites\/29\/2021\/09\/dom-geriatryczno-rehabilitacyjny-warszawa-img.jpg\",\"width\":900,\"height\":691},{\"@type\":\"BreadcrumbList\",\"@id\":\"https:\/\/bonifratrzy.pl\/dom-geriatryczno-rehabilitacyjny-warszawa\/#breadcrumb\",\"itemListElement\":[{\"@type\":\"ListItem\",\"position\":1,\"name\":\"Strona g\u0142\u00f3wna\",\"item\":\"https:\/\/bonifratrzy.pl\/dom-geriatryczno-rehabilitacyjny-warszawa\/\"},{\"@type\":\"ListItem\",\"position\":2,\"name\":\"Wprowadzenie\"}]},{\"@type\":\"WebSite\",\"@id\":\"https:\/\/bonifratrzy.pl\/dom-geriatryczno-rehabilitacyjny-warszawa\/#website\",\"url\":\"https:\/\/bonifratrzy.pl\/dom-geriatryczno-rehabilitacyjny-warszawa\/\",\"name\":\"Dom Geriatryczno-Rehabilitacyjny - Warszawa\",\"description\":\"Dom Geriatryczno-Rehabilitacyjny - Warszawa\",\"potentialAction\":[{\"@type\":\"SearchAction\",\"target\":{\"@type\":\"EntryPoint\",\"urlTemplate\":\"https:\/\/bonifratrzy.pl\/dom-geriatryczno-rehabilitacyjny-warszawa\/?s={search_term_string}\"},\"query-input\":{\"@type\":\"PropertyValueSpecification\",\"valueRequired\":true,\"valueName\":\"search_term_string\"}}],\"inLanguage\":\"pl-PL\"}]}<\/script>\n<!-- \/ Yoast SEO plugin. -->","yoast_head_json":{"title":"Wprowadzenie - Dom Geriatryczno-Rehabilitacyjny - Warszawa","robots":{"index":"index","follow":"follow","max-snippet":"max-snippet:-1","max-image-preview":"max-image-preview:large","max-video-preview":"max-video-preview:-1"},"canonical":"https:\/\/bonifratrzy.pl\/dom-geriatryczno-rehabilitacyjny-warszawa\/","og_locale":"pl_PL","og_type":"article","og_title":"Wprowadzenie - Dom Geriatryczno-Rehabilitacyjny - Warszawa","og_description":"Bonifraterskie Centrum Medyczne sp. z o.o. DOM GERIATRYCZNO-REHABILITACYJNY pw. NMP Kr\u00f3lowej Pokoju REGON 521336320, NIP 899-29-19-206 nr rach. 05 1240 2887 1111 0000 3389 6421 Dom Geriatryczno-Rehabilitacyjny Bonifratr\u00f3w w Warszawie przy ul. Sapie\u017cy\u0144skiej zosta\u0142 otwarty 1 stycznia 1991 roku. Bardzo wa\u017cn\u0105 rol\u0119 w opiece nad Mieszka\u0144cami pe\u0142ni\u0105 Bracia Bonifratrzy i Siostry Zakonne ze Zgromadzenia Si\u00f3str [&hellip;]","og_url":"https:\/\/bonifratrzy.pl\/dom-geriatryczno-rehabilitacyjny-warszawa\/","og_site_name":"Dom Geriatryczno-Rehabilitacyjny - Warszawa","article_modified_time":"2022-05-26T14:47:20+00:00","og_image":[{"url":"https:\/\/bonifratrzy.pl\/dom-geriatryczno-rehabilitacyjny-warszawa\/wp-content\/uploads\/sites\/29\/2021\/09\/dom-geriatryczno-rehabilitacyjny-warszawa-img.jpg","type":"","width":"","height":""}],"twitter_card":"summary_large_image","twitter_misc":{"Szacowany czas czytania":"1 minuta"},"schema":{"@context":"https:\/\/schema.org","@graph":[{"@type":"WebPage","@id":"https:\/\/bonifratrzy.pl\/dom-geriatryczno-rehabilitacyjny-warszawa\/","url":"https:\/\/bonifratrzy.pl\/dom-geriatryczno-rehabilitacyjny-warszawa\/","name":"Wprowadzenie - Dom Geriatryczno-Rehabilitacyjny - Warszawa","isPartOf":{"@id":"https:\/\/bonifratrzy.pl\/dom-geriatryczno-rehabilitacyjny-warszawa\/#website"},"primaryImageOfPage":{"@id":"https:\/\/bonifratrzy.pl\/dom-geriatryczno-rehabilitacyjny-warszawa\/#primaryimage"},"image":{"@id":"https:\/\/bonifratrzy.pl\/dom-geriatryczno-rehabilitacyjny-warszawa\/#primaryimage"},"thumbnailUrl":"https:\/\/bonifratrzy.pl\/dom-geriatryczno-rehabilitacyjny-warszawa\/wp-content\/uploads\/sites\/29\/2021\/09\/dom-geriatryczno-rehabilitacyjny-warszawa-img.jpg","datePublished":"2021-09-13T07:55:38+00:00","dateModified":"2022-05-26T14:47:20+00:00","breadcrumb":{"@id":"https:\/\/bonifratrzy.pl\/dom-geriatryczno-rehabilitacyjny-warszawa\/#breadcrumb"},"inLanguage":"pl-PL","potentialAction":[{"@type":"ReadAction","target":["https:\/\/bonifratrzy.pl\/dom-geriatryczno-rehabilitacyjny-warszawa\/"]}]},{"@type":"ImageObject","inLanguage":"pl-PL","@id":"https:\/\/bonifratrzy.pl\/dom-geriatryczno-rehabilitacyjny-warszawa\/#primaryimage","url":"https:\/\/bonifratrzy.pl\/dom-geriatryczno-rehabilitacyjny-warszawa\/wp-content\/uploads\/sites\/29\/2021\/09\/dom-geriatryczno-rehabilitacyjny-warszawa-img.jpg","contentUrl":"https:\/\/bonifratrzy.pl\/dom-geriatryczno-rehabilitacyjny-warszawa\/wp-content\/uploads\/sites\/29\/2021\/09\/dom-geriatryczno-rehabilitacyjny-warszawa-img.jpg","width":900,"height":691},{"@type":"BreadcrumbList","@id":"https:\/\/bonifratrzy.pl\/dom-geriatryczno-rehabilitacyjny-warszawa\/#breadcrumb","itemListElement":[{"@type":"ListItem","position":1,"name":"Strona g\u0142\u00f3wna","item":"https:\/\/bonifratrzy.pl\/dom-geriatryczno-rehabilitacyjny-warszawa\/"},{"@type":"ListItem","position":2,"name":"Wprowadzenie"}]},{"@type":"WebSite","@id":"https:\/\/bonifratrzy.pl\/dom-geriatryczno-rehabilitacyjny-warszawa\/#website","url":"https:\/\/bonifratrzy.pl\/dom-geriatryczno-rehabilitacyjny-warszawa\/","name":"Dom Geriatryczno-Rehabilitacyjny - Warszawa","description":"Dom Geriatryczno-Rehabilitacyjny - Warszawa","potentialAction":[{"@type":"SearchAction","target":{"@type":"EntryPoint","urlTemplate":"https:\/\/bonifratrzy.pl\/dom-geriatryczno-rehabilitacyjny-warszawa\/?s={search_term_string}"},"query-input":{"@type":"PropertyValueSpecification","valueRequired":true,"valueName":"search_term_string"}}],"inLanguage":"pl-PL"}]}},"_links":{"self":[{"href":"https:\/\/bonifratrzy.pl\/dom-geriatryczno-rehabilitacyjny-warszawa\/wp-json\/wp\/v2\/pages\/1019"}],"collection":[{"href":"https:\/\/bonifratrzy.pl\/dom-geriatryczno-rehabilitacyjny-warszawa\/wp-json\/wp\/v2\/pages"}],"about":[{"href":"https:\/\/bonifratrzy.pl\/dom-geriatryczno-rehabilitacyjny-warszawa\/wp-json\/wp\/v2\/types\/page"}],"author":[{"embeddable":true,"href":"https:\/\/bonifratrzy.pl\/dom-geriatryczno-rehabilitacyjny-warszawa\/wp-json\/wp\/v2\/users\/1"}],"replies":[{"embeddable":true,"href":"https:\/\/bonifratrzy.pl\/dom-geriatryczno-rehabilitacyjny-warszawa\/wp-json\/wp\/v2\/comments?post=1019"}],"version-history":[{"count":114,"href":"https:\/\/bonifratrzy.pl\/dom-geriatryczno-rehabilitacyjny-warszawa\/wp-json\/wp\/v2\/pages\/1019\/revisions"}],"predecessor-version":[{"id":1427,"href":"https:\/\/bonifratrzy.pl\/dom-geriatryczno-rehabilitacyjny-warszawa\/wp-json\/wp\/v2\/pages\/1019\/revisions\/1427"}],"wp:attachment":[{"href":"https:\/\/bonifratrzy.pl\/dom-geriatryczno-rehabilitacyjny-warszawa\/wp-json\/wp\/v2\/media?parent=1019"}],"curies":[{"name":"wp","href":"https:\/\/api.w.org\/{rel}","templated":true}]}}