{"id":1666,"date":"2023-01-23T22:02:19","date_gmt":"2023-01-23T21:02:19","guid":{"rendered":"https:\/\/bonifratrzy.pl\/bonifraterskie-centrum-zdrowia\/?page_id=1666"},"modified":"2023-01-23T22:02:51","modified_gmt":"2023-01-23T21:02:51","slug":"mapa-serwisu","status":"publish","type":"page","link":"https:\/\/bonifratrzy.pl\/bonifraterskie-centrum-zdrowia\/mapa-serwisu\/","title":{"rendered":"Mapa serwisu"},"content":{"rendered":"<ul id=\"menu-menu-glowne\" class=\"menu\"><li id=\"menu-item-87\" class=\"menu-item menu-item-type-custom menu-item-object-custom menu-item-home menu-item-87\"><a href=\"https:\/\/bonifratrzy.pl\/bonifraterskie-centrum-zdrowia\/\"><i><\/i><\/a><\/li>\n<li id=\"menu-item-116\" class=\"menu-item menu-item-type-custom menu-item-object-custom menu-item-116\"><a href=\"https:\/\/bonifratrzy.pl\/bonifraterskie-centrum-zdrowia\/usluga\">Us\u0142ugi<\/a><\/li>\n<li id=\"menu-item-117\" class=\"menu-item menu-item-type-custom menu-item-object-custom menu-item-117\"><a href=\"https:\/\/bonifratrzy.pl\/bonifraterskie-centrum-zdrowia\/poradnia\/\">Poradnie<\/a><\/li>\n<li id=\"menu-item-118\" class=\"menu-item menu-item-type-custom menu-item-object-custom menu-item-118\"><a href=\"https:\/\/bonifratrzy.pl\/bonifraterskie-centrum-zdrowia\/usluga-odplatna\/\">Us\u0142ugi odp\u0142atne<\/a><\/li>\n<li id=\"menu-item-93\" class=\"menu-item menu-item-type-post_type menu-item-object-page menu-item-has-children menu-item-93\"><a href=\"https:\/\/bonifratrzy.pl\/bonifraterskie-centrum-zdrowia\/poradnik-pacjenta\/\">Dla Pacjenta<\/a>\n<ul class=\"sub-menu\">\n\t<li id=\"menu-item-94\" class=\"menu-item menu-item-type-post_type menu-item-object-page menu-item-94\"><a href=\"https:\/\/bonifratrzy.pl\/bonifraterskie-centrum-zdrowia\/poradnik-pacjenta\/dojazd\/\">Dojazd<\/a><\/li>\n\t<li id=\"menu-item-95\" class=\"menu-item menu-item-type-post_type menu-item-object-page menu-item-95\"><a href=\"https:\/\/bonifratrzy.pl\/bonifraterskie-centrum-zdrowia\/poradnik-pacjenta\/dokumenty-do-pobrania\/\">Dokumenty do\u00a0pobrania<\/a><\/li>\n\t<li id=\"menu-item-96\" class=\"menu-item menu-item-type-post_type menu-item-object-page menu-item-96\"><a href=\"https:\/\/bonifratrzy.pl\/bonifraterskie-centrum-zdrowia\/poradnik-pacjenta\/godziny-odwiedzin\/\">Godziny odwiedzin<\/a><\/li>\n\t<li id=\"menu-item-97\" class=\"menu-item menu-item-type-post_type menu-item-object-page menu-item-97\"><a href=\"https:\/\/bonifratrzy.pl\/bonifraterskie-centrum-zdrowia\/poradnik-pacjenta\/konsultant-ds-praw-pacjenta\/\">Konsultant ds.\u00a0Praw Pacjenta<\/a><\/li>\n\t<li id=\"menu-item-98\" class=\"menu-item menu-item-type-post_type menu-item-object-page menu-item-98\"><a href=\"https:\/\/bonifratrzy.pl\/bonifraterskie-centrum-zdrowia\/poradnik-pacjenta\/opieka-duszpasterska\/\">Opieka duszpasterska<\/a><\/li>\n\t<li id=\"menu-item-99\" class=\"menu-item menu-item-type-post_type menu-item-object-page menu-item-99\"><a href=\"https:\/\/bonifratrzy.pl\/bonifraterskie-centrum-zdrowia\/poradnik-pacjenta\/potrzeby-osobiste-i-kulturalne\/\">Potrzeby osobiste i\u00a0kulturalne<\/a><\/li>\n\t<li id=\"menu-item-100\" class=\"menu-item menu-item-type-post_type menu-item-object-page menu-item-100\"><a href=\"https:\/\/bonifratrzy.pl\/bonifraterskie-centrum-zdrowia\/poradnik-pacjenta\/prawa-i-obowiazki-pacjenta\/\">Prawa i\u00a0obowi\u0105zki pacjenta<\/a><\/li>\n\t<li id=\"menu-item-101\" class=\"menu-item menu-item-type-post_type menu-item-object-page menu-item-101\"><a href=\"https:\/\/bonifratrzy.pl\/bonifraterskie-centrum-zdrowia\/poradnik-pacjenta\/przyjecie-na-rehabilitacje\/\">Przyj\u0119cie na\u00a0rehabilitacj\u0119<\/a><\/li>\n\t<li id=\"menu-item-102\" class=\"menu-item menu-item-type-post_type menu-item-object-page menu-item-102\"><a href=\"https:\/\/bonifratrzy.pl\/bonifraterskie-centrum-zdrowia\/poradnik-pacjenta\/skargi-i-wnioski\/\">Skargi i\u00a0wnioski<\/a><\/li>\n\t<li id=\"menu-item-993\" class=\"menu-item menu-item-type-post_type menu-item-object-page menu-item-993\"><a href=\"https:\/\/bonifratrzy.pl\/bonifraterskie-centrum-zdrowia\/poradnik-pacjenta\/ochrona-danych-osobowych\/\">Ochrona danych Osobowych<\/a><\/li>\n\t<li id=\"menu-item-1665\" class=\"menu-item menu-item-type-post_type menu-item-object-page menu-item-1665\"><a href=\"https:\/\/bonifratrzy.pl\/bonifraterskie-centrum-zdrowia\/klauzula-obowiazku-informacyjnego\/\">Klauzula obowi\u0105zku informacyjnego<\/a><\/li>\n\t<li id=\"menu-item-103\" class=\"menu-item menu-item-type-post_type menu-item-object-page menu-item-103\"><a href=\"https:\/\/bonifratrzy.pl\/bonifraterskie-centrum-zdrowia\/poradnik-pacjenta\/udostepnianie-dokumentacji-medycznej\/\">Udost\u0119pnianie dokumentacji medycznej<\/a><\/li>\n\t<li id=\"menu-item-104\" class=\"menu-item menu-item-type-post_type menu-item-object-page menu-item-104\"><a href=\"https:\/\/bonifratrzy.pl\/bonifraterskie-centrum-zdrowia\/poradnik-pacjenta\/wypis-pacjenta\/\">Wypis pacjenta<\/a><\/li>\n<\/ul>\n<\/li>\n<li id=\"menu-item-1286\" class=\"menu-item menu-item-type-post_type menu-item-object-page menu-item-has-children menu-item-1286\"><a href=\"https:\/\/bonifratrzy.pl\/bonifraterskie-centrum-zdrowia\/osrodek-specjalizacji\/\">O\u015brodek Specjalizacji<\/a>\n<ul class=\"sub-menu\">\n\t<li id=\"menu-item-1292\" class=\"menu-item menu-item-type-post_type menu-item-object-page menu-item-1292\"><a href=\"https:\/\/bonifratrzy.pl\/bonifraterskie-centrum-zdrowia\/osrodek-specjalizacji\/o-osrodku\/\">O O\u015brodku<\/a><\/li>\n\t<li id=\"menu-item-1297\" class=\"menu-item menu-item-type-post_type menu-item-object-page menu-item-1297\"><a href=\"https:\/\/bonifratrzy.pl\/bonifraterskie-centrum-zdrowia\/osrodek-specjalizacji\/postepowanie-kwalifikacyjne\/\">Post\u0119powanie kwalifikacyjne<\/a><\/li>\n\t<li id=\"menu-item-1302\" class=\"menu-item menu-item-type-post_type menu-item-object-page menu-item-1302\"><a href=\"https:\/\/bonifratrzy.pl\/bonifraterskie-centrum-zdrowia\/osrodek-specjalizacji\/rozpoczecie-i-przebieg-specjalizacji\/\">Rozpocz\u0119cie i przebieg specjalizacji<\/a><\/li>\n\t<li id=\"menu-item-1307\" class=\"menu-item menu-item-type-post_type menu-item-object-page menu-item-1307\"><a href=\"https:\/\/bonifratrzy.pl\/bonifraterskie-centrum-zdrowia\/osrodek-specjalizacji\/panstwowy-egzamin-fizjoterapeutow\/\">Pa\u0144stwowy egzamin fizjoterapeut\u00f3w<\/a><\/li>\n\t<li id=\"menu-item-1310\" class=\"menu-item menu-item-type-post_type menu-item-object-page menu-item-1310\"><a href=\"https:\/\/bonifratrzy.pl\/bonifraterskie-centrum-zdrowia\/osrodek-specjalizacji\/dokumenty-do-pobrania\/\">Dokumenty do pobrania<\/a><\/li>\n<\/ul>\n<\/li>\n<li id=\"menu-item-1339\" class=\"menu-item menu-item-type-post_type menu-item-object-page menu-item-1339\"><a href=\"https:\/\/bonifratrzy.pl\/bonifraterskie-centrum-zdrowia\/monitoring-wizyjny\/\">Monitoring wizyjny<\/a><\/li>\n<li id=\"menu-item-106\" class=\"menu-item menu-item-type-post_type menu-item-object-page menu-item-106\"><a href=\"https:\/\/bonifratrzy.pl\/bonifraterskie-centrum-zdrowia\/wolontariat\/\">Wolontariat<\/a><\/li>\n<li id=\"menu-item-232\" class=\"menu-item menu-item-type-post_type menu-item-object-page menu-item-232\"><a href=\"https:\/\/bonifratrzy.pl\/bonifraterskie-centrum-zdrowia\/konferencje\/\">Konferencje<\/a><\/li>\n<li id=\"menu-item-89\" class=\"menu-item menu-item-type-post_type menu-item-object-page menu-item-has-children menu-item-89\"><a href=\"https:\/\/bonifratrzy.pl\/bonifraterskie-centrum-zdrowia\/o-nas\/\">O\u00a0nas<\/a>\n<ul class=\"sub-menu\">\n\t<li id=\"menu-item-90\" class=\"menu-item menu-item-type-post_type menu-item-object-page menu-item-90\"><a href=\"https:\/\/bonifratrzy.pl\/bonifraterskie-centrum-zdrowia\/o-nas\/historia\/\">Historia<\/a><\/li>\n\t<li id=\"menu-item-91\" class=\"menu-item menu-item-type-post_type menu-item-object-page menu-item-91\"><a href=\"https:\/\/bonifratrzy.pl\/bonifraterskie-centrum-zdrowia\/o-nas\/patron\/\">Patron<\/a><\/li>\n\t<li id=\"menu-item-92\" class=\"menu-item menu-item-type-post_type menu-item-object-page menu-item-92\"><a href=\"https:\/\/bonifratrzy.pl\/bonifraterskie-centrum-zdrowia\/o-nas\/system-zarzadzania-jakoscia\/\">System Zarz\u0105dzania Jako\u015bci\u0105<\/a><\/li>\n\t<li id=\"menu-item-263\" class=\"menu-item menu-item-type-post_type menu-item-object-page menu-item-263\"><a href=\"https:\/\/bonifratrzy.pl\/bonifraterskie-centrum-zdrowia\/o-nas\/praca\/\">Praca<\/a><\/li>\n\t<li id=\"menu-item-271\" class=\"menu-item menu-item-type-post_type menu-item-object-page menu-item-271\"><a href=\"https:\/\/bonifratrzy.pl\/bonifraterskie-centrum-zdrowia\/o-nas\/konkursyprzetargi\/\">Konkursy\/Przetargi<\/a><\/li>\n\t<li id=\"menu-item-268\" class=\"menu-item menu-item-type-post_type menu-item-object-page menu-item-268\"><a href=\"https:\/\/bonifratrzy.pl\/bonifraterskie-centrum-zdrowia\/dla-mediow\/\">Dla Medi\u00f3w<\/a><\/li>\n<\/ul>\n<\/li>\n<li id=\"menu-item-88\" class=\"menu-item menu-item-type-post_type menu-item-object-page menu-item-88\"><a href=\"https:\/\/bonifratrzy.pl\/bonifraterskie-centrum-zdrowia\/kontakt\/\">Kontakt<\/a><\/li>\n<li id=\"menu-item-662\" class=\"menu-item menu-item-type-custom menu-item-object-custom menu-item-662\"><a href=\"https:\/\/bonifratrzy.pl\/klasztor-piaski\/\">Konwent<\/a><\/li>\n<\/ul>\n","protected":false},"excerpt":{"rendered":"","protected":false},"author":1,"featured_media":0,"parent":0,"menu_order":2,"comment_status":"closed","ping_status":"closed","template":"page-nosidebar.php","meta":{"_sitemap_exclude":false,"_sitemap_priority":"","_sitemap_frequency":"","footnotes":""},"_links":{"self":[{"href":"https:\/\/bonifratrzy.pl\/bonifraterskie-centrum-zdrowia\/wp-json\/wp\/v2\/pages\/1666"}],"collection":[{"href":"https:\/\/bonifratrzy.pl\/bonifraterskie-centrum-zdrowia\/wp-json\/wp\/v2\/pages"}],"about":[{"href":"https:\/\/bonifratrzy.pl\/bonifraterskie-centrum-zdrowia\/wp-json\/wp\/v2\/types\/page"}],"author":[{"embeddable":true,"href":"https:\/\/bonifratrzy.pl\/bonifraterskie-centrum-zdrowia\/wp-json\/wp\/v2\/users\/1"}],"replies":[{"embeddable":true,"href":"https:\/\/bonifratrzy.pl\/bonifraterskie-centrum-zdrowia\/wp-json\/wp\/v2\/comments?post=1666"}],"version-history":[{"count":1,"href":"https:\/\/bonifratrzy.pl\/bonifraterskie-centrum-zdrowia\/wp-json\/wp\/v2\/pages\/1666\/revisions"}],"predecessor-version":[{"id":1667,"href":"https:\/\/bonifratrzy.pl\/bonifraterskie-centrum-zdrowia\/wp-json\/wp\/v2\/pages\/1666\/revisions\/1667"}],"wp:attachment":[{"href":"https:\/\/bonifratrzy.pl\/bonifraterskie-centrum-zdrowia\/wp-json\/wp\/v2\/media?parent=1666"}],"curies":[{"name":"wp","href":"https:\/\/api.w.org\/{rel}","templated":true}]}}