{"id":59,"date":"2016-03-17T22:47:32","date_gmt":"2016-03-17T21:47:32","guid":{"rendered":"https:\/\/bonifratrzy.pl\/bonifraterska-fundacja-dobroczynna\/?page_id=59"},"modified":"2016-03-17T22:47:32","modified_gmt":"2016-03-17T21:47:32","slug":"dzialalnosc","status":"publish","type":"page","link":"https:\/\/bonifratrzy.pl\/bonifraterska-fundacja-dobroczynna\/dzialalnosc\/","title":{"rendered":"Dzia\u0142alno\u015b\u0107"},"content":{"rendered":"","protected":false},"excerpt":{"rendered":"","protected":false},"author":1,"featured_media":0,"parent":0,"menu_order":2,"comment_status":"closed","ping_status":"closed","template":"","meta":{"footnotes":""},"_links":{"self":[{"href":"https:\/\/bonifratrzy.pl\/bonifraterska-fundacja-dobroczynna\/wp-json\/wp\/v2\/pages\/59"}],"collection":[{"href":"https:\/\/bonifratrzy.pl\/bonifraterska-fundacja-dobroczynna\/wp-json\/wp\/v2\/pages"}],"about":[{"href":"https:\/\/bonifratrzy.pl\/bonifraterska-fundacja-dobroczynna\/wp-json\/wp\/v2\/types\/page"}],"author":[{"embeddable":true,"href":"https:\/\/bonifratrzy.pl\/bonifraterska-fundacja-dobroczynna\/wp-json\/wp\/v2\/users\/1"}],"replies":[{"embeddable":true,"href":"https:\/\/bonifratrzy.pl\/bonifraterska-fundacja-dobroczynna\/wp-json\/wp\/v2\/comments?post=59"}],"version-history":[{"count":1,"href":"https:\/\/bonifratrzy.pl\/bonifraterska-fundacja-dobroczynna\/wp-json\/wp\/v2\/pages\/59\/revisions"}],"predecessor-version":[{"id":60,"href":"https:\/\/bonifratrzy.pl\/bonifraterska-fundacja-dobroczynna\/wp-json\/wp\/v2\/pages\/59\/revisions\/60"}],"wp:attachment":[{"href":"https:\/\/bonifratrzy.pl\/bonifraterska-fundacja-dobroczynna\/wp-json\/wp\/v2\/media?parent=59"}],"curies":[{"name":"wp","href":"https:\/\/api.w.org\/{rel}","templated":true}]}}