{"id":57,"date":"2016-03-17T22:45:44","date_gmt":"2016-03-17T21:45:44","guid":{"rendered":"https:\/\/bonifratrzy.pl\/bonifraterska-fundacja-dobroczynna\/?page_id=57"},"modified":"2022-10-24T12:06:03","modified_gmt":"2022-10-24T10:06:03","slug":"sprawozdania","status":"publish","type":"page","link":"https:\/\/bonifratrzy.pl\/bonifraterska-fundacja-dobroczynna\/o-nas\/sprawozdania\/","title":{"rendered":"Sprawozdania"},"content":{"rendered":"<h2>Sprawozdania z dzia\u0142alno\u015bci Bonifraterskiej Fundacji Dobroczynnej<\/h2>\n<p>Sprawozdania z dzia\u0142alno\u015bci Bonifraterskiej Fundacji Dobroczynnej<\/p>\n<p>Rok 2014<\/p>\n<p>Do pobrania:<\/p>\n<ul>\n<li><a href=\"http:\/\/bonifundo.pl\/!data\/Sprawozdanie_Merytoryczne_BFD_20.pdf\" target=\"_blank\" rel=\"noopener\">Sprawozdanie_Merytoryczne_BFD 2014<\/a><\/li>\n<li><a href=\"http:\/\/bonifundo.pl\/!data\/Sprawozdanie_Finansowe_BFD_2014.pdf\" target=\"_blank\" rel=\"noopener\">Sprawozdanie_Finansowe_BFD 2014<\/a><\/li>\n<\/ul>\n<p>Rok 2015<\/p>\n<ul>\n<li><a href=\"https:\/\/drive.google.com\/open?id=0BwWeFNWRVbOpNS1BZzNEMVNEem8\" target=\"_blank\" rel=\"noopener\">Sprawozdanie Merytoryczne BFD 2015<\/a><\/li>\n<li><a href=\"http:\/\/bonifundo.pl\/!data\/Dokumenty\/Sprawozdanie_finansowe_2015.pdf\">Sprawozdanie Finansowe BFD 2015<\/a><\/li>\n<\/ul>\n<p>Rok 2016<\/p>\n<ul>\n<li><a href=\"http:\/\/bonifundo.pl\/!data\/2016_merytoryczne_ze_strony_Mini.pdf\" target=\"_blank\" rel=\"noopener\">Sprawozdanie Merytoryczne BFD 2016<\/a><\/li>\n<li><a href=\"http:\/\/bonifundo.pl\/!data\/Sprawozdanie_finansowe_za_2016.pdf\">Sprawozdanie Finansowe BFD 2016<\/a><\/li>\n<\/ul>\n<p>Rok 2017<\/p>\n<ul>\n<li><a href=\"http:\/\/bonifundo.pl\/!data\/merytoryczne_ze_strony_2017.pdf\" target=\"_blank\" rel=\"noopener\">Sprawozdanie Merytoryczne BFD 2017<\/a><\/li>\n<li><a href=\"http:\/\/bonifundo.pl\/!data\/2017_Sprawozdanie_finansowe.pdf\">Sprawozdanie Finansowe BFD 2017<\/a><\/li>\n<\/ul>\n<p>Rok 2018<\/p>\n<ul>\n<li><a href=\"http:\/\/bonifundo.pl\/!data\/merytoryczne_BFD_10_06_2019.pdf\" target=\"_blank\" rel=\"noopener\">Sprawozdanie Merytoryczne BFD 2018<\/a><\/li>\n<li><a href=\"http:\/\/bonifundo.pl\/!data\/2018SF.pdf\" target=\"_blank\" rel=\"noopener\">Sprawozdanie Finansowe BFD 2018<\/a><\/li>\n<\/ul>\n<p>Rok 2019<\/p>\n<ul>\n<li><a href=\"http:\/\/bonifundo.pl\/!data\/Sprawozdanie_merytoryczne_2019.pdf\" target=\"_blank\" rel=\"noopener\">Sprawozdanie Merytoryczne BFD 2019<\/a><\/li>\n<li><a title=\"Wprowadzenie do sprawozdania finansowego 2019\" href=\"http:\/\/bonifundo.pl\/!data\/Wprowadzenie_do_sprawozdania_fin.pdf\" target=\"_blank\" rel=\"noopener\">Wprowadzenie do sprawozdania finansowego 2019<\/a><\/li>\n<li><a title=\"Bilans 2019\" href=\"http:\/\/bonifundo.pl\/!data\/Bilans_2019.pdf\" target=\"_blank\" rel=\"noopener\">Bilans 2019<\/a><\/li>\n<li><a title=\"Rachunek zysk\u00f3w i strat 2019\" href=\"http:\/\/bonifundo.pl\/!data\/Rachunek_zysk%C3%B3w_i_strat_2019.pdf\" target=\"_blank\" rel=\"noopener\">Rachunek zysk\u00f3w i strat 2019<\/a><\/li>\n<li><a title=\"Informacja dodatkowa 2019\" href=\"http:\/\/bonifundo.pl\/!data\/Informacja_dodatkowa_2019.pdf\" target=\"_blank\" rel=\"noopener\">Informacja dodatkowa 2019<\/a><\/li>\n<\/ul>\n<p>Rok 2020<\/p>\n<ul>\n<li><a href=\"http:\/\/bonifundo.pl\/!data\/sprawozdanie_merytoryczne_za_202.pdf\" target=\"_blank\" rel=\"noopener\">Sprawozdanie Merytoryczne BFD 2020<\/a><\/li>\n<li><a href=\"http:\/\/bonifundo.pl\/!data\/sprawozdanie2020BDF.pdf\" target=\"_blank\" rel=\"noopener\">Sprawozdanie Finansowe BFD 2020<\/a><\/li>\n<\/ul>\n<p>Rok 2021<\/p>\n<ul>\n<li><a href=\"https:\/\/bonifratrzy.pl\/bonifraterska-fundacja-dobroczynna\/wp-content\/uploads\/sites\/33\/2022\/10\/Sprawozdanie_finansowe_2021_pdf.pdf\" target=\"_blank\" rel=\"noopener\">Sprawozdanie finansowe<\/a><\/li>\n<li><a href=\"https:\/\/bonifratrzy.pl\/bonifraterska-fundacja-dobroczynna\/wp-content\/uploads\/sites\/33\/2022\/10\/Sprawozdanie_Merytoryczne_2021.pdf\" target=\"_blank\" rel=\"noopener\">Sprawozdanie Merytoryczne<\/a><\/li>\n<li><a href=\"https:\/\/bonifratrzy.pl\/bonifraterska-fundacja-dobroczynna\/wp-content\/uploads\/sites\/33\/2022\/10\/Sprawozdanie_Zarzadu_2021.pdf\" target=\"_blank\" rel=\"noopener\">Sprawozdanie Zarz\u0105du<\/a><\/li>\n<\/ul>\n","protected":false},"excerpt":{"rendered":"<p>Sprawozdania z dzia\u0142alno\u015bci Bonifraterskiej Fundacji Dobroczynnej Sprawozdania z dzia\u0142alno\u015bci Bonifraterskiej Fundacji Dobroczynnej Rok 2014 Do pobrania: Sprawozdanie_Merytoryczne_BFD 2014 Sprawozdanie_Finansowe_BFD 2014 Rok 2015 Sprawozdanie Merytoryczne BFD 2015 Sprawozdanie Finansowe BFD 2015 Rok 2016 Sprawozdanie Merytoryczne BFD 2016 Sprawozdanie Finansowe BFD 2016 Rok 2017 Sprawozdanie Merytoryczne BFD 2017 Sprawozdanie Finansowe BFD 2017 Rok 2018 Sprawozdanie Merytoryczne BFD [&hellip;]<\/p>\n","protected":false},"author":1,"featured_media":0,"parent":47,"menu_order":9,"comment_status":"closed","ping_status":"closed","template":"","meta":{"footnotes":""},"_links":{"self":[{"href":"https:\/\/bonifratrzy.pl\/bonifraterska-fundacja-dobroczynna\/wp-json\/wp\/v2\/pages\/57"}],"collection":[{"href":"https:\/\/bonifratrzy.pl\/bonifraterska-fundacja-dobroczynna\/wp-json\/wp\/v2\/pages"}],"about":[{"href":"https:\/\/bonifratrzy.pl\/bonifraterska-fundacja-dobroczynna\/wp-json\/wp\/v2\/types\/page"}],"author":[{"embeddable":true,"href":"https:\/\/bonifratrzy.pl\/bonifraterska-fundacja-dobroczynna\/wp-json\/wp\/v2\/users\/1"}],"replies":[{"embeddable":true,"href":"https:\/\/bonifratrzy.pl\/bonifraterska-fundacja-dobroczynna\/wp-json\/wp\/v2\/comments?post=57"}],"version-history":[{"count":7,"href":"https:\/\/bonifratrzy.pl\/bonifraterska-fundacja-dobroczynna\/wp-json\/wp\/v2\/pages\/57\/revisions"}],"predecessor-version":[{"id":303,"href":"https:\/\/bonifratrzy.pl\/bonifraterska-fundacja-dobroczynna\/wp-json\/wp\/v2\/pages\/57\/revisions\/303"}],"up":[{"embeddable":true,"href":"https:\/\/bonifratrzy.pl\/bonifraterska-fundacja-dobroczynna\/wp-json\/wp\/v2\/pages\/47"}],"wp:attachment":[{"href":"https:\/\/bonifratrzy.pl\/bonifraterska-fundacja-dobroczynna\/wp-json\/wp\/v2\/media?parent=57"}],"curies":[{"name":"wp","href":"https:\/\/api.w.org\/{rel}","templated":true}]}}