{"id":51,"date":"2016-03-17T22:44:49","date_gmt":"2016-03-17T21:44:49","guid":{"rendered":"https:\/\/bonifratrzy.pl\/bonifraterska-fundacja-dobroczynna\/?page_id=51"},"modified":"2016-06-08T00:34:07","modified_gmt":"2016-06-07T22:34:07","slug":"nasza-misja","status":"publish","type":"page","link":"https:\/\/bonifratrzy.pl\/bonifraterska-fundacja-dobroczynna\/o-nas\/nasza-misja\/","title":{"rendered":"Nasza Misja"},"content":{"rendered":"<p>Misj\u0105 <strong><a href=\"https:\/\/bonifratrzy.pl\/bonifraterska-fundacja-dobroczynna\/o-nas\/bonifraterska-fundacja-dobroczynna\/\">Bonifraterskiej Fundacji Dobroczynnej<\/a><\/strong> jest prowadzenie dzia\u0142alno\u015bci dobroczynnej na rzecz os\u00f3b potrzebuj\u0105cych, w szczeg\u00f3lno\u015bci: dzieci i rodzin, niepe\u0142nosprawnych, chorych i starszych oraz zagro\u017conych wykluczeniem spo\u0142ecznym.<\/p>\n<p>Poprzez prowadzenie i rozw\u00f3j instytucji s\u0142u\u017c\u0105cych im pomoc\u0105 oraz edukacj\u0119\u00a0i formacj\u0119 opiekun\u00f3w i wolontariuszy, chcemy jak najlepiej wype\u0142nia\u0107 wezwanie \u015bw. Jana Bo\u017cego &#8211; \u201eBracia, czy\u0144cie dobro!\u201d.<\/p>\n<p>Pragniemy zara\u017ca\u0107 dobroczynno\u015bci\u0105, wydobywa\u0107 j\u0105 z siebie oraz innych i zamienia\u0107 w konkretne czyny.<\/p>\n<p>Dobra nigdy za wiele!<br \/>\nJe\u015bli cho\u0107 troch\u0119 nasza misja jest Ci bliska. Przy\u0142\u0105cz si\u0119 do nas!<br \/>\nRazem czy\u0144my dobro!<\/p>\n","protected":false},"excerpt":{"rendered":"<p>Misj\u0105 Bonifraterskiej Fundacji Dobroczynnej jest prowadzenie dzia\u0142alno\u015bci dobroczynnej na rzecz os\u00f3b potrzebuj\u0105cych, w szczeg\u00f3lno\u015bci: dzieci i rodzin, niepe\u0142nosprawnych, chorych i starszych oraz zagro\u017conych wykluczeniem spo\u0142ecznym. Poprzez prowadzenie i rozw\u00f3j instytucji s\u0142u\u017c\u0105cych im pomoc\u0105 oraz edukacj\u0119\u00a0i formacj\u0119 opiekun\u00f3w i wolontariuszy, chcemy jak najlepiej wype\u0142nia\u0107 wezwanie \u015bw. Jana Bo\u017cego &#8211; \u201eBracia, czy\u0144cie dobro!\u201d. Pragniemy zara\u017ca\u0107 dobroczynno\u015bci\u0105, wydobywa\u0107 [&hellip;]<\/p>\n","protected":false},"author":1,"featured_media":0,"parent":47,"menu_order":8,"comment_status":"closed","ping_status":"closed","template":"","meta":{"footnotes":""},"_links":{"self":[{"href":"https:\/\/bonifratrzy.pl\/bonifraterska-fundacja-dobroczynna\/wp-json\/wp\/v2\/pages\/51"}],"collection":[{"href":"https:\/\/bonifratrzy.pl\/bonifraterska-fundacja-dobroczynna\/wp-json\/wp\/v2\/pages"}],"about":[{"href":"https:\/\/bonifratrzy.pl\/bonifraterska-fundacja-dobroczynna\/wp-json\/wp\/v2\/types\/page"}],"author":[{"embeddable":true,"href":"https:\/\/bonifratrzy.pl\/bonifraterska-fundacja-dobroczynna\/wp-json\/wp\/v2\/users\/1"}],"replies":[{"embeddable":true,"href":"https:\/\/bonifratrzy.pl\/bonifraterska-fundacja-dobroczynna\/wp-json\/wp\/v2\/comments?post=51"}],"version-history":[{"count":2,"href":"https:\/\/bonifratrzy.pl\/bonifraterska-fundacja-dobroczynna\/wp-json\/wp\/v2\/pages\/51\/revisions"}],"predecessor-version":[{"id":252,"href":"https:\/\/bonifratrzy.pl\/bonifraterska-fundacja-dobroczynna\/wp-json\/wp\/v2\/pages\/51\/revisions\/252"}],"up":[{"embeddable":true,"href":"https:\/\/bonifratrzy.pl\/bonifraterska-fundacja-dobroczynna\/wp-json\/wp\/v2\/pages\/47"}],"wp:attachment":[{"href":"https:\/\/bonifratrzy.pl\/bonifraterska-fundacja-dobroczynna\/wp-json\/wp\/v2\/media?parent=51"}],"curies":[{"name":"wp","href":"https:\/\/api.w.org\/{rel}","templated":true}]}}