{"id":5,"date":"2016-03-17T22:05:49","date_gmt":"2016-03-17T21:05:49","guid":{"rendered":"https:\/\/bonifratrzy.pl\/bonifraterska-fundacja-dobroczynna\/?page_id=5"},"modified":"2022-06-28T12:53:51","modified_gmt":"2022-06-28T10:53:51","slug":"kontakt","status":"publish","type":"page","link":"https:\/\/bonifratrzy.pl\/bonifraterska-fundacja-dobroczynna\/kontakt\/","title":{"rendered":"Kontakt"},"content":{"rendered":"<h1>Bonifraterska Fundacja Dobroczynna<\/h1>\n<p>Konary ul. Bonifraterska 11,<br \/>\n32-031 Mogilany<\/p>\n<p>tel: (12) 256-10-58<\/p>\n<p><a href=\"&#109;&#x61;&#105;&#x6c;t&#111;&#x3a;&#102;&#x75;n&#x64;a&#99;&#x6a;&#97;&#x40;b&#x6f;&#x6e;&#105;&#x66;u&#x6e;d&#111;&#x2e;&#112;&#x6c;\">&#102;u&#110;d&#97;c&#x6a;a&#x40;b&#x6f;n&#x69;f&#x75;n&#x64;o&#x2e;p&#x6c;<\/a><\/p>\n<p>KRS: 0000487244<\/p>\n<p>REGON: 123003121<\/p>\n<p>NIP: 9442245602<\/p>\n<p><a href=\"http:\/\/www.bonifundo.pl\">www.bonifundo.pl<\/a><br \/>\nfacebook.com\/bonifundo<br \/>\nfanimani.pl\/bonifraterska-fundacja-dobroczynna\/<br \/>\n<a href=\"http:\/\/www.youtube.com\/watch?v=omSKIzawsJs\">www.youtube.com\/watch?v=omSKIzawsJs<\/a><\/p>\n<p><iframe loading=\"lazy\" style=\"border: 0;\" src=\"https:\/\/www.google.com\/maps\/embed?pb=!1m14!1m8!1m3!1d10269.055559123673!2d19.9431074!3d49.9501521!3m2!1i1024!2i768!4f13.1!3m3!1m2!1s0x0%3A0x640e7048b92340a9!2sBonifraterska%20Fundacja%20Dobroczynna!5e0!3m2!1spl!2spl!4v1656413245892!5m2!1spl!2spl\" width=\"1200\" height=\"450\" allowfullscreen=\"allowfullscreen\"><\/iframe><\/p>\n<h3><span style=\"font-size: medium;\">Nasze\u00a0 wsp\u00f3\u0142rz\u0119dne GPS:<\/span><\/h3>\n<p><span style=\"font-size: medium;\">szeroko\u015b\u0107 geograficzna:\u00a0 N49\u00b0 57&#8242; 0.1&#8243;<br \/>\n<\/span><span style=\"font-size: medium;\">d\u0142ugo\u015b\u0107 geograficzna:\u00a0 E19\u00b0 56&#8242; 37&#8243;<\/span><\/p>\n","protected":false},"excerpt":{"rendered":"<p>Bonifraterska Fundacja Dobroczynna Konary ul. Bonifraterska 11, 32-031 Mogilany tel: (12) 256-10-58 fundacja&#64;&#98;&#111;&#110;&#105;&#102;&#117;&#110;&#100;&#111;&#x2e;&#x70;&#x6c; KRS: 0000487244 REGON: 123003121 NIP: 9442245602 www.bonifundo.pl facebook.com\/bonifundo fanimani.pl\/bonifraterska-fundacja-dobroczynna\/ www.youtube.com\/watch?v=omSKIzawsJs Nasze\u00a0 wsp\u00f3\u0142rz\u0119dne GPS: szeroko\u015b\u0107 geograficzna:\u00a0 N49\u00b0 57&#8242; 0.1&#8243; d\u0142ugo\u015b\u0107 geograficzna:\u00a0 E19\u00b0 56&#8242; 37&#8243;<\/p>\n","protected":false},"author":1,"featured_media":0,"parent":0,"menu_order":3,"comment_status":"closed","ping_status":"closed","template":"","meta":{"footnotes":""},"_links":{"self":[{"href":"https:\/\/bonifratrzy.pl\/bonifraterska-fundacja-dobroczynna\/wp-json\/wp\/v2\/pages\/5"}],"collection":[{"href":"https:\/\/bonifratrzy.pl\/bonifraterska-fundacja-dobroczynna\/wp-json\/wp\/v2\/pages"}],"about":[{"href":"https:\/\/bonifratrzy.pl\/bonifraterska-fundacja-dobroczynna\/wp-json\/wp\/v2\/types\/page"}],"author":[{"embeddable":true,"href":"https:\/\/bonifratrzy.pl\/bonifraterska-fundacja-dobroczynna\/wp-json\/wp\/v2\/users\/1"}],"replies":[{"embeddable":true,"href":"https:\/\/bonifratrzy.pl\/bonifraterska-fundacja-dobroczynna\/wp-json\/wp\/v2\/comments?post=5"}],"version-history":[{"count":6,"href":"https:\/\/bonifratrzy.pl\/bonifraterska-fundacja-dobroczynna\/wp-json\/wp\/v2\/pages\/5\/revisions"}],"predecessor-version":[{"id":294,"href":"https:\/\/bonifratrzy.pl\/bonifraterska-fundacja-dobroczynna\/wp-json\/wp\/v2\/pages\/5\/revisions\/294"}],"wp:attachment":[{"href":"https:\/\/bonifratrzy.pl\/bonifraterska-fundacja-dobroczynna\/wp-json\/wp\/v2\/media?parent=5"}],"curies":[{"name":"wp","href":"https:\/\/api.w.org\/{rel}","templated":true}]}}