{"id":49,"date":"2016-03-17T22:44:18","date_gmt":"2016-03-17T21:44:18","guid":{"rendered":"https:\/\/bonifratrzy.pl\/bonifraterska-fundacja-dobroczynna\/?page_id=49"},"modified":"2022-06-28T13:09:55","modified_gmt":"2022-06-28T11:09:55","slug":"bonifraterska-fundacja-dobroczynna","status":"publish","type":"page","link":"https:\/\/bonifratrzy.pl\/bonifraterska-fundacja-dobroczynna\/o-nas\/bonifraterska-fundacja-dobroczynna\/","title":{"rendered":"Bonifraterska Fundacja Dobroczynna"},"content":{"rendered":"<p>Jeste\u015bmy m\u0142od\u0105 i pr\u0119\u017cnie rozwijaj\u0105c\u0105 si\u0119 organizacj\u0105 zbudowan\u0105 na solidnych, ponad stuletnich, fundamentach. Jako organizacja po\u017cytku publicznego funkcjonujemy od 2015 roku, ale jako o\u015brodek wsparcia dla os\u00f3b z niepe\u0142nosprawno\u015bci\u0105 ju\u017c od 1977 roku. Jednak historia tego miejsca si\u0119ga a\u017c 1913 roku, odk\u0105d to Bracia Bonifratrzy z Krakowa zakupili od Karola S\u0142awe\u0144skiego ziemi\u0119 pod upraw\u0119 tak aby zapewni\u0107 sobie zaplecze produkt\u00f3w rolnych dla Szpitala prowadzonego do dzi\u015b przy ul. Trynitarskiej w Krakowie.<\/p>\n<p>Gdy Bonifratrzy dotarli na Zielon\u0105 rozpocz\u0119li wieloletni\u0105 budow\u0119 tego miejsca tak aby s\u0142u\u017cy\u0142o ono najbardziej potrzebuj\u0105cym. Dzi\u015b my kontynuujemy to dzie\u0142o tworz\u0105c Bonifratersk\u0105 Fundacj\u0119 Dobroczynn\u0105. Nasze zadania to przede wszystkim pomoc doros\u0142ym osobom z niepe\u0142nosprawno\u015bci\u0105 (g\u0142\u00f3wnie intelektualn\u0105 i zaburzeniami psychicznymi), ale od kilku lat tworzymy tak\u017ce ofert\u0119 dla najm\u0142odszych. Chcemy aby nasza Fundacja by\u0142a miejscem integracji, otwartym na wzajemne poznawanie si\u0119 r\u00f3\u017cnych os\u00f3b, na r\u00f3\u017cnych poziomach funkcjonowania.<\/p>\n<p>Naszym celem bowiem jest nie tylko tworzenie jak najlepszych warunk\u00f3w do rehabilitacji spo\u0142eczno-zawodowej os\u00f3b z niepe\u0142nosprawno\u015bci\u0105 ale tak\u017ce czynny udzia\u0142 w prze\u0142amywaniu stereotyp\u00f3w wobec tych\u017ce a tak\u017ce aktywny ich udzia\u0142 w \u017cyciu spo\u0142eczno\u015bci lokalnej. Tak\u017ce dlatego organizujemy liczne: imprezy okoliczno\u015bciowe, wyjazdy integracyjne, projekty (tak\u017ce europejskie), kiermasze i wystawy. Wszystkie te wydarzenia maj\u0105 za zadanie umo\u017cliwi\u0107 naszym podopiecznym, wsp\u00f3lnocie lokalnej i wszystkim ludziom o otwartych sercach wsp\u00f3lne zapoznanie si\u0119 i wsp\u00f3\u0142prac\u0119.<br \/>\nNasza codzienna praca jest oparta na czterech podstawowych filarach. Tymi filarami s\u0105 o\u015brodki dzienne &#8211; Warsztat Terapii Zaj\u0119ciowej, \u015arodowiskowy Dom Samopomocy i Zak\u0142ad Aktywno\u015bci Zawodowej oraz ca\u0142odobowy &#8211; Dom Pomocy Spo\u0142ecznej dla m\u0119\u017cczyzn choruj\u0105cych psychicznie. W nich na co dzie\u0144 fachow\u0105 pomoc i wsparcie otrzymuje blisko 190 os\u00f3b z niepe\u0142nosprawno\u015bci\u0105. S\u0105 to osoby, kt\u00f3re cz\u0119sto ze wzgl\u0119du na miejsce swojego zamieszkania, maj\u0105 utrudniony dost\u0119p do fachowej pomocy.<\/p>\n<p>Olbrzymim walorem tego miejsca (popularnie okre\u015blanym jako &#8222;Konary-Zielona&#8221;) jest jego po\u0142o\u017cenie. Zaledwie 20 min od Krakowa i 10 min od popularnej \u201eZakopianki\u201d znajduje si\u0119 zaciszne miejsce, pe\u0142ne kwiat\u00f3w, \u0142\u0105k i sad\u00f3w, w kt\u00f3rym mo\u017cna si\u0119 zakocha\u0107! To jak ono wygl\u0105da to nie tylko zas\u0142uga samych walor\u00f3w przyrodniczych ale tak\u017ce pracy os\u00f3b z niepe\u0142nosprawno\u015bciami, kt\u00f3rzy w ramach swojej rehabilitacji zawodowej wraz z terapeutami (w ramach pracowni: ogrodniczej i hodowlanej), dbaj\u0105 nie tylko o nasz\u0105 ziele\u0144 ale tak\u017ce o zwierz\u0119ta. Od lat bowiem funkcjonuje u nas &#8222;Stajnia na Zielonej&#8221;, kt\u00f3ra jest zar\u00f3wno hotelem dla koni jak i miejscem nauki i jazd rekreacyjnych, na kt\u00f3re serdecznie zapraszamy. Dodatkowym efektem pracy naszych podopiecznych jest ekologiczna \u017cywno\u015b\u0107 oraz produkty pochodzenia pszczelarskiego, kt\u00f3re mo\u017cna u nas zakupi\u0107 wspieraj\u0105c przy tym rehabilitacje os\u00f3b z niepe\u0142nosprawno\u015bci\u0105.<\/p>\n<p><iframe loading=\"lazy\" title=\"Widok z lotu ptaka na nasz o\u015brodek wiosn\u0105\" width=\"500\" height=\"281\" src=\"https:\/\/www.youtube.com\/embed\/uWM92Qjp76o?feature=oembed\" frameborder=\"0\" allow=\"accelerometer; autoplay; clipboard-write; encrypted-media; gyroscope; picture-in-picture; web-share\" referrerpolicy=\"strict-origin-when-cross-origin\" allowfullscreen><\/iframe><\/p>\n<p>Bonifraterska Fundacja Dobroczynna zosta\u0142a powo\u0142ana przez Zakon Bonifratr\u00f3w Aktem Notarialnym z dnia 26 wrze\u015bnia 2013 r, wpisana do Krajowego Rejestru S\u0105dowego<br \/>\nw dniu 26 listopada 2013r.<\/p>\n<h2>Celem Fundacji jest:<\/h2>\n<ol>\n<li>Prowadzenie dzia\u0142alno\u015bci charytatywnej i charytatywno-opieku\u0144czej, dobroczynno\u015bci, pomocy spo\u0142ecznej, rehabilitacji spo\u0142ecznej i zawodowej, ochrony i promocji zdrowia, wszelkiego rodzaju dzia\u0142alno\u015bci po\u017cytku publicznego\u00a0i innej dzia\u0142alno\u015bci spo\u0142ecznie lub gospodarczo u\u017cytecznej, na rzecz:\n<ol style=\"list-style-type: lower-alpha;\">\n<li>os\u00f3b niepe\u0142nosprawnych, starszych, zagro\u017conych wykluczeniem spo\u0142ecznym oraz chorych i w trudnej sytuacji \u017cyciowej,<\/li>\n<li>rodziny,<\/li>\n<li>m\u0142odzie\u017cy,<\/li>\n<li>dzieci.<\/li>\n<\/ol>\n<\/li>\n<li>Podejmowanie dzia\u0142a\u0144 na rzecz upowszechniania i ochrony r\u00f3wnych praw os\u00f3b niepe\u0142nosprawnych b\u0105d\u017a zagro\u017conych wykluczeniem spo\u0142ecznym, dost\u0119pu tych\u017ce do informacji, pomocy prawnej i wymiaru sprawiedliwo\u015bci oraz propagowania postaw aktywno\u015bci obywatelskiej i odpowiedzialno\u015bci spo\u0142ecznej;<\/li>\n<li>Podejmowanie dzia\u0142a\u0144 na rzecz os\u00f3b niepe\u0142nosprawnych, os\u00f3b starszych w tym\u00a0w wieku emerytalnym, chorych, m\u0142odzie\u017cy, os\u00f3b zagro\u017conych wykluczeniem spo\u0142ecznym, ubogich oraz os\u00f3b w trudnej sytuacji \u017cyciowej i niesamodzielnych oraz rodzin, w sferze:\n<ol style=\"list-style-type: lower-alpha;\">\n<li>kultury, sztuki, ochrony d\u00f3br kultury i tradycji,<\/li>\n<li>sportu i kultury fizycznej w tym wspierania i upowszechnianie kultury fizycznej,<\/li>\n<li>turystyki i krajoznawstwa w tym maj\u0105cego na celu podtrzymywanie\u00a0i upowszechnianie tradycji narodowej, piel\u0119gnowania polsko\u015bci oraz rozw\u00f3j \u015bwiadomo\u015bci narodowej, obywatelskiej i kulturowej,<\/li>\n<li>nauki, edukacji w tym edukacji przez sztuk\u0119, o\u015bwiaty i wychowania ze szczeg\u00f3lnym uwzgl\u0119dnieniem edukacji spo\u0142ecznej w zakresie wsparcia spo\u0142ecznego i ochrony zdrowia,<\/li>\n<li>promocji i organizacji wolontariatu,<\/li>\n<li>organizacji wypoczynku doros\u0142ych, dzieci i m\u0142odzie\u017cy,<\/li>\n<li>dzia\u0142alno\u015bci na rzecz integracji i reintegracji zawodowej i spo\u0142ecznej,<\/li>\n<li>dzia\u0142alno\u015bci w zakresie opieki duchowej w tym promowania, organizowania i wspierania rozwoju zespo\u0142owej opieki duszpasterskiej\u00a0i duchowego wsparcia na rzecz chorych, podopiecznych, ich rodzin\u00a0i pos\u0142uguj\u0105cego personelu,<\/li>\n<li>rozwijania i wspierania opieki integralnej w my\u015bl postanowie\u0144 i zalece\u0144 zawartych w dokumentach Kurii Generalnej Zakonu Bonifratr\u00f3w szczeg\u00f3lnie w: Karcie To\u017csamo\u015bci, Duszpasterstwie w stylu \u015bw. Jana Bo\u017cego, Podr\u0119czniku formacji w zakresie filozofii i warto\u015bci Zakonu, i Zarz\u0105dzaniu w duchu charyzmatu, jak te\u017c w kanonie 48 Statut\u00f3w Generalnych,<\/li>\n<li>\u00a0promocji i rozwoju idei Rodziny \u015bw. Jana Bo\u017cego,<\/li>\n<\/ol>\n<\/li>\n<li>Pog\u0142\u0119bianie formacji religijnej,<\/li>\n<li>Propagowanie wiedzy o Zakonie Bonifratr\u00f3w, Jego \u015awi\u0119tych i b\u0142ogos\u0142awionych, przybli\u017canie wiedzyo misji i historii Zakonu i informowanie o prowadzonych dzie\u0142ach oraz realizowanych projektach,<\/li>\n<li>Promocja zatrudnienia i aktywizacji zawodowej os\u00f3b pozostaj\u0105cych bez pracy i zagro\u017conych zwolnieniem z pracy,<\/li>\n<li>Pomoc techniczna, szkoleniowa, informacyjna lub finansowa dla organizacji pozarz\u0105dowych oraz podmiot\u00f3w, o kt\u00f3rych mowa w art. 3 ust. 3 ustawy z dnia 24 kwietnia 2003r. o dzia\u0142alno\u015bci po\u017cytku publicznego i o wolontariacie (Dz.U. z 2010r. Nr 234, poz. 1536 z p\u00f3\u017an.zm.) w zakresie realizacji zada\u0144 po\u017cytku publicznego okre\u015blonych ustaw\u0105. Szczeg\u00f3lnym celem w tym zakresie jest integrowanie partner\u00f3w skupionych wok\u00f3\u0142 podnoszenia pozamedycznych standard\u00f3w opieki, opieki nad osobami starszymi, chorymi psychicznie, wykluczonymi oraz osobami niepe\u0142nosprawnymi, standard\u00f3w ochrony zdrowia, pomocy spo\u0142ecznej, pracy socjalnej oraz szeroko rozumianego wolontariatu i wsparcia spo\u0142ecze\u0144stwa obywatelskiego;<\/li>\n<li>Promowanie porz\u0105dku i bezpiecze\u0144stwa publicznego oraz przeciwdzia\u0142ania patologiom spo\u0142ecznym, w szczeg\u00f3lno\u015bci poprzez przeciwdzia\u0142anie wszelkim formom wykluczenia spo\u0142ecznego;<\/li>\n<li>Dzia\u0142alno\u015b\u0107 wspomagaj\u0105ca rozw\u00f3j wsp\u00f3lnot i spo\u0142eczno\u015bci lokalnych, zw\u0142aszcza o charakterze wolontariatu , samopomocy i wspierania os\u00f3b i rodzin niesamodzielnych;<\/li>\n<li>Podejmowanie dzia\u0142a\u0144 wspomagaj\u0105cych rozw\u00f3j organizacji pozarz\u0105dowych i innych instytucji dzia\u0142aj\u0105cych na rzecz po\u017cytku publicznego w r\u00f3\u017cnych dziedzinach \u017cycia spo\u0142ecznego;<\/li>\n<li>Podejmowanie wsp\u00f3\u0142pracy mi\u0119dzynarodowej na rzecz rozwoju dzia\u0142a\u0144 oraz wymiany<br \/>\ninformacji z zakresu ochrony zdrowia, pomocy i polityki oraz ekonomii spo\u0142ecznej;<\/li>\n<li>Dzia\u0142anie na rzecz integracji europejskiej oraz rozwijanie kontakt\u00f3w i wsp\u00f3\u0142pracy mi\u0119dzy spo\u0142ecze\u0144stwami, a w szczeg\u00f3lno\u015bci wspieranie polityki spo\u0142ecznej Polski i Unii Europejskiej w zakresie opieki d\u0142ugoterminowej w tym na rzecz przewlek\u0142e chorych w domach i ich rodzin, opieki paliatywnej i hospicyjnej, pomocy osobom niesamodzielnym oraz innych aspekt\u00f3w opieki zdrowotnej oraz wsparcia socjalnego;<\/li>\n<li>Pomoc ofiarom katastrof, kl\u0119sk \u017cywio\u0142owych, konflikt\u00f3w zbrojnych i wojen w kraju i za granic\u0105,<\/li>\n<li>Tworzenie i rozwijanie nowych form wsparcia socjalnego i podmiot\u00f3w pomocy spo\u0142ecznej;<\/li>\n<li>Prowadzenie program\u00f3w badawczych, informacyjnych i wydawniczych s\u0142u\u017c\u0105cych zdobywaniu wiedzy na temat zjawisk spo\u0142ecznych, w szczeg\u00f3lno\u015bci r\u00f3\u017cnego rodzaju patologii, ub\u00f3stwa, niesamodzielno\u015bci, wykluczenia spo\u0142ecznego.<\/li>\n<li>Nie wymieniona wcze\u015bniej, dzia\u0142alno\u015b\u0107 spo\u0142ecznie u\u017cyteczna w sferze zada\u0144 publicznych okre\u015blonych w ustawie z dnia 24 kwietnia 2003r. o dzia\u0142alno\u015bci po\u017cytku publicznego i o wolontariacie (Dz.U. z 2010r. Nr 234, poz. 1536 z p\u00f3\u017an.zm.) na rzecz og\u00f3\u0142u spo\u0142eczno\u015bci.<\/li>\n<\/ol>\n<h2>Siedziba &#8211;\u00a0Bonifraterska Fundacja Dobroczynna:<\/h2>\n<p>Konary, ul. Bonifraterska 11, kod pocztowy 32 \u2013 031, Mogilany<\/p>\n","protected":false},"excerpt":{"rendered":"<p>Jeste\u015bmy m\u0142od\u0105 i pr\u0119\u017cnie rozwijaj\u0105c\u0105 si\u0119 organizacj\u0105 zbudowan\u0105 na solidnych, ponad stuletnich, fundamentach. Jako organizacja po\u017cytku publicznego funkcjonujemy od 2015 roku, ale jako o\u015brodek wsparcia dla os\u00f3b z niepe\u0142nosprawno\u015bci\u0105 ju\u017c od 1977 roku. Jednak historia tego miejsca si\u0119ga a\u017c 1913 roku, odk\u0105d to Bracia Bonifratrzy z Krakowa zakupili od Karola S\u0142awe\u0144skiego ziemi\u0119 pod upraw\u0119 tak [&hellip;]<\/p>\n","protected":false},"author":1,"featured_media":0,"parent":47,"menu_order":6,"comment_status":"closed","ping_status":"closed","template":"","meta":{"footnotes":""},"_links":{"self":[{"href":"https:\/\/bonifratrzy.pl\/bonifraterska-fundacja-dobroczynna\/wp-json\/wp\/v2\/pages\/49"}],"collection":[{"href":"https:\/\/bonifratrzy.pl\/bonifraterska-fundacja-dobroczynna\/wp-json\/wp\/v2\/pages"}],"about":[{"href":"https:\/\/bonifratrzy.pl\/bonifraterska-fundacja-dobroczynna\/wp-json\/wp\/v2\/types\/page"}],"author":[{"embeddable":true,"href":"https:\/\/bonifratrzy.pl\/bonifraterska-fundacja-dobroczynna\/wp-json\/wp\/v2\/users\/1"}],"replies":[{"embeddable":true,"href":"https:\/\/bonifratrzy.pl\/bonifraterska-fundacja-dobroczynna\/wp-json\/wp\/v2\/comments?post=49"}],"version-history":[{"count":7,"href":"https:\/\/bonifratrzy.pl\/bonifraterska-fundacja-dobroczynna\/wp-json\/wp\/v2\/pages\/49\/revisions"}],"predecessor-version":[{"id":295,"href":"https:\/\/bonifratrzy.pl\/bonifraterska-fundacja-dobroczynna\/wp-json\/wp\/v2\/pages\/49\/revisions\/295"}],"up":[{"embeddable":true,"href":"https:\/\/bonifratrzy.pl\/bonifraterska-fundacja-dobroczynna\/wp-json\/wp\/v2\/pages\/47"}],"wp:attachment":[{"href":"https:\/\/bonifratrzy.pl\/bonifraterska-fundacja-dobroczynna\/wp-json\/wp\/v2\/media?parent=49"}],"curies":[{"name":"wp","href":"https:\/\/api.w.org\/{rel}","templated":true}]}}