{"id":5,"date":"2016-06-07T00:31:12","date_gmt":"2016-06-06T22:31:12","guid":{"rendered":"https:\/\/bonifratrzy.pl\/apteka-wroclaw\/?page_id=5"},"modified":"2023-01-24T10:45:55","modified_gmt":"2023-01-24T09:45:55","slug":"apteka-bonifratrow-im-doroteusza-heynola","status":"publish","type":"page","link":"https:\/\/bonifratrzy.pl\/apteka-wroclaw\/","title":{"rendered":"Apteka Bonifratr\u00f3w im. Doroteusza Heyno\u0142a"},"content":{"rendered":"<h1><\/h1>\n<h1><\/h1>\n<h1>Szanowni Pa\u0144stwo informujemy, \u017ce od dnia 2 listopada a\u017c do odwo\u0142ania zostaje zawieszona dzia\u0142alno\u015b\u0107 Apteki i Poradni Zio\u0142olecznictwa. Ze wzgl\u0119d\u00f3w ekonomicznych i Pandemii przez co najmniej p\u00f3\u0142 roku nie przewidujemy wznowienia dzia\u0142alno\u015bci.<\/h1>\n<h2>Dzi\u0119kujemy za korzystanie z naszych produkt\u00f3w bonifraterskich i zach\u0119camy do kupowania przez aptek\u0119 internetow\u0105<\/h2>\n<h2><strong>Zapraszamy do\u00a0zakup\u00f3w online:<\/strong>\u00a0<a href=\"https:\/\/apteka.bonifratrzy.pl\/\" target=\"_blank\" rel=\"noopener noreferrer\">https:\/\/apteka.bonifratrzy.pl\/<\/a><\/h2>\n<h2>oraz\u00a0 \u00a0 w sklepie internetowym\u00a0 <a href=\"https:\/\/recepturybonifratrow.pl\">https:\/\/recepturybonifratrow.pl<\/a><\/h2>\n<p>&nbsp;<\/p>\n<p>&nbsp;<\/p>\n<p>&nbsp;<\/p>\n<h2><\/h2>\n<p>Apteka Bonifratr\u00f3w jest zlokalizowana w centrum Wroc\u0142awia.<\/p>\n<p>Tutaj opr\u00f3cz realizacji recepty lekarskiej oraz zakupu lek\u00f3w OTC, pacjent mo\u017ce zaopatrzy\u0107 si\u0119 we wszelkiego rodzaju zio\u0142a. Dotyczy to zar\u00f3wno\u00a0 pojedynczych surowc\u00f3w ro\u015blinnych, preparat\u00f3w oraz lek\u00f3w zio\u0142owych jak r\u00f3wnie\u017c produkt\u00f3w pszczelich i naturalnych kosmetyk\u00f3w.<\/p>\n<h4>Apteka charakteryzuje si\u0119 zakonn\u0105 tradycj\u0105 zio\u0142olecznicz\u0105, w zwi\u0105zku z tym mo\u017cna tu znale\u017a\u0107 bonifraterskie mieszanki zio\u0142owe na wiele dolegliwo\u015bci, a tak\u017ce produkty bonifraterskie jak np. Balsam Jerozolimski, stuprocentowe soki oraz r\u00f3\u017cnego rodzaju ma\u015bci oraz skorzysta\u0107 z dzia\u0142aj\u0105cej obok apteki<\/h4>\n<h3><\/h3>\n<p>&nbsp;<\/p>\n","protected":false},"excerpt":{"rendered":"<p>Szanowni Pa\u0144stwo informujemy, \u017ce od dnia 2 listopada a\u017c do odwo\u0142ania zostaje zawieszona dzia\u0142alno\u015b\u0107 Apteki i Poradni Zio\u0142olecznictwa. Ze wzgl\u0119d\u00f3w ekonomicznych i Pandemii przez co najmniej p\u00f3\u0142 roku nie przewidujemy wznowienia dzia\u0142alno\u015bci. Dzi\u0119kujemy za korzystanie z naszych produkt\u00f3w bonifraterskich i zach\u0119camy do kupowania przez aptek\u0119 internetow\u0105 Zapraszamy do\u00a0zakup\u00f3w online:\u00a0https:\/\/apteka.bonifratrzy.pl\/ oraz\u00a0 \u00a0 w sklepie internetowym\u00a0 https:\/\/recepturybonifratrow.pl [&hellip;]<\/p>\n","protected":false},"author":1,"featured_media":0,"parent":0,"menu_order":0,"comment_status":"closed","ping_status":"closed","template":"page-home.php","meta":{"footnotes":""},"_links":{"self":[{"href":"https:\/\/bonifratrzy.pl\/apteka-wroclaw\/wp-json\/wp\/v2\/pages\/5"}],"collection":[{"href":"https:\/\/bonifratrzy.pl\/apteka-wroclaw\/wp-json\/wp\/v2\/pages"}],"about":[{"href":"https:\/\/bonifratrzy.pl\/apteka-wroclaw\/wp-json\/wp\/v2\/types\/page"}],"author":[{"embeddable":true,"href":"https:\/\/bonifratrzy.pl\/apteka-wroclaw\/wp-json\/wp\/v2\/users\/1"}],"replies":[{"embeddable":true,"href":"https:\/\/bonifratrzy.pl\/apteka-wroclaw\/wp-json\/wp\/v2\/comments?post=5"}],"version-history":[{"count":19,"href":"https:\/\/bonifratrzy.pl\/apteka-wroclaw\/wp-json\/wp\/v2\/pages\/5\/revisions"}],"predecessor-version":[{"id":34,"href":"https:\/\/bonifratrzy.pl\/apteka-wroclaw\/wp-json\/wp\/v2\/pages\/5\/revisions\/34"}],"wp:attachment":[{"href":"https:\/\/bonifratrzy.pl\/apteka-wroclaw\/wp-json\/wp\/v2\/media?parent=5"}],"curies":[{"name":"wp","href":"https:\/\/api.w.org\/{rel}","templated":true}]}}