{"id":7,"date":"2016-06-07T00:53:16","date_gmt":"2016-06-06T22:53:16","guid":{"rendered":"https:\/\/bonifratrzy.pl\/apteka-warszawa\/?page_id=7"},"modified":"2022-05-20T09:33:29","modified_gmt":"2022-05-20T07:33:29","slug":"apteka-ojcow-bonifratrow-salus-infirmorum","status":"publish","type":"page","link":"https:\/\/bonifratrzy.pl\/apteka-warszawa\/","title":{"rendered":"Apteka Ojc\u00f3w Bonifratr\u00f3w \u201eSalus Infirmorum\u201d"},"content":{"rendered":"<h3 style=\"text-align: center;\"><span style=\"color: #000000;\"><strong>Szanowni Pa\u0144stwo,<br \/>\n<\/strong><\/span><\/h3>\n<p style=\"text-align: center;\"><span style=\"color: #000000;\"><strong>07 lutego 2020 roku uruchomili\u015bmy pierwsz\u0105 aptek\u0105 internetow\u0105 Braci Bonifratr\u00f3w.<\/strong><\/span><\/p>\n<p style=\"text-align: center;\"><span style=\"color: #000000;\"><strong>Przygotowali\u015bmy dla Pa\u0144stwa bogat\u0105 ofert\u0119 zi\u00f3\u0142 i preparat\u00f3w naturalnych, w tym produkt\u00f3w Bonifraterskich. <\/strong><\/span><\/p>\n<p style=\"text-align: center;\"><span style=\"color: #000000;\"><strong>Znajdziecie nas Pa\u0144stwo pod adresem: apteka.bonifratrzy.pl<\/strong><\/span><\/p>\n<p style=\"text-align: center;\"><strong>Zapraszamy do zakup\u00f3w online:<\/strong> <a href=\"https:\/\/apteka.bonifratrzy.pl\/\" target=\"_blank\" rel=\"noopener noreferrer\">https:\/\/apteka.bonifratrzy.pl\/<\/a><\/p>\n<p style=\"text-align: center;\">Jeste\u015bmy do Pa\u0144stwa dyspozycji pod adresem mailowym:<a href=\"&#109;&#x61;&#105;&#x6c;&#116;&#x6f;&#58;&#x65;&#46;&#x61;p&#x74;e&#x6b;a&#64;&#x62;&#111;&#x6e;&#105;&#x66;&#114;&#x61;&#116;&#x72;z&#x79;&#46;&#x70;l\"> e&#46;&#x61;&#x70;t&#101;&#107;&#x61;&#x40;b&#111;&#110;&#x69;&#x66;r&#97;&#x74;&#x72;&#x7a;y&#46;&#x70;&#x6c;<\/a>, oraz pod numerem<\/p>\n<h4 style=\"text-align: center;\">telefonu: <strong>729 888 387<\/strong><\/h4>\n<p>&nbsp;<\/p>\n<p>Apteka Ojc\u00f3w Bonifratr\u00f3w to wyj\u0105tkowe miejsce, gdzie zesp\u00f3\u0142 do\u015bwiadczonych i wykwalifikowanych fachowc\u00f3w dba\u00a0 nie tylko o to by zapewni\u0107\u00a0 Pa\u0144stwu dost\u0119p do lek\u00f3w i bogatej oferty preparat\u00f3w zio\u0142owych, ale tak\u017ce\u00a0 s\u0142u\u017cy doradztwem i uczciw\u0105 informacj\u0105.<\/p>\n<p>Farmaceuta podejmuj\u0105c prac\u0119 u Bonifratr\u00f3w, \u015bwiadomie i dobrowolnie bierze na siebie obowi\u0105zek s\u0142u\u017cenia chorym i w\u0142a\u015bnie tutaj to zadanie nabiera szczeg\u00f3lnego charakteru.<\/p>\n<p>Apteka Braci to miejsce gdzie wiedza i do\u015bwiadczenie, a nie reklama i marketing stanowi\u0105 podstaw\u0119 rekomendacji preparat\u00f3w.<\/p>\n<h3>Apteka jest czynna od poniedzia\u0142ku do pi\u0105tku od 8.00 do 20.00, oraz w soboty od 8.00 do 16.00.<\/h3>\n<div class=\"wpmf-gallerys wpmf-gallerys-life \" ><div id=\"gallery-1\"\n data-gutter-width=\"5\"\n  data-wpmfcolumns=\"3\" class=\"wpmf-gallery gallery-link-file gallery_life gallery-masonry gallery-columns-3 gallery-size-medium wpmf-gallery-bottomspace-default wpmf-gallery-clear wpmf-has-border-radius-0 wpmf-gutterwidth-5\"><div class=\"wpmf-gallery-item\n     wpmf-gallery-item-position-0 wpmf-gallery-item-attachment-186\" data-index=\"0\"><div class=\"wpmf-gallery-icon\"><a class=\" not_video noLightbox\" data-lightbox=\"1\" data-href=\"https:\/\/bonifratrzy.pl\/apteka-warszawa\/wp-content\/uploads\/sites\/39\/2019\/04\/Apteka-Warszawa-10-300x225.jpg\" title=\"Apteka Warszawa (10)\" target=\"_self\" data-index=\"0\"><img decoding=\"async\" class=\"wpmf_img\" alt=\"Apteka Warszawa (10)\" src=\"https:\/\/bonifratrzy.pl\/apteka-warszawa\/wp-content\/uploads\/sites\/39\/2019\/04\/Apteka-Warszawa-10-300x225.jpg\" data-type=\"wpmfgalleryimg\" data-lazy-src=\"https:\/\/bonifratrzy.pl\/apteka-warszawa\/wp-content\/uploads\/sites\/39\/2019\/04\/Apteka-Warszawa-10-300x225.jpg\"><\/a><\/div><\/div><div class=\"wpmf-gallery-item\n     wpmf-gallery-item-position-1 wpmf-gallery-item-attachment-185\" data-index=\"1\"><div class=\"wpmf-gallery-icon\"><a class=\" not_video noLightbox\" data-lightbox=\"1\" data-href=\"https:\/\/bonifratrzy.pl\/apteka-warszawa\/wp-content\/uploads\/sites\/39\/2019\/04\/Apteka-Warszawa-9-300x225.jpg\" title=\"Apteka Warszawa (9)\" target=\"_self\" data-index=\"1\"><img decoding=\"async\" class=\"wpmf_img\" alt=\"Apteka Warszawa (9)\" src=\"https:\/\/bonifratrzy.pl\/apteka-warszawa\/wp-content\/uploads\/sites\/39\/2019\/04\/Apteka-Warszawa-9-300x225.jpg\" data-type=\"wpmfgalleryimg\" data-lazy-src=\"https:\/\/bonifratrzy.pl\/apteka-warszawa\/wp-content\/uploads\/sites\/39\/2019\/04\/Apteka-Warszawa-9-300x225.jpg\"><\/a><\/div><\/div><div class=\"wpmf-gallery-item\n     wpmf-gallery-item-position-2 wpmf-gallery-item-attachment-177\" data-index=\"2\"><div class=\"wpmf-gallery-icon\"><a class=\" not_video noLightbox\" data-lightbox=\"1\" data-href=\"https:\/\/bonifratrzy.pl\/apteka-warszawa\/wp-content\/uploads\/sites\/39\/2019\/04\/Apteka-Warszawa-4-300x225.jpg\" title=\"Apteka Warszawa (4)\" target=\"_self\" data-index=\"2\"><img decoding=\"async\" class=\"wpmf_img\" alt=\"Apteka Warszawa (4)\" src=\"https:\/\/bonifratrzy.pl\/apteka-warszawa\/wp-content\/uploads\/sites\/39\/2019\/04\/Apteka-Warszawa-4-300x225.jpg\" data-type=\"wpmfgalleryimg\" data-lazy-src=\"https:\/\/bonifratrzy.pl\/apteka-warszawa\/wp-content\/uploads\/sites\/39\/2019\/04\/Apteka-Warszawa-4-300x225.jpg\"><\/a><\/div><\/div><div class=\"wpmf-gallery-item\n     wpmf-gallery-item-position-3 wpmf-gallery-item-attachment-174\" data-index=\"3\"><div class=\"wpmf-gallery-icon\"><a class=\" not_video noLightbox\" data-lightbox=\"1\" data-href=\"https:\/\/bonifratrzy.pl\/apteka-warszawa\/wp-content\/uploads\/sites\/39\/2019\/04\/Apteka-Warszawa-3-225x300.jpg\" title=\"Apteka Warszawa (3)\" target=\"_self\" data-index=\"3\"><img decoding=\"async\" class=\"wpmf_img\" alt=\"Apteka Warszawa (3)\" src=\"https:\/\/bonifratrzy.pl\/apteka-warszawa\/wp-content\/uploads\/sites\/39\/2019\/04\/Apteka-Warszawa-3-225x300.jpg\" data-type=\"wpmfgalleryimg\" data-lazy-src=\"https:\/\/bonifratrzy.pl\/apteka-warszawa\/wp-content\/uploads\/sites\/39\/2019\/04\/Apteka-Warszawa-3-225x300.jpg\"><\/a><\/div><\/div><div class=\"wpmf-gallery-item\n     wpmf-gallery-item-position-4 wpmf-gallery-item-attachment-183\" data-index=\"4\"><div class=\"wpmf-gallery-icon\"><a class=\" not_video noLightbox\" data-lightbox=\"1\" data-href=\"https:\/\/bonifratrzy.pl\/apteka-warszawa\/wp-content\/uploads\/sites\/39\/2019\/04\/Apteka-Warszawa-7-225x300.jpg\" title=\"Apteka Warszawa (7)\" target=\"_self\" data-index=\"4\"><img decoding=\"async\" class=\"wpmf_img\" alt=\"Apteka Warszawa (7)\" src=\"https:\/\/bonifratrzy.pl\/apteka-warszawa\/wp-content\/uploads\/sites\/39\/2019\/04\/Apteka-Warszawa-7-225x300.jpg\" data-type=\"wpmfgalleryimg\" data-lazy-src=\"https:\/\/bonifratrzy.pl\/apteka-warszawa\/wp-content\/uploads\/sites\/39\/2019\/04\/Apteka-Warszawa-7-225x300.jpg\"><\/a><\/div><\/div><div class=\"wpmf-gallery-item\n     wpmf-gallery-item-position-5 wpmf-gallery-item-attachment-179\" data-index=\"5\"><div class=\"wpmf-gallery-icon\"><a class=\" not_video noLightbox\" data-lightbox=\"1\" data-href=\"https:\/\/bonifratrzy.pl\/apteka-warszawa\/wp-content\/uploads\/sites\/39\/2019\/04\/Apteka-Warszawa-6-225x300.jpg\" title=\"Apteka Warszawa (6)\" target=\"_self\" data-index=\"5\"><img decoding=\"async\" class=\"wpmf_img\" alt=\"Apteka Warszawa (6)\" src=\"https:\/\/bonifratrzy.pl\/apteka-warszawa\/wp-content\/uploads\/sites\/39\/2019\/04\/Apteka-Warszawa-6-225x300.jpg\" data-type=\"wpmfgalleryimg\" data-lazy-src=\"https:\/\/bonifratrzy.pl\/apteka-warszawa\/wp-content\/uploads\/sites\/39\/2019\/04\/Apteka-Warszawa-6-225x300.jpg\"><\/a><\/div><\/div><div class=\"wpmf-gallery-item\n     wpmf-gallery-item-position-6 wpmf-gallery-item-attachment-178\" data-index=\"6\"><div class=\"wpmf-gallery-icon\"><a class=\" not_video noLightbox\" data-lightbox=\"1\" data-href=\"https:\/\/bonifratrzy.pl\/apteka-warszawa\/wp-content\/uploads\/sites\/39\/2019\/04\/Apteka-Warszawa-5-300x225.jpg\" title=\"Apteka Warszawa (5)\" target=\"_self\" data-index=\"6\"><img decoding=\"async\" class=\"wpmf_img\" alt=\"Apteka Warszawa (5)\" src=\"https:\/\/bonifratrzy.pl\/apteka-warszawa\/wp-content\/uploads\/sites\/39\/2019\/04\/Apteka-Warszawa-5-300x225.jpg\" data-type=\"wpmfgalleryimg\" data-lazy-src=\"https:\/\/bonifratrzy.pl\/apteka-warszawa\/wp-content\/uploads\/sites\/39\/2019\/04\/Apteka-Warszawa-5-300x225.jpg\"><\/a><\/div><\/div><div class=\"wpmf-gallery-item\n     wpmf-gallery-item-position-7 wpmf-gallery-item-attachment-180\" data-index=\"7\"><div class=\"wpmf-gallery-icon\"><a class=\" not_video noLightbox\" data-lightbox=\"1\" data-href=\"https:\/\/bonifratrzy.pl\/apteka-warszawa\/wp-content\/uploads\/sites\/39\/2019\/04\/Apteka-Warszawa-1-300x225.jpg\" title=\"Apteka Warszawa (1)\" target=\"_self\" data-index=\"7\"><img decoding=\"async\" class=\"wpmf_img\" alt=\"Apteka Warszawa (1)\" src=\"https:\/\/bonifratrzy.pl\/apteka-warszawa\/wp-content\/uploads\/sites\/39\/2019\/04\/Apteka-Warszawa-1-300x225.jpg\" data-type=\"wpmfgalleryimg\" data-lazy-src=\"https:\/\/bonifratrzy.pl\/apteka-warszawa\/wp-content\/uploads\/sites\/39\/2019\/04\/Apteka-Warszawa-1-300x225.jpg\"><\/a><\/div><\/div><div class=\"wpmf-gallery-item\n     wpmf-gallery-item-position-8 wpmf-gallery-item-attachment-173\" data-index=\"8\"><div class=\"wpmf-gallery-icon\"><a class=\" not_video noLightbox\" data-lightbox=\"1\" data-href=\"https:\/\/bonifratrzy.pl\/apteka-warszawa\/wp-content\/uploads\/sites\/39\/2019\/04\/Apteka-Warszawa-2-300x225.jpg\" title=\"Apteka Warszawa (2)\" target=\"_self\" data-index=\"8\"><img decoding=\"async\" class=\"wpmf_img\" alt=\"Apteka Warszawa (2)\" src=\"https:\/\/bonifratrzy.pl\/apteka-warszawa\/wp-content\/uploads\/sites\/39\/2019\/04\/Apteka-Warszawa-2-300x225.jpg\" data-type=\"wpmfgalleryimg\" data-lazy-src=\"https:\/\/bonifratrzy.pl\/apteka-warszawa\/wp-content\/uploads\/sites\/39\/2019\/04\/Apteka-Warszawa-2-300x225.jpg\"><\/a><\/div><\/div><\/div><\/div>\n\n<p>&nbsp;<\/p>\n","protected":false},"excerpt":{"rendered":"<p>Szanowni Pa\u0144stwo, 07 lutego 2020 roku uruchomili\u015bmy pierwsz\u0105 aptek\u0105 internetow\u0105 Braci Bonifratr\u00f3w. Przygotowali\u015bmy dla Pa\u0144stwa bogat\u0105 ofert\u0119 zi\u00f3\u0142 i preparat\u00f3w naturalnych, w tym produkt\u00f3w Bonifraterskich. Znajdziecie nas Pa\u0144stwo pod adresem: apteka.bonifratrzy.pl Zapraszamy do zakup\u00f3w online: https:\/\/apteka.bonifratrzy.pl\/ Jeste\u015bmy do Pa\u0144stwa dyspozycji pod adresem mailowym: &#101;&#46;&#x61;p&#x74;e&#x6b;&#97;&#x40;&#98;&#x6f;&#110;i&#x66;r&#x61;t&#x72;&#122;&#x79;&#46;&#x70;&#108;, oraz pod numerem telefonu: 729 888 387 &nbsp; Apteka Ojc\u00f3w Bonifratr\u00f3w [&hellip;]<\/p>\n","protected":false},"author":1,"featured_media":184,"parent":0,"menu_order":0,"comment_status":"closed","ping_status":"closed","template":"page-home.php","meta":{"footnotes":""},"_links":{"self":[{"href":"https:\/\/bonifratrzy.pl\/apteka-warszawa\/wp-json\/wp\/v2\/pages\/7"}],"collection":[{"href":"https:\/\/bonifratrzy.pl\/apteka-warszawa\/wp-json\/wp\/v2\/pages"}],"about":[{"href":"https:\/\/bonifratrzy.pl\/apteka-warszawa\/wp-json\/wp\/v2\/types\/page"}],"author":[{"embeddable":true,"href":"https:\/\/bonifratrzy.pl\/apteka-warszawa\/wp-json\/wp\/v2\/users\/1"}],"replies":[{"embeddable":true,"href":"https:\/\/bonifratrzy.pl\/apteka-warszawa\/wp-json\/wp\/v2\/comments?post=7"}],"version-history":[{"count":62,"href":"https:\/\/bonifratrzy.pl\/apteka-warszawa\/wp-json\/wp\/v2\/pages\/7\/revisions"}],"predecessor-version":[{"id":237,"href":"https:\/\/bonifratrzy.pl\/apteka-warszawa\/wp-json\/wp\/v2\/pages\/7\/revisions\/237"}],"wp:featuredmedia":[{"embeddable":true,"href":"https:\/\/bonifratrzy.pl\/apteka-warszawa\/wp-json\/wp\/v2\/media\/184"}],"wp:attachment":[{"href":"https:\/\/bonifratrzy.pl\/apteka-warszawa\/wp-json\/wp\/v2\/media?parent=7"}],"curies":[{"name":"wp","href":"https:\/\/api.w.org\/{rel}","templated":true}]}}