{"id":6,"date":"2016-06-07T00:51:21","date_gmt":"2016-06-06T22:51:21","guid":{"rendered":"https:\/\/bonifratrzy.pl\/apteka-lodz\/?page_id=6"},"modified":"2026-02-01T16:37:40","modified_gmt":"2026-02-01T15:37:40","slug":"apteka-ziololecznicza-w-lodzi","status":"publish","type":"page","link":"https:\/\/bonifratrzy.pl\/apteka-lodz\/","title":{"rendered":"O Aptece"},"content":{"rendered":"<h1><span style=\"color: #800000\">Apteka Zio\u0142olecznicza<\/span><\/h1>\n<h1><span style=\"color: #800000\"> Konwentu <\/span><span style=\"color: #800000\">Bonifratr\u00f3w w \u0141odzi<\/span><\/h1>\n<h3><\/h3>\n<h3>Zapraszamy w godzinach:<\/h3>\n<h3><span style=\"color: #000000\">Poniedzia\u0142ek \u2013 Pi\u0105tek:\u00a0 8:00 \u2013 20:00<\/span><\/h3>\n<h3>Sobota: 9:00 &#8211; 15:00<\/h3>\n<h3>ul. Kosynier\u00f3w Gdy\u0144skich 61a<\/h3>\n<h3><img loading=\"lazy\" decoding=\"async\" class=\"wp-image-273 alignright\" src=\"https:\/\/bonifratrzy.pl\/apteka-lodz\/wp-content\/uploads\/sites\/38\/2022\/12\/nfz.png\" alt=\"\" width=\"178\" height=\"210\" \/><\/h3>\n<h3>93-357 \u0141\u00f3d\u017a<\/h3>\n<h3>tel. <span style=\"color: #000000\">42 685 51 23<\/span><\/h3>\n<p><span style=\"background-color: #ffffff;color: #ffffff\">.<\/span><\/p>\n<h3>APTEKA ZIO\u0141OLECZNICZA<\/h3>\n<h3>KONWENTU BONIFRATR\u00d3W W \u0141ODZI<\/h3>\n<h3>NIE PROWADZI SPRZEDA\u017bY WYSY\u0141KOWEJ.<\/h3>\n<p><span style=\"background-color: #ffffff\">.<\/span><\/p>\n<h3 style=\"text-align: center\"><\/h3>\n<p><a class=\"thickbox\" href=\"https:\/\/bonifratrzy.pl\/apteka-lodz\/wp-admin\/media-upload.php?post_id=6&amp;type=image&amp;TB_iframe=1\" aria-describedby=\"set-post-thumbnail-desc\"><img loading=\"lazy\" decoding=\"async\" class=\"attachment-266x266 \" src=\"https:\/\/bonifratrzy.pl\/apteka-lodz\/wp-content\/uploads\/sites\/38\/2021\/07\/granat.png\" alt=\"\" width=\"48\" height=\"49\" \/><\/a><a class=\"thickbox\" href=\"https:\/\/bonifratrzy.pl\/apteka-lodz\/wp-admin\/media-upload.php?post_id=6&amp;type=image&amp;TB_iframe=1\" aria-describedby=\"set-post-thumbnail-desc\"><img loading=\"lazy\" decoding=\"async\" class=\"attachment-266x266 \" src=\"https:\/\/bonifratrzy.pl\/apteka-lodz\/wp-content\/uploads\/sites\/38\/2021\/07\/granat.png\" alt=\"\" width=\"48\" height=\"49\" \/><\/a><a class=\"thickbox\" href=\"https:\/\/bonifratrzy.pl\/apteka-lodz\/wp-admin\/media-upload.php?post_id=6&amp;type=image&amp;TB_iframe=1\" aria-describedby=\"set-post-thumbnail-desc\"><img loading=\"lazy\" decoding=\"async\" class=\"attachment-266x266 \" src=\"https:\/\/bonifratrzy.pl\/apteka-lodz\/wp-content\/uploads\/sites\/38\/2021\/07\/granat.png\" alt=\"\" width=\"48\" height=\"49\" \/><\/a><a class=\"thickbox\" href=\"https:\/\/bonifratrzy.pl\/apteka-lodz\/wp-admin\/media-upload.php?post_id=6&amp;type=image&amp;TB_iframe=1\" aria-describedby=\"set-post-thumbnail-desc\"><img loading=\"lazy\" decoding=\"async\" class=\"attachment-266x266 \" src=\"https:\/\/bonifratrzy.pl\/apteka-lodz\/wp-content\/uploads\/sites\/38\/2021\/07\/granat.png\" alt=\"\" width=\"48\" height=\"49\" \/><\/a><a class=\"thickbox\" href=\"https:\/\/bonifratrzy.pl\/apteka-lodz\/wp-admin\/media-upload.php?post_id=6&amp;type=image&amp;TB_iframe=1\" aria-describedby=\"set-post-thumbnail-desc\"><img loading=\"lazy\" decoding=\"async\" class=\"attachment-266x266 \" src=\"https:\/\/bonifratrzy.pl\/apteka-lodz\/wp-content\/uploads\/sites\/38\/2021\/07\/granat.png\" alt=\"\" width=\"48\" height=\"49\" \/><\/a><a class=\"thickbox\" href=\"https:\/\/bonifratrzy.pl\/apteka-lodz\/wp-admin\/media-upload.php?post_id=6&amp;type=image&amp;TB_iframe=1\" aria-describedby=\"set-post-thumbnail-desc\"><img loading=\"lazy\" decoding=\"async\" class=\"attachment-266x266 \" src=\"https:\/\/bonifratrzy.pl\/apteka-lodz\/wp-content\/uploads\/sites\/38\/2021\/07\/granat.png\" alt=\"\" width=\"48\" height=\"49\" \/><\/a><a class=\"thickbox\" href=\"https:\/\/bonifratrzy.pl\/apteka-lodz\/wp-admin\/media-upload.php?post_id=6&amp;type=image&amp;TB_iframe=1\" aria-describedby=\"set-post-thumbnail-desc\"><img loading=\"lazy\" decoding=\"async\" class=\"attachment-266x266 \" src=\"https:\/\/bonifratrzy.pl\/apteka-lodz\/wp-content\/uploads\/sites\/38\/2021\/07\/granat.png\" alt=\"\" width=\"48\" height=\"49\" \/><\/a><a class=\"thickbox\" href=\"https:\/\/bonifratrzy.pl\/apteka-lodz\/wp-admin\/media-upload.php?post_id=6&amp;type=image&amp;TB_iframe=1\" aria-describedby=\"set-post-thumbnail-desc\"><img loading=\"lazy\" decoding=\"async\" class=\"attachment-266x266 \" src=\"https:\/\/bonifratrzy.pl\/apteka-lodz\/wp-content\/uploads\/sites\/38\/2021\/07\/granat.png\" alt=\"\" width=\"48\" height=\"49\" \/><\/a><a class=\"thickbox\" href=\"https:\/\/bonifratrzy.pl\/apteka-lodz\/wp-admin\/media-upload.php?post_id=6&amp;type=image&amp;TB_iframe=1\" aria-describedby=\"set-post-thumbnail-desc\"><img loading=\"lazy\" decoding=\"async\" class=\"attachment-266x266 \" src=\"https:\/\/bonifratrzy.pl\/apteka-lodz\/wp-content\/uploads\/sites\/38\/2021\/07\/granat.png\" alt=\"\" width=\"48\" height=\"49\" \/><\/a><a class=\"thickbox\" href=\"https:\/\/bonifratrzy.pl\/apteka-lodz\/wp-admin\/media-upload.php?post_id=6&amp;type=image&amp;TB_iframe=1\" aria-describedby=\"set-post-thumbnail-desc\"><img loading=\"lazy\" decoding=\"async\" class=\"attachment-266x266 \" src=\"https:\/\/bonifratrzy.pl\/apteka-lodz\/wp-content\/uploads\/sites\/38\/2021\/07\/granat.png\" alt=\"\" width=\"48\" height=\"49\" \/><\/a><a class=\"thickbox\" href=\"https:\/\/bonifratrzy.pl\/apteka-lodz\/wp-admin\/media-upload.php?post_id=6&amp;type=image&amp;TB_iframe=1\" aria-describedby=\"set-post-thumbnail-desc\"><img loading=\"lazy\" decoding=\"async\" class=\"attachment-266x266 \" src=\"https:\/\/bonifratrzy.pl\/apteka-lodz\/wp-content\/uploads\/sites\/38\/2021\/07\/granat.png\" alt=\"\" width=\"48\" height=\"49\" \/><\/a><a class=\"thickbox\" href=\"https:\/\/bonifratrzy.pl\/apteka-lodz\/wp-admin\/media-upload.php?post_id=6&amp;type=image&amp;TB_iframe=1\" aria-describedby=\"set-post-thumbnail-desc\"><img loading=\"lazy\" decoding=\"async\" class=\"attachment-266x266 \" src=\"https:\/\/bonifratrzy.pl\/apteka-lodz\/wp-content\/uploads\/sites\/38\/2021\/07\/granat.png\" alt=\"\" width=\"48\" height=\"49\" \/><\/a><a class=\"thickbox\" href=\"https:\/\/bonifratrzy.pl\/apteka-lodz\/wp-admin\/media-upload.php?post_id=6&amp;type=image&amp;TB_iframe=1\" aria-describedby=\"set-post-thumbnail-desc\"><img loading=\"lazy\" decoding=\"async\" class=\"attachment-266x266 \" src=\"https:\/\/bonifratrzy.pl\/apteka-lodz\/wp-content\/uploads\/sites\/38\/2021\/07\/granat.png\" alt=\"\" width=\"48\" height=\"49\" \/><\/a><a class=\"thickbox\" href=\"https:\/\/bonifratrzy.pl\/apteka-lodz\/wp-admin\/media-upload.php?post_id=6&amp;type=image&amp;TB_iframe=1\" aria-describedby=\"set-post-thumbnail-desc\"><img loading=\"lazy\" decoding=\"async\" class=\"attachment-266x266 \" src=\"https:\/\/bonifratrzy.pl\/apteka-lodz\/wp-content\/uploads\/sites\/38\/2021\/07\/granat.png\" alt=\"\" width=\"48\" height=\"49\" \/><\/a><a class=\"thickbox\" href=\"https:\/\/bonifratrzy.pl\/apteka-lodz\/wp-admin\/media-upload.php?post_id=6&amp;type=image&amp;TB_iframe=1\" aria-describedby=\"set-post-thumbnail-desc\"><img loading=\"lazy\" decoding=\"async\" class=\"attachment-266x266 \" src=\"https:\/\/bonifratrzy.pl\/apteka-lodz\/wp-content\/uploads\/sites\/38\/2021\/07\/granat.png\" alt=\"\" width=\"48\" height=\"49\" \/><\/a><a class=\"thickbox\" href=\"https:\/\/bonifratrzy.pl\/apteka-lodz\/wp-admin\/media-upload.php?post_id=6&amp;type=image&amp;TB_iframe=1\" aria-describedby=\"set-post-thumbnail-desc\"><img loading=\"lazy\" decoding=\"async\" class=\"attachment-266x266 \" src=\"https:\/\/bonifratrzy.pl\/apteka-lodz\/wp-content\/uploads\/sites\/38\/2021\/07\/granat.png\" alt=\"\" width=\"48\" height=\"49\" \/><\/a><a class=\"thickbox\" href=\"https:\/\/bonifratrzy.pl\/apteka-lodz\/wp-admin\/media-upload.php?post_id=6&amp;type=image&amp;TB_iframe=1\" aria-describedby=\"set-post-thumbnail-desc\"><img loading=\"lazy\" decoding=\"async\" class=\"attachment-266x266 \" src=\"https:\/\/bonifratrzy.pl\/apteka-lodz\/wp-content\/uploads\/sites\/38\/2021\/07\/granat.png\" alt=\"\" width=\"48\" height=\"49\" \/><\/a><a class=\"thickbox\" href=\"https:\/\/bonifratrzy.pl\/apteka-lodz\/wp-admin\/media-upload.php?post_id=6&amp;type=image&amp;TB_iframe=1\" aria-describedby=\"set-post-thumbnail-desc\"><img loading=\"lazy\" decoding=\"async\" class=\"attachment-266x266 \" src=\"https:\/\/bonifratrzy.pl\/apteka-lodz\/wp-content\/uploads\/sites\/38\/2021\/07\/granat.png\" alt=\"\" width=\"48\" height=\"49\" \/><\/a><\/p>\n<p><a class=\"thickbox\" href=\"https:\/\/bonifratrzy.pl\/apteka-lodz\/wp-admin\/media-upload.php?post_id=6&amp;type=image&amp;TB_iframe=1\" aria-describedby=\"set-post-thumbnail-desc\"><img loading=\"lazy\" decoding=\"async\" class=\"attachment-266x266 \" src=\"https:\/\/bonifratrzy.pl\/apteka-lodz\/wp-content\/uploads\/sites\/38\/2021\/07\/granat.png\" alt=\"\" width=\"48\" height=\"49\" \/><\/a><a class=\"thickbox\" href=\"https:\/\/bonifratrzy.pl\/apteka-lodz\/wp-admin\/media-upload.php?post_id=6&amp;type=image&amp;TB_iframe=1\" aria-describedby=\"set-post-thumbnail-desc\"><img loading=\"lazy\" decoding=\"async\" class=\"attachment-266x266 \" src=\"https:\/\/bonifratrzy.pl\/apteka-lodz\/wp-content\/uploads\/sites\/38\/2021\/07\/granat.png\" alt=\"\" width=\"48\" height=\"49\" \/><\/a><a class=\"thickbox\" href=\"https:\/\/bonifratrzy.pl\/apteka-lodz\/wp-admin\/media-upload.php?post_id=6&amp;type=image&amp;TB_iframe=1\" aria-describedby=\"set-post-thumbnail-desc\"><img loading=\"lazy\" decoding=\"async\" class=\"attachment-266x266 \" src=\"https:\/\/bonifratrzy.pl\/apteka-lodz\/wp-content\/uploads\/sites\/38\/2021\/07\/granat.png\" alt=\"\" width=\"48\" height=\"49\" \/><\/a><a class=\"thickbox\" href=\"https:\/\/bonifratrzy.pl\/apteka-lodz\/wp-admin\/media-upload.php?post_id=6&amp;type=image&amp;TB_iframe=1\" aria-describedby=\"set-post-thumbnail-desc\"><img loading=\"lazy\" decoding=\"async\" class=\"attachment-266x266 \" src=\"https:\/\/bonifratrzy.pl\/apteka-lodz\/wp-content\/uploads\/sites\/38\/2021\/07\/granat.png\" alt=\"\" width=\"48\" height=\"49\" \/><\/a><a class=\"thickbox\" href=\"https:\/\/bonifratrzy.pl\/apteka-lodz\/wp-admin\/media-upload.php?post_id=6&amp;type=image&amp;TB_iframe=1\" aria-describedby=\"set-post-thumbnail-desc\"><img loading=\"lazy\" decoding=\"async\" class=\"attachment-266x266 \" src=\"https:\/\/bonifratrzy.pl\/apteka-lodz\/wp-content\/uploads\/sites\/38\/2021\/07\/granat.png\" alt=\"\" width=\"48\" height=\"49\" \/><\/a><a class=\"thickbox\" href=\"https:\/\/bonifratrzy.pl\/apteka-lodz\/wp-admin\/media-upload.php?post_id=6&amp;type=image&amp;TB_iframe=1\" aria-describedby=\"set-post-thumbnail-desc\"><img loading=\"lazy\" decoding=\"async\" class=\"attachment-266x266 \" src=\"https:\/\/bonifratrzy.pl\/apteka-lodz\/wp-content\/uploads\/sites\/38\/2021\/07\/granat.png\" alt=\"\" width=\"48\" height=\"49\" \/><\/a><a class=\"thickbox\" href=\"https:\/\/bonifratrzy.pl\/apteka-lodz\/wp-admin\/media-upload.php?post_id=6&amp;type=image&amp;TB_iframe=1\" aria-describedby=\"set-post-thumbnail-desc\"><img loading=\"lazy\" decoding=\"async\" class=\"attachment-266x266 \" src=\"https:\/\/bonifratrzy.pl\/apteka-lodz\/wp-content\/uploads\/sites\/38\/2021\/07\/granat.png\" alt=\"\" width=\"48\" height=\"49\" \/><\/a><a class=\"thickbox\" href=\"https:\/\/bonifratrzy.pl\/apteka-lodz\/wp-admin\/media-upload.php?post_id=6&amp;type=image&amp;TB_iframe=1\" aria-describedby=\"set-post-thumbnail-desc\"><img loading=\"lazy\" decoding=\"async\" class=\"attachment-266x266 \" src=\"https:\/\/bonifratrzy.pl\/apteka-lodz\/wp-content\/uploads\/sites\/38\/2021\/07\/granat.png\" alt=\"\" width=\"48\" height=\"49\" \/><\/a><a class=\"thickbox\" href=\"https:\/\/bonifratrzy.pl\/apteka-lodz\/wp-admin\/media-upload.php?post_id=6&amp;type=image&amp;TB_iframe=1\" aria-describedby=\"set-post-thumbnail-desc\"><img loading=\"lazy\" decoding=\"async\" class=\"attachment-266x266 \" src=\"https:\/\/bonifratrzy.pl\/apteka-lodz\/wp-content\/uploads\/sites\/38\/2021\/07\/granat.png\" alt=\"\" width=\"48\" height=\"49\" \/><\/a><a class=\"thickbox\" href=\"https:\/\/bonifratrzy.pl\/apteka-lodz\/wp-admin\/media-upload.php?post_id=6&amp;type=image&amp;TB_iframe=1\" aria-describedby=\"set-post-thumbnail-desc\"><img loading=\"lazy\" decoding=\"async\" class=\"attachment-266x266 \" src=\"https:\/\/bonifratrzy.pl\/apteka-lodz\/wp-content\/uploads\/sites\/38\/2021\/07\/granat.png\" alt=\"\" width=\"48\" height=\"49\" \/><\/a><a class=\"thickbox\" href=\"https:\/\/bonifratrzy.pl\/apteka-lodz\/wp-admin\/media-upload.php?post_id=6&amp;type=image&amp;TB_iframe=1\" aria-describedby=\"set-post-thumbnail-desc\"><img loading=\"lazy\" decoding=\"async\" class=\"attachment-266x266 \" src=\"https:\/\/bonifratrzy.pl\/apteka-lodz\/wp-content\/uploads\/sites\/38\/2021\/07\/granat.png\" alt=\"\" width=\"48\" height=\"49\" \/><\/a><a class=\"thickbox\" href=\"https:\/\/bonifratrzy.pl\/apteka-lodz\/wp-admin\/media-upload.php?post_id=6&amp;type=image&amp;TB_iframe=1\" aria-describedby=\"set-post-thumbnail-desc\"><img loading=\"lazy\" decoding=\"async\" class=\"attachment-266x266 \" src=\"https:\/\/bonifratrzy.pl\/apteka-lodz\/wp-content\/uploads\/sites\/38\/2021\/07\/granat.png\" alt=\"\" width=\"48\" height=\"49\" \/><\/a><a class=\"thickbox\" href=\"https:\/\/bonifratrzy.pl\/apteka-lodz\/wp-admin\/media-upload.php?post_id=6&amp;type=image&amp;TB_iframe=1\" aria-describedby=\"set-post-thumbnail-desc\"><img loading=\"lazy\" decoding=\"async\" class=\"attachment-266x266 \" src=\"https:\/\/bonifratrzy.pl\/apteka-lodz\/wp-content\/uploads\/sites\/38\/2021\/07\/granat.png\" alt=\"\" width=\"48\" height=\"49\" \/><\/a><a class=\"thickbox\" href=\"https:\/\/bonifratrzy.pl\/apteka-lodz\/wp-admin\/media-upload.php?post_id=6&amp;type=image&amp;TB_iframe=1\" aria-describedby=\"set-post-thumbnail-desc\"><img loading=\"lazy\" decoding=\"async\" class=\"attachment-266x266 \" src=\"https:\/\/bonifratrzy.pl\/apteka-lodz\/wp-content\/uploads\/sites\/38\/2021\/07\/granat.png\" alt=\"\" width=\"48\" height=\"49\" \/><\/a><a class=\"thickbox\" href=\"https:\/\/bonifratrzy.pl\/apteka-lodz\/wp-admin\/media-upload.php?post_id=6&amp;type=image&amp;TB_iframe=1\" aria-describedby=\"set-post-thumbnail-desc\"><img loading=\"lazy\" decoding=\"async\" class=\"attachment-266x266 \" src=\"https:\/\/bonifratrzy.pl\/apteka-lodz\/wp-content\/uploads\/sites\/38\/2021\/07\/granat.png\" alt=\"\" width=\"48\" height=\"49\" \/><\/a><a class=\"thickbox\" href=\"https:\/\/bonifratrzy.pl\/apteka-lodz\/wp-admin\/media-upload.php?post_id=6&amp;type=image&amp;TB_iframe=1\" aria-describedby=\"set-post-thumbnail-desc\"><img loading=\"lazy\" decoding=\"async\" class=\"attachment-266x266 \" src=\"https:\/\/bonifratrzy.pl\/apteka-lodz\/wp-content\/uploads\/sites\/38\/2021\/07\/granat.png\" alt=\"\" width=\"48\" height=\"49\" \/><\/a><a class=\"thickbox\" href=\"https:\/\/bonifratrzy.pl\/apteka-lodz\/wp-admin\/media-upload.php?post_id=6&amp;type=image&amp;TB_iframe=1\" aria-describedby=\"set-post-thumbnail-desc\"><img loading=\"lazy\" decoding=\"async\" class=\"attachment-266x266 \" src=\"https:\/\/bonifratrzy.pl\/apteka-lodz\/wp-content\/uploads\/sites\/38\/2021\/07\/granat.png\" alt=\"\" width=\"48\" height=\"49\" \/><\/a><a class=\"thickbox\" href=\"https:\/\/bonifratrzy.pl\/apteka-lodz\/wp-admin\/media-upload.php?post_id=6&amp;type=image&amp;TB_iframe=1\" aria-describedby=\"set-post-thumbnail-desc\"><img loading=\"lazy\" decoding=\"async\" class=\"attachment-266x266 \" src=\"https:\/\/bonifratrzy.pl\/apteka-lodz\/wp-content\/uploads\/sites\/38\/2021\/07\/granat.png\" alt=\"\" width=\"48\" height=\"49\" \/><\/a><\/p>\n<p align=\"center\"><a name=\"_GoBack\"><\/a><\/p>\n<pre><\/pre>\n<p align=\"justify\"><span style=\"color: #800000\"><span style=\"font-size: large\">\u00a0<\/span><\/span><\/p>\n<p align=\"justify\">\n","protected":false},"excerpt":{"rendered":"<p>Apteka Zio\u0142olecznicza Konwentu Bonifratr\u00f3w w \u0141odzi Zapraszamy w godzinach: Poniedzia\u0142ek \u2013 Pi\u0105tek:\u00a0 8:00 \u2013 20:00 Sobota: 9:00 &#8211; 15:00 ul. Kosynier\u00f3w Gdy\u0144skich 61a 93-357 \u0141\u00f3d\u017a tel. 42 685 51 23 . APTEKA ZIO\u0141OLECZNICZA KONWENTU BONIFRATR\u00d3W W \u0141ODZI NIE PROWADZI SPRZEDA\u017bY WYSY\u0141KOWEJ. . \u00a0<\/p>\n","protected":false},"author":1,"featured_media":145,"parent":0,"menu_order":2,"comment_status":"closed","ping_status":"closed","template":"page-home.php","meta":{"footnotes":""},"_links":{"self":[{"href":"https:\/\/bonifratrzy.pl\/apteka-lodz\/wp-json\/wp\/v2\/pages\/6"}],"collection":[{"href":"https:\/\/bonifratrzy.pl\/apteka-lodz\/wp-json\/wp\/v2\/pages"}],"about":[{"href":"https:\/\/bonifratrzy.pl\/apteka-lodz\/wp-json\/wp\/v2\/types\/page"}],"author":[{"embeddable":true,"href":"https:\/\/bonifratrzy.pl\/apteka-lodz\/wp-json\/wp\/v2\/users\/1"}],"replies":[{"embeddable":true,"href":"https:\/\/bonifratrzy.pl\/apteka-lodz\/wp-json\/wp\/v2\/comments?post=6"}],"version-history":[{"count":101,"href":"https:\/\/bonifratrzy.pl\/apteka-lodz\/wp-json\/wp\/v2\/pages\/6\/revisions"}],"predecessor-version":[{"id":340,"href":"https:\/\/bonifratrzy.pl\/apteka-lodz\/wp-json\/wp\/v2\/pages\/6\/revisions\/340"}],"wp:featuredmedia":[{"embeddable":true,"href":"https:\/\/bonifratrzy.pl\/apteka-lodz\/wp-json\/wp\/v2\/media\/145"}],"wp:attachment":[{"href":"https:\/\/bonifratrzy.pl\/apteka-lodz\/wp-json\/wp\/v2\/media?parent=6"}],"curies":[{"name":"wp","href":"https:\/\/api.w.org\/{rel}","templated":true}]}}