{"id":113,"date":"2020-12-10T09:08:17","date_gmt":"2020-12-10T08:08:17","guid":{"rendered":"https:\/\/bonifratrzy.pl\/apteka-lodz\/?page_id=113"},"modified":"2026-02-01T16:36:21","modified_gmt":"2026-02-01T15:36:21","slug":"kontakt","status":"publish","type":"page","link":"https:\/\/bonifratrzy.pl\/apteka-lodz\/kontakt\/","title":{"rendered":"Kontakt"},"content":{"rendered":"<div class=\"su-row\"><div class=\"su-column su-column-size-1-3\"><div class=\"su-column-inner su-u-clearfix su-u-trim\">\n<h2>Apteka Zio\u0142olecznicza Konwentu Bonifratr\u00f3w w\u00a0\u0141odzi<\/h2>\n<p><strong>Zapraszamy w\u00a0godzinach:<\/strong><\/p>\n<p>Poniedzia\u0142ek \u2013 Pi\u0105tek:\u00a0\u00a08:00 \u2013 20:00<br \/>\nSobota:\u00a0 9:00 \u2013 15:00<\/p>\n<p>ul.\u00a0Kosynier\u00f3w Gdy\u0144skich 61a<br \/>\n93-357 \u0141\u00f3d\u017a<\/p>\n<p>tel.\u00a042\u00a0685\u00a051\u00a023<\/p>\n<\/div><\/div> <div class=\"su-column su-column-size-2-3\"><div class=\"su-column-inner su-u-clearfix su-u-trim\">\n<\/div><\/div><\/div>\n","protected":false},"excerpt":{"rendered":"","protected":false},"author":1,"featured_media":0,"parent":0,"menu_order":1,"comment_status":"closed","ping_status":"closed","template":"page-full-width.php","meta":{"footnotes":""},"_links":{"self":[{"href":"https:\/\/bonifratrzy.pl\/apteka-lodz\/wp-json\/wp\/v2\/pages\/113"}],"collection":[{"href":"https:\/\/bonifratrzy.pl\/apteka-lodz\/wp-json\/wp\/v2\/pages"}],"about":[{"href":"https:\/\/bonifratrzy.pl\/apteka-lodz\/wp-json\/wp\/v2\/types\/page"}],"author":[{"embeddable":true,"href":"https:\/\/bonifratrzy.pl\/apteka-lodz\/wp-json\/wp\/v2\/users\/1"}],"replies":[{"embeddable":true,"href":"https:\/\/bonifratrzy.pl\/apteka-lodz\/wp-json\/wp\/v2\/comments?post=113"}],"version-history":[{"count":5,"href":"https:\/\/bonifratrzy.pl\/apteka-lodz\/wp-json\/wp\/v2\/pages\/113\/revisions"}],"predecessor-version":[{"id":341,"href":"https:\/\/bonifratrzy.pl\/apteka-lodz\/wp-json\/wp\/v2\/pages\/113\/revisions\/341"}],"wp:attachment":[{"href":"https:\/\/bonifratrzy.pl\/apteka-lodz\/wp-json\/wp\/v2\/media?parent=113"}],"curies":[{"name":"wp","href":"https:\/\/api.w.org\/{rel}","templated":true}]}}