{"id":5,"date":"2016-06-06T23:54:21","date_gmt":"2016-06-06T21:54:21","guid":{"rendered":"https:\/\/bonifratrzy.pl\/apteka-krakow\/?page_id=5"},"modified":"2024-04-12T13:19:37","modified_gmt":"2024-04-12T11:19:37","slug":"apteka","status":"publish","type":"page","link":"https:\/\/bonifratrzy.pl\/apteka-krakow\/","title":{"rendered":"Apteka \u201eUzdrowienie Chorych\u201d"},"content":{"rendered":"<p class=\"lid\">Bonifratrzy przy swoich szpitalach zak\u0142adali tak\u017ce pomocne w ich pracy apteki. Nie inaczej by\u0142o te\u017c w Krakowie, jakkolwiek apteka na potrzeby szpitalne wystarcza\u0142a w zupe\u0142no\u015bci. W zwi\u0105zku z tym bonifratrzy zamierzali prowadzi\u0107 r\u00f3wnie\u017c us\u0142ugi aptekarskie dla innych mieszka\u0144c\u00f3w, staraj\u0105c si\u0119 o otwarcie apteki publicznej. Z r\u00f3\u017cnych wzgl\u0119d\u00f3w a\u017c do naszych czas\u00f3w pozostawa\u0142o to tylko w sferze plan\u00f3w.<\/p>\n<p>Najstarszymi znanymi dokumentami, zezwalaj\u0105cymi bonifratrom krakowskim na\u00a0powszechn\u0105 sprzeda\u017c lekarstw, s\u0105 tzw. dekrety dworskie z\u00a01748\u00a0r. i\u00a01768\u00a0r., ale\u00a0rozbiory Rzeczpospolitej przekre\u015bli\u0142y w\u00a0praktyce te zamierzenia. Po\u00a0przeprowadzce na\u00a0Kazimierz tak\u017ce austriackie w\u0142adze zaborcze nie wyra\u017ca\u0142y d\u0142ugo zgody, pomimo pr\u00f3b podejmowanych ustawicznie przez bonifratr\u00f3w, np.\u00a0du\u017cym kosztem otwarto w\u00a01865\u00a0r., zgodnie z\u00a0\u00f3wczesnymi wymogami aptek\u0119, ale\u00a0osobista interwencja prezydenta Krakowa J\u00f3zefa Dietla doprowadzi\u0142a do\u00a0jej zamkni\u0119cia. Dopiero w\u00a01912\u00a0r. za\u015bwita\u0142a nadzieja na\u00a0zmian\u0119 statusu apteki szpitalnej na\u00a0powszechn\u0105. W\u00f3wczas w\u0142adze zgodzi\u0142y si\u0119, nareszcie, na\u00a0pozytywne za\u0142atwienie tej\u00a0sprawy, jednak zdecydowana postawa aptekarzy krakowskich, doprowadzi\u0142a rok p\u00f3\u017aniej do\u00a0cofni\u0119cia zgody. Do\u00a0ko\u0144ca XX w. sprawy tej\u00a0nie rozwi\u0105zano.<\/p>\n<p>Starania zakonnik\u00f3w sprawi\u0142y, \u017ce\u00a0ostatecznie 28 lutego 2003\u00a0r. otwarto prywatn\u0105 aptek\u0119 bonifratersk\u0105 nosz\u0105c\u0105 nazw\u0119 \u201eUzdrowienie Chorych\u201d. Znajduje si\u0119 ona na\u00a0parterze budynku przy ul.\u00a0Krakowskiej 50, przylegaj\u0105cego do\u00a0ko\u015bcio\u0142a od\u00a0strony po\u0142udniowej. Jest to\u00a0budynek pi\u0119trowy, kt\u00f3ry\u00a0swoje pocz\u0105tki datuje na\u00a0prze\u0142om XVI i\u00a0XVII w. W\u00a01 po\u0142owie XVII w. zosta\u0142 ca\u0142kowicie przebudowany, a\u00a0w\u00a0XX w. dwukrotnie restaurowany.<\/p>\n<h2 class=\"cl-1\"><strong>Asortyment apteki:<\/strong><\/h2>\n<ul>\n<li>Preparaty zio\u0142owe gotowe i\u00a0recepturowe<\/li>\n<li>Leki gotowe i\u00a0recepturowe<\/li>\n<li>Przeciw\u017cylakowe wyroby po\u0144czosznicze<\/li>\n<li>Parafarmaceutyki<\/li>\n<li>Kosmetyki lecznicze<\/li>\n<\/ul>\n<p>Dzi\u015b tj. 8 kwietnia 2024 r. wyj\u0105tkowo obchodzimy <strong>Uroczysto\u015b\u0107 Zwiastowania Naj\u015bwi\u0119tszej Maryi Pannie<\/strong>, \u015bwi\u0119to patronalne Prowincji Polskiej Zakonu Bonifratr\u00f3w, kt\u00f3ra z uwagi na Wielki Tydzie\u0144 zosta\u0142a przeniesiona z 25.03.2024 r.<\/p>\n<p>W kaplicy warszawskiego konwentu zosta\u0142a odprawiona uroczysta Msza \u015bw. z udzia\u0142em O. Prowincja\u0142a, Franciszka Salezego Chmiela, Przeora konwentu, br. Paw\u0142a Kulki, braci wsp\u00f3lnoty warszawskiej, mieszka\u0144c\u00f3w domu oraz wsp\u00f3\u0142pracownik\u00f3w warszawskiego oddzia\u0142u BCM, konwentu i kurii prowincjalnej, kt\u00f3rej przewodniczy\u0142 o. prof. Pawe\u0142 Warcho\u0142 z zakonu franciszkan\u00f3w, specjalista mariologii.<\/p>\n<p>Podczas homilii kaznodzieja, o. Pawe\u0142 nawi\u0105za\u0142 do postawy Maryi, kt\u00f3ra wolna od grzechu pierworodnego przez swoje Fiat, przyj\u0119\u0142a z mi\u0142o\u015bci do swojego \u0142ona Chrystusa Odkupiciela, podejmuj\u0105c wsp\u00f3\u0142prac\u0119 w dziele naszego zbawienia. W kontek\u015bcie Jej blisko\u015bci do Zakonu Bonifratr\u00f3w przywo\u0142a\u0142 wezwania z Litanii Loreta\u0144skiej \u2013 Uzdrowienie Chorych i Pocieszycielko Strapionych, kt\u00f3rych przyzywamy prosz\u0105c o Jej or\u0119downictwo. Kaznodzieja nawi\u0105za\u0142 tak\u017ce do \u015bw. Jana Paw\u0142a II, kt\u00f3ry podczas swojego pontyfikatu m\u00f3wi\u0142, \u017ce Ko\u015bci\u00f3\u0142 jest r\u00f3wnie\u017c maryjny. Pokazuje to wyra\u017anie znaczenie Jej osoby w historii zbawienia. Stosuj\u0105c paralel\u0119 odnosz\u0105c\u0105 si\u0119 do otwarto\u015bci Maryi o. Pawe\u0142 nawi\u0105za\u0142 do Za\u0142o\u017cyciela Zakonu Jana Bo\u017cego, kt\u00f3ry jak Ona odpowiedzia\u0142 sercem na wezwanie Chrystusa i podj\u0105\u0142 realizacj\u0119 niesienia pomocy chorym, potrzebuj\u0105cym i ubogim.<\/p>\n<p>Prowincja\u0142 w podzi\u0119kowaniu o. Paw\u0142owi Warcho\u0142owi na koniec Mszy \u015bw. nawi\u0105za\u0142 mi\u0119dzy innymi do dzia\u0142alno\u015bci apostolskiej Zakonu w Nazarecie, w kt\u00f3rym przez kilka lat jako prze\u0142o\u017cony lokalnej wsp\u00f3lnoty sk\u0142adaj\u0105cej si\u0119 ze wsp\u00f3\u0142braci z Polskiej Prowincji Zakonu Bonifratr\u00f3w pw. Zwiastowani Naj\u015bwi\u0119tszej Maryi Panny realizowa\u0142 charyzmat \u015bw. Jana Bo\u017cego.<\/p>\n<p>&nbsp;<\/p>\n<div class=\"wpmf-gallerys wpmf-gallerys-life \" ><div id=\"gallery-1\"\n data-gutter-width=\"5\"\n  data-wpmfcolumns=\"3\" class=\"wpmf-gallery gallery-link-file gallery_life gallery-masonry gallery-columns-3 gallery-size-thumbnail wpmf-gallery-bottomspace-default wpmf-gallery-clear wpmf-has-border-radius-0 wpmf-gutterwidth-5\"><div class=\"wpmf-gallery-item\n     wpmf-gallery-item-position-0 wpmf-gallery-item-attachment-29\" data-index=\"0\"><div class=\"wpmf-gallery-icon\"><a class=\" not_video noLightbox\" data-lightbox=\"1\" data-href=\"https:\/\/bonifratrzy.pl\/apteka-krakow\/wp-content\/uploads\/sites\/35\/2024\/04\/DSC03322-1-1024x575.jpg\" title=\"DSC03322\" target=\"_self\" data-index=\"0\"><img decoding=\"async\" class=\"wpmf_img\" alt=\"DSC03322\" src=\"https:\/\/bonifratrzy.pl\/apteka-krakow\/wp-content\/uploads\/sites\/35\/2024\/04\/DSC03322-1-150x150.jpg\" data-type=\"wpmfgalleryimg\" data-lazy-src=\"https:\/\/bonifratrzy.pl\/apteka-krakow\/wp-content\/uploads\/sites\/35\/2024\/04\/DSC03322-1-150x150.jpg\"><\/a><\/div><\/div><div class=\"wpmf-gallery-item\n     wpmf-gallery-item-position-1 wpmf-gallery-item-attachment-30\" data-index=\"1\"><div class=\"wpmf-gallery-icon\"><a class=\" not_video noLightbox\" data-lightbox=\"1\" data-href=\"https:\/\/bonifratrzy.pl\/apteka-krakow\/wp-content\/uploads\/sites\/35\/2024\/04\/DSC03323-1-1024x575.jpg\" title=\"DSC03323\" target=\"_self\" data-index=\"1\"><img decoding=\"async\" class=\"wpmf_img\" alt=\"DSC03323\" src=\"https:\/\/bonifratrzy.pl\/apteka-krakow\/wp-content\/uploads\/sites\/35\/2024\/04\/DSC03323-1-150x150.jpg\" data-type=\"wpmfgalleryimg\" data-lazy-src=\"https:\/\/bonifratrzy.pl\/apteka-krakow\/wp-content\/uploads\/sites\/35\/2024\/04\/DSC03323-1-150x150.jpg\"><\/a><\/div><\/div><div class=\"wpmf-gallery-item\n     wpmf-gallery-item-position-2 wpmf-gallery-item-attachment-31\" data-index=\"2\"><div class=\"wpmf-gallery-icon\"><a class=\" not_video noLightbox\" data-lightbox=\"1\" data-href=\"https:\/\/bonifratrzy.pl\/apteka-krakow\/wp-content\/uploads\/sites\/35\/2024\/04\/DSC03327-1-1024x575.jpg\" title=\"DSC03327\" target=\"_self\" data-index=\"2\"><img decoding=\"async\" class=\"wpmf_img\" alt=\"DSC03327\" src=\"https:\/\/bonifratrzy.pl\/apteka-krakow\/wp-content\/uploads\/sites\/35\/2024\/04\/DSC03327-1-150x150.jpg\" data-type=\"wpmfgalleryimg\" data-lazy-src=\"https:\/\/bonifratrzy.pl\/apteka-krakow\/wp-content\/uploads\/sites\/35\/2024\/04\/DSC03327-1-150x150.jpg\"><\/a><\/div><\/div><div class=\"wpmf-gallery-item\n     wpmf-gallery-item-position-3 wpmf-gallery-item-attachment-32\" data-index=\"3\"><div class=\"wpmf-gallery-icon\"><a class=\" not_video noLightbox\" data-lightbox=\"1\" data-href=\"https:\/\/bonifratrzy.pl\/apteka-krakow\/wp-content\/uploads\/sites\/35\/2024\/04\/DSC03328-1-1024x575.jpg\" title=\"DSC03328\" target=\"_self\" data-index=\"3\"><img decoding=\"async\" class=\"wpmf_img\" alt=\"DSC03328\" src=\"https:\/\/bonifratrzy.pl\/apteka-krakow\/wp-content\/uploads\/sites\/35\/2024\/04\/DSC03328-1-150x150.jpg\" data-type=\"wpmfgalleryimg\" data-lazy-src=\"https:\/\/bonifratrzy.pl\/apteka-krakow\/wp-content\/uploads\/sites\/35\/2024\/04\/DSC03328-1-150x150.jpg\"><\/a><\/div><\/div><div class=\"wpmf-gallery-item\n     wpmf-gallery-item-position-4 wpmf-gallery-item-attachment-33\" data-index=\"4\"><div class=\"wpmf-gallery-icon\"><a class=\" not_video noLightbox\" data-lightbox=\"1\" data-href=\"https:\/\/bonifratrzy.pl\/apteka-krakow\/wp-content\/uploads\/sites\/35\/2024\/04\/DSC03329-1-1024x575.jpg\" title=\"DSC03329\" target=\"_self\" data-index=\"4\"><img decoding=\"async\" class=\"wpmf_img\" alt=\"DSC03329\" src=\"https:\/\/bonifratrzy.pl\/apteka-krakow\/wp-content\/uploads\/sites\/35\/2024\/04\/DSC03329-1-150x150.jpg\" data-type=\"wpmfgalleryimg\" data-lazy-src=\"https:\/\/bonifratrzy.pl\/apteka-krakow\/wp-content\/uploads\/sites\/35\/2024\/04\/DSC03329-1-150x150.jpg\"><\/a><\/div><\/div><div class=\"wpmf-gallery-item\n     wpmf-gallery-item-position-5 wpmf-gallery-item-attachment-34\" data-index=\"5\"><div class=\"wpmf-gallery-icon\"><a class=\" not_video noLightbox\" data-lightbox=\"1\" data-href=\"https:\/\/bonifratrzy.pl\/apteka-krakow\/wp-content\/uploads\/sites\/35\/2024\/04\/DSC03309-1-1024x575.jpg\" title=\"DSC03309\" target=\"_self\" data-index=\"5\"><img decoding=\"async\" class=\"wpmf_img\" alt=\"DSC03309\" src=\"https:\/\/bonifratrzy.pl\/apteka-krakow\/wp-content\/uploads\/sites\/35\/2024\/04\/DSC03309-1-150x150.jpg\" data-type=\"wpmfgalleryimg\" data-lazy-src=\"https:\/\/bonifratrzy.pl\/apteka-krakow\/wp-content\/uploads\/sites\/35\/2024\/04\/DSC03309-1-150x150.jpg\"><\/a><\/div><\/div><div class=\"wpmf-gallery-item\n     wpmf-gallery-item-position-6 wpmf-gallery-item-attachment-35\" data-index=\"6\"><div class=\"wpmf-gallery-icon\"><a class=\" not_video noLightbox\" data-lightbox=\"1\" data-href=\"https:\/\/bonifratrzy.pl\/apteka-krakow\/wp-content\/uploads\/sites\/35\/2024\/04\/DSC03315-1-1024x575.jpg\" title=\"DSC03315\" target=\"_self\" data-index=\"6\"><img decoding=\"async\" class=\"wpmf_img\" alt=\"DSC03315\" src=\"https:\/\/bonifratrzy.pl\/apteka-krakow\/wp-content\/uploads\/sites\/35\/2024\/04\/DSC03315-1-150x150.jpg\" data-type=\"wpmfgalleryimg\" data-lazy-src=\"https:\/\/bonifratrzy.pl\/apteka-krakow\/wp-content\/uploads\/sites\/35\/2024\/04\/DSC03315-1-150x150.jpg\"><\/a><\/div><\/div><div class=\"wpmf-gallery-item\n     wpmf-gallery-item-position-7 wpmf-gallery-item-attachment-36\" data-index=\"7\"><div class=\"wpmf-gallery-icon\"><a class=\" not_video noLightbox\" data-lightbox=\"1\" data-href=\"https:\/\/bonifratrzy.pl\/apteka-krakow\/wp-content\/uploads\/sites\/35\/2024\/04\/DSC03317-1-1024x575.jpg\" title=\"DSC03317\" target=\"_self\" data-index=\"7\"><img decoding=\"async\" class=\"wpmf_img\" alt=\"DSC03317\" src=\"https:\/\/bonifratrzy.pl\/apteka-krakow\/wp-content\/uploads\/sites\/35\/2024\/04\/DSC03317-1-150x150.jpg\" data-type=\"wpmfgalleryimg\" data-lazy-src=\"https:\/\/bonifratrzy.pl\/apteka-krakow\/wp-content\/uploads\/sites\/35\/2024\/04\/DSC03317-1-150x150.jpg\"><\/a><\/div><\/div><div class=\"wpmf-gallery-item\n     wpmf-gallery-item-position-8 wpmf-gallery-item-attachment-37\" data-index=\"8\"><div class=\"wpmf-gallery-icon\"><a class=\" not_video noLightbox\" data-lightbox=\"1\" data-href=\"https:\/\/bonifratrzy.pl\/apteka-krakow\/wp-content\/uploads\/sites\/35\/2024\/04\/DSC03319-1-1024x575.jpg\" title=\"DSC03319\" target=\"_self\" data-index=\"8\"><img decoding=\"async\" class=\"wpmf_img\" alt=\"DSC03319\" src=\"https:\/\/bonifratrzy.pl\/apteka-krakow\/wp-content\/uploads\/sites\/35\/2024\/04\/DSC03319-1-150x150.jpg\" data-type=\"wpmfgalleryimg\" data-lazy-src=\"https:\/\/bonifratrzy.pl\/apteka-krakow\/wp-content\/uploads\/sites\/35\/2024\/04\/DSC03319-1-150x150.jpg\"><\/a><\/div><\/div><\/div><\/div>\n\n<p>&nbsp;<\/p>\n","protected":false},"excerpt":{"rendered":"<p>Bonifratrzy przy swoich szpitalach zak\u0142adali tak\u017ce pomocne w ich pracy apteki. Nie inaczej by\u0142o te\u017c w Krakowie, jakkolwiek apteka na potrzeby szpitalne wystarcza\u0142a w zupe\u0142no\u015bci. W zwi\u0105zku z tym bonifratrzy zamierzali prowadzi\u0107 r\u00f3wnie\u017c us\u0142ugi aptekarskie dla innych mieszka\u0144c\u00f3w, staraj\u0105c si\u0119 o otwarcie apteki publicznej. Z r\u00f3\u017cnych wzgl\u0119d\u00f3w a\u017c do naszych czas\u00f3w pozostawa\u0142o to tylko w [&hellip;]<\/p>\n","protected":false},"author":1,"featured_media":0,"parent":0,"menu_order":0,"comment_status":"closed","ping_status":"closed","template":"page-home.php","meta":{"footnotes":""},"_links":{"self":[{"href":"https:\/\/bonifratrzy.pl\/apteka-krakow\/wp-json\/wp\/v2\/pages\/5"}],"collection":[{"href":"https:\/\/bonifratrzy.pl\/apteka-krakow\/wp-json\/wp\/v2\/pages"}],"about":[{"href":"https:\/\/bonifratrzy.pl\/apteka-krakow\/wp-json\/wp\/v2\/types\/page"}],"author":[{"embeddable":true,"href":"https:\/\/bonifratrzy.pl\/apteka-krakow\/wp-json\/wp\/v2\/users\/1"}],"replies":[{"embeddable":true,"href":"https:\/\/bonifratrzy.pl\/apteka-krakow\/wp-json\/wp\/v2\/comments?post=5"}],"version-history":[{"count":11,"href":"https:\/\/bonifratrzy.pl\/apteka-krakow\/wp-json\/wp\/v2\/pages\/5\/revisions"}],"predecessor-version":[{"id":38,"href":"https:\/\/bonifratrzy.pl\/apteka-krakow\/wp-json\/wp\/v2\/pages\/5\/revisions\/38"}],"wp:attachment":[{"href":"https:\/\/bonifratrzy.pl\/apteka-krakow\/wp-json\/wp\/v2\/media?parent=5"}],"curies":[{"name":"wp","href":"https:\/\/api.w.org\/{rel}","templated":true}]}}