{"id":5,"date":"2016-06-07T00:49:53","date_gmt":"2016-06-06T22:49:53","guid":{"rendered":"https:\/\/bonifratrzy.pl\/apteka-cieszyn\/?page_id=5"},"modified":"2024-01-03T18:43:09","modified_gmt":"2024-01-03T17:43:09","slug":"apteka-bonifratrow-u-milosiernych-cieszyn","status":"publish","type":"page","link":"https:\/\/bonifratrzy.pl\/apteka-cieszyn\/","title":{"rendered":"Strona g\u0142\u00f3wna"},"content":{"rendered":"<div class=\"su-row\"> <div class=\"su-column su-column-size-2-3\"><div class=\"su-column-inner su-u-clearfix su-u-trim\">\n<h2>Apteka \u201dU Mi\u0142osiernych\u201d<\/h2>\n<p>Zakon Szpitalny \u015awi\u0119tego Jana Bo\u017cego w Cieszynie wychodz\u0105c naprzeciw potrzebom Pacjent\u00f3w uruchomi\u0142 Poradni\u0119 Fitoterapeutyczn\u0105 przy kt\u00f3rej dzia\u0142a Apteka \u201cU Mi\u0142osiernych\u201d.<br \/>\nW poradni Fitoterapeutycznej porad zio\u0142owych, dietetycznych udzielaj\u0105 lekarze i bracia z wykorzystaniem wielowiekowego do\u015bwiadczenia Zakonu Bonifratr\u00f3w w dziedzinie stosowania ro\u015blin leczniczych.<\/p>\n<p>Zalecone mieszanki zio\u0142owe, zio\u0142a pojedyncze i ich przetwory oraz inne produkty bonifraterskie mo\u017cna naby\u0107 na miejscu w Aptece.<\/p>\n<p>Zapraszamy bo warto \u2013 dla Zdrowia<\/p>\n<p>&nbsp;<\/p>\n<h2><strong>Apteka w Cieszynie nie prowadzi sprzeda\u017cy wysy\u0142kowej.<\/strong><\/h2>\n<\/div><\/div>\n<div class=\"su-column su-column-size-1-3\"><div class=\"su-column-inner su-u-clearfix su-u-trim\">\n<p><img loading=\"lazy\" decoding=\"async\" class=\"alignnone wp-image-19 size-full\" src=\"https:\/\/bonifratrzy.pl\/apteka-cieszyn\/wp-content\/uploads\/sites\/37\/2022\/08\/apteka-img-2.jpg\" alt=\"\" width=\"900\" height=\"605\" srcset=\"https:\/\/bonifratrzy.pl\/apteka-cieszyn\/wp-content\/uploads\/sites\/37\/2022\/08\/apteka-img-2.jpg 900w, https:\/\/bonifratrzy.pl\/apteka-cieszyn\/wp-content\/uploads\/sites\/37\/2022\/08\/apteka-img-2-300x202.jpg 300w, https:\/\/bonifratrzy.pl\/apteka-cieszyn\/wp-content\/uploads\/sites\/37\/2022\/08\/apteka-img-2-768x516.jpg 768w\" sizes=\"(max-width: 900px) 100vw, 900px\" \/><\/p>\n<\/div><\/div>\n<\/div>\n","protected":false},"excerpt":{"rendered":"","protected":false},"author":1,"featured_media":0,"parent":0,"menu_order":1,"comment_status":"closed","ping_status":"closed","template":"page-home.php","meta":{"footnotes":""},"_links":{"self":[{"href":"https:\/\/bonifratrzy.pl\/apteka-cieszyn\/wp-json\/wp\/v2\/pages\/5"}],"collection":[{"href":"https:\/\/bonifratrzy.pl\/apteka-cieszyn\/wp-json\/wp\/v2\/pages"}],"about":[{"href":"https:\/\/bonifratrzy.pl\/apteka-cieszyn\/wp-json\/wp\/v2\/types\/page"}],"author":[{"embeddable":true,"href":"https:\/\/bonifratrzy.pl\/apteka-cieszyn\/wp-json\/wp\/v2\/users\/1"}],"replies":[{"embeddable":true,"href":"https:\/\/bonifratrzy.pl\/apteka-cieszyn\/wp-json\/wp\/v2\/comments?post=5"}],"version-history":[{"count":16,"href":"https:\/\/bonifratrzy.pl\/apteka-cieszyn\/wp-json\/wp\/v2\/pages\/5\/revisions"}],"predecessor-version":[{"id":40,"href":"https:\/\/bonifratrzy.pl\/apteka-cieszyn\/wp-json\/wp\/v2\/pages\/5\/revisions\/40"}],"wp:attachment":[{"href":"https:\/\/bonifratrzy.pl\/apteka-cieszyn\/wp-json\/wp\/v2\/media?parent=5"}],"curies":[{"name":"wp","href":"https:\/\/api.w.org\/{rel}","templated":true}]}}