{"id":42,"date":"2022-09-05T23:49:05","date_gmt":"2022-09-05T21:49:05","guid":{"rendered":"https:\/\/bonifratrzy.pl\/apteka-cieszyn\/?page_id=42"},"modified":"2022-09-08T19:06:39","modified_gmt":"2022-09-08T17:06:39","slug":"bonifraterskie","status":"publish","type":"page","link":"https:\/\/bonifratrzy.pl\/apteka-cieszyn\/bonifraterskie\/","title":{"rendered":"Bonifraterskie"},"content":{"rendered":"<h3>Borelifratin forte &#8211; naturalne wsparcie organizmu w zio\u0142owej herbatce<\/h3>\n<p><img loading=\"lazy\" decoding=\"async\" class=\"alignnone size-full wp-image-49\" src=\"https:\/\/bonifratrzy.pl\/apteka-cieszyn\/wp-content\/uploads\/sites\/37\/2022\/09\/borelifratin-forte-30.jpg\" alt=\"\" width=\"161\" height=\"200\" \/><\/p>\n<p>Bonifraterska herbatka wspieraj\u0105ca <strong>prawid\u0142owe funkcjonowanie organizmu<\/strong>. Dzi\u0119ki unikalnej kompozycji surowc\u00f3w o wielokierunkowym dzia\u0142aniu, herbatk\u0119 mo\u017cna zastosowa\u0107 w wielu dolegliwo\u015bciach: jako wsparcie pami\u0119ci i koncentracji, <strong>poprawa sprawno\u015bci umys\u0142owej<\/strong>, prawid\u0142owe funkcjonowanie dr\u00f3g moczowych oraz <strong>u\u0142atwienie eliminacji wody z organizmu<\/strong>, wsparcie uk\u0142adu kostno-stawowego i pracy p\u0119cherzyka \u017c\u00f3\u0142ciowego. Ponadto herbatka pozytywnie wp\u0142ywa na <strong>metabolizm w\u0119glowodan\u00f3w, uk\u0142ad kr\u0105\u017cenia, dba o zdrowie \u017cy\u0142<\/strong> oraz obni\u017ca poziom cholesterolu. Obecno\u015b\u0107 naturalnych sk\u0142adnik\u00f3w (<strong>wi\u0105z\u00f3wka b\u0142otna, tarczyca bajkalska, lucerna, mi\u0142orz\u0105b japo\u0144ski, szcze\u0107, pokrzywa, lebiodka, w\u0105krota, arcydzi\u0119giel<\/strong>) pozwala na bezpieczne zastosowanie herbatki w wy\u017cej wymienionych dolegliwo\u015bciach. Regularne stosowanie herbatki bonifraterskiej uchroni kom\u00f3rki i tkanki przed stresem oksydacyjnym.<\/p>\n<p><strong>Borelifratin Forte jest zio\u0142ow\u0105 herbatk\u0105<\/strong> przygotowan\u0105 na podstawie <strong>tradycyjnej zakonnej receptury Braci Bonifratr\u00f3w<\/strong>.<\/p>\n<p><strong>Sk\u0142ad:<\/strong><br \/>\nKwiat wi\u0105z\u00f3wki b\u0142otnej (<i>Filipendula ulmaria flos<\/i>), korze\u0144 tarczycy bajkalskiej (<i>Skutellaria baicalensis radix<\/i>), ziele lucerny (<i>Medicago sativa herba<\/i>), li\u015b\u0107 mi\u0142orz\u0119bu japo\u0144skiego (<i>Ginkgo biloba folium<\/i>), korze\u0144 i ziele szczeci (<i>Dipsacus fullonum radix cum herba<\/i>), li\u015b\u0107 pokrzywy zwyczajnej (<i>Urtica dioica folium<\/i>), ziele lebiodki (<i>Origani herba<\/i>), ziele w\u0105kroty azjatyckiej (<i>Centella asiatica herba<\/i>), korze\u0144 arcydzi\u0119gla (<i>Angelicae radix<\/i>).<\/p>\n<p><strong>Dawkowanie:<\/strong><br \/>\nSpos\u00f3b u\u017cycia: saszetk\u0119 zi\u00f3\u0142 zala\u0107 szklank\u0105 wrz\u0105cej wody i zaparza\u0107 pod przykryciem oko\u0142o 10 minut. Pi\u0107 trzy razy dziennie po szklance ciep\u0142ego, \u015bwie\u017co przygotowanego naparu.<\/p>\n<p><strong>Przeciwwskazania:<\/strong><br \/>\nNie stosowa\u0107 w przypadku nadwra\u017cliwo\u015bci na jakikolwiek sk\u0142adnik preparatu. Skonsultuj si\u0119 z lekarzem lub farmaceut\u0105, je\u015bli jednocze\u015bnie przyjmujesz leki przeciwzakrzepowe. Nie stosowa\u0107 u dzieci i m\u0142odzie\u017cy w wieku poni\u017cej 18 lat oraz kobiet karmi\u0105cych i ci\u0119\u017carnych.<\/p>\n","protected":false},"excerpt":{"rendered":"<p>Borelifratin forte &#8211; naturalne wsparcie organizmu w zio\u0142owej herbatce Bonifraterska herbatka wspieraj\u0105ca prawid\u0142owe funkcjonowanie organizmu. Dzi\u0119ki unikalnej kompozycji surowc\u00f3w o wielokierunkowym dzia\u0142aniu, herbatk\u0119 mo\u017cna zastosowa\u0107 w wielu dolegliwo\u015bciach: jako wsparcie pami\u0119ci i koncentracji, poprawa sprawno\u015bci umys\u0142owej, prawid\u0142owe funkcjonowanie dr\u00f3g moczowych oraz u\u0142atwienie eliminacji wody z organizmu, wsparcie uk\u0142adu kostno-stawowego i pracy p\u0119cherzyka \u017c\u00f3\u0142ciowego. Ponadto herbatka [&hellip;]<\/p>\n","protected":false},"author":1,"featured_media":0,"parent":0,"menu_order":2,"comment_status":"closed","ping_status":"closed","template":"page-full-width.php","meta":{"footnotes":""},"_links":{"self":[{"href":"https:\/\/bonifratrzy.pl\/apteka-cieszyn\/wp-json\/wp\/v2\/pages\/42"}],"collection":[{"href":"https:\/\/bonifratrzy.pl\/apteka-cieszyn\/wp-json\/wp\/v2\/pages"}],"about":[{"href":"https:\/\/bonifratrzy.pl\/apteka-cieszyn\/wp-json\/wp\/v2\/types\/page"}],"author":[{"embeddable":true,"href":"https:\/\/bonifratrzy.pl\/apteka-cieszyn\/wp-json\/wp\/v2\/users\/1"}],"replies":[{"embeddable":true,"href":"https:\/\/bonifratrzy.pl\/apteka-cieszyn\/wp-json\/wp\/v2\/comments?post=42"}],"version-history":[{"count":6,"href":"https:\/\/bonifratrzy.pl\/apteka-cieszyn\/wp-json\/wp\/v2\/pages\/42\/revisions"}],"predecessor-version":[{"id":54,"href":"https:\/\/bonifratrzy.pl\/apteka-cieszyn\/wp-json\/wp\/v2\/pages\/42\/revisions\/54"}],"wp:attachment":[{"href":"https:\/\/bonifratrzy.pl\/apteka-cieszyn\/wp-json\/wp\/v2\/media?parent=42"}],"curies":[{"name":"wp","href":"https:\/\/api.w.org\/{rel}","templated":true}]}}